{"id":4946,"date":"2024-12-23T20:39:34","date_gmt":"2024-12-23T20:39:34","guid":{"rendered":"https:\/\/new-client-azpetrokimya-draft-version.gcraft.tech\/?page_id=4946"},"modified":"2025-03-28T21:45:26","modified_gmt":"2025-03-28T17:45:26","slug":"pe100","status":"publish","type":"page","link":"https:\/\/azpetrokimya.com\/en\/products\/polymers-and-base-materials\/pe100\/","title":{"rendered":"PE100"},"content":{"rendered":"<p><strong>PE100 Product Description<\/strong><\/p>\n\n\n\n<div class=\"wp-block-media-text is-stacked-on-mobile is-vertically-aligned-top\"><figure class=\"wp-block-media-text__media\"><img fetchpriority=\"high\" decoding=\"async\" width=\"837\" height=\"820\" src=\"https:\/\/azpetrokimya.com\/wp-content\/uploads\/2024\/12\/azpetrokimya-pe100-1.png\" alt=\"\" class=\"wp-image-5063 size-full\" srcset=\"https:\/\/azpetrokimya.com\/wp-content\/uploads\/2024\/12\/azpetrokimya-pe100-1.png 837w, https:\/\/azpetrokimya.com\/wp-content\/uploads\/2024\/12\/azpetrokimya-pe100-1-300x294.png 300w, https:\/\/azpetrokimya.com\/wp-content\/uploads\/2024\/12\/azpetrokimya-pe100-1-768x752.png 768w, https:\/\/azpetrokimya.com\/wp-content\/uploads\/2024\/12\/azpetrokimya-pe100-1-12x12.png 12w\" sizes=\"(max-width: 837px) 100vw, 837px\" \/><\/figure><div class=\"wp-block-media-text__content\">\n<p>PE100 is a high-performance grade of polyethylene that offers enhanced strength, durability, and resistance to environmental stress cracking. It is commonly used in the manufacturing of pipes and fittings for water supply, gas distribution, and industrial applications. PE100 is known for its long service life, ability to withstand high pressures, and resistance to chemicals, making it ideal for use in demanding environments. It is also highly resistant to UV radiation and can be used in both underground and above-ground applications. Additionally, PE100 is fully recyclable, contributing to sustainability in infrastructure development.<\/p>\n<\/div><\/div>\n\n\n\n<h3 class=\"wp-block-heading\"><\/h3>","protected":false},"excerpt":{"rendered":"<p>PE100 M\u0259hsul T\u0259sviri PE100, polietilenin y\u00fcks\u0259k performansl\u0131 bir n\u00f6v\u00fcd\u00fcr v\u0259 art\u0131r\u0131lm\u0131\u015f g\u00fcc, davaml\u0131l\u0131q v\u0259 \u0259traf m\u00fchit t\u0259sirl\u0259rin\u0259 qar\u015f\u0131 m\u00fcqavim\u0259t t\u0259klif edir. \u018fsas\u0259n su t\u0259chizat\u0131, qaz paylanmas\u0131 v\u0259 s\u0259naye t\u0259tbiql\u0259ri \u00fc\u00e7\u00fcn borular\u0131n v\u0259 qo\u015fulma hiss\u0259l\u0259rinin istehsal\u0131nda istifad\u0259 olunur. PE100, uzun xidm\u0259t \u00f6mr\u00fc, y\u00fcks\u0259k t\u0259zyiql\u0259r\u0259 d\u00f6z\u0259 bilm\u0259si v\u0259 kimy\u0259vi madd\u0259l\u0259r\u0259 qar\u015f\u0131 m\u00fcqavim\u0259ti il\u0259 tan\u0131n\u0131r, bu da onu [&hellip;]<\/p>","protected":false},"author":1,"featured_media":0,"parent":4927,"menu_order":0,"comment_status":"closed","ping_status":"closed","template":"","meta":{"zakra_page_container_layout":"contained","zakra_page_sidebar_layout":"right","zakra_remove_content_margin":false,"zakra_sidebar":"customizer","zakra_transparent_header":"customizer","zakra_logo":0,"zakra_main_header_style":"default","zakra_menu_item_color":"","zakra_menu_item_hover_color":"","zakra_menu_item_active_color":"","zakra_menu_active_style":"zakra_menu_active_style","zakra_page_header":true,"footnotes":""},"class_list":["post-4946","page","type-page","status-publish","hentry"],"yoast_head":"<!-- This site is optimized with the Yoast SEO plugin v26.3 - https:\/\/yoast.com\/wordpress\/plugins\/seo\/ -->\n<title>Azpetrokimya | PE100 Y\u00fcks\u0259k S\u0131xl\u0131ql\u0131 Polietilen<\/title>\n<meta name=\"description\" content=\"Y\u00fcks\u0259k s\u0131xl\u0131ql\u0131 v\u0259 t\u0259zyiq\u0259 davaml\u0131 PE100 materiallar\u0131. Azpetrokimya-dan \u0259ld\u0259 edin.\" \/>\n<meta name=\"robots\" content=\"index, follow, max-snippet:-1, max-image-preview:large, max-video-preview:-1\" \/>\n<link rel=\"canonical\" href=\"https:\/\/azpetrokimya.com\/en\/products\/polymers-and-base-materials\/pe100\/\" \/>\n<meta property=\"og:locale\" content=\"en_US\" \/>\n<meta property=\"og:type\" content=\"article\" \/>\n<meta property=\"og:title\" content=\"Azpetrokimya | PE100 Y\u00fcks\u0259k S\u0131xl\u0131ql\u0131 Polietilen\" \/>\n<meta property=\"og:description\" content=\"Y\u00fcks\u0259k s\u0131xl\u0131ql\u0131 v\u0259 t\u0259zyiq\u0259 davaml\u0131 PE100 materiallar\u0131. Azpetrokimya-dan \u0259ld\u0259 edin.\" \/>\n<meta property=\"og:url\" content=\"https:\/\/azpetrokimya.com\/en\/products\/polymers-and-base-materials\/pe100\/\" \/>\n<meta property=\"og:site_name\" content=\"AzPetroKimya\" \/>\n<meta property=\"article:modified_time\" content=\"2025-03-28T17:45:26+00:00\" \/>\n<meta property=\"og:image\" content=\"https:\/\/azpetrokimya.com\/wp-content\/uploads\/2024\/12\/azpetrokimya-pe100-1.png\" \/>\n\t<meta property=\"og:image:width\" content=\"837\" \/>\n\t<meta property=\"og:image:height\" content=\"820\" \/>\n\t<meta property=\"og:image:type\" content=\"image\/png\" \/>\n<meta name=\"twitter:card\" content=\"summary_large_image\" \/>\n<meta name=\"twitter:label1\" content=\"Est. reading time\" \/>\n\t<meta name=\"twitter:data1\" content=\"1 minute\" \/>\n<script type=\"application\/ld+json\" class=\"yoast-schema-graph\">{\"@context\":\"https:\/\/schema.org\",\"@graph\":[{\"@type\":\"WebPage\",\"@id\":\"https:\/\/azpetrokimya.com\/products\/polymers-and-base-materials\/pe100\/\",\"url\":\"https:\/\/azpetrokimya.com\/products\/polymers-and-base-materials\/pe100\/\",\"name\":\"Azpetrokimya | PE100 Y\u00fcks\u0259k S\u0131xl\u0131ql\u0131 Polietilen\",\"isPartOf\":{\"@id\":\"https:\/\/azpetrokimya.com\/#website\"},\"primaryImageOfPage\":{\"@id\":\"https:\/\/azpetrokimya.com\/products\/polymers-and-base-materials\/pe100\/#primaryimage\"},\"image\":{\"@id\":\"https:\/\/azpetrokimya.com\/products\/polymers-and-base-materials\/pe100\/#primaryimage\"},\"thumbnailUrl\":\"https:\/\/azpetrokimya.com\/wp-content\/uploads\/2024\/12\/azpetrokimya-pe100-1.png\",\"datePublished\":\"2024-12-23T20:39:34+00:00\",\"dateModified\":\"2025-03-28T17:45:26+00:00\",\"description\":\"Y\u00fcks\u0259k s\u0131xl\u0131ql\u0131 v\u0259 t\u0259zyiq\u0259 davaml\u0131 PE100 materiallar\u0131. Azpetrokimya-dan \u0259ld\u0259 edin.\",\"breadcrumb\":{\"@id\":\"https:\/\/azpetrokimya.com\/products\/polymers-and-base-materials\/pe100\/#breadcrumb\"},\"inLanguage\":\"en-US\",\"potentialAction\":[{\"@type\":\"ReadAction\",\"target\":[\"https:\/\/azpetrokimya.com\/products\/polymers-and-base-materials\/pe100\/\"]}]},{\"@type\":\"ImageObject\",\"inLanguage\":\"en-US\",\"@id\":\"https:\/\/azpetrokimya.com\/products\/polymers-and-base-materials\/pe100\/#primaryimage\",\"url\":\"https:\/\/azpetrokimya.com\/wp-content\/uploads\/2024\/12\/azpetrokimya-pe100-1.png\",\"contentUrl\":\"https:\/\/azpetrokimya.com\/wp-content\/uploads\/2024\/12\/azpetrokimya-pe100-1.png\"},{\"@type\":\"BreadcrumbList\",\"@id\":\"https:\/\/azpetrokimya.com\/products\/polymers-and-base-materials\/pe100\/#breadcrumb\",\"itemListElement\":[{\"@type\":\"ListItem\",\"position\":1,\"name\":\"Anasayfa\",\"item\":\"https:\/\/azpetrokimya.com\/az\/\"},{\"@type\":\"ListItem\",\"position\":2,\"name\":\"M\u0259hsullar\u0131m\u0131z\",\"item\":\"https:\/\/azpetrokimya.com\/products\/\"},{\"@type\":\"ListItem\",\"position\":3,\"name\":\"Polimerl\u0259r v\u0259 \u018fsas Materiallar\",\"item\":\"https:\/\/azpetrokimya.com\/products\/polymers-and-base-materials\/\"},{\"@type\":\"ListItem\",\"position\":4,\"name\":\"PE100\"}]},{\"@type\":\"WebSite\",\"@id\":\"https:\/\/azpetrokimya.com\/#website\",\"url\":\"https:\/\/azpetrokimya.com\/\",\"name\":\"AzPetroKimya\",\"description\":\"\",\"publisher\":{\"@id\":\"https:\/\/azpetrokimya.com\/#organization\"},\"potentialAction\":[{\"@type\":\"SearchAction\",\"target\":{\"@type\":\"EntryPoint\",\"urlTemplate\":\"https:\/\/azpetrokimya.com\/?s={search_term_string}\"},\"query-input\":{\"@type\":\"PropertyValueSpecification\",\"valueRequired\":true,\"valueName\":\"search_term_string\"}}],\"inLanguage\":\"en-US\"},{\"@type\":\"Organization\",\"@id\":\"https:\/\/azpetrokimya.com\/#organization\",\"name\":\"AzPetroKimya\",\"url\":\"https:\/\/azpetrokimya.com\/\",\"logo\":{\"@type\":\"ImageObject\",\"inLanguage\":\"en-US\",\"@id\":\"https:\/\/azpetrokimya.com\/#\/schema\/logo\/image\/\",\"url\":\"https:\/\/azpetrokimya.com\/wp-content\/uploads\/2024\/11\/azpetrokimya-logo.png\",\"contentUrl\":\"https:\/\/azpetrokimya.com\/wp-content\/uploads\/2024\/11\/azpetrokimya-logo.png\",\"width\":400,\"height\":400,\"caption\":\"AzPetroKimya\"},\"image\":{\"@id\":\"https:\/\/azpetrokimya.com\/#\/schema\/logo\/image\/\"},\"sameAs\":[\"https:\/\/www.linkedin.com\/company\/azpetrokimya\/\"]}]}<\/script>\n<!-- \/ Yoast SEO plugin. -->","yoast_head_json":{"title":"Azpetrokimya | PE100 High-Density Polyethylene","description":"High-density PE100 materials for strong and pressure-resistant applications. Available from Azpetrokimya.","robots":{"index":"index","follow":"follow","max-snippet":"max-snippet:-1","max-image-preview":"max-image-preview:large","max-video-preview":"max-video-preview:-1"},"canonical":"https:\/\/azpetrokimya.com\/en\/products\/polymers-and-base-materials\/pe100\/","og_locale":"en_US","og_type":"article","og_title":"Azpetrokimya | PE100 Y\u00fcks\u0259k S\u0131xl\u0131ql\u0131 Polietilen","og_description":"Y\u00fcks\u0259k s\u0131xl\u0131ql\u0131 v\u0259 t\u0259zyiq\u0259 davaml\u0131 PE100 materiallar\u0131. Azpetrokimya-dan \u0259ld\u0259 edin.","og_url":"https:\/\/azpetrokimya.com\/en\/products\/polymers-and-base-materials\/pe100\/","og_site_name":"AzPetroKimya","article_modified_time":"2025-03-28T17:45:26+00:00","og_image":[{"width":837,"height":820,"url":"https:\/\/azpetrokimya.com\/wp-content\/uploads\/2024\/12\/azpetrokimya-pe100-1.png","type":"image\/png"}],"twitter_card":"summary_large_image","twitter_misc":{"Est. reading time":"1 minute"},"schema":{"@context":"https:\/\/schema.org","@graph":[{"@type":"WebPage","@id":"https:\/\/azpetrokimya.com\/products\/polymers-and-base-materials\/pe100\/","url":"https:\/\/azpetrokimya.com\/products\/polymers-and-base-materials\/pe100\/","name":"Azpetrokimya | PE100 High-Density Polyethylene","isPartOf":{"@id":"https:\/\/azpetrokimya.com\/#website"},"primaryImageOfPage":{"@id":"https:\/\/azpetrokimya.com\/products\/polymers-and-base-materials\/pe100\/#primaryimage"},"image":{"@id":"https:\/\/azpetrokimya.com\/products\/polymers-and-base-materials\/pe100\/#primaryimage"},"thumbnailUrl":"https:\/\/azpetrokimya.com\/wp-content\/uploads\/2024\/12\/azpetrokimya-pe100-1.png","datePublished":"2024-12-23T20:39:34+00:00","dateModified":"2025-03-28T17:45:26+00:00","description":"High-density PE100 materials for strong and pressure-resistant applications. Available from Azpetrokimya.","breadcrumb":{"@id":"https:\/\/azpetrokimya.com\/products\/polymers-and-base-materials\/pe100\/#breadcrumb"},"inLanguage":"en-US","potentialAction":[{"@type":"ReadAction","target":["https:\/\/azpetrokimya.com\/products\/polymers-and-base-materials\/pe100\/"]}]},{"@type":"ImageObject","inLanguage":"en-US","@id":"https:\/\/azpetrokimya.com\/products\/polymers-and-base-materials\/pe100\/#primaryimage","url":"https:\/\/azpetrokimya.com\/wp-content\/uploads\/2024\/12\/azpetrokimya-pe100-1.png","contentUrl":"https:\/\/azpetrokimya.com\/wp-content\/uploads\/2024\/12\/azpetrokimya-pe100-1.png"},{"@type":"BreadcrumbList","@id":"https:\/\/azpetrokimya.com\/products\/polymers-and-base-materials\/pe100\/#breadcrumb","itemListElement":[{"@type":"ListItem","position":1,"name":"Anasayfa","item":"https:\/\/azpetrokimya.com\/az\/"},{"@type":"ListItem","position":2,"name":"M\u0259hsullar\u0131m\u0131z","item":"https:\/\/azpetrokimya.com\/products\/"},{"@type":"ListItem","position":3,"name":"Polimerl\u0259r v\u0259 \u018fsas Materiallar","item":"https:\/\/azpetrokimya.com\/products\/polymers-and-base-materials\/"},{"@type":"ListItem","position":4,"name":"PE100"}]},{"@type":"WebSite","@id":"https:\/\/azpetrokimya.com\/#website","url":"https:\/\/azpetrokimya.com\/","name":"AzPetroKimya","description":"","publisher":{"@id":"https:\/\/azpetrokimya.com\/#organization"},"potentialAction":[{"@type":"SearchAction","target":{"@type":"EntryPoint","urlTemplate":"https:\/\/azpetrokimya.com\/?s={search_term_string}"},"query-input":{"@type":"PropertyValueSpecification","valueRequired":true,"valueName":"search_term_string"}}],"inLanguage":"en-US"},{"@type":"Organization","@id":"https:\/\/azpetrokimya.com\/#organization","name":"AzPetroKimya","url":"https:\/\/azpetrokimya.com\/","logo":{"@type":"ImageObject","inLanguage":"en-US","@id":"https:\/\/azpetrokimya.com\/#\/schema\/logo\/image\/","url":"https:\/\/azpetrokimya.com\/wp-content\/uploads\/2024\/11\/azpetrokimya-logo.png","contentUrl":"https:\/\/azpetrokimya.com\/wp-content\/uploads\/2024\/11\/azpetrokimya-logo.png","width":400,"height":400,"caption":"AzPetroKimya"},"image":{"@id":"https:\/\/azpetrokimya.com\/#\/schema\/logo\/image\/"},"sameAs":["https:\/\/www.linkedin.com\/company\/azpetrokimya\/"]}]}},"_hostinger_reach_plugin_has_subscription_block":false,"_hostinger_reach_plugin_is_elementor":false,"_links":{"self":[{"href":"https:\/\/azpetrokimya.com\/en\/wp-json\/wp\/v2\/pages\/4946","targetHints":{"allow":["GET"]}}],"collection":[{"href":"https:\/\/azpetrokimya.com\/en\/wp-json\/wp\/v2\/pages"}],"about":[{"href":"https:\/\/azpetrokimya.com\/en\/wp-json\/wp\/v2\/types\/page"}],"author":[{"embeddable":true,"href":"https:\/\/azpetrokimya.com\/en\/wp-json\/wp\/v2\/users\/1"}],"replies":[{"embeddable":true,"href":"https:\/\/azpetrokimya.com\/en\/wp-json\/wp\/v2\/comments?post=4946"}],"version-history":[{"count":8,"href":"https:\/\/azpetrokimya.com\/en\/wp-json\/wp\/v2\/pages\/4946\/revisions"}],"predecessor-version":[{"id":5746,"href":"https:\/\/azpetrokimya.com\/en\/wp-json\/wp\/v2\/pages\/4946\/revisions\/5746"}],"up":[{"embeddable":true,"href":"https:\/\/azpetrokimya.com\/en\/wp-json\/wp\/v2\/pages\/4927"}],"wp:attachment":[{"href":"https:\/\/azpetrokimya.com\/en\/wp-json\/wp\/v2\/media?parent=4946"}],"curies":[{"name":"wp","href":"https:\/\/api.w.org\/{rel}","templated":true}]}}