{"id":4942,"date":"2024-12-23T20:38:45","date_gmt":"2024-12-23T20:38:45","guid":{"rendered":"https:\/\/new-client-azpetrokimya-draft-version.gcraft.tech\/?page_id=4942"},"modified":"2025-03-28T21:29:12","modified_gmt":"2025-03-28T17:29:12","slug":"pp","status":"publish","type":"page","link":"https:\/\/azpetrokimya.com\/en\/products\/polymers-and-base-materials\/pp\/","title":{"rendered":"PP"},"content":{"rendered":"<p><strong>PP Product Description<\/strong><\/p>\n\n\n\n<div class=\"wp-block-media-text is-stacked-on-mobile is-vertically-aligned-top\"><figure class=\"wp-block-media-text__media\"><img fetchpriority=\"high\" decoding=\"async\" width=\"836\" height=\"817\" src=\"https:\/\/azpetrokimya.com\/wp-content\/uploads\/2024\/12\/azpetrokimya-pp-1.png\" alt=\"\" class=\"wp-image-5065 size-full\" srcset=\"https:\/\/azpetrokimya.com\/wp-content\/uploads\/2024\/12\/azpetrokimya-pp-1.png 836w, https:\/\/azpetrokimya.com\/wp-content\/uploads\/2024\/12\/azpetrokimya-pp-1-300x293.png 300w, https:\/\/azpetrokimya.com\/wp-content\/uploads\/2024\/12\/azpetrokimya-pp-1-768x751.png 768w, https:\/\/azpetrokimya.com\/wp-content\/uploads\/2024\/12\/azpetrokimya-pp-1-12x12.png 12w\" sizes=\"(max-width: 836px) 100vw, 836px\" \/><\/figure><div class=\"wp-block-media-text__content\">\n<p>PP, or Polypropylene, is a widely used thermoplastic polymer known for its versatility, strength, and chemical resistance. It is lightweight, durable, and resistant to various chemicals, making it an ideal material for a range of applications, including packaging, textiles, automotive parts, and consumer goods. PP is also known for its high melting point, which makes it suitable for applications requiring heat resistance. Additionally, it is recyclable and environmentally friendly, contributing to sustainable product development and reducing plastic waste.<\/p>\n<\/div><\/div>\n\n\n\n<h3 class=\"wp-block-heading\"><\/h3>","protected":false},"excerpt":{"rendered":"<p>PP M\u0259hsul T\u0259sviri PP, y\u0259ni Polipropilen, geni\u015f istifad\u0259 olunan termoplastik polimerdir v\u0259 \u00e7ox y\u00f6nl\u00fcl\u00fcy\u00fc, g\u00fcc\u00fc v\u0259 kimy\u0259vi m\u00fcqavim\u0259ti il\u0259 tan\u0131n\u0131r. Y\u00fcng\u00fcl, davaml\u0131 v\u0259 m\u00fcxt\u0259lif kimy\u0259vi madd\u0259l\u0259r\u0259 qar\u015f\u0131 davaml\u0131d\u0131r, bu da onu qabla\u015fd\u0131rma, tekstil, avtomobil hiss\u0259l\u0259ri v\u0259 istehlak\u00e7\u0131 m\u0259hsullar\u0131 daxil olmaqla bir \u00e7ox t\u0259tbiq sah\u0259si \u00fc\u00e7\u00fcn ideal materiala \u00e7evirir. PP, h\u0259m\u00e7inin y\u00fcks\u0259k \u0259rim\u0259 n\u00f6qt\u0259si il\u0259 tan\u0131n\u0131r, [&hellip;]<\/p>","protected":false},"author":1,"featured_media":0,"parent":4927,"menu_order":0,"comment_status":"closed","ping_status":"closed","template":"","meta":{"zakra_page_container_layout":"contained","zakra_page_sidebar_layout":"right","zakra_remove_content_margin":false,"zakra_sidebar":"customizer","zakra_transparent_header":"customizer","zakra_logo":0,"zakra_main_header_style":"default","zakra_menu_item_color":"","zakra_menu_item_hover_color":"","zakra_menu_item_active_color":"","zakra_menu_active_style":"zakra_menu_active_style","zakra_page_header":true,"footnotes":""},"class_list":["post-4942","page","type-page","status-publish","hentry"],"yoast_head":"<!-- This site is optimized with the Yoast SEO plugin v26.3 - https:\/\/yoast.com\/wordpress\/plugins\/seo\/ -->\n<title>Azpetrokimya | Polipropilen (PP) M\u0259hsullar\u0131<\/title>\n<meta name=\"description\" content=\"Qabla\u015fd\u0131rma, tekstil v\u0259 dig\u0259r sah\u0259l\u0259r \u00fc\u00e7\u00fcn y\u00fcks\u0259k keyfiyy\u0259tli polipropilen (PP) materiallar\u0131. Azpetrokimya t\u0259min edir.\" \/>\n<meta name=\"robots\" content=\"index, follow, max-snippet:-1, max-image-preview:large, max-video-preview:-1\" \/>\n<link rel=\"canonical\" href=\"https:\/\/azpetrokimya.com\/en\/products\/polymers-and-base-materials\/pp\/\" \/>\n<meta property=\"og:locale\" content=\"en_US\" \/>\n<meta property=\"og:type\" content=\"article\" \/>\n<meta property=\"og:title\" content=\"Azpetrokimya | Polipropilen (PP) M\u0259hsullar\u0131\" \/>\n<meta property=\"og:description\" content=\"Qabla\u015fd\u0131rma, tekstil v\u0259 dig\u0259r sah\u0259l\u0259r \u00fc\u00e7\u00fcn y\u00fcks\u0259k keyfiyy\u0259tli polipropilen (PP) materiallar\u0131. Azpetrokimya t\u0259min edir.\" \/>\n<meta property=\"og:url\" content=\"https:\/\/azpetrokimya.com\/en\/products\/polymers-and-base-materials\/pp\/\" \/>\n<meta property=\"og:site_name\" content=\"AzPetroKimya\" \/>\n<meta property=\"article:modified_time\" content=\"2025-03-28T17:29:12+00:00\" \/>\n<meta property=\"og:image\" content=\"https:\/\/azpetrokimya.com\/wp-content\/uploads\/2024\/12\/azpetrokimya-pp-1.png\" \/>\n\t<meta property=\"og:image:width\" content=\"836\" \/>\n\t<meta property=\"og:image:height\" content=\"817\" \/>\n\t<meta property=\"og:image:type\" content=\"image\/png\" \/>\n<meta name=\"twitter:card\" content=\"summary_large_image\" \/>\n<meta name=\"twitter:label1\" content=\"Est. reading time\" \/>\n\t<meta name=\"twitter:data1\" content=\"1 minute\" \/>\n<script type=\"application\/ld+json\" class=\"yoast-schema-graph\">{\"@context\":\"https:\/\/schema.org\",\"@graph\":[{\"@type\":\"WebPage\",\"@id\":\"https:\/\/azpetrokimya.com\/products\/polymers-and-base-materials\/pp\/\",\"url\":\"https:\/\/azpetrokimya.com\/products\/polymers-and-base-materials\/pp\/\",\"name\":\"Azpetrokimya | Polipropilen (PP) M\u0259hsullar\u0131\",\"isPartOf\":{\"@id\":\"https:\/\/azpetrokimya.com\/#website\"},\"primaryImageOfPage\":{\"@id\":\"https:\/\/azpetrokimya.com\/products\/polymers-and-base-materials\/pp\/#primaryimage\"},\"image\":{\"@id\":\"https:\/\/azpetrokimya.com\/products\/polymers-and-base-materials\/pp\/#primaryimage\"},\"thumbnailUrl\":\"https:\/\/azpetrokimya.com\/wp-content\/uploads\/2024\/12\/azpetrokimya-pp-1.png\",\"datePublished\":\"2024-12-23T20:38:45+00:00\",\"dateModified\":\"2025-03-28T17:29:12+00:00\",\"description\":\"Qabla\u015fd\u0131rma, tekstil v\u0259 dig\u0259r sah\u0259l\u0259r \u00fc\u00e7\u00fcn y\u00fcks\u0259k keyfiyy\u0259tli polipropilen (PP) materiallar\u0131. Azpetrokimya t\u0259min edir.\",\"breadcrumb\":{\"@id\":\"https:\/\/azpetrokimya.com\/products\/polymers-and-base-materials\/pp\/#breadcrumb\"},\"inLanguage\":\"en-US\",\"potentialAction\":[{\"@type\":\"ReadAction\",\"target\":[\"https:\/\/azpetrokimya.com\/products\/polymers-and-base-materials\/pp\/\"]}]},{\"@type\":\"ImageObject\",\"inLanguage\":\"en-US\",\"@id\":\"https:\/\/azpetrokimya.com\/products\/polymers-and-base-materials\/pp\/#primaryimage\",\"url\":\"https:\/\/azpetrokimya.com\/wp-content\/uploads\/2024\/12\/azpetrokimya-pp-1.png\",\"contentUrl\":\"https:\/\/azpetrokimya.com\/wp-content\/uploads\/2024\/12\/azpetrokimya-pp-1.png\"},{\"@type\":\"BreadcrumbList\",\"@id\":\"https:\/\/azpetrokimya.com\/products\/polymers-and-base-materials\/pp\/#breadcrumb\",\"itemListElement\":[{\"@type\":\"ListItem\",\"position\":1,\"name\":\"Anasayfa\",\"item\":\"https:\/\/azpetrokimya.com\/az\/\"},{\"@type\":\"ListItem\",\"position\":2,\"name\":\"M\u0259hsullar\u0131m\u0131z\",\"item\":\"https:\/\/azpetrokimya.com\/products\/\"},{\"@type\":\"ListItem\",\"position\":3,\"name\":\"Polimerl\u0259r v\u0259 \u018fsas Materiallar\",\"item\":\"https:\/\/azpetrokimya.com\/products\/polymers-and-base-materials\/\"},{\"@type\":\"ListItem\",\"position\":4,\"name\":\"PP\"}]},{\"@type\":\"WebSite\",\"@id\":\"https:\/\/azpetrokimya.com\/#website\",\"url\":\"https:\/\/azpetrokimya.com\/\",\"name\":\"AzPetroKimya\",\"description\":\"\",\"publisher\":{\"@id\":\"https:\/\/azpetrokimya.com\/#organization\"},\"potentialAction\":[{\"@type\":\"SearchAction\",\"target\":{\"@type\":\"EntryPoint\",\"urlTemplate\":\"https:\/\/azpetrokimya.com\/?s={search_term_string}\"},\"query-input\":{\"@type\":\"PropertyValueSpecification\",\"valueRequired\":true,\"valueName\":\"search_term_string\"}}],\"inLanguage\":\"en-US\"},{\"@type\":\"Organization\",\"@id\":\"https:\/\/azpetrokimya.com\/#organization\",\"name\":\"AzPetroKimya\",\"url\":\"https:\/\/azpetrokimya.com\/\",\"logo\":{\"@type\":\"ImageObject\",\"inLanguage\":\"en-US\",\"@id\":\"https:\/\/azpetrokimya.com\/#\/schema\/logo\/image\/\",\"url\":\"https:\/\/azpetrokimya.com\/wp-content\/uploads\/2024\/11\/azpetrokimya-logo.png\",\"contentUrl\":\"https:\/\/azpetrokimya.com\/wp-content\/uploads\/2024\/11\/azpetrokimya-logo.png\",\"width\":400,\"height\":400,\"caption\":\"AzPetroKimya\"},\"image\":{\"@id\":\"https:\/\/azpetrokimya.com\/#\/schema\/logo\/image\/\"},\"sameAs\":[\"https:\/\/www.linkedin.com\/company\/azpetrokimya\/\"]}]}<\/script>\n<!-- \/ Yoast SEO plugin. -->","yoast_head_json":{"title":"Azpetrokimya | Polypropylene (PP) Products","description":"Get top-grade polypropylene (PP) materials for packaging, textiles, and more. Supplied by Azpetrokimya.","robots":{"index":"index","follow":"follow","max-snippet":"max-snippet:-1","max-image-preview":"max-image-preview:large","max-video-preview":"max-video-preview:-1"},"canonical":"https:\/\/azpetrokimya.com\/en\/products\/polymers-and-base-materials\/pp\/","og_locale":"en_US","og_type":"article","og_title":"Azpetrokimya | Polipropilen (PP) M\u0259hsullar\u0131","og_description":"Qabla\u015fd\u0131rma, tekstil v\u0259 dig\u0259r sah\u0259l\u0259r \u00fc\u00e7\u00fcn y\u00fcks\u0259k keyfiyy\u0259tli polipropilen (PP) materiallar\u0131. Azpetrokimya t\u0259min edir.","og_url":"https:\/\/azpetrokimya.com\/en\/products\/polymers-and-base-materials\/pp\/","og_site_name":"AzPetroKimya","article_modified_time":"2025-03-28T17:29:12+00:00","og_image":[{"width":836,"height":817,"url":"https:\/\/azpetrokimya.com\/wp-content\/uploads\/2024\/12\/azpetrokimya-pp-1.png","type":"image\/png"}],"twitter_card":"summary_large_image","twitter_misc":{"Est. reading time":"1 minute"},"schema":{"@context":"https:\/\/schema.org","@graph":[{"@type":"WebPage","@id":"https:\/\/azpetrokimya.com\/products\/polymers-and-base-materials\/pp\/","url":"https:\/\/azpetrokimya.com\/products\/polymers-and-base-materials\/pp\/","name":"Azpetrokimya | Polypropylene (PP) Products","isPartOf":{"@id":"https:\/\/azpetrokimya.com\/#website"},"primaryImageOfPage":{"@id":"https:\/\/azpetrokimya.com\/products\/polymers-and-base-materials\/pp\/#primaryimage"},"image":{"@id":"https:\/\/azpetrokimya.com\/products\/polymers-and-base-materials\/pp\/#primaryimage"},"thumbnailUrl":"https:\/\/azpetrokimya.com\/wp-content\/uploads\/2024\/12\/azpetrokimya-pp-1.png","datePublished":"2024-12-23T20:38:45+00:00","dateModified":"2025-03-28T17:29:12+00:00","description":"Get top-grade polypropylene (PP) materials for packaging, textiles, and more. Supplied by Azpetrokimya.","breadcrumb":{"@id":"https:\/\/azpetrokimya.com\/products\/polymers-and-base-materials\/pp\/#breadcrumb"},"inLanguage":"en-US","potentialAction":[{"@type":"ReadAction","target":["https:\/\/azpetrokimya.com\/products\/polymers-and-base-materials\/pp\/"]}]},{"@type":"ImageObject","inLanguage":"en-US","@id":"https:\/\/azpetrokimya.com\/products\/polymers-and-base-materials\/pp\/#primaryimage","url":"https:\/\/azpetrokimya.com\/wp-content\/uploads\/2024\/12\/azpetrokimya-pp-1.png","contentUrl":"https:\/\/azpetrokimya.com\/wp-content\/uploads\/2024\/12\/azpetrokimya-pp-1.png"},{"@type":"BreadcrumbList","@id":"https:\/\/azpetrokimya.com\/products\/polymers-and-base-materials\/pp\/#breadcrumb","itemListElement":[{"@type":"ListItem","position":1,"name":"Anasayfa","item":"https:\/\/azpetrokimya.com\/az\/"},{"@type":"ListItem","position":2,"name":"M\u0259hsullar\u0131m\u0131z","item":"https:\/\/azpetrokimya.com\/products\/"},{"@type":"ListItem","position":3,"name":"Polimerl\u0259r v\u0259 \u018fsas Materiallar","item":"https:\/\/azpetrokimya.com\/products\/polymers-and-base-materials\/"},{"@type":"ListItem","position":4,"name":"PP"}]},{"@type":"WebSite","@id":"https:\/\/azpetrokimya.com\/#website","url":"https:\/\/azpetrokimya.com\/","name":"AzPetroKimya","description":"","publisher":{"@id":"https:\/\/azpetrokimya.com\/#organization"},"potentialAction":[{"@type":"SearchAction","target":{"@type":"EntryPoint","urlTemplate":"https:\/\/azpetrokimya.com\/?s={search_term_string}"},"query-input":{"@type":"PropertyValueSpecification","valueRequired":true,"valueName":"search_term_string"}}],"inLanguage":"en-US"},{"@type":"Organization","@id":"https:\/\/azpetrokimya.com\/#organization","name":"AzPetroKimya","url":"https:\/\/azpetrokimya.com\/","logo":{"@type":"ImageObject","inLanguage":"en-US","@id":"https:\/\/azpetrokimya.com\/#\/schema\/logo\/image\/","url":"https:\/\/azpetrokimya.com\/wp-content\/uploads\/2024\/11\/azpetrokimya-logo.png","contentUrl":"https:\/\/azpetrokimya.com\/wp-content\/uploads\/2024\/11\/azpetrokimya-logo.png","width":400,"height":400,"caption":"AzPetroKimya"},"image":{"@id":"https:\/\/azpetrokimya.com\/#\/schema\/logo\/image\/"},"sameAs":["https:\/\/www.linkedin.com\/company\/azpetrokimya\/"]}]}},"_hostinger_reach_plugin_has_subscription_block":false,"_hostinger_reach_plugin_is_elementor":false,"_links":{"self":[{"href":"https:\/\/azpetrokimya.com\/en\/wp-json\/wp\/v2\/pages\/4942","targetHints":{"allow":["GET"]}}],"collection":[{"href":"https:\/\/azpetrokimya.com\/en\/wp-json\/wp\/v2\/pages"}],"about":[{"href":"https:\/\/azpetrokimya.com\/en\/wp-json\/wp\/v2\/types\/page"}],"author":[{"embeddable":true,"href":"https:\/\/azpetrokimya.com\/en\/wp-json\/wp\/v2\/users\/1"}],"replies":[{"embeddable":true,"href":"https:\/\/azpetrokimya.com\/en\/wp-json\/wp\/v2\/comments?post=4942"}],"version-history":[{"count":6,"href":"https:\/\/azpetrokimya.com\/en\/wp-json\/wp\/v2\/pages\/4942\/revisions"}],"predecessor-version":[{"id":5696,"href":"https:\/\/azpetrokimya.com\/en\/wp-json\/wp\/v2\/pages\/4942\/revisions\/5696"}],"up":[{"embeddable":true,"href":"https:\/\/azpetrokimya.com\/en\/wp-json\/wp\/v2\/pages\/4927"}],"wp:attachment":[{"href":"https:\/\/azpetrokimya.com\/en\/wp-json\/wp\/v2\/media?parent=4942"}],"curies":[{"name":"wp","href":"https:\/\/api.w.org\/{rel}","templated":true}]}}