{"id":4063,"date":"2024-12-15T18:46:24","date_gmt":"2024-12-15T18:46:24","guid":{"rendered":"https:\/\/new-client-azpetrokimya-draft-version.gcraft.tech\/?page_id=4063"},"modified":"2025-03-28T21:32:26","modified_gmt":"2025-03-28T17:32:26","slug":"special-chemical-compounds","status":"publish","type":"page","link":"https:\/\/azpetrokimya.com\/en\/products\/special-chemical-compounds\/","title":{"rendered":"Specialty Chemicals"},"content":{"rendered":"<div data-elementor-type=\"wp-page\" data-elementor-id=\"4063\" class=\"elementor elementor-4063\">\n\t\t\t\t<div class=\"elementor-element elementor-element-65fab04b e-flex e-con-boxed e-con e-parent\" data-id=\"65fab04b\" data-element_type=\"container\" data-e-type=\"container\" data-settings=\"{&quot;background_background&quot;:&quot;classic&quot;}\">\n\t\t\t\t\t<div class=\"e-con-inner\">\n\t\t<div class=\"elementor-element elementor-element-5193ad43 e-con-full e-flex e-con e-child\" data-id=\"5193ad43\" data-element_type=\"container\" data-e-type=\"container\">\n\t\t<div class=\"elementor-element elementor-element-1eb41d50 e-con-full e-flex e-con e-child\" data-id=\"1eb41d50\" data-element_type=\"container\" data-e-type=\"container\" data-settings=\"{&quot;background_background&quot;:&quot;classic&quot;}\">\n\t\t\t\t<div class=\"elementor-element elementor-element-70a2a37 elementor-widget elementor-widget-image\" data-id=\"70a2a37\" data-element_type=\"widget\" data-e-type=\"widget\" data-widget_type=\"image.default\">\n\t\t\t\t<div class=\"elementor-widget-container\">\n\t\t\t\t\t\t\t\t\t\t\t\t\t\t\t<img fetchpriority=\"high\" decoding=\"async\" width=\"500\" height=\"500\" src=\"https:\/\/azpetrokimya.com\/wp-content\/uploads\/2024\/12\/azpetrokimya-calcium-carbonate.png\" class=\"attachment-full size-full wp-image-4686\" alt=\"Azpetrokimya Kalsium Karbonat\" srcset=\"https:\/\/azpetrokimya.com\/wp-content\/uploads\/2024\/12\/azpetrokimya-calcium-carbonate.png 500w, https:\/\/azpetrokimya.com\/wp-content\/uploads\/2024\/12\/azpetrokimya-calcium-carbonate-300x300.png 300w, https:\/\/azpetrokimya.com\/wp-content\/uploads\/2024\/12\/azpetrokimya-calcium-carbonate-150x150.png 150w, https:\/\/azpetrokimya.com\/wp-content\/uploads\/2024\/12\/azpetrokimya-calcium-carbonate-12x12.png 12w\" sizes=\"(max-width: 500px) 100vw, 500px\" \/>\t\t\t\t\t\t\t\t\t\t\t\t\t\t\t<\/div>\n\t\t\t\t<\/div>\n\t\t\t\t<div class=\"elementor-element elementor-element-3f91769 elementor-widget elementor-widget-heading\" data-id=\"3f91769\" data-element_type=\"widget\" data-e-type=\"widget\" data-widget_type=\"heading.default\">\n\t\t\t\t<div class=\"elementor-widget-container\">\n\t\t\t\t\t<h2 class=\"elementor-heading-title elementor-size-default\">Calcium Carbonate<\/h2>\t\t\t\t<\/div>\n\t\t\t\t<\/div>\n\t\t\t\t<div class=\"elementor-element elementor-element-70e41d45 elementor-widget elementor-widget-button\" data-id=\"70e41d45\" data-element_type=\"widget\" data-e-type=\"widget\" data-widget_type=\"button.default\">\n\t\t\t\t<div class=\"elementor-widget-container\">\n\t\t\t\t\t\t\t\t\t<div class=\"elementor-button-wrapper\">\n\t\t\t\t\t<a class=\"elementor-button elementor-button-link elementor-size-sm\" href=\"https:\/\/azpetrokimya.com\/en\/products\/industrial-fillers-and-additives\/calcium-carbonate\/\">\n\t\t\t\t\t\t<span class=\"elementor-button-content-wrapper\">\n\t\t\t\t\t\t\t\t\t<span class=\"elementor-button-text\">Details<\/span>\n\t\t\t\t\t<\/span>\n\t\t\t\t\t<\/a>\n\t\t\t\t<\/div>\n\t\t\t\t\t\t\t\t<\/div>\n\t\t\t\t<\/div>\n\t\t\t\t<\/div>\n\t\t<div class=\"elementor-element elementor-element-10f75204 e-con-full e-flex e-con e-child\" data-id=\"10f75204\" data-element_type=\"container\" data-e-type=\"container\" data-settings=\"{&quot;background_background&quot;:&quot;classic&quot;}\">\n\t\t\t\t<div class=\"elementor-element elementor-element-114c7af0 elementor-widget elementor-widget-image\" data-id=\"114c7af0\" data-element_type=\"widget\" data-e-type=\"widget\" data-widget_type=\"image.default\">\n\t\t\t\t<div class=\"elementor-widget-container\">\n\t\t\t\t\t\t\t\t\t\t\t\t\t\t\t<img decoding=\"async\" width=\"500\" height=\"500\" src=\"https:\/\/azpetrokimya.com\/wp-content\/uploads\/2024\/12\/azpetrokimya-pewax.png\" class=\"attachment-full size-full wp-image-4687\" alt=\"Azpetrokimya PeWax\" srcset=\"https:\/\/azpetrokimya.com\/wp-content\/uploads\/2024\/12\/azpetrokimya-pewax.png 500w, https:\/\/azpetrokimya.com\/wp-content\/uploads\/2024\/12\/azpetrokimya-pewax-300x300.png 300w, https:\/\/azpetrokimya.com\/wp-content\/uploads\/2024\/12\/azpetrokimya-pewax-150x150.png 150w, https:\/\/azpetrokimya.com\/wp-content\/uploads\/2024\/12\/azpetrokimya-pewax-12x12.png 12w\" sizes=\"(max-width: 500px) 100vw, 500px\" \/>\t\t\t\t\t\t\t\t\t\t\t\t\t\t\t<\/div>\n\t\t\t\t<\/div>\n\t\t\t\t<div class=\"elementor-element elementor-element-6b681037 elementor-widget elementor-widget-heading\" data-id=\"6b681037\" data-element_type=\"widget\" data-e-type=\"widget\" data-widget_type=\"heading.default\">\n\t\t\t\t<div class=\"elementor-widget-container\">\n\t\t\t\t\t<h2 class=\"elementor-heading-title elementor-size-default\">PeWax<\/h2>\t\t\t\t<\/div>\n\t\t\t\t<\/div>\n\t\t\t\t<div class=\"elementor-element elementor-element-59e27a3f elementor-widget elementor-widget-button\" data-id=\"59e27a3f\" data-element_type=\"widget\" data-e-type=\"widget\" data-widget_type=\"button.default\">\n\t\t\t\t<div class=\"elementor-widget-container\">\n\t\t\t\t\t\t\t\t\t<div class=\"elementor-button-wrapper\">\n\t\t\t\t\t<a class=\"elementor-button elementor-button-link elementor-size-sm\" href=\"https:\/\/azpetrokimya.com\/en\/products\/industrial-fillers-and-additives\/pewax\/\">\n\t\t\t\t\t\t<span class=\"elementor-button-content-wrapper\">\n\t\t\t\t\t\t\t\t\t<span class=\"elementor-button-text\">Details<\/span>\n\t\t\t\t\t<\/span>\n\t\t\t\t\t<\/a>\n\t\t\t\t<\/div>\n\t\t\t\t\t\t\t\t<\/div>\n\t\t\t\t<\/div>\n\t\t\t\t<\/div>\n\t\t\t\t<\/div>\n\t\t\t\t\t<\/div>\n\t\t\t\t<\/div>\n\t\t\t\t<\/div>","protected":false},"excerpt":{"rendered":"<p>Calcium Carbonate \u018ftrafl\u0131 PeWax \u018ftrafl\u0131<\/p>","protected":false},"author":1,"featured_media":0,"parent":12,"menu_order":0,"comment_status":"closed","ping_status":"closed","template":"","meta":{"zakra_page_container_layout":"customizer","zakra_page_sidebar_layout":"customizer","zakra_remove_content_margin":false,"zakra_sidebar":"customizer","zakra_transparent_header":"customizer","zakra_logo":0,"zakra_main_header_style":"default","zakra_menu_item_color":"","zakra_menu_item_hover_color":"","zakra_menu_item_active_color":"","zakra_menu_active_style":"","zakra_page_header":true,"footnotes":""},"class_list":["post-4063","page","type-page","status-publish","hentry"],"yoast_head":"<!-- This site is optimized with the Yoast SEO plugin v27.4 - https:\/\/yoast.com\/product\/yoast-seo-wordpress\/ -->\n<title>Azpetrokimya | X\u00fcsusi Kimy\u0259vi Birl\u0259\u015fm\u0259l\u0259r<\/title>\n<meta name=\"description\" content=\"S\u0259naye m\u0259qs\u0259dl\u0259ri \u00fc\u00e7\u00fcn n\u0259z\u0259rd\u0259 tutulmu\u015f kalsium karbonat, PE mum, z\u0259rb\u0259 modifikatorlar\u0131 v\u0259 stabill\u0259\u015fdiricil\u0259rl\u0259 tan\u0131\u015f olun.\" \/>\n<meta name=\"robots\" content=\"index, follow, max-snippet:-1, max-image-preview:large, max-video-preview:-1\" \/>\n<link rel=\"canonical\" href=\"https:\/\/azpetrokimya.com\/en\/products\/special-chemical-compounds\/\" \/>\n<meta property=\"og:locale\" content=\"en_US\" \/>\n<meta property=\"og:type\" content=\"article\" \/>\n<meta property=\"og:title\" content=\"Azpetrokimya | X\u00fcsusi Kimy\u0259vi Birl\u0259\u015fm\u0259l\u0259r\" \/>\n<meta property=\"og:description\" content=\"S\u0259naye m\u0259qs\u0259dl\u0259ri \u00fc\u00e7\u00fcn n\u0259z\u0259rd\u0259 tutulmu\u015f kalsium karbonat, PE mum, z\u0259rb\u0259 modifikatorlar\u0131 v\u0259 stabill\u0259\u015fdiricil\u0259rl\u0259 tan\u0131\u015f olun.\" \/>\n<meta property=\"og:url\" content=\"https:\/\/azpetrokimya.com\/en\/products\/special-chemical-compounds\/\" \/>\n<meta property=\"og:site_name\" content=\"AzPetroKimya\" \/>\n<meta property=\"article:modified_time\" content=\"2025-03-28T17:32:26+00:00\" \/>\n<meta property=\"og:image\" content=\"https:\/\/azpetrokimya.com\/wp-content\/uploads\/2024\/12\/azpetrokimya-calcium-carbonate.png\" \/>\n<meta name=\"twitter:card\" content=\"summary_large_image\" \/>\n<meta name=\"twitter:label1\" content=\"Est. reading time\" \/>\n\t<meta name=\"twitter:data1\" content=\"1 minute\" \/>\n<script type=\"application\/ld+json\" class=\"yoast-schema-graph\">{\"@context\":\"https:\\\/\\\/schema.org\",\"@graph\":[{\"@type\":\"WebPage\",\"@id\":\"https:\\\/\\\/azpetrokimya.com\\\/products\\\/special-chemical-compounds\\\/\",\"url\":\"https:\\\/\\\/azpetrokimya.com\\\/products\\\/special-chemical-compounds\\\/\",\"name\":\"Azpetrokimya | X\u00fcsusi Kimy\u0259vi Birl\u0259\u015fm\u0259l\u0259r\",\"isPartOf\":{\"@id\":\"https:\\\/\\\/azpetrokimya.com\\\/#website\"},\"primaryImageOfPage\":{\"@id\":\"https:\\\/\\\/azpetrokimya.com\\\/products\\\/special-chemical-compounds\\\/#primaryimage\"},\"image\":{\"@id\":\"https:\\\/\\\/azpetrokimya.com\\\/products\\\/special-chemical-compounds\\\/#primaryimage\"},\"thumbnailUrl\":\"https:\\\/\\\/azpetrokimya.com\\\/wp-content\\\/uploads\\\/2024\\\/12\\\/azpetrokimya-calcium-carbonate.png\",\"datePublished\":\"2024-12-15T18:46:24+00:00\",\"dateModified\":\"2025-03-28T17:32:26+00:00\",\"description\":\"S\u0259naye m\u0259qs\u0259dl\u0259ri \u00fc\u00e7\u00fcn n\u0259z\u0259rd\u0259 tutulmu\u015f kalsium karbonat, PE mum, z\u0259rb\u0259 modifikatorlar\u0131 v\u0259 stabill\u0259\u015fdiricil\u0259rl\u0259 tan\u0131\u015f olun.\",\"breadcrumb\":{\"@id\":\"https:\\\/\\\/azpetrokimya.com\\\/products\\\/special-chemical-compounds\\\/#breadcrumb\"},\"inLanguage\":\"en-US\",\"potentialAction\":[{\"@type\":\"ReadAction\",\"target\":[\"https:\\\/\\\/azpetrokimya.com\\\/products\\\/special-chemical-compounds\\\/\"]}]},{\"@type\":\"ImageObject\",\"inLanguage\":\"en-US\",\"@id\":\"https:\\\/\\\/azpetrokimya.com\\\/products\\\/special-chemical-compounds\\\/#primaryimage\",\"url\":\"https:\\\/\\\/azpetrokimya.com\\\/wp-content\\\/uploads\\\/2024\\\/12\\\/azpetrokimya-calcium-carbonate.png\",\"contentUrl\":\"https:\\\/\\\/azpetrokimya.com\\\/wp-content\\\/uploads\\\/2024\\\/12\\\/azpetrokimya-calcium-carbonate.png\"},{\"@type\":\"BreadcrumbList\",\"@id\":\"https:\\\/\\\/azpetrokimya.com\\\/products\\\/special-chemical-compounds\\\/#breadcrumb\",\"itemListElement\":[{\"@type\":\"ListItem\",\"position\":1,\"name\":\"Anasayfa\",\"item\":\"https:\\\/\\\/azpetrokimya.com\\\/az\\\/\"},{\"@type\":\"ListItem\",\"position\":2,\"name\":\"M\u0259hsullar\u0131m\u0131z\",\"item\":\"https:\\\/\\\/azpetrokimya.com\\\/products\\\/\"},{\"@type\":\"ListItem\",\"position\":3,\"name\":\"X\u00fcsusi kimy\u0259vi madd\u0259l\u0259r\"}]},{\"@type\":\"WebSite\",\"@id\":\"https:\\\/\\\/azpetrokimya.com\\\/#website\",\"url\":\"https:\\\/\\\/azpetrokimya.com\\\/\",\"name\":\"AzPetroKimya\",\"description\":\"\",\"publisher\":{\"@id\":\"https:\\\/\\\/azpetrokimya.com\\\/#organization\"},\"potentialAction\":[{\"@type\":\"SearchAction\",\"target\":{\"@type\":\"EntryPoint\",\"urlTemplate\":\"https:\\\/\\\/azpetrokimya.com\\\/?s={search_term_string}\"},\"query-input\":{\"@type\":\"PropertyValueSpecification\",\"valueRequired\":true,\"valueName\":\"search_term_string\"}}],\"inLanguage\":\"en-US\"},{\"@type\":\"Organization\",\"@id\":\"https:\\\/\\\/azpetrokimya.com\\\/#organization\",\"name\":\"AzPetroKimya\",\"url\":\"https:\\\/\\\/azpetrokimya.com\\\/\",\"logo\":{\"@type\":\"ImageObject\",\"inLanguage\":\"en-US\",\"@id\":\"https:\\\/\\\/azpetrokimya.com\\\/#\\\/schema\\\/logo\\\/image\\\/\",\"url\":\"https:\\\/\\\/azpetrokimya.com\\\/wp-content\\\/uploads\\\/2024\\\/11\\\/azpetrokimya-logo.png\",\"contentUrl\":\"https:\\\/\\\/azpetrokimya.com\\\/wp-content\\\/uploads\\\/2024\\\/11\\\/azpetrokimya-logo.png\",\"width\":400,\"height\":400,\"caption\":\"AzPetroKimya\"},\"image\":{\"@id\":\"https:\\\/\\\/azpetrokimya.com\\\/#\\\/schema\\\/logo\\\/image\\\/\"},\"sameAs\":[\"https:\\\/\\\/www.linkedin.com\\\/company\\\/azpetrokimya\\\/\"]}]}<\/script>\n<!-- \/ Yoast SEO plugin. -->","yoast_head_json":{"title":"Azpetrokimya | X\u00fcsusi Kimy\u0259vi Birl\u0259\u015fm\u0259l\u0259r","description":"S\u0259naye m\u0259qs\u0259dl\u0259ri \u00fc\u00e7\u00fcn n\u0259z\u0259rd\u0259 tutulmu\u015f kalsium karbonat, PE mum, z\u0259rb\u0259 modifikatorlar\u0131 v\u0259 stabill\u0259\u015fdiricil\u0259rl\u0259 tan\u0131\u015f olun.","robots":{"index":"index","follow":"follow","max-snippet":"max-snippet:-1","max-image-preview":"max-image-preview:large","max-video-preview":"max-video-preview:-1"},"canonical":"https:\/\/azpetrokimya.com\/en\/products\/special-chemical-compounds\/","og_locale":"en_US","og_type":"article","og_title":"Azpetrokimya | X\u00fcsusi Kimy\u0259vi Birl\u0259\u015fm\u0259l\u0259r","og_description":"S\u0259naye m\u0259qs\u0259dl\u0259ri \u00fc\u00e7\u00fcn n\u0259z\u0259rd\u0259 tutulmu\u015f kalsium karbonat, PE mum, z\u0259rb\u0259 modifikatorlar\u0131 v\u0259 stabill\u0259\u015fdiricil\u0259rl\u0259 tan\u0131\u015f olun.","og_url":"https:\/\/azpetrokimya.com\/en\/products\/special-chemical-compounds\/","og_site_name":"AzPetroKimya","article_modified_time":"2025-03-28T17:32:26+00:00","og_image":[{"url":"https:\/\/azpetrokimya.com\/wp-content\/uploads\/2024\/12\/azpetrokimya-calcium-carbonate.png","type":"","width":"","height":""}],"twitter_card":"summary_large_image","twitter_misc":{"Est. reading time":"1 minute"},"schema":{"@context":"https:\/\/schema.org","@graph":[{"@type":"WebPage","@id":"https:\/\/azpetrokimya.com\/products\/special-chemical-compounds\/","url":"https:\/\/azpetrokimya.com\/products\/special-chemical-compounds\/","name":"Azpetrokimya | X\u00fcsusi Kimy\u0259vi Birl\u0259\u015fm\u0259l\u0259r","isPartOf":{"@id":"https:\/\/azpetrokimya.com\/#website"},"primaryImageOfPage":{"@id":"https:\/\/azpetrokimya.com\/products\/special-chemical-compounds\/#primaryimage"},"image":{"@id":"https:\/\/azpetrokimya.com\/products\/special-chemical-compounds\/#primaryimage"},"thumbnailUrl":"https:\/\/azpetrokimya.com\/wp-content\/uploads\/2024\/12\/azpetrokimya-calcium-carbonate.png","datePublished":"2024-12-15T18:46:24+00:00","dateModified":"2025-03-28T17:32:26+00:00","description":"S\u0259naye m\u0259qs\u0259dl\u0259ri \u00fc\u00e7\u00fcn n\u0259z\u0259rd\u0259 tutulmu\u015f kalsium karbonat, PE mum, z\u0259rb\u0259 modifikatorlar\u0131 v\u0259 stabill\u0259\u015fdiricil\u0259rl\u0259 tan\u0131\u015f olun.","breadcrumb":{"@id":"https:\/\/azpetrokimya.com\/products\/special-chemical-compounds\/#breadcrumb"},"inLanguage":"en-US","potentialAction":[{"@type":"ReadAction","target":["https:\/\/azpetrokimya.com\/products\/special-chemical-compounds\/"]}]},{"@type":"ImageObject","inLanguage":"en-US","@id":"https:\/\/azpetrokimya.com\/products\/special-chemical-compounds\/#primaryimage","url":"https:\/\/azpetrokimya.com\/wp-content\/uploads\/2024\/12\/azpetrokimya-calcium-carbonate.png","contentUrl":"https:\/\/azpetrokimya.com\/wp-content\/uploads\/2024\/12\/azpetrokimya-calcium-carbonate.png"},{"@type":"BreadcrumbList","@id":"https:\/\/azpetrokimya.com\/products\/special-chemical-compounds\/#breadcrumb","itemListElement":[{"@type":"ListItem","position":1,"name":"Anasayfa","item":"https:\/\/azpetrokimya.com\/az\/"},{"@type":"ListItem","position":2,"name":"M\u0259hsullar\u0131m\u0131z","item":"https:\/\/azpetrokimya.com\/products\/"},{"@type":"ListItem","position":3,"name":"X\u00fcsusi kimy\u0259vi madd\u0259l\u0259r"}]},{"@type":"WebSite","@id":"https:\/\/azpetrokimya.com\/#website","url":"https:\/\/azpetrokimya.com\/","name":"AzPetroKimya","description":"","publisher":{"@id":"https:\/\/azpetrokimya.com\/#organization"},"potentialAction":[{"@type":"SearchAction","target":{"@type":"EntryPoint","urlTemplate":"https:\/\/azpetrokimya.com\/?s={search_term_string}"},"query-input":{"@type":"PropertyValueSpecification","valueRequired":true,"valueName":"search_term_string"}}],"inLanguage":"en-US"},{"@type":"Organization","@id":"https:\/\/azpetrokimya.com\/#organization","name":"AzPetroKimya","url":"https:\/\/azpetrokimya.com\/","logo":{"@type":"ImageObject","inLanguage":"en-US","@id":"https:\/\/azpetrokimya.com\/#\/schema\/logo\/image\/","url":"https:\/\/azpetrokimya.com\/wp-content\/uploads\/2024\/11\/azpetrokimya-logo.png","contentUrl":"https:\/\/azpetrokimya.com\/wp-content\/uploads\/2024\/11\/azpetrokimya-logo.png","width":400,"height":400,"caption":"AzPetroKimya"},"image":{"@id":"https:\/\/azpetrokimya.com\/#\/schema\/logo\/image\/"},"sameAs":["https:\/\/www.linkedin.com\/company\/azpetrokimya\/"]}]}},"_hostinger_reach_plugin_has_subscription_block":false,"_hostinger_reach_plugin_is_elementor":false,"_links":{"self":[{"href":"https:\/\/azpetrokimya.com\/en\/wp-json\/wp\/v2\/pages\/4063","targetHints":{"allow":["GET"]}}],"collection":[{"href":"https:\/\/azpetrokimya.com\/en\/wp-json\/wp\/v2\/pages"}],"about":[{"href":"https:\/\/azpetrokimya.com\/en\/wp-json\/wp\/v2\/types\/page"}],"author":[{"embeddable":true,"href":"https:\/\/azpetrokimya.com\/en\/wp-json\/wp\/v2\/users\/1"}],"replies":[{"embeddable":true,"href":"https:\/\/azpetrokimya.com\/en\/wp-json\/wp\/v2\/comments?post=4063"}],"version-history":[{"count":27,"href":"https:\/\/azpetrokimya.com\/en\/wp-json\/wp\/v2\/pages\/4063\/revisions"}],"predecessor-version":[{"id":5714,"href":"https:\/\/azpetrokimya.com\/en\/wp-json\/wp\/v2\/pages\/4063\/revisions\/5714"}],"up":[{"embeddable":true,"href":"https:\/\/azpetrokimya.com\/en\/wp-json\/wp\/v2\/pages\/12"}],"wp:attachment":[{"href":"https:\/\/azpetrokimya.com\/en\/wp-json\/wp\/v2\/media?parent=4063"}],"curies":[{"name":"wp","href":"https:\/\/api.w.org\/{rel}","templated":true}]}}