{"id":3531,"date":"2024-12-01T23:07:53","date_gmt":"2024-12-01T23:07:53","guid":{"rendered":"https:\/\/new-client-azpetrokimya-draft-version.gcraft.tech\/?page_id=3531"},"modified":"2025-03-28T21:33:34","modified_gmt":"2025-03-28T17:33:34","slug":"titanium-dioxide","status":"publish","type":"page","link":"https:\/\/azpetrokimya.com\/en\/products\/industrial-fillers-and-additives\/titanium-dioxide\/","title":{"rendered":"Titanium Dioxide"},"content":{"rendered":"<p><strong>Titanium Dioxide Product Description<\/strong><\/p>\n\n\n\n<div class=\"wp-block-media-text is-stacked-on-mobile is-vertically-aligned-top\"><figure class=\"wp-block-media-text__media\"><img fetchpriority=\"high\" decoding=\"async\" width=\"659\" height=\"634\" src=\"https:\/\/azpetrokimya.com\/wp-content\/uploads\/2025\/01\/azpetrokimya-titanium-dioxide-1.png\" alt=\"\" class=\"wp-image-5373 size-full\" srcset=\"https:\/\/azpetrokimya.com\/wp-content\/uploads\/2025\/01\/azpetrokimya-titanium-dioxide-1.png 659w, https:\/\/azpetrokimya.com\/wp-content\/uploads\/2025\/01\/azpetrokimya-titanium-dioxide-1-300x289.png 300w, https:\/\/azpetrokimya.com\/wp-content\/uploads\/2025\/01\/azpetrokimya-titanium-dioxide-1-12x12.png 12w\" sizes=\"(max-width: 659px) 100vw, 659px\" \/><\/figure><div class=\"wp-block-media-text__content\">\n<p class=\"translation-block\"><strong>Titanium Dioxide<\/strong> (TiO\u2082) is a chemical compound that naturally forms when titanium combines with sulfur and oxygen, resulting in a bright white color and high opacity. This material can be obtained both naturally and synthetically and is widely used across industries. Titanium dioxide is particularly valued for its high color retention ability, chemical stability, and safety for health. As a result, it is extensively applied in a variety of industries, particularly in paints, cosmetics, plastics, food, and other manufacturing sectors.<\/p>\n<\/div><\/div>\n\n\n\n<h3 class=\"wp-block-heading\"><\/h3>","protected":false},"excerpt":{"rendered":"<p>Titan Dioksid M\u0259hsul T\u0259sviri Titan Dioksid (TiO\u2082) t\u0259bii olaraq k\u00fck\u00fcrd v\u0259 oksigen il\u0259 birl\u0259\u015f\u0259r\u0259k yaranan, parlaq a\u011f r\u0259ngli v\u0259 y\u00fcks\u0259k opasitey\u0259 sahib bir kimy\u0259vi birl\u0259\u015fm\u0259sidir. Bu material h\u0259m t\u0259bii, h\u0259m d\u0259 sintetik \u015f\u0259kild\u0259 \u0259ld\u0259 edil\u0259 bil\u0259r v\u0259 s\u0259nayed\u0259 geni\u015f istifad\u0259 olunur. Titan dioksid, x\u00fcsus\u0259n y\u00fcks\u0259k r\u0259ng saxlama qabiliyy\u0259ti, kimy\u0259vi dayan\u0131ql\u0131\u011f\u0131 v\u0259 sa\u011flaml\u0131\u011fa qar\u015f\u0131 t\u0259hl\u00fck\u0259sizliyi il\u0259 [&hellip;]<\/p>","protected":false},"author":1,"featured_media":0,"parent":4061,"menu_order":0,"comment_status":"closed","ping_status":"closed","template":"","meta":{"zakra_page_container_layout":"contained","zakra_page_sidebar_layout":"right","zakra_remove_content_margin":false,"zakra_sidebar":"customizer","zakra_transparent_header":"customizer","zakra_logo":0,"zakra_main_header_style":"default","zakra_menu_item_color":"","zakra_menu_item_hover_color":"","zakra_menu_item_active_color":"","zakra_menu_active_style":"zakra_menu_active_style","zakra_page_header":true,"footnotes":""},"class_list":["post-3531","page","type-page","status-publish","hentry"],"yoast_head":"<!-- This site is optimized with the Yoast SEO plugin v26.3 - https:\/\/yoast.com\/wordpress\/plugins\/seo\/ -->\n<title>Azpetrokimya | Titan Dioksid Piqmenti<\/title>\n<meta name=\"description\" content=\"A\u011fl\u0131q v\u0259 \u00f6rt\u00fcc\u00fcl\u00fck \u00fc\u00e7\u00fcn titan dioksid piqmenti. Topdan sat\u0131\u015f Azpetrokimya vasit\u0259sil\u0259.\" \/>\n<meta name=\"robots\" content=\"index, follow, max-snippet:-1, max-image-preview:large, max-video-preview:-1\" \/>\n<link rel=\"canonical\" href=\"https:\/\/azpetrokimya.com\/en\/products\/industrial-fillers-and-additives\/titanium-dioxide\/\" \/>\n<meta property=\"og:locale\" content=\"en_US\" \/>\n<meta property=\"og:type\" content=\"article\" \/>\n<meta property=\"og:title\" content=\"Azpetrokimya | Titan Dioksid Piqmenti\" \/>\n<meta property=\"og:description\" content=\"A\u011fl\u0131q v\u0259 \u00f6rt\u00fcc\u00fcl\u00fck \u00fc\u00e7\u00fcn titan dioksid piqmenti. Topdan sat\u0131\u015f Azpetrokimya vasit\u0259sil\u0259.\" \/>\n<meta property=\"og:url\" content=\"https:\/\/azpetrokimya.com\/en\/products\/industrial-fillers-and-additives\/titanium-dioxide\/\" \/>\n<meta property=\"og:site_name\" content=\"AzPetroKimya\" \/>\n<meta property=\"article:modified_time\" content=\"2025-03-28T17:33:34+00:00\" \/>\n<meta property=\"og:image\" content=\"https:\/\/azpetrokimya.com\/wp-content\/uploads\/2025\/01\/azpetrokimya-titanium-dioxide-1.png\" \/>\n\t<meta property=\"og:image:width\" content=\"659\" \/>\n\t<meta property=\"og:image:height\" content=\"634\" \/>\n\t<meta property=\"og:image:type\" content=\"image\/png\" \/>\n<meta name=\"twitter:card\" content=\"summary_large_image\" \/>\n<meta name=\"twitter:label1\" content=\"Est. reading time\" \/>\n\t<meta name=\"twitter:data1\" content=\"1 minute\" \/>\n<script type=\"application\/ld+json\" class=\"yoast-schema-graph\">{\"@context\":\"https:\/\/schema.org\",\"@graph\":[{\"@type\":\"WebPage\",\"@id\":\"https:\/\/azpetrokimya.com\/products\/industrial-fillers-and-additives\/titanium-dioxide\/\",\"url\":\"https:\/\/azpetrokimya.com\/products\/industrial-fillers-and-additives\/titanium-dioxide\/\",\"name\":\"Azpetrokimya | Titan Dioksid Piqmenti\",\"isPartOf\":{\"@id\":\"https:\/\/azpetrokimya.com\/#website\"},\"primaryImageOfPage\":{\"@id\":\"https:\/\/azpetrokimya.com\/products\/industrial-fillers-and-additives\/titanium-dioxide\/#primaryimage\"},\"image\":{\"@id\":\"https:\/\/azpetrokimya.com\/products\/industrial-fillers-and-additives\/titanium-dioxide\/#primaryimage\"},\"thumbnailUrl\":\"https:\/\/azpetrokimya.com\/wp-content\/uploads\/2025\/01\/azpetrokimya-titanium-dioxide-1.png\",\"datePublished\":\"2024-12-01T23:07:53+00:00\",\"dateModified\":\"2025-03-28T17:33:34+00:00\",\"description\":\"A\u011fl\u0131q v\u0259 \u00f6rt\u00fcc\u00fcl\u00fck \u00fc\u00e7\u00fcn titan dioksid piqmenti. Topdan sat\u0131\u015f Azpetrokimya vasit\u0259sil\u0259.\",\"breadcrumb\":{\"@id\":\"https:\/\/azpetrokimya.com\/products\/industrial-fillers-and-additives\/titanium-dioxide\/#breadcrumb\"},\"inLanguage\":\"en-US\",\"potentialAction\":[{\"@type\":\"ReadAction\",\"target\":[\"https:\/\/azpetrokimya.com\/products\/industrial-fillers-and-additives\/titanium-dioxide\/\"]}]},{\"@type\":\"ImageObject\",\"inLanguage\":\"en-US\",\"@id\":\"https:\/\/azpetrokimya.com\/products\/industrial-fillers-and-additives\/titanium-dioxide\/#primaryimage\",\"url\":\"https:\/\/azpetrokimya.com\/wp-content\/uploads\/2025\/01\/azpetrokimya-titanium-dioxide-1.png\",\"contentUrl\":\"https:\/\/azpetrokimya.com\/wp-content\/uploads\/2025\/01\/azpetrokimya-titanium-dioxide-1.png\"},{\"@type\":\"BreadcrumbList\",\"@id\":\"https:\/\/azpetrokimya.com\/products\/industrial-fillers-and-additives\/titanium-dioxide\/#breadcrumb\",\"itemListElement\":[{\"@type\":\"ListItem\",\"position\":1,\"name\":\"Anasayfa\",\"item\":\"https:\/\/azpetrokimya.com\/az\/\"},{\"@type\":\"ListItem\",\"position\":2,\"name\":\"M\u0259hsullar\u0131m\u0131z\",\"item\":\"https:\/\/azpetrokimya.com\/products\/\"},{\"@type\":\"ListItem\",\"position\":3,\"name\":\"Doldurucu v\u0259 \u018flav\u0259l\u0259r\",\"item\":\"https:\/\/azpetrokimya.com\/products\/industrial-fillers-and-additives\/\"},{\"@type\":\"ListItem\",\"position\":4,\"name\":\"Titan Dioksid\"}]},{\"@type\":\"WebSite\",\"@id\":\"https:\/\/azpetrokimya.com\/#website\",\"url\":\"https:\/\/azpetrokimya.com\/\",\"name\":\"AzPetroKimya\",\"description\":\"\",\"publisher\":{\"@id\":\"https:\/\/azpetrokimya.com\/#organization\"},\"potentialAction\":[{\"@type\":\"SearchAction\",\"target\":{\"@type\":\"EntryPoint\",\"urlTemplate\":\"https:\/\/azpetrokimya.com\/?s={search_term_string}\"},\"query-input\":{\"@type\":\"PropertyValueSpecification\",\"valueRequired\":true,\"valueName\":\"search_term_string\"}}],\"inLanguage\":\"en-US\"},{\"@type\":\"Organization\",\"@id\":\"https:\/\/azpetrokimya.com\/#organization\",\"name\":\"AzPetroKimya\",\"url\":\"https:\/\/azpetrokimya.com\/\",\"logo\":{\"@type\":\"ImageObject\",\"inLanguage\":\"en-US\",\"@id\":\"https:\/\/azpetrokimya.com\/#\/schema\/logo\/image\/\",\"url\":\"https:\/\/azpetrokimya.com\/wp-content\/uploads\/2024\/11\/azpetrokimya-logo.png\",\"contentUrl\":\"https:\/\/azpetrokimya.com\/wp-content\/uploads\/2024\/11\/azpetrokimya-logo.png\",\"width\":400,\"height\":400,\"caption\":\"AzPetroKimya\"},\"image\":{\"@id\":\"https:\/\/azpetrokimya.com\/#\/schema\/logo\/image\/\"},\"sameAs\":[\"https:\/\/www.linkedin.com\/company\/azpetrokimya\/\"]}]}<\/script>\n<!-- \/ Yoast SEO plugin. -->","yoast_head_json":{"title":"Azpetrokimya | Titanium Dioxide Pigment","description":"Titanium dioxide pigment for optimal whiteness and opacity. Available in bulk from Azpetrokimya.","robots":{"index":"index","follow":"follow","max-snippet":"max-snippet:-1","max-image-preview":"max-image-preview:large","max-video-preview":"max-video-preview:-1"},"canonical":"https:\/\/azpetrokimya.com\/en\/products\/industrial-fillers-and-additives\/titanium-dioxide\/","og_locale":"en_US","og_type":"article","og_title":"Azpetrokimya | Titan Dioksid Piqmenti","og_description":"A\u011fl\u0131q v\u0259 \u00f6rt\u00fcc\u00fcl\u00fck \u00fc\u00e7\u00fcn titan dioksid piqmenti. Topdan sat\u0131\u015f Azpetrokimya vasit\u0259sil\u0259.","og_url":"https:\/\/azpetrokimya.com\/en\/products\/industrial-fillers-and-additives\/titanium-dioxide\/","og_site_name":"AzPetroKimya","article_modified_time":"2025-03-28T17:33:34+00:00","og_image":[{"width":659,"height":634,"url":"https:\/\/azpetrokimya.com\/wp-content\/uploads\/2025\/01\/azpetrokimya-titanium-dioxide-1.png","type":"image\/png"}],"twitter_card":"summary_large_image","twitter_misc":{"Est. reading time":"1 minute"},"schema":{"@context":"https:\/\/schema.org","@graph":[{"@type":"WebPage","@id":"https:\/\/azpetrokimya.com\/products\/industrial-fillers-and-additives\/titanium-dioxide\/","url":"https:\/\/azpetrokimya.com\/products\/industrial-fillers-and-additives\/titanium-dioxide\/","name":"Azpetrokimya | Titanium Dioxide Pigment","isPartOf":{"@id":"https:\/\/azpetrokimya.com\/#website"},"primaryImageOfPage":{"@id":"https:\/\/azpetrokimya.com\/products\/industrial-fillers-and-additives\/titanium-dioxide\/#primaryimage"},"image":{"@id":"https:\/\/azpetrokimya.com\/products\/industrial-fillers-and-additives\/titanium-dioxide\/#primaryimage"},"thumbnailUrl":"https:\/\/azpetrokimya.com\/wp-content\/uploads\/2025\/01\/azpetrokimya-titanium-dioxide-1.png","datePublished":"2024-12-01T23:07:53+00:00","dateModified":"2025-03-28T17:33:34+00:00","description":"Titanium dioxide pigment for optimal whiteness and opacity. Available in bulk from Azpetrokimya.","breadcrumb":{"@id":"https:\/\/azpetrokimya.com\/products\/industrial-fillers-and-additives\/titanium-dioxide\/#breadcrumb"},"inLanguage":"en-US","potentialAction":[{"@type":"ReadAction","target":["https:\/\/azpetrokimya.com\/products\/industrial-fillers-and-additives\/titanium-dioxide\/"]}]},{"@type":"ImageObject","inLanguage":"en-US","@id":"https:\/\/azpetrokimya.com\/products\/industrial-fillers-and-additives\/titanium-dioxide\/#primaryimage","url":"https:\/\/azpetrokimya.com\/wp-content\/uploads\/2025\/01\/azpetrokimya-titanium-dioxide-1.png","contentUrl":"https:\/\/azpetrokimya.com\/wp-content\/uploads\/2025\/01\/azpetrokimya-titanium-dioxide-1.png"},{"@type":"BreadcrumbList","@id":"https:\/\/azpetrokimya.com\/products\/industrial-fillers-and-additives\/titanium-dioxide\/#breadcrumb","itemListElement":[{"@type":"ListItem","position":1,"name":"Anasayfa","item":"https:\/\/azpetrokimya.com\/az\/"},{"@type":"ListItem","position":2,"name":"M\u0259hsullar\u0131m\u0131z","item":"https:\/\/azpetrokimya.com\/products\/"},{"@type":"ListItem","position":3,"name":"Doldurucu v\u0259 \u018flav\u0259l\u0259r","item":"https:\/\/azpetrokimya.com\/products\/industrial-fillers-and-additives\/"},{"@type":"ListItem","position":4,"name":"Titan Dioksid"}]},{"@type":"WebSite","@id":"https:\/\/azpetrokimya.com\/#website","url":"https:\/\/azpetrokimya.com\/","name":"AzPetroKimya","description":"","publisher":{"@id":"https:\/\/azpetrokimya.com\/#organization"},"potentialAction":[{"@type":"SearchAction","target":{"@type":"EntryPoint","urlTemplate":"https:\/\/azpetrokimya.com\/?s={search_term_string}"},"query-input":{"@type":"PropertyValueSpecification","valueRequired":true,"valueName":"search_term_string"}}],"inLanguage":"en-US"},{"@type":"Organization","@id":"https:\/\/azpetrokimya.com\/#organization","name":"AzPetroKimya","url":"https:\/\/azpetrokimya.com\/","logo":{"@type":"ImageObject","inLanguage":"en-US","@id":"https:\/\/azpetrokimya.com\/#\/schema\/logo\/image\/","url":"https:\/\/azpetrokimya.com\/wp-content\/uploads\/2024\/11\/azpetrokimya-logo.png","contentUrl":"https:\/\/azpetrokimya.com\/wp-content\/uploads\/2024\/11\/azpetrokimya-logo.png","width":400,"height":400,"caption":"AzPetroKimya"},"image":{"@id":"https:\/\/azpetrokimya.com\/#\/schema\/logo\/image\/"},"sameAs":["https:\/\/www.linkedin.com\/company\/azpetrokimya\/"]}]}},"_hostinger_reach_plugin_has_subscription_block":false,"_hostinger_reach_plugin_is_elementor":false,"_links":{"self":[{"href":"https:\/\/azpetrokimya.com\/en\/wp-json\/wp\/v2\/pages\/3531","targetHints":{"allow":["GET"]}}],"collection":[{"href":"https:\/\/azpetrokimya.com\/en\/wp-json\/wp\/v2\/pages"}],"about":[{"href":"https:\/\/azpetrokimya.com\/en\/wp-json\/wp\/v2\/types\/page"}],"author":[{"embeddable":true,"href":"https:\/\/azpetrokimya.com\/en\/wp-json\/wp\/v2\/users\/1"}],"replies":[{"embeddable":true,"href":"https:\/\/azpetrokimya.com\/en\/wp-json\/wp\/v2\/comments?post=3531"}],"version-history":[{"count":8,"href":"https:\/\/azpetrokimya.com\/en\/wp-json\/wp\/v2\/pages\/3531\/revisions"}],"predecessor-version":[{"id":5730,"href":"https:\/\/azpetrokimya.com\/en\/wp-json\/wp\/v2\/pages\/3531\/revisions\/5730"}],"up":[{"embeddable":true,"href":"https:\/\/azpetrokimya.com\/en\/wp-json\/wp\/v2\/pages\/4061"}],"wp:attachment":[{"href":"https:\/\/azpetrokimya.com\/en\/wp-json\/wp\/v2\/media?parent=3531"}],"curies":[{"name":"wp","href":"https:\/\/api.w.org\/{rel}","templated":true}]}}