{"id":3529,"date":"2024-12-01T23:07:32","date_gmt":"2024-12-01T23:07:32","guid":{"rendered":"https:\/\/new-client-azpetrokimya-draft-version.gcraft.tech\/?page_id=3529"},"modified":"2025-03-28T21:31:39","modified_gmt":"2025-03-28T17:31:39","slug":"dinp","status":"publish","type":"page","link":"https:\/\/azpetrokimya.com\/en\/products\/industrial-plasticizers-supplier\/dinp\/","title":{"rendered":"DINP"},"content":{"rendered":"<p><strong>DINP Product Description<\/strong><\/p>\n\n\n\n<div class=\"wp-block-media-text is-stacked-on-mobile is-vertically-aligned-top\"><figure class=\"wp-block-media-text__media\"><img fetchpriority=\"high\" decoding=\"async\" width=\"651\" height=\"627\" src=\"https:\/\/azpetrokimya.com\/wp-content\/uploads\/2025\/01\/azpetrokimya-dinp-1.png\" alt=\"\" class=\"wp-image-5367 size-full\" srcset=\"https:\/\/azpetrokimya.com\/wp-content\/uploads\/2025\/01\/azpetrokimya-dinp-1.png 651w, https:\/\/azpetrokimya.com\/wp-content\/uploads\/2025\/01\/azpetrokimya-dinp-1-300x289.png 300w, https:\/\/azpetrokimya.com\/wp-content\/uploads\/2025\/01\/azpetrokimya-dinp-1-12x12.png 12w\" sizes=\"(max-width: 651px) 100vw, 651px\" \/><\/figure><div class=\"wp-block-media-text__content\">\n<p class=\"translation-block\">DINP (Di-Isononyl Phthalate) is a widely used plasticizer in the industry. This product is primarily applied to soften polyvinyl chloride (PVC) and other plastic materials, enhancing their flexibility. DINP offers superior properties in terms of durability, flexibility, and performance when compared to other plasticizers, and plays an indispensable role in various manufacturing sectors.<\/p>\n<\/div><\/div>\n\n\n\n<h3 class=\"wp-block-heading\"><\/h3>","protected":false},"excerpt":{"rendered":"<p>DINP M\u0259hsul T\u0259sviri DINP (Di-izononil ftalat) s\u0259nayed\u0259 geni\u015f istifad\u0259 olunan plastikl\u0259\u015fdiricidir. Bu m\u0259hsul \u0259sas\u0259n polivinil xlorid (PVC) v\u0259 dig\u0259r plastik materiallar\u0131n yum\u015fald\u0131lmas\u0131 v\u0259 elastikliyinin art\u0131r\u0131lmas\u0131 \u00fc\u00e7\u00fcn t\u0259tbiq edilir. DINP, x\u00fcsusil\u0259 davaml\u0131l\u0131q, \u00e7eviklik v\u0259 performans bax\u0131m\u0131ndan dig\u0259r plastikl\u0259\u015fdiricil\u0259rl\u0259 m\u00fcqayis\u0259d\u0259 \u00fcst\u00fcn x\u00fcsusiyy\u0259tl\u0259r\u0259 malikdir v\u0259 m\u00fcxt\u0259lif istehsal sah\u0259l\u0259rind\u0259 \u0259v\u0259zsiz rol oynay\u0131r.<\/p>","protected":false},"author":1,"featured_media":0,"parent":4059,"menu_order":0,"comment_status":"closed","ping_status":"closed","template":"","meta":{"zakra_page_container_layout":"contained","zakra_page_sidebar_layout":"right","zakra_remove_content_margin":false,"zakra_sidebar":"customizer","zakra_transparent_header":"customizer","zakra_logo":0,"zakra_main_header_style":"default","zakra_menu_item_color":"","zakra_menu_item_hover_color":"","zakra_menu_item_active_color":"","zakra_menu_active_style":"zakra_menu_active_style","zakra_page_header":true,"footnotes":""},"class_list":["post-3529","page","type-page","status-publish","hentry"],"yoast_head":"<!-- This site is optimized with the Yoast SEO plugin v26.3 - https:\/\/yoast.com\/wordpress\/plugins\/seo\/ -->\n<title>Azpetrokimya | DINP Plastifikator H\u0259ll\u0259ri<\/title>\n<meta name=\"description\" content=\"S\u0259naye \u00fc\u00e7\u00fcn uy\u011fun geni\u015f t\u0259tbiqli DINP plastifikatoru. Az\u0259rbaycanda Azpetrokimya t\u0259min edir.\" \/>\n<meta name=\"robots\" content=\"index, follow, max-snippet:-1, max-image-preview:large, max-video-preview:-1\" \/>\n<link rel=\"canonical\" href=\"https:\/\/azpetrokimya.com\/en\/products\/industrial-plasticizers-supplier\/dinp\/\" \/>\n<meta property=\"og:locale\" content=\"en_US\" \/>\n<meta property=\"og:type\" content=\"article\" \/>\n<meta property=\"og:title\" content=\"Azpetrokimya | DINP Plastifikator H\u0259ll\u0259ri\" \/>\n<meta property=\"og:description\" content=\"S\u0259naye \u00fc\u00e7\u00fcn uy\u011fun geni\u015f t\u0259tbiqli DINP plastifikatoru. Az\u0259rbaycanda Azpetrokimya t\u0259min edir.\" \/>\n<meta property=\"og:url\" content=\"https:\/\/azpetrokimya.com\/en\/products\/industrial-plasticizers-supplier\/dinp\/\" \/>\n<meta property=\"og:site_name\" content=\"AzPetroKimya\" \/>\n<meta property=\"article:modified_time\" content=\"2025-03-28T17:31:39+00:00\" \/>\n<meta property=\"og:image\" content=\"https:\/\/azpetrokimya.com\/wp-content\/uploads\/2025\/01\/azpetrokimya-dinp-1.png\" \/>\n\t<meta property=\"og:image:width\" content=\"651\" \/>\n\t<meta property=\"og:image:height\" content=\"627\" \/>\n\t<meta property=\"og:image:type\" content=\"image\/png\" \/>\n<meta name=\"twitter:card\" content=\"summary_large_image\" \/>\n<meta name=\"twitter:label1\" content=\"Est. reading time\" \/>\n\t<meta name=\"twitter:data1\" content=\"1 minute\" \/>\n<script type=\"application\/ld+json\" class=\"yoast-schema-graph\">{\"@context\":\"https:\/\/schema.org\",\"@graph\":[{\"@type\":\"WebPage\",\"@id\":\"https:\/\/azpetrokimya.com\/products\/industrial-plasticizers-supplier\/dinp\/\",\"url\":\"https:\/\/azpetrokimya.com\/products\/industrial-plasticizers-supplier\/dinp\/\",\"name\":\"Azpetrokimya | DINP Plastifikator H\u0259ll\u0259ri\",\"isPartOf\":{\"@id\":\"https:\/\/azpetrokimya.com\/#website\"},\"primaryImageOfPage\":{\"@id\":\"https:\/\/azpetrokimya.com\/products\/industrial-plasticizers-supplier\/dinp\/#primaryimage\"},\"image\":{\"@id\":\"https:\/\/azpetrokimya.com\/products\/industrial-plasticizers-supplier\/dinp\/#primaryimage\"},\"thumbnailUrl\":\"https:\/\/azpetrokimya.com\/wp-content\/uploads\/2025\/01\/azpetrokimya-dinp-1.png\",\"datePublished\":\"2024-12-01T23:07:32+00:00\",\"dateModified\":\"2025-03-28T17:31:39+00:00\",\"description\":\"S\u0259naye \u00fc\u00e7\u00fcn uy\u011fun geni\u015f t\u0259tbiqli DINP plastifikatoru. Az\u0259rbaycanda Azpetrokimya t\u0259min edir.\",\"breadcrumb\":{\"@id\":\"https:\/\/azpetrokimya.com\/products\/industrial-plasticizers-supplier\/dinp\/#breadcrumb\"},\"inLanguage\":\"en-US\",\"potentialAction\":[{\"@type\":\"ReadAction\",\"target\":[\"https:\/\/azpetrokimya.com\/products\/industrial-plasticizers-supplier\/dinp\/\"]}]},{\"@type\":\"ImageObject\",\"inLanguage\":\"en-US\",\"@id\":\"https:\/\/azpetrokimya.com\/products\/industrial-plasticizers-supplier\/dinp\/#primaryimage\",\"url\":\"https:\/\/azpetrokimya.com\/wp-content\/uploads\/2025\/01\/azpetrokimya-dinp-1.png\",\"contentUrl\":\"https:\/\/azpetrokimya.com\/wp-content\/uploads\/2025\/01\/azpetrokimya-dinp-1.png\"},{\"@type\":\"BreadcrumbList\",\"@id\":\"https:\/\/azpetrokimya.com\/products\/industrial-plasticizers-supplier\/dinp\/#breadcrumb\",\"itemListElement\":[{\"@type\":\"ListItem\",\"position\":1,\"name\":\"Anasayfa\",\"item\":\"https:\/\/azpetrokimya.com\/az\/\"},{\"@type\":\"ListItem\",\"position\":2,\"name\":\"M\u0259hsullar\u0131m\u0131z\",\"item\":\"https:\/\/azpetrokimya.com\/products\/\"},{\"@type\":\"ListItem\",\"position\":3,\"name\":\"Plastifikatorlar\",\"item\":\"https:\/\/azpetrokimya.com\/products\/industrial-plasticizers-supplier\/\"},{\"@type\":\"ListItem\",\"position\":4,\"name\":\"DINP\"}]},{\"@type\":\"WebSite\",\"@id\":\"https:\/\/azpetrokimya.com\/#website\",\"url\":\"https:\/\/azpetrokimya.com\/\",\"name\":\"AzPetroKimya\",\"description\":\"\",\"publisher\":{\"@id\":\"https:\/\/azpetrokimya.com\/#organization\"},\"potentialAction\":[{\"@type\":\"SearchAction\",\"target\":{\"@type\":\"EntryPoint\",\"urlTemplate\":\"https:\/\/azpetrokimya.com\/?s={search_term_string}\"},\"query-input\":{\"@type\":\"PropertyValueSpecification\",\"valueRequired\":true,\"valueName\":\"search_term_string\"}}],\"inLanguage\":\"en-US\"},{\"@type\":\"Organization\",\"@id\":\"https:\/\/azpetrokimya.com\/#organization\",\"name\":\"AzPetroKimya\",\"url\":\"https:\/\/azpetrokimya.com\/\",\"logo\":{\"@type\":\"ImageObject\",\"inLanguage\":\"en-US\",\"@id\":\"https:\/\/azpetrokimya.com\/#\/schema\/logo\/image\/\",\"url\":\"https:\/\/azpetrokimya.com\/wp-content\/uploads\/2024\/11\/azpetrokimya-logo.png\",\"contentUrl\":\"https:\/\/azpetrokimya.com\/wp-content\/uploads\/2024\/11\/azpetrokimya-logo.png\",\"width\":400,\"height\":400,\"caption\":\"AzPetroKimya\"},\"image\":{\"@id\":\"https:\/\/azpetrokimya.com\/#\/schema\/logo\/image\/\"},\"sameAs\":[\"https:\/\/www.linkedin.com\/company\/azpetrokimya\/\"]}]}<\/script>\n<!-- \/ Yoast SEO plugin. -->","yoast_head_json":{"title":"Azpetrokimya | DINP Plasticizer Solutions","description":"DINP plasticizer suited for a wide range of industrial uses. Supplied by Azpetrokimya in Azerbaijan.","robots":{"index":"index","follow":"follow","max-snippet":"max-snippet:-1","max-image-preview":"max-image-preview:large","max-video-preview":"max-video-preview:-1"},"canonical":"https:\/\/azpetrokimya.com\/en\/products\/industrial-plasticizers-supplier\/dinp\/","og_locale":"en_US","og_type":"article","og_title":"Azpetrokimya | DINP Plastifikator H\u0259ll\u0259ri","og_description":"S\u0259naye \u00fc\u00e7\u00fcn uy\u011fun geni\u015f t\u0259tbiqli DINP plastifikatoru. Az\u0259rbaycanda Azpetrokimya t\u0259min edir.","og_url":"https:\/\/azpetrokimya.com\/en\/products\/industrial-plasticizers-supplier\/dinp\/","og_site_name":"AzPetroKimya","article_modified_time":"2025-03-28T17:31:39+00:00","og_image":[{"width":651,"height":627,"url":"https:\/\/azpetrokimya.com\/wp-content\/uploads\/2025\/01\/azpetrokimya-dinp-1.png","type":"image\/png"}],"twitter_card":"summary_large_image","twitter_misc":{"Est. reading time":"1 minute"},"schema":{"@context":"https:\/\/schema.org","@graph":[{"@type":"WebPage","@id":"https:\/\/azpetrokimya.com\/products\/industrial-plasticizers-supplier\/dinp\/","url":"https:\/\/azpetrokimya.com\/products\/industrial-plasticizers-supplier\/dinp\/","name":"Azpetrokimya | DINP Plasticizer Solutions","isPartOf":{"@id":"https:\/\/azpetrokimya.com\/#website"},"primaryImageOfPage":{"@id":"https:\/\/azpetrokimya.com\/products\/industrial-plasticizers-supplier\/dinp\/#primaryimage"},"image":{"@id":"https:\/\/azpetrokimya.com\/products\/industrial-plasticizers-supplier\/dinp\/#primaryimage"},"thumbnailUrl":"https:\/\/azpetrokimya.com\/wp-content\/uploads\/2025\/01\/azpetrokimya-dinp-1.png","datePublished":"2024-12-01T23:07:32+00:00","dateModified":"2025-03-28T17:31:39+00:00","description":"DINP plasticizer suited for a wide range of industrial uses. Supplied by Azpetrokimya in Azerbaijan.","breadcrumb":{"@id":"https:\/\/azpetrokimya.com\/products\/industrial-plasticizers-supplier\/dinp\/#breadcrumb"},"inLanguage":"en-US","potentialAction":[{"@type":"ReadAction","target":["https:\/\/azpetrokimya.com\/products\/industrial-plasticizers-supplier\/dinp\/"]}]},{"@type":"ImageObject","inLanguage":"en-US","@id":"https:\/\/azpetrokimya.com\/products\/industrial-plasticizers-supplier\/dinp\/#primaryimage","url":"https:\/\/azpetrokimya.com\/wp-content\/uploads\/2025\/01\/azpetrokimya-dinp-1.png","contentUrl":"https:\/\/azpetrokimya.com\/wp-content\/uploads\/2025\/01\/azpetrokimya-dinp-1.png"},{"@type":"BreadcrumbList","@id":"https:\/\/azpetrokimya.com\/products\/industrial-plasticizers-supplier\/dinp\/#breadcrumb","itemListElement":[{"@type":"ListItem","position":1,"name":"Anasayfa","item":"https:\/\/azpetrokimya.com\/az\/"},{"@type":"ListItem","position":2,"name":"M\u0259hsullar\u0131m\u0131z","item":"https:\/\/azpetrokimya.com\/products\/"},{"@type":"ListItem","position":3,"name":"Plastifikatorlar","item":"https:\/\/azpetrokimya.com\/products\/industrial-plasticizers-supplier\/"},{"@type":"ListItem","position":4,"name":"DINP"}]},{"@type":"WebSite","@id":"https:\/\/azpetrokimya.com\/#website","url":"https:\/\/azpetrokimya.com\/","name":"AzPetroKimya","description":"","publisher":{"@id":"https:\/\/azpetrokimya.com\/#organization"},"potentialAction":[{"@type":"SearchAction","target":{"@type":"EntryPoint","urlTemplate":"https:\/\/azpetrokimya.com\/?s={search_term_string}"},"query-input":{"@type":"PropertyValueSpecification","valueRequired":true,"valueName":"search_term_string"}}],"inLanguage":"en-US"},{"@type":"Organization","@id":"https:\/\/azpetrokimya.com\/#organization","name":"AzPetroKimya","url":"https:\/\/azpetrokimya.com\/","logo":{"@type":"ImageObject","inLanguage":"en-US","@id":"https:\/\/azpetrokimya.com\/#\/schema\/logo\/image\/","url":"https:\/\/azpetrokimya.com\/wp-content\/uploads\/2024\/11\/azpetrokimya-logo.png","contentUrl":"https:\/\/azpetrokimya.com\/wp-content\/uploads\/2024\/11\/azpetrokimya-logo.png","width":400,"height":400,"caption":"AzPetroKimya"},"image":{"@id":"https:\/\/azpetrokimya.com\/#\/schema\/logo\/image\/"},"sameAs":["https:\/\/www.linkedin.com\/company\/azpetrokimya\/"]}]}},"_hostinger_reach_plugin_has_subscription_block":false,"_hostinger_reach_plugin_is_elementor":false,"_links":{"self":[{"href":"https:\/\/azpetrokimya.com\/en\/wp-json\/wp\/v2\/pages\/3529","targetHints":{"allow":["GET"]}}],"collection":[{"href":"https:\/\/azpetrokimya.com\/en\/wp-json\/wp\/v2\/pages"}],"about":[{"href":"https:\/\/azpetrokimya.com\/en\/wp-json\/wp\/v2\/types\/page"}],"author":[{"embeddable":true,"href":"https:\/\/azpetrokimya.com\/en\/wp-json\/wp\/v2\/users\/1"}],"replies":[{"embeddable":true,"href":"https:\/\/azpetrokimya.com\/en\/wp-json\/wp\/v2\/comments?post=3529"}],"version-history":[{"count":8,"href":"https:\/\/azpetrokimya.com\/en\/wp-json\/wp\/v2\/pages\/3529\/revisions"}],"predecessor-version":[{"id":5712,"href":"https:\/\/azpetrokimya.com\/en\/wp-json\/wp\/v2\/pages\/3529\/revisions\/5712"}],"up":[{"embeddable":true,"href":"https:\/\/azpetrokimya.com\/en\/wp-json\/wp\/v2\/pages\/4059"}],"wp:attachment":[{"href":"https:\/\/azpetrokimya.com\/en\/wp-json\/wp\/v2\/media?parent=3529"}],"curies":[{"name":"wp","href":"https:\/\/api.w.org\/{rel}","templated":true}]}}