{"id":3525,"date":"2024-12-01T23:06:51","date_gmt":"2024-12-01T23:06:51","guid":{"rendered":"https:\/\/new-client-azpetrokimya-draft-version.gcraft.tech\/?page_id=3525"},"modified":"2025-03-28T21:30:54","modified_gmt":"2025-03-28T17:30:54","slug":"doa","status":"publish","type":"page","link":"https:\/\/azpetrokimya.com\/en\/products\/industrial-plasticizers-supplier\/doa\/","title":{"rendered":"DOA"},"content":{"rendered":"<p><strong>DOA Product Description<\/strong><\/p>\n\n\n\n<div class=\"wp-block-media-text is-stacked-on-mobile is-vertically-aligned-top\"><figure class=\"wp-block-media-text__media\"><img fetchpriority=\"high\" decoding=\"async\" width=\"651\" height=\"630\" src=\"https:\/\/azpetrokimya.com\/wp-content\/uploads\/2025\/01\/azpetrokimya-doa-1.png\" alt=\"\" class=\"wp-image-5363 size-full\" srcset=\"https:\/\/azpetrokimya.com\/wp-content\/uploads\/2025\/01\/azpetrokimya-doa-1.png 651w, https:\/\/azpetrokimya.com\/wp-content\/uploads\/2025\/01\/azpetrokimya-doa-1-300x290.png 300w, https:\/\/azpetrokimya.com\/wp-content\/uploads\/2025\/01\/azpetrokimya-doa-1-12x12.png 12w\" sizes=\"(max-width: 651px) 100vw, 651px\" \/><\/figure><div class=\"wp-block-media-text__content\">\n<p class=\"translation-block\">DOA (Dioctyl Adipate) is a high-quality plasticizer with a wide range of applications. It is primarily used to soften polyvinyl chloride (PVC) and other polymers, improving their flexibility and elasticity. Compared to other plasticizers, DOA provides excellent elasticity and durability at low temperatures. Due to these properties, DOA has become widely used across various industrial sectors and is considered an essential chemical product.<\/p>\n<\/div><\/div>\n\n\n\n<h3 class=\"wp-block-heading\"><\/h3>","protected":false},"excerpt":{"rendered":"<p>DOA M\u0259hsul T\u0259sviri DOA (Dioctyl Adipate) \u2014 y\u00fcks\u0259k keyfiyy\u0259tli v\u0259 geni\u015f t\u0259tbiq sah\u0259sin\u0259 malik plastikl\u0259\u015fdirici madd\u0259l\u0259rd\u0259n biridir. DOA, \u0259sas\u0259n polivinil xlorid (PVC) v\u0259 dig\u0259r polimerl\u0259rin yum\u015fald\u0131lmas\u0131 v\u0259 elastikliyinin art\u0131r\u0131lmas\u0131 \u00fc\u00e7\u00fcn istifad\u0259 edilir. Dig\u0259r plastikl\u0259\u015fdiricil\u0259rl\u0259 m\u00fcqayis\u0259d\u0259 DOA, a\u015fa\u011f\u0131 temperatur \u015f\u0259raitind\u0259 \u0259la elastiklik v\u0259 dayan\u0131ql\u0131q t\u0259min edir. Bu x\u00fcsusiyy\u0259tl\u0259ri say\u0259sind\u0259 DOA m\u00fcxt\u0259lif s\u0259naye sah\u0259l\u0259rind\u0259 geni\u015f yer tutmu\u015f [&hellip;]<\/p>","protected":false},"author":1,"featured_media":0,"parent":4059,"menu_order":0,"comment_status":"closed","ping_status":"closed","template":"","meta":{"zakra_page_container_layout":"contained","zakra_page_sidebar_layout":"right","zakra_remove_content_margin":false,"zakra_sidebar":"customizer","zakra_transparent_header":"customizer","zakra_logo":0,"zakra_main_header_style":"default","zakra_menu_item_color":"","zakra_menu_item_hover_color":"","zakra_menu_item_active_color":"","zakra_menu_active_style":"zakra_menu_active_style","zakra_page_header":true,"footnotes":""},"class_list":["post-3525","page","type-page","status-publish","hentry"],"yoast_head":"<!-- This site is optimized with the Yoast SEO plugin v26.3 - https:\/\/yoast.com\/wordpress\/plugins\/seo\/ -->\n<title>Azpetrokimya | DOA Plastifikator T\u0259chizat\u00e7\u0131s\u0131<\/title>\n<meta name=\"description\" content=\"Y\u00fcks\u0259k performansl\u0131, elastik PVC \u00fc\u00e7\u00fcn DOA plastifikatoru. Keyfiyy\u0259t Azpetrokimya-dan.\" \/>\n<meta name=\"robots\" content=\"index, follow, max-snippet:-1, max-image-preview:large, max-video-preview:-1\" \/>\n<link rel=\"canonical\" href=\"https:\/\/azpetrokimya.com\/en\/products\/industrial-plasticizers-supplier\/doa\/\" \/>\n<meta property=\"og:locale\" content=\"en_US\" \/>\n<meta property=\"og:type\" content=\"article\" \/>\n<meta property=\"og:title\" content=\"Azpetrokimya | DOA Plastifikator T\u0259chizat\u00e7\u0131s\u0131\" \/>\n<meta property=\"og:description\" content=\"Y\u00fcks\u0259k performansl\u0131, elastik PVC \u00fc\u00e7\u00fcn DOA plastifikatoru. Keyfiyy\u0259t Azpetrokimya-dan.\" \/>\n<meta property=\"og:url\" content=\"https:\/\/azpetrokimya.com\/en\/products\/industrial-plasticizers-supplier\/doa\/\" \/>\n<meta property=\"og:site_name\" content=\"AzPetroKimya\" \/>\n<meta property=\"article:modified_time\" content=\"2025-03-28T17:30:54+00:00\" \/>\n<meta property=\"og:image\" content=\"https:\/\/azpetrokimya.com\/wp-content\/uploads\/2025\/01\/azpetrokimya-doa-1.png\" \/>\n\t<meta property=\"og:image:width\" content=\"651\" \/>\n\t<meta property=\"og:image:height\" content=\"630\" \/>\n\t<meta property=\"og:image:type\" content=\"image\/png\" \/>\n<meta name=\"twitter:card\" content=\"summary_large_image\" \/>\n<meta name=\"twitter:label1\" content=\"Est. reading time\" \/>\n\t<meta name=\"twitter:data1\" content=\"1 minute\" \/>\n<script type=\"application\/ld+json\" class=\"yoast-schema-graph\">{\"@context\":\"https:\/\/schema.org\",\"@graph\":[{\"@type\":\"WebPage\",\"@id\":\"https:\/\/azpetrokimya.com\/products\/industrial-plasticizers-supplier\/doa\/\",\"url\":\"https:\/\/azpetrokimya.com\/products\/industrial-plasticizers-supplier\/doa\/\",\"name\":\"Azpetrokimya | DOA Plastifikator T\u0259chizat\u00e7\u0131s\u0131\",\"isPartOf\":{\"@id\":\"https:\/\/azpetrokimya.com\/#website\"},\"primaryImageOfPage\":{\"@id\":\"https:\/\/azpetrokimya.com\/products\/industrial-plasticizers-supplier\/doa\/#primaryimage\"},\"image\":{\"@id\":\"https:\/\/azpetrokimya.com\/products\/industrial-plasticizers-supplier\/doa\/#primaryimage\"},\"thumbnailUrl\":\"https:\/\/azpetrokimya.com\/wp-content\/uploads\/2025\/01\/azpetrokimya-doa-1.png\",\"datePublished\":\"2024-12-01T23:06:51+00:00\",\"dateModified\":\"2025-03-28T17:30:54+00:00\",\"description\":\"Y\u00fcks\u0259k performansl\u0131, elastik PVC \u00fc\u00e7\u00fcn DOA plastifikatoru. Keyfiyy\u0259t Azpetrokimya-dan.\",\"breadcrumb\":{\"@id\":\"https:\/\/azpetrokimya.com\/products\/industrial-plasticizers-supplier\/doa\/#breadcrumb\"},\"inLanguage\":\"en-US\",\"potentialAction\":[{\"@type\":\"ReadAction\",\"target\":[\"https:\/\/azpetrokimya.com\/products\/industrial-plasticizers-supplier\/doa\/\"]}]},{\"@type\":\"ImageObject\",\"inLanguage\":\"en-US\",\"@id\":\"https:\/\/azpetrokimya.com\/products\/industrial-plasticizers-supplier\/doa\/#primaryimage\",\"url\":\"https:\/\/azpetrokimya.com\/wp-content\/uploads\/2025\/01\/azpetrokimya-doa-1.png\",\"contentUrl\":\"https:\/\/azpetrokimya.com\/wp-content\/uploads\/2025\/01\/azpetrokimya-doa-1.png\"},{\"@type\":\"BreadcrumbList\",\"@id\":\"https:\/\/azpetrokimya.com\/products\/industrial-plasticizers-supplier\/doa\/#breadcrumb\",\"itemListElement\":[{\"@type\":\"ListItem\",\"position\":1,\"name\":\"Anasayfa\",\"item\":\"https:\/\/azpetrokimya.com\/az\/\"},{\"@type\":\"ListItem\",\"position\":2,\"name\":\"M\u0259hsullar\u0131m\u0131z\",\"item\":\"https:\/\/azpetrokimya.com\/products\/\"},{\"@type\":\"ListItem\",\"position\":3,\"name\":\"Plastifikatorlar\",\"item\":\"https:\/\/azpetrokimya.com\/products\/industrial-plasticizers-supplier\/\"},{\"@type\":\"ListItem\",\"position\":4,\"name\":\"DOA\"}]},{\"@type\":\"WebSite\",\"@id\":\"https:\/\/azpetrokimya.com\/#website\",\"url\":\"https:\/\/azpetrokimya.com\/\",\"name\":\"AzPetroKimya\",\"description\":\"\",\"publisher\":{\"@id\":\"https:\/\/azpetrokimya.com\/#organization\"},\"potentialAction\":[{\"@type\":\"SearchAction\",\"target\":{\"@type\":\"EntryPoint\",\"urlTemplate\":\"https:\/\/azpetrokimya.com\/?s={search_term_string}\"},\"query-input\":{\"@type\":\"PropertyValueSpecification\",\"valueRequired\":true,\"valueName\":\"search_term_string\"}}],\"inLanguage\":\"en-US\"},{\"@type\":\"Organization\",\"@id\":\"https:\/\/azpetrokimya.com\/#organization\",\"name\":\"AzPetroKimya\",\"url\":\"https:\/\/azpetrokimya.com\/\",\"logo\":{\"@type\":\"ImageObject\",\"inLanguage\":\"en-US\",\"@id\":\"https:\/\/azpetrokimya.com\/#\/schema\/logo\/image\/\",\"url\":\"https:\/\/azpetrokimya.com\/wp-content\/uploads\/2024\/11\/azpetrokimya-logo.png\",\"contentUrl\":\"https:\/\/azpetrokimya.com\/wp-content\/uploads\/2024\/11\/azpetrokimya-logo.png\",\"width\":400,\"height\":400,\"caption\":\"AzPetroKimya\"},\"image\":{\"@id\":\"https:\/\/azpetrokimya.com\/#\/schema\/logo\/image\/\"},\"sameAs\":[\"https:\/\/www.linkedin.com\/company\/azpetrokimya\/\"]}]}<\/script>\n<!-- \/ Yoast SEO plugin. -->","yoast_head_json":{"title":"Azpetrokimya | DOA Plasticizer Supplier","description":"DOA plasticizer for high-performance, flexible PVC applications. Find consistent quality at Azpetrokimya.","robots":{"index":"index","follow":"follow","max-snippet":"max-snippet:-1","max-image-preview":"max-image-preview:large","max-video-preview":"max-video-preview:-1"},"canonical":"https:\/\/azpetrokimya.com\/en\/products\/industrial-plasticizers-supplier\/doa\/","og_locale":"en_US","og_type":"article","og_title":"Azpetrokimya | DOA Plastifikator T\u0259chizat\u00e7\u0131s\u0131","og_description":"Y\u00fcks\u0259k performansl\u0131, elastik PVC \u00fc\u00e7\u00fcn DOA plastifikatoru. Keyfiyy\u0259t Azpetrokimya-dan.","og_url":"https:\/\/azpetrokimya.com\/en\/products\/industrial-plasticizers-supplier\/doa\/","og_site_name":"AzPetroKimya","article_modified_time":"2025-03-28T17:30:54+00:00","og_image":[{"width":651,"height":630,"url":"https:\/\/azpetrokimya.com\/wp-content\/uploads\/2025\/01\/azpetrokimya-doa-1.png","type":"image\/png"}],"twitter_card":"summary_large_image","twitter_misc":{"Est. reading time":"1 minute"},"schema":{"@context":"https:\/\/schema.org","@graph":[{"@type":"WebPage","@id":"https:\/\/azpetrokimya.com\/products\/industrial-plasticizers-supplier\/doa\/","url":"https:\/\/azpetrokimya.com\/products\/industrial-plasticizers-supplier\/doa\/","name":"Azpetrokimya | DOA Plasticizer Supplier","isPartOf":{"@id":"https:\/\/azpetrokimya.com\/#website"},"primaryImageOfPage":{"@id":"https:\/\/azpetrokimya.com\/products\/industrial-plasticizers-supplier\/doa\/#primaryimage"},"image":{"@id":"https:\/\/azpetrokimya.com\/products\/industrial-plasticizers-supplier\/doa\/#primaryimage"},"thumbnailUrl":"https:\/\/azpetrokimya.com\/wp-content\/uploads\/2025\/01\/azpetrokimya-doa-1.png","datePublished":"2024-12-01T23:06:51+00:00","dateModified":"2025-03-28T17:30:54+00:00","description":"DOA plasticizer for high-performance, flexible PVC applications. Find consistent quality at Azpetrokimya.","breadcrumb":{"@id":"https:\/\/azpetrokimya.com\/products\/industrial-plasticizers-supplier\/doa\/#breadcrumb"},"inLanguage":"en-US","potentialAction":[{"@type":"ReadAction","target":["https:\/\/azpetrokimya.com\/products\/industrial-plasticizers-supplier\/doa\/"]}]},{"@type":"ImageObject","inLanguage":"en-US","@id":"https:\/\/azpetrokimya.com\/products\/industrial-plasticizers-supplier\/doa\/#primaryimage","url":"https:\/\/azpetrokimya.com\/wp-content\/uploads\/2025\/01\/azpetrokimya-doa-1.png","contentUrl":"https:\/\/azpetrokimya.com\/wp-content\/uploads\/2025\/01\/azpetrokimya-doa-1.png"},{"@type":"BreadcrumbList","@id":"https:\/\/azpetrokimya.com\/products\/industrial-plasticizers-supplier\/doa\/#breadcrumb","itemListElement":[{"@type":"ListItem","position":1,"name":"Anasayfa","item":"https:\/\/azpetrokimya.com\/az\/"},{"@type":"ListItem","position":2,"name":"M\u0259hsullar\u0131m\u0131z","item":"https:\/\/azpetrokimya.com\/products\/"},{"@type":"ListItem","position":3,"name":"Plastifikatorlar","item":"https:\/\/azpetrokimya.com\/products\/industrial-plasticizers-supplier\/"},{"@type":"ListItem","position":4,"name":"DOA"}]},{"@type":"WebSite","@id":"https:\/\/azpetrokimya.com\/#website","url":"https:\/\/azpetrokimya.com\/","name":"AzPetroKimya","description":"","publisher":{"@id":"https:\/\/azpetrokimya.com\/#organization"},"potentialAction":[{"@type":"SearchAction","target":{"@type":"EntryPoint","urlTemplate":"https:\/\/azpetrokimya.com\/?s={search_term_string}"},"query-input":{"@type":"PropertyValueSpecification","valueRequired":true,"valueName":"search_term_string"}}],"inLanguage":"en-US"},{"@type":"Organization","@id":"https:\/\/azpetrokimya.com\/#organization","name":"AzPetroKimya","url":"https:\/\/azpetrokimya.com\/","logo":{"@type":"ImageObject","inLanguage":"en-US","@id":"https:\/\/azpetrokimya.com\/#\/schema\/logo\/image\/","url":"https:\/\/azpetrokimya.com\/wp-content\/uploads\/2024\/11\/azpetrokimya-logo.png","contentUrl":"https:\/\/azpetrokimya.com\/wp-content\/uploads\/2024\/11\/azpetrokimya-logo.png","width":400,"height":400,"caption":"AzPetroKimya"},"image":{"@id":"https:\/\/azpetrokimya.com\/#\/schema\/logo\/image\/"},"sameAs":["https:\/\/www.linkedin.com\/company\/azpetrokimya\/"]}]}},"_hostinger_reach_plugin_has_subscription_block":false,"_hostinger_reach_plugin_is_elementor":false,"_links":{"self":[{"href":"https:\/\/azpetrokimya.com\/en\/wp-json\/wp\/v2\/pages\/3525","targetHints":{"allow":["GET"]}}],"collection":[{"href":"https:\/\/azpetrokimya.com\/en\/wp-json\/wp\/v2\/pages"}],"about":[{"href":"https:\/\/azpetrokimya.com\/en\/wp-json\/wp\/v2\/types\/page"}],"author":[{"embeddable":true,"href":"https:\/\/azpetrokimya.com\/en\/wp-json\/wp\/v2\/users\/1"}],"replies":[{"embeddable":true,"href":"https:\/\/azpetrokimya.com\/en\/wp-json\/wp\/v2\/comments?post=3525"}],"version-history":[{"count":8,"href":"https:\/\/azpetrokimya.com\/en\/wp-json\/wp\/v2\/pages\/3525\/revisions"}],"predecessor-version":[{"id":5710,"href":"https:\/\/azpetrokimya.com\/en\/wp-json\/wp\/v2\/pages\/3525\/revisions\/5710"}],"up":[{"embeddable":true,"href":"https:\/\/azpetrokimya.com\/en\/wp-json\/wp\/v2\/pages\/4059"}],"wp:attachment":[{"href":"https:\/\/azpetrokimya.com\/en\/wp-json\/wp\/v2\/media?parent=3525"}],"curies":[{"name":"wp","href":"https:\/\/api.w.org\/{rel}","templated":true}]}}