{"id":3519,"date":"2024-12-01T23:05:48","date_gmt":"2024-12-01T23:05:48","guid":{"rendered":"https:\/\/new-client-azpetrokimya-draft-version.gcraft.tech\/?page_id=3519"},"modified":"2025-03-28T21:33:11","modified_gmt":"2025-03-28T17:33:11","slug":"acrylic-impact-modifier","status":"publish","type":"page","link":"https:\/\/azpetrokimya.com\/en\/products\/industrial-fillers-and-additives\/acrylic-impact-modifier\/","title":{"rendered":"Acrylic Impact Modifier"},"content":{"rendered":"<p class=\"translation-block\"><strong>Acrylic Impact Modifier Product Description<\/strong><\/p>\n\n\n\n<div class=\"wp-block-media-text is-stacked-on-mobile is-vertically-aligned-top\"><figure class=\"wp-block-media-text__media\"><img fetchpriority=\"high\" decoding=\"async\" width=\"619\" height=\"599\" src=\"https:\/\/azpetrokimya.com\/wp-content\/uploads\/2025\/01\/azpetrokimya-acrylic-impact-modifier-1.png\" alt=\"\" class=\"wp-image-5369 size-full\" srcset=\"https:\/\/azpetrokimya.com\/wp-content\/uploads\/2025\/01\/azpetrokimya-acrylic-impact-modifier-1.png 619w, https:\/\/azpetrokimya.com\/wp-content\/uploads\/2025\/01\/azpetrokimya-acrylic-impact-modifier-1-300x290.png 300w, https:\/\/azpetrokimya.com\/wp-content\/uploads\/2025\/01\/azpetrokimya-acrylic-impact-modifier-1-12x12.png 12w\" sizes=\"(max-width: 619px) 100vw, 619px\" \/><\/figure><div class=\"wp-block-media-text__content\">\n<p>Acrylic Impact Modifier is a specialized additive used to enhance the impact resistance and toughness of various polymer materials, especially in rigid plastics like PVC. It is designed to improve the performance of plastic products by increasing their ability to withstand impact without cracking or breaking. Acrylic Impact Modifiers are particularly effective in low-temperature environments and provide excellent clarity and processability in polymer formulations. These modifiers are commonly used in industries such as construction, automotive, and consumer goods to improve the durability and reliability of plastic materials.<\/p>\n<\/div><\/div>\n\n\n\n<h3 class=\"wp-block-heading\"><\/h3>","protected":false},"excerpt":{"rendered":"<p>Akrilik Z\u0259rb\u0259 Modifikatoru M\u0259hsul T\u0259sviri Akrilik Z\u0259rb\u0259 Modifikatoru, x\u00fcsusil\u0259 PVC kimi s\u0259rt plastikin z\u0259rb\u0259 m\u00fcqavim\u0259tini v\u0259 dayan\u0131ql\u0131\u011f\u0131n\u0131 art\u0131rmaq \u00fc\u00e7\u00fcn istifad\u0259 olunan x\u00fcsusi bir \u0259lav\u0259dir. Bu madd\u0259, plastik m\u0259hsullar\u0131n z\u0259rb\u0259y\u0259 qar\u015f\u0131 m\u00fcqavim\u0259tini art\u0131raraq, onlar\u0131n \u00e7atlamadan v\u0259 ya s\u0131nd\u0131rmadan daha yax\u015f\u0131 d\u00f6z\u00fcml\u00fc olmas\u0131n\u0131 t\u0259min edir. Akrilik Z\u0259rb\u0259 Modifikatorlar\u0131, x\u00fcsusil\u0259 a\u015fa\u011f\u0131 temperatur m\u00fchitl\u0259rind\u0259 effektivdir v\u0259 polimer qar\u0131\u015f\u0131qlar\u0131nda m\u00fck\u0259mm\u0259l [&hellip;]<\/p>","protected":false},"author":1,"featured_media":0,"parent":4061,"menu_order":0,"comment_status":"closed","ping_status":"closed","template":"","meta":{"zakra_page_container_layout":"contained","zakra_page_sidebar_layout":"right","zakra_remove_content_margin":false,"zakra_sidebar":"customizer","zakra_transparent_header":"customizer","zakra_logo":0,"zakra_main_header_style":"default","zakra_menu_item_color":"","zakra_menu_item_hover_color":"","zakra_menu_item_active_color":"","zakra_menu_active_style":"zakra_menu_active_style","zakra_page_header":true,"footnotes":""},"class_list":["post-3519","page","type-page","status-publish","hentry"],"yoast_head":"<!-- This site is optimized with the Yoast SEO plugin v26.3 - https:\/\/yoast.com\/wordpress\/plugins\/seo\/ -->\n<title>Azpetrokimya | Akrilik Z\u0259rb\u0259 Modifikatoru<\/title>\n<meta name=\"description\" content=\"Plastikl\u0259rin z\u0259rb\u0259y\u0259 davaml\u0131l\u0131\u011f\u0131n\u0131 art\u0131ran akril modifikatorlar. Az\u0259rbaycanda etibar olunan t\u0259chizat\u00e7\u0131.\" \/>\n<meta name=\"robots\" content=\"index, follow, max-snippet:-1, max-image-preview:large, max-video-preview:-1\" \/>\n<link rel=\"canonical\" href=\"https:\/\/azpetrokimya.com\/en\/products\/industrial-fillers-and-additives\/acrylic-impact-modifier\/\" \/>\n<meta property=\"og:locale\" content=\"en_US\" \/>\n<meta property=\"og:type\" content=\"article\" \/>\n<meta property=\"og:title\" content=\"Azpetrokimya | Akrilik Z\u0259rb\u0259 Modifikatoru\" \/>\n<meta property=\"og:description\" content=\"Plastikl\u0259rin z\u0259rb\u0259y\u0259 davaml\u0131l\u0131\u011f\u0131n\u0131 art\u0131ran akril modifikatorlar. Az\u0259rbaycanda etibar olunan t\u0259chizat\u00e7\u0131.\" \/>\n<meta property=\"og:url\" content=\"https:\/\/azpetrokimya.com\/en\/products\/industrial-fillers-and-additives\/acrylic-impact-modifier\/\" \/>\n<meta property=\"og:site_name\" content=\"AzPetroKimya\" \/>\n<meta property=\"article:modified_time\" content=\"2025-03-28T17:33:11+00:00\" \/>\n<meta property=\"og:image\" content=\"https:\/\/azpetrokimya.com\/wp-content\/uploads\/2025\/01\/azpetrokimya-acrylic-impact-modifier-1.png\" \/>\n\t<meta property=\"og:image:width\" content=\"619\" \/>\n\t<meta property=\"og:image:height\" content=\"599\" \/>\n\t<meta property=\"og:image:type\" content=\"image\/png\" \/>\n<meta name=\"twitter:card\" content=\"summary_large_image\" \/>\n<meta name=\"twitter:label1\" content=\"Est. reading time\" \/>\n\t<meta name=\"twitter:data1\" content=\"1 minute\" \/>\n<script type=\"application\/ld+json\" class=\"yoast-schema-graph\">{\"@context\":\"https:\/\/schema.org\",\"@graph\":[{\"@type\":\"WebPage\",\"@id\":\"https:\/\/azpetrokimya.com\/products\/industrial-fillers-and-additives\/acrylic-impact-modifier\/\",\"url\":\"https:\/\/azpetrokimya.com\/products\/industrial-fillers-and-additives\/acrylic-impact-modifier\/\",\"name\":\"Azpetrokimya | Akrilik Z\u0259rb\u0259 Modifikatoru\",\"isPartOf\":{\"@id\":\"https:\/\/azpetrokimya.com\/#website\"},\"primaryImageOfPage\":{\"@id\":\"https:\/\/azpetrokimya.com\/products\/industrial-fillers-and-additives\/acrylic-impact-modifier\/#primaryimage\"},\"image\":{\"@id\":\"https:\/\/azpetrokimya.com\/products\/industrial-fillers-and-additives\/acrylic-impact-modifier\/#primaryimage\"},\"thumbnailUrl\":\"https:\/\/azpetrokimya.com\/wp-content\/uploads\/2025\/01\/azpetrokimya-acrylic-impact-modifier-1.png\",\"datePublished\":\"2024-12-01T23:05:48+00:00\",\"dateModified\":\"2025-03-28T17:33:11+00:00\",\"description\":\"Plastikl\u0259rin z\u0259rb\u0259y\u0259 davaml\u0131l\u0131\u011f\u0131n\u0131 art\u0131ran akril modifikatorlar. Az\u0259rbaycanda etibar olunan t\u0259chizat\u00e7\u0131.\",\"breadcrumb\":{\"@id\":\"https:\/\/azpetrokimya.com\/products\/industrial-fillers-and-additives\/acrylic-impact-modifier\/#breadcrumb\"},\"inLanguage\":\"en-US\",\"potentialAction\":[{\"@type\":\"ReadAction\",\"target\":[\"https:\/\/azpetrokimya.com\/products\/industrial-fillers-and-additives\/acrylic-impact-modifier\/\"]}]},{\"@type\":\"ImageObject\",\"inLanguage\":\"en-US\",\"@id\":\"https:\/\/azpetrokimya.com\/products\/industrial-fillers-and-additives\/acrylic-impact-modifier\/#primaryimage\",\"url\":\"https:\/\/azpetrokimya.com\/wp-content\/uploads\/2025\/01\/azpetrokimya-acrylic-impact-modifier-1.png\",\"contentUrl\":\"https:\/\/azpetrokimya.com\/wp-content\/uploads\/2025\/01\/azpetrokimya-acrylic-impact-modifier-1.png\"},{\"@type\":\"BreadcrumbList\",\"@id\":\"https:\/\/azpetrokimya.com\/products\/industrial-fillers-and-additives\/acrylic-impact-modifier\/#breadcrumb\",\"itemListElement\":[{\"@type\":\"ListItem\",\"position\":1,\"name\":\"Anasayfa\",\"item\":\"https:\/\/azpetrokimya.com\/az\/\"},{\"@type\":\"ListItem\",\"position\":2,\"name\":\"M\u0259hsullar\u0131m\u0131z\",\"item\":\"https:\/\/azpetrokimya.com\/products\/\"},{\"@type\":\"ListItem\",\"position\":3,\"name\":\"Doldurucu v\u0259 \u018flav\u0259l\u0259r\",\"item\":\"https:\/\/azpetrokimya.com\/products\/industrial-fillers-and-additives\/\"},{\"@type\":\"ListItem\",\"position\":4,\"name\":\"Akrilik Z\u0259rb\u0259 Modifikatoru\"}]},{\"@type\":\"WebSite\",\"@id\":\"https:\/\/azpetrokimya.com\/#website\",\"url\":\"https:\/\/azpetrokimya.com\/\",\"name\":\"AzPetroKimya\",\"description\":\"\",\"publisher\":{\"@id\":\"https:\/\/azpetrokimya.com\/#organization\"},\"potentialAction\":[{\"@type\":\"SearchAction\",\"target\":{\"@type\":\"EntryPoint\",\"urlTemplate\":\"https:\/\/azpetrokimya.com\/?s={search_term_string}\"},\"query-input\":{\"@type\":\"PropertyValueSpecification\",\"valueRequired\":true,\"valueName\":\"search_term_string\"}}],\"inLanguage\":\"en-US\"},{\"@type\":\"Organization\",\"@id\":\"https:\/\/azpetrokimya.com\/#organization\",\"name\":\"AzPetroKimya\",\"url\":\"https:\/\/azpetrokimya.com\/\",\"logo\":{\"@type\":\"ImageObject\",\"inLanguage\":\"en-US\",\"@id\":\"https:\/\/azpetrokimya.com\/#\/schema\/logo\/image\/\",\"url\":\"https:\/\/azpetrokimya.com\/wp-content\/uploads\/2024\/11\/azpetrokimya-logo.png\",\"contentUrl\":\"https:\/\/azpetrokimya.com\/wp-content\/uploads\/2024\/11\/azpetrokimya-logo.png\",\"width\":400,\"height\":400,\"caption\":\"AzPetroKimya\"},\"image\":{\"@id\":\"https:\/\/azpetrokimya.com\/#\/schema\/logo\/image\/\"},\"sameAs\":[\"https:\/\/www.linkedin.com\/company\/azpetrokimya\/\"]}]}<\/script>\n<!-- \/ Yoast SEO plugin. -->","yoast_head_json":{"title":"Azpetrokimya | Acrylic Impact Modifier","description":"Enhance impact resistance in plastics with our acrylic modifiers. Trusted by manufacturers in Azerbaijan.","robots":{"index":"index","follow":"follow","max-snippet":"max-snippet:-1","max-image-preview":"max-image-preview:large","max-video-preview":"max-video-preview:-1"},"canonical":"https:\/\/azpetrokimya.com\/en\/products\/industrial-fillers-and-additives\/acrylic-impact-modifier\/","og_locale":"en_US","og_type":"article","og_title":"Azpetrokimya | Akrilik Z\u0259rb\u0259 Modifikatoru","og_description":"Plastikl\u0259rin z\u0259rb\u0259y\u0259 davaml\u0131l\u0131\u011f\u0131n\u0131 art\u0131ran akril modifikatorlar. Az\u0259rbaycanda etibar olunan t\u0259chizat\u00e7\u0131.","og_url":"https:\/\/azpetrokimya.com\/en\/products\/industrial-fillers-and-additives\/acrylic-impact-modifier\/","og_site_name":"AzPetroKimya","article_modified_time":"2025-03-28T17:33:11+00:00","og_image":[{"width":619,"height":599,"url":"https:\/\/azpetrokimya.com\/wp-content\/uploads\/2025\/01\/azpetrokimya-acrylic-impact-modifier-1.png","type":"image\/png"}],"twitter_card":"summary_large_image","twitter_misc":{"Est. reading time":"1 minute"},"schema":{"@context":"https:\/\/schema.org","@graph":[{"@type":"WebPage","@id":"https:\/\/azpetrokimya.com\/products\/industrial-fillers-and-additives\/acrylic-impact-modifier\/","url":"https:\/\/azpetrokimya.com\/products\/industrial-fillers-and-additives\/acrylic-impact-modifier\/","name":"Azpetrokimya | Acrylic Impact Modifier","isPartOf":{"@id":"https:\/\/azpetrokimya.com\/#website"},"primaryImageOfPage":{"@id":"https:\/\/azpetrokimya.com\/products\/industrial-fillers-and-additives\/acrylic-impact-modifier\/#primaryimage"},"image":{"@id":"https:\/\/azpetrokimya.com\/products\/industrial-fillers-and-additives\/acrylic-impact-modifier\/#primaryimage"},"thumbnailUrl":"https:\/\/azpetrokimya.com\/wp-content\/uploads\/2025\/01\/azpetrokimya-acrylic-impact-modifier-1.png","datePublished":"2024-12-01T23:05:48+00:00","dateModified":"2025-03-28T17:33:11+00:00","description":"Enhance impact resistance in plastics with our acrylic modifiers. Trusted by manufacturers in Azerbaijan.","breadcrumb":{"@id":"https:\/\/azpetrokimya.com\/products\/industrial-fillers-and-additives\/acrylic-impact-modifier\/#breadcrumb"},"inLanguage":"en-US","potentialAction":[{"@type":"ReadAction","target":["https:\/\/azpetrokimya.com\/products\/industrial-fillers-and-additives\/acrylic-impact-modifier\/"]}]},{"@type":"ImageObject","inLanguage":"en-US","@id":"https:\/\/azpetrokimya.com\/products\/industrial-fillers-and-additives\/acrylic-impact-modifier\/#primaryimage","url":"https:\/\/azpetrokimya.com\/wp-content\/uploads\/2025\/01\/azpetrokimya-acrylic-impact-modifier-1.png","contentUrl":"https:\/\/azpetrokimya.com\/wp-content\/uploads\/2025\/01\/azpetrokimya-acrylic-impact-modifier-1.png"},{"@type":"BreadcrumbList","@id":"https:\/\/azpetrokimya.com\/products\/industrial-fillers-and-additives\/acrylic-impact-modifier\/#breadcrumb","itemListElement":[{"@type":"ListItem","position":1,"name":"Anasayfa","item":"https:\/\/azpetrokimya.com\/az\/"},{"@type":"ListItem","position":2,"name":"M\u0259hsullar\u0131m\u0131z","item":"https:\/\/azpetrokimya.com\/products\/"},{"@type":"ListItem","position":3,"name":"Doldurucu v\u0259 \u018flav\u0259l\u0259r","item":"https:\/\/azpetrokimya.com\/products\/industrial-fillers-and-additives\/"},{"@type":"ListItem","position":4,"name":"Akrilik Z\u0259rb\u0259 Modifikatoru"}]},{"@type":"WebSite","@id":"https:\/\/azpetrokimya.com\/#website","url":"https:\/\/azpetrokimya.com\/","name":"AzPetroKimya","description":"","publisher":{"@id":"https:\/\/azpetrokimya.com\/#organization"},"potentialAction":[{"@type":"SearchAction","target":{"@type":"EntryPoint","urlTemplate":"https:\/\/azpetrokimya.com\/?s={search_term_string}"},"query-input":{"@type":"PropertyValueSpecification","valueRequired":true,"valueName":"search_term_string"}}],"inLanguage":"en-US"},{"@type":"Organization","@id":"https:\/\/azpetrokimya.com\/#organization","name":"AzPetroKimya","url":"https:\/\/azpetrokimya.com\/","logo":{"@type":"ImageObject","inLanguage":"en-US","@id":"https:\/\/azpetrokimya.com\/#\/schema\/logo\/image\/","url":"https:\/\/azpetrokimya.com\/wp-content\/uploads\/2024\/11\/azpetrokimya-logo.png","contentUrl":"https:\/\/azpetrokimya.com\/wp-content\/uploads\/2024\/11\/azpetrokimya-logo.png","width":400,"height":400,"caption":"AzPetroKimya"},"image":{"@id":"https:\/\/azpetrokimya.com\/#\/schema\/logo\/image\/"},"sameAs":["https:\/\/www.linkedin.com\/company\/azpetrokimya\/"]}]}},"_hostinger_reach_plugin_has_subscription_block":false,"_hostinger_reach_plugin_is_elementor":false,"_links":{"self":[{"href":"https:\/\/azpetrokimya.com\/en\/wp-json\/wp\/v2\/pages\/3519","targetHints":{"allow":["GET"]}}],"collection":[{"href":"https:\/\/azpetrokimya.com\/en\/wp-json\/wp\/v2\/pages"}],"about":[{"href":"https:\/\/azpetrokimya.com\/en\/wp-json\/wp\/v2\/types\/page"}],"author":[{"embeddable":true,"href":"https:\/\/azpetrokimya.com\/en\/wp-json\/wp\/v2\/users\/1"}],"replies":[{"embeddable":true,"href":"https:\/\/azpetrokimya.com\/en\/wp-json\/wp\/v2\/comments?post=3519"}],"version-history":[{"count":9,"href":"https:\/\/azpetrokimya.com\/en\/wp-json\/wp\/v2\/pages\/3519\/revisions"}],"predecessor-version":[{"id":5728,"href":"https:\/\/azpetrokimya.com\/en\/wp-json\/wp\/v2\/pages\/3519\/revisions\/5728"}],"up":[{"embeddable":true,"href":"https:\/\/azpetrokimya.com\/en\/wp-json\/wp\/v2\/pages\/4061"}],"wp:attachment":[{"href":"https:\/\/azpetrokimya.com\/en\/wp-json\/wp\/v2\/media?parent=3519"}],"curies":[{"name":"wp","href":"https:\/\/api.w.org\/{rel}","templated":true}]}}