{"id":3517,"date":"2024-12-01T23:05:14","date_gmt":"2024-12-01T23:05:14","guid":{"rendered":"https:\/\/new-client-azpetrokimya-draft-version.gcraft.tech\/?page_id=3517"},"modified":"2025-03-28T21:33:09","modified_gmt":"2025-03-28T17:33:09","slug":"cpe-135a","status":"publish","type":"page","link":"https:\/\/azpetrokimya.com\/en\/products\/industrial-fillers-and-additives\/cpe-135a\/","title":{"rendered":"CPE 135A"},"content":{"rendered":"<p><strong>CPE 135A Product Description<\/strong><\/p>\n\n\n\n<div class=\"wp-block-media-text is-stacked-on-mobile is-vertically-aligned-top\"><figure class=\"wp-block-media-text__media\"><img fetchpriority=\"high\" decoding=\"async\" width=\"728\" height=\"709\" src=\"https:\/\/azpetrokimya.com\/wp-content\/uploads\/2024\/12\/azpetrokimya-cpe-135a-1.webp\" alt=\"\" class=\"wp-image-5087 size-full\" srcset=\"https:\/\/azpetrokimya.com\/wp-content\/uploads\/2024\/12\/azpetrokimya-cpe-135a-1.webp 728w, https:\/\/azpetrokimya.com\/wp-content\/uploads\/2024\/12\/azpetrokimya-cpe-135a-1-300x292.webp 300w, https:\/\/azpetrokimya.com\/wp-content\/uploads\/2024\/12\/azpetrokimya-cpe-135a-1-12x12.webp 12w\" sizes=\"(max-width: 728px) 100vw, 728px\" \/><\/figure><div class=\"wp-block-media-text__content\">\n<p class=\"translation-block\">CPE 135A (Chlorinated Polyethylene) is a high-quality chlorinated polyethylene product with a wide range of applications in the polymer industry. It is designed to enhance the properties of chlorinated polyethylene, specifically used to improve the mechanical properties of PVC and other plastics. CPE 135A is distinguished by its high impact resistance, UV resistance, elasticity, and chemical durability. It plays a significant role in both industrial and consumer applications.<\/p>\n<\/div><\/div>\n\n\n\n<h3 class=\"wp-block-heading\"><\/h3>","protected":false},"excerpt":{"rendered":"<p>CPE 135A M\u0259hsul T\u0259sviri CPE 135A (Chlorinated Polyethylene) y\u00fcks\u0259k keyfiyy\u0259tli xlorla\u015fd\u0131r\u0131lm\u0131\u015f polietilen m\u0259hsuludur, polimer s\u0259nayesind\u0259 geni\u015f t\u0259tbiq sah\u0259l\u0259rin\u0259 malikdir. CPE 135A, xlorlanm\u0131\u015f polietilenin x\u00fcsusiyy\u0259tl\u0259rini t\u0259kmill\u0259\u015fdirm\u0259k m\u0259qs\u0259dil\u0259 haz\u0131rlanm\u0131\u015f v\u0259 x\u00fcsusil\u0259 PVC, dig\u0259r plastikin mexaniki x\u00fcsusiyy\u0259tl\u0259rini yax\u015f\u0131la\u015fd\u0131rmaq \u00fc\u00e7\u00fcn istifad\u0259 olunur. Bu m\u0259hsul, \u00f6z\u00fcn\u00fcn y\u00fcks\u0259k z\u0259rb\u0259y\u0259 qar\u015f\u0131 dayan\u0131ql\u0131l\u0131\u011f\u0131, UV m\u00fcqavim\u0259ti, elastikliyi v\u0259 kimy\u0259vi davaml\u0131l\u0131\u011f\u0131 il\u0259 se\u00e7ilir. CPE 135A, [&hellip;]<\/p>","protected":false},"author":1,"featured_media":0,"parent":4061,"menu_order":0,"comment_status":"closed","ping_status":"closed","template":"","meta":{"zakra_page_container_layout":"contained","zakra_page_sidebar_layout":"right","zakra_remove_content_margin":false,"zakra_sidebar":"customizer","zakra_transparent_header":"customizer","zakra_logo":0,"zakra_main_header_style":"default","zakra_menu_item_color":"","zakra_menu_item_hover_color":"","zakra_menu_item_active_color":"","zakra_menu_active_style":"zakra_menu_active_style","zakra_page_header":true,"footnotes":""},"class_list":["post-3517","page","type-page","status-publish","hentry"],"yoast_head":"<!-- This site is optimized with the Yoast SEO plugin v26.3 - https:\/\/yoast.com\/wordpress\/plugins\/seo\/ -->\n<title>Azpetrokimya | CPE-135A Xlorla\u015fd\u0131r\u0131lm\u0131\u015f Polietilen<\/title>\n<meta name=\"description\" content=\"Polimer performans\u0131n\u0131 art\u0131ran xlorla\u015fd\u0131r\u0131lm\u0131\u015f polietilen (CPE-135A) \u0259lav\u0259si. Azpetrokimya t\u0259klif edir.\" \/>\n<meta name=\"robots\" content=\"index, follow, max-snippet:-1, max-image-preview:large, max-video-preview:-1\" \/>\n<link rel=\"canonical\" href=\"https:\/\/azpetrokimya.com\/en\/products\/industrial-fillers-and-additives\/cpe-135a\/\" \/>\n<meta property=\"og:locale\" content=\"en_US\" \/>\n<meta property=\"og:type\" content=\"article\" \/>\n<meta property=\"og:title\" content=\"Azpetrokimya | CPE-135A Xlorla\u015fd\u0131r\u0131lm\u0131\u015f Polietilen\" \/>\n<meta property=\"og:description\" content=\"Polimer performans\u0131n\u0131 art\u0131ran xlorla\u015fd\u0131r\u0131lm\u0131\u015f polietilen (CPE-135A) \u0259lav\u0259si. Azpetrokimya t\u0259klif edir.\" \/>\n<meta property=\"og:url\" content=\"https:\/\/azpetrokimya.com\/en\/products\/industrial-fillers-and-additives\/cpe-135a\/\" \/>\n<meta property=\"og:site_name\" content=\"AzPetroKimya\" \/>\n<meta property=\"article:modified_time\" content=\"2025-03-28T17:33:09+00:00\" \/>\n<meta property=\"og:image\" content=\"https:\/\/azpetrokimya.com\/wp-content\/uploads\/2024\/12\/azpetrokimya-cpe-135a-1.webp\" \/>\n\t<meta property=\"og:image:width\" content=\"728\" \/>\n\t<meta property=\"og:image:height\" content=\"709\" \/>\n\t<meta property=\"og:image:type\" content=\"image\/webp\" \/>\n<meta name=\"twitter:card\" content=\"summary_large_image\" \/>\n<meta name=\"twitter:label1\" content=\"Est. reading time\" \/>\n\t<meta name=\"twitter:data1\" content=\"1 minute\" \/>\n<script type=\"application\/ld+json\" class=\"yoast-schema-graph\">{\"@context\":\"https:\/\/schema.org\",\"@graph\":[{\"@type\":\"WebPage\",\"@id\":\"https:\/\/azpetrokimya.com\/products\/industrial-fillers-and-additives\/cpe-135a\/\",\"url\":\"https:\/\/azpetrokimya.com\/products\/industrial-fillers-and-additives\/cpe-135a\/\",\"name\":\"Azpetrokimya | CPE-135A Xlorla\u015fd\u0131r\u0131lm\u0131\u015f Polietilen\",\"isPartOf\":{\"@id\":\"https:\/\/azpetrokimya.com\/#website\"},\"primaryImageOfPage\":{\"@id\":\"https:\/\/azpetrokimya.com\/products\/industrial-fillers-and-additives\/cpe-135a\/#primaryimage\"},\"image\":{\"@id\":\"https:\/\/azpetrokimya.com\/products\/industrial-fillers-and-additives\/cpe-135a\/#primaryimage\"},\"thumbnailUrl\":\"https:\/\/azpetrokimya.com\/wp-content\/uploads\/2024\/12\/azpetrokimya-cpe-135a-1.webp\",\"datePublished\":\"2024-12-01T23:05:14+00:00\",\"dateModified\":\"2025-03-28T17:33:09+00:00\",\"description\":\"Polimer performans\u0131n\u0131 art\u0131ran xlorla\u015fd\u0131r\u0131lm\u0131\u015f polietilen (CPE-135A) \u0259lav\u0259si. Azpetrokimya t\u0259klif edir.\",\"breadcrumb\":{\"@id\":\"https:\/\/azpetrokimya.com\/products\/industrial-fillers-and-additives\/cpe-135a\/#breadcrumb\"},\"inLanguage\":\"en-US\",\"potentialAction\":[{\"@type\":\"ReadAction\",\"target\":[\"https:\/\/azpetrokimya.com\/products\/industrial-fillers-and-additives\/cpe-135a\/\"]}]},{\"@type\":\"ImageObject\",\"inLanguage\":\"en-US\",\"@id\":\"https:\/\/azpetrokimya.com\/products\/industrial-fillers-and-additives\/cpe-135a\/#primaryimage\",\"url\":\"https:\/\/azpetrokimya.com\/wp-content\/uploads\/2024\/12\/azpetrokimya-cpe-135a-1.webp\",\"contentUrl\":\"https:\/\/azpetrokimya.com\/wp-content\/uploads\/2024\/12\/azpetrokimya-cpe-135a-1.webp\"},{\"@type\":\"BreadcrumbList\",\"@id\":\"https:\/\/azpetrokimya.com\/products\/industrial-fillers-and-additives\/cpe-135a\/#breadcrumb\",\"itemListElement\":[{\"@type\":\"ListItem\",\"position\":1,\"name\":\"Anasayfa\",\"item\":\"https:\/\/azpetrokimya.com\/az\/\"},{\"@type\":\"ListItem\",\"position\":2,\"name\":\"M\u0259hsullar\u0131m\u0131z\",\"item\":\"https:\/\/azpetrokimya.com\/products\/\"},{\"@type\":\"ListItem\",\"position\":3,\"name\":\"Doldurucu v\u0259 \u018flav\u0259l\u0259r\",\"item\":\"https:\/\/azpetrokimya.com\/products\/industrial-fillers-and-additives\/\"},{\"@type\":\"ListItem\",\"position\":4,\"name\":\"CPE 135A\"}]},{\"@type\":\"WebSite\",\"@id\":\"https:\/\/azpetrokimya.com\/#website\",\"url\":\"https:\/\/azpetrokimya.com\/\",\"name\":\"AzPetroKimya\",\"description\":\"\",\"publisher\":{\"@id\":\"https:\/\/azpetrokimya.com\/#organization\"},\"potentialAction\":[{\"@type\":\"SearchAction\",\"target\":{\"@type\":\"EntryPoint\",\"urlTemplate\":\"https:\/\/azpetrokimya.com\/?s={search_term_string}\"},\"query-input\":{\"@type\":\"PropertyValueSpecification\",\"valueRequired\":true,\"valueName\":\"search_term_string\"}}],\"inLanguage\":\"en-US\"},{\"@type\":\"Organization\",\"@id\":\"https:\/\/azpetrokimya.com\/#organization\",\"name\":\"AzPetroKimya\",\"url\":\"https:\/\/azpetrokimya.com\/\",\"logo\":{\"@type\":\"ImageObject\",\"inLanguage\":\"en-US\",\"@id\":\"https:\/\/azpetrokimya.com\/#\/schema\/logo\/image\/\",\"url\":\"https:\/\/azpetrokimya.com\/wp-content\/uploads\/2024\/11\/azpetrokimya-logo.png\",\"contentUrl\":\"https:\/\/azpetrokimya.com\/wp-content\/uploads\/2024\/11\/azpetrokimya-logo.png\",\"width\":400,\"height\":400,\"caption\":\"AzPetroKimya\"},\"image\":{\"@id\":\"https:\/\/azpetrokimya.com\/#\/schema\/logo\/image\/\"},\"sameAs\":[\"https:\/\/www.linkedin.com\/company\/azpetrokimya\/\"]}]}<\/script>\n<!-- \/ Yoast SEO plugin. -->","yoast_head_json":{"title":"Azpetrokimya | CPE-135A Chlorinated Polyethylene","description":"Chlorinated Polyethylene (CPE-135A) additive for improving polymer performance. Available at Azpetrokimya.","robots":{"index":"index","follow":"follow","max-snippet":"max-snippet:-1","max-image-preview":"max-image-preview:large","max-video-preview":"max-video-preview:-1"},"canonical":"https:\/\/azpetrokimya.com\/en\/products\/industrial-fillers-and-additives\/cpe-135a\/","og_locale":"en_US","og_type":"article","og_title":"Azpetrokimya | CPE-135A Xlorla\u015fd\u0131r\u0131lm\u0131\u015f Polietilen","og_description":"Polimer performans\u0131n\u0131 art\u0131ran xlorla\u015fd\u0131r\u0131lm\u0131\u015f polietilen (CPE-135A) \u0259lav\u0259si. Azpetrokimya t\u0259klif edir.","og_url":"https:\/\/azpetrokimya.com\/en\/products\/industrial-fillers-and-additives\/cpe-135a\/","og_site_name":"AzPetroKimya","article_modified_time":"2025-03-28T17:33:09+00:00","og_image":[{"width":728,"height":709,"url":"https:\/\/azpetrokimya.com\/wp-content\/uploads\/2024\/12\/azpetrokimya-cpe-135a-1.webp","type":"image\/webp"}],"twitter_card":"summary_large_image","twitter_misc":{"Est. reading time":"1 minute"},"schema":{"@context":"https:\/\/schema.org","@graph":[{"@type":"WebPage","@id":"https:\/\/azpetrokimya.com\/products\/industrial-fillers-and-additives\/cpe-135a\/","url":"https:\/\/azpetrokimya.com\/products\/industrial-fillers-and-additives\/cpe-135a\/","name":"Azpetrokimya | CPE-135A Chlorinated Polyethylene","isPartOf":{"@id":"https:\/\/azpetrokimya.com\/#website"},"primaryImageOfPage":{"@id":"https:\/\/azpetrokimya.com\/products\/industrial-fillers-and-additives\/cpe-135a\/#primaryimage"},"image":{"@id":"https:\/\/azpetrokimya.com\/products\/industrial-fillers-and-additives\/cpe-135a\/#primaryimage"},"thumbnailUrl":"https:\/\/azpetrokimya.com\/wp-content\/uploads\/2024\/12\/azpetrokimya-cpe-135a-1.webp","datePublished":"2024-12-01T23:05:14+00:00","dateModified":"2025-03-28T17:33:09+00:00","description":"Chlorinated Polyethylene (CPE-135A) additive for improving polymer performance. Available at Azpetrokimya.","breadcrumb":{"@id":"https:\/\/azpetrokimya.com\/products\/industrial-fillers-and-additives\/cpe-135a\/#breadcrumb"},"inLanguage":"en-US","potentialAction":[{"@type":"ReadAction","target":["https:\/\/azpetrokimya.com\/products\/industrial-fillers-and-additives\/cpe-135a\/"]}]},{"@type":"ImageObject","inLanguage":"en-US","@id":"https:\/\/azpetrokimya.com\/products\/industrial-fillers-and-additives\/cpe-135a\/#primaryimage","url":"https:\/\/azpetrokimya.com\/wp-content\/uploads\/2024\/12\/azpetrokimya-cpe-135a-1.webp","contentUrl":"https:\/\/azpetrokimya.com\/wp-content\/uploads\/2024\/12\/azpetrokimya-cpe-135a-1.webp"},{"@type":"BreadcrumbList","@id":"https:\/\/azpetrokimya.com\/products\/industrial-fillers-and-additives\/cpe-135a\/#breadcrumb","itemListElement":[{"@type":"ListItem","position":1,"name":"Anasayfa","item":"https:\/\/azpetrokimya.com\/az\/"},{"@type":"ListItem","position":2,"name":"M\u0259hsullar\u0131m\u0131z","item":"https:\/\/azpetrokimya.com\/products\/"},{"@type":"ListItem","position":3,"name":"Doldurucu v\u0259 \u018flav\u0259l\u0259r","item":"https:\/\/azpetrokimya.com\/products\/industrial-fillers-and-additives\/"},{"@type":"ListItem","position":4,"name":"CPE 135A"}]},{"@type":"WebSite","@id":"https:\/\/azpetrokimya.com\/#website","url":"https:\/\/azpetrokimya.com\/","name":"AzPetroKimya","description":"","publisher":{"@id":"https:\/\/azpetrokimya.com\/#organization"},"potentialAction":[{"@type":"SearchAction","target":{"@type":"EntryPoint","urlTemplate":"https:\/\/azpetrokimya.com\/?s={search_term_string}"},"query-input":{"@type":"PropertyValueSpecification","valueRequired":true,"valueName":"search_term_string"}}],"inLanguage":"en-US"},{"@type":"Organization","@id":"https:\/\/azpetrokimya.com\/#organization","name":"AzPetroKimya","url":"https:\/\/azpetrokimya.com\/","logo":{"@type":"ImageObject","inLanguage":"en-US","@id":"https:\/\/azpetrokimya.com\/#\/schema\/logo\/image\/","url":"https:\/\/azpetrokimya.com\/wp-content\/uploads\/2024\/11\/azpetrokimya-logo.png","contentUrl":"https:\/\/azpetrokimya.com\/wp-content\/uploads\/2024\/11\/azpetrokimya-logo.png","width":400,"height":400,"caption":"AzPetroKimya"},"image":{"@id":"https:\/\/azpetrokimya.com\/#\/schema\/logo\/image\/"},"sameAs":["https:\/\/www.linkedin.com\/company\/azpetrokimya\/"]}]}},"_hostinger_reach_plugin_has_subscription_block":false,"_hostinger_reach_plugin_is_elementor":false,"_links":{"self":[{"href":"https:\/\/azpetrokimya.com\/en\/wp-json\/wp\/v2\/pages\/3517","targetHints":{"allow":["GET"]}}],"collection":[{"href":"https:\/\/azpetrokimya.com\/en\/wp-json\/wp\/v2\/pages"}],"about":[{"href":"https:\/\/azpetrokimya.com\/en\/wp-json\/wp\/v2\/types\/page"}],"author":[{"embeddable":true,"href":"https:\/\/azpetrokimya.com\/en\/wp-json\/wp\/v2\/users\/1"}],"replies":[{"embeddable":true,"href":"https:\/\/azpetrokimya.com\/en\/wp-json\/wp\/v2\/comments?post=3517"}],"version-history":[{"count":8,"href":"https:\/\/azpetrokimya.com\/en\/wp-json\/wp\/v2\/pages\/3517\/revisions"}],"predecessor-version":[{"id":5727,"href":"https:\/\/azpetrokimya.com\/en\/wp-json\/wp\/v2\/pages\/3517\/revisions\/5727"}],"up":[{"embeddable":true,"href":"https:\/\/azpetrokimya.com\/en\/wp-json\/wp\/v2\/pages\/4061"}],"wp:attachment":[{"href":"https:\/\/azpetrokimya.com\/en\/wp-json\/wp\/v2\/media?parent=3517"}],"curies":[{"name":"wp","href":"https:\/\/api.w.org\/{rel}","templated":true}]}}