{"id":5129,"date":"2024-12-25T17:51:20","date_gmt":"2024-12-25T17:51:20","guid":{"rendered":"https:\/\/new-client-azpetrokimya-draft-version.gcraft.tech\/?page_id=5129"},"modified":"2025-04-04T15:56:11","modified_gmt":"2025-04-04T11:56:11","slug":"news","status":"publish","type":"page","link":"https:\/\/azpetrokimya.com\/az\/news\/","title":{"rendered":"X\u0259b\u0259rl\u0259r"},"content":{"rendered":"\t\t<div data-elementor-type=\"wp-page\" data-elementor-id=\"5129\" class=\"elementor elementor-5129\">\n\t\t\t\t<div class=\"elementor-element elementor-element-f664f55 e-flex e-con-boxed e-con e-parent\" data-id=\"f664f55\" data-element_type=\"container\">\n\t\t\t\t\t<div class=\"e-con-inner\">\n\t\t\t\t<div class=\"elementor-element elementor-element-c9717e0 elementor-grid-eael-col-2 elementor-grid-tablet-eael-col-2 elementor-grid-mobile-eael-col-1 elementor-widget elementor-widget-eael-post-grid\" data-id=\"c9717e0\" data-element_type=\"widget\" data-settings=\"{&quot;eael_post_grid_columns&quot;:&quot;eael-col-2&quot;,&quot;eael_post_grid_columns_tablet&quot;:&quot;eael-col-2&quot;,&quot;eael_post_grid_columns_mobile&quot;:&quot;eael-col-1&quot;}\" data-widget_type=\"eael-post-grid.default\">\n\t\t\t\t<div class=\"elementor-widget-container\">\n\t\t\t\t\t<div id=\"eael-post-grid-c9717e0\" class=\"eael-post-grid-container\">\n            <div class=\"eael-post-grid eael-post-appender eael-post-appender-c9717e0 eael-post-grid-style-one\" data-layout-mode=\"grid\"><article class=\"eael-grid-post eael-post-grid-column\" data-id=\"4721\">\n        <div class=\"eael-grid-post-holder\">\n            <div class=\"eael-grid-post-holder-inner\"><div class=\"eael-entry-media\"><div class=\"eael-entry-overlay fade-in\"><i class=\"fas fa-long-arrow-alt-right\" aria-hidden=\"true\"><\/i><a href=\"https:\/\/azpetrokimya.com\/az\/roles-of-paints-coatings-and-polymers\/\"><\/a><\/div><div class=\"eael-entry-thumbnail \">\n                <img fetchpriority=\"high\" decoding=\"async\" width=\"768\" height=\"512\" src=\"https:\/\/azpetrokimya.com\/wp-content\/uploads\/2024\/12\/azpetrokimya-most-used-chemicals-768x512.png\" class=\"attachment-medium_large size-medium_large wp-image-4722\" alt=\"Azpetrokimya - \u018fn \u00e7ox i\u015fl\u0259n\u0259n kimy\u0259vi madd\u0259l\u0259r\" srcset=\"https:\/\/azpetrokimya.com\/wp-content\/uploads\/2024\/12\/azpetrokimya-most-used-chemicals-768x512.png 768w, https:\/\/azpetrokimya.com\/wp-content\/uploads\/2024\/12\/azpetrokimya-most-used-chemicals-300x200.png 300w, https:\/\/azpetrokimya.com\/wp-content\/uploads\/2024\/12\/azpetrokimya-most-used-chemicals-18x12.png 18w, https:\/\/azpetrokimya.com\/wp-content\/uploads\/2024\/12\/azpetrokimya-most-used-chemicals.png 990w\" sizes=\"(max-width: 768px) 100vw, 768px\" \/>\n            <\/div>\n        <\/div><div class=\"eael-entry-wrapper\"><header class=\"eael-entry-header\"><h2 class=\"eael-entry-title\"><a class=\"eael-grid-post-link\" href=\"https:\/\/azpetrokimya.com\/az\/roles-of-paints-coatings-and-polymers\/\" title=\"Kimya S\u0259nayesind\u0259 Geni\u015f \u0130stifad\u0259 Edil\u0259n Boyalar, \u00d6rt\u00fckl\u0259r v\u0259 Polimerl\u0259rin \u018fsas Rollar\u0131\">Kimya S\u0259nayesind\u0259 Geni\u015f \u0130stifad\u0259 Edil\u0259n Boyalar, \u00d6rt\u00fckl\u0259r v\u0259 Polimerl\u0259rin \u018fsas Rollar\u0131<\/a><\/h2><\/header><div class=\"eael-entry-content\">\n                        <div class=\"eael-grid-post-excerpt\"><p>Kimya s\u0259nayesi c\u0259miyy\u0259tin bir \u00e7ox sah\u0259sind\u0259 vacib...<\/p><\/div>\n                    <\/div><\/div><\/div>\n        <\/div>\n    <\/article><article class=\"eael-grid-post eael-post-grid-column\" data-id=\"4728\">\n        <div class=\"eael-grid-post-holder\">\n            <div class=\"eael-grid-post-holder-inner\"><div class=\"eael-entry-media\"><div class=\"eael-entry-overlay fade-in\"><i class=\"fas fa-long-arrow-alt-right\" aria-hidden=\"true\"><\/i><a href=\"https:\/\/azpetrokimya.com\/az\/integrated-polymer-and-pvc-solutions-for-industry\/\"><\/a><\/div><div class=\"eael-entry-thumbnail \">\n                <img decoding=\"async\" width=\"768\" height=\"512\" src=\"https:\/\/azpetrokimya.com\/wp-content\/uploads\/2024\/12\/azpetrokimya-pvc-and-polimers-768x512.png\" class=\"attachment-medium_large size-medium_large wp-image-4729\" alt=\"Azpetrokimya - PVC v\u0259 Polimerler\" srcset=\"https:\/\/azpetrokimya.com\/wp-content\/uploads\/2024\/12\/azpetrokimya-pvc-and-polimers-768x512.png 768w, https:\/\/azpetrokimya.com\/wp-content\/uploads\/2024\/12\/azpetrokimya-pvc-and-polimers-300x200.png 300w, https:\/\/azpetrokimya.com\/wp-content\/uploads\/2024\/12\/azpetrokimya-pvc-and-polimers-18x12.png 18w, https:\/\/azpetrokimya.com\/wp-content\/uploads\/2024\/12\/azpetrokimya-pvc-and-polimers.png 990w\" sizes=\"(max-width: 768px) 100vw, 768px\" \/>\n            <\/div>\n        <\/div><div class=\"eael-entry-wrapper\"><header class=\"eael-entry-header\"><h2 class=\"eael-entry-title\"><a class=\"eael-grid-post-link\" href=\"https:\/\/azpetrokimya.com\/az\/integrated-polymer-and-pvc-solutions-for-industry\/\" title=\"PVC v\u0259 Polimerl\u0259r: S\u0259naye \u00fc\u00e7\u00fcn \u0130nteqrasiya Edilmi\u015f H\u0259ll\u0259r v\u0259 Qatq\u0131lar\u0131n \u018fh\u0259miyy\u0259ti\">PVC v\u0259 Polimerl\u0259r: S\u0259naye \u00fc\u00e7\u00fcn \u0130nteqrasiya Edilmi\u015f H\u0259ll\u0259r v\u0259 Qatq\u0131lar\u0131n \u018fh\u0259miyy\u0259ti<\/a><\/h2><\/header><div class=\"eael-entry-content\">\n                        <div class=\"eael-grid-post-excerpt\"><p>PVC (Polivinilxlorid) v\u0259 polimerl\u0259r m\u00fcasir s\u0259nayenin \u0259v\u0259zolunmaz...<\/p><\/div>\n                    <\/div><\/div><\/div>\n        <\/div>\n    <\/article><article class=\"eael-grid-post eael-post-grid-column\" data-id=\"4737\">\n        <div class=\"eael-grid-post-holder\">\n            <div class=\"eael-grid-post-holder-inner\"><div class=\"eael-entry-media\"><div class=\"eael-entry-overlay fade-in\"><i class=\"fas fa-long-arrow-alt-right\" aria-hidden=\"true\"><\/i><a href=\"https:\/\/azpetrokimya.com\/az\/applications-of-special-chemicals-in-industry\/\"><\/a><\/div><div class=\"eael-entry-thumbnail \">\n                <img decoding=\"async\" width=\"768\" height=\"512\" src=\"https:\/\/azpetrokimya.com\/wp-content\/uploads\/2024\/12\/azpetrokimya-plasticizers-768x512.png\" class=\"attachment-medium_large size-medium_large wp-image-4738\" alt=\"Azpetrokimya - Plastifikatorlar\" srcset=\"https:\/\/azpetrokimya.com\/wp-content\/uploads\/2024\/12\/azpetrokimya-plasticizers-768x512.png 768w, https:\/\/azpetrokimya.com\/wp-content\/uploads\/2024\/12\/azpetrokimya-plasticizers-300x200.png 300w, https:\/\/azpetrokimya.com\/wp-content\/uploads\/2024\/12\/azpetrokimya-plasticizers-18x12.png 18w, https:\/\/azpetrokimya.com\/wp-content\/uploads\/2024\/12\/azpetrokimya-plasticizers.png 990w\" sizes=\"(max-width: 768px) 100vw, 768px\" \/>\n            <\/div>\n        <\/div><div class=\"eael-entry-wrapper\"><header class=\"eael-entry-header\"><h2 class=\"eael-entry-title\"><a class=\"eael-grid-post-link\" href=\"https:\/\/azpetrokimya.com\/az\/applications-of-special-chemicals-in-industry\/\" title=\"X\u00fcsusi Kimy\u0259vi Madd\u0259l\u0259rin T\u0259tbiqi: Kalsium Karbonat, PeWax v\u0259 Plastifikatorlar\u0131n G\u0259l\u0259c\u0259yi\">X\u00fcsusi Kimy\u0259vi Madd\u0259l\u0259rin T\u0259tbiqi: Kalsium Karbonat, PeWax v\u0259 Plastifikatorlar\u0131n G\u0259l\u0259c\u0259yi<\/a><\/h2><\/header><div class=\"eael-entry-content\">\n                        <div class=\"eael-grid-post-excerpt\"><p>M\u00fcasir s\u0259nayenin dayaq n\u00f6qt\u0259l\u0259rind\u0259n biri x\u00fcsusi kimy\u0259vi...<\/p><\/div>\n                    <\/div><\/div><\/div>\n        <\/div>\n    <\/article><\/div>\n            <div class=\"clearfix\"><\/div>\n        <\/div>\t\t\t\t<\/div>\n\t\t\t\t<\/div>\n\t\t\t\t\t<\/div>\n\t\t\t\t<\/div>\n\t\t\t\t<\/div>\n\t\t","protected":false},"excerpt":{"rendered":"<p>Kimya S\u0259nayesind\u0259 Geni\u015f \u0130stifad\u0259 Edil\u0259n Boyalar, \u00d6rt\u00fckl\u0259r v\u0259 Polimerl\u0259rin \u018fsas Rollar\u0131 Kimya s\u0259nayesi c\u0259miyy\u0259tin bir \u00e7ox sah\u0259sind\u0259 vacib&#8230; PVC v\u0259 Polimerl\u0259r: S\u0259naye \u00fc\u00e7\u00fcn \u0130nteqrasiya Edilmi\u015f H\u0259ll\u0259r v\u0259 Qatq\u0131lar\u0131n \u018fh\u0259miyy\u0259ti PVC (Polivinilxlorid) v\u0259 polimerl\u0259r m\u00fcasir s\u0259nayenin \u0259v\u0259zolunmaz&#8230; X\u00fcsusi Kimy\u0259vi Madd\u0259l\u0259rin T\u0259tbiqi: Kalsium Karbonat, PeWax v\u0259 Plastifikatorlar\u0131n G\u0259l\u0259c\u0259yi M\u00fcsir s\u0259nayenin dayaq n\u00f6qt\u0259l\u0259rind\u0259n biri x\u00fcsusi kimy\u0259vi&#8230;<\/p>\n","protected":false},"author":1,"featured_media":0,"parent":0,"menu_order":0,"comment_status":"closed","ping_status":"closed","template":"elementor_header_footer","meta":{"zakra_page_container_layout":"customizer","zakra_page_sidebar_layout":"customizer","zakra_remove_content_margin":false,"zakra_sidebar":"customizer","zakra_transparent_header":"customizer","zakra_logo":0,"zakra_main_header_style":"default","zakra_menu_item_color":"","zakra_menu_item_hover_color":"","zakra_menu_item_active_color":"","zakra_menu_active_style":"","zakra_page_header":true,"footnotes":""},"class_list":["post-5129","page","type-page","status-publish","hentry"],"yoast_head":"<!-- This site is optimized with the Yoast SEO plugin v26.3 - https:\/\/yoast.com\/wordpress\/plugins\/seo\/ -->\n<title>Azpetrokimya | S\u0259naye X\u0259b\u0259rl\u0259ri v\u0259 Yenilikl\u0259r<\/title>\n<meta name=\"description\" content=\"Azpetrokimya-dan son x\u0259b\u0259rl\u0259r, yenilikl\u0259r v\u0259 s\u0259naye il\u0259 ba\u011fl\u0131 m\u0259lumatlarla tan\u0131\u015f olun.\" \/>\n<meta name=\"robots\" content=\"index, follow, max-snippet:-1, max-image-preview:large, max-video-preview:-1\" \/>\n<link rel=\"canonical\" href=\"https:\/\/azpetrokimya.com\/az\/news\/\" \/>\n<meta property=\"og:locale\" content=\"az_AZ\" \/>\n<meta property=\"og:type\" content=\"article\" \/>\n<meta property=\"og:title\" content=\"Azpetrokimya | S\u0259naye X\u0259b\u0259rl\u0259ri v\u0259 Yenilikl\u0259r\" \/>\n<meta property=\"og:description\" content=\"Azpetrokimya-dan son x\u0259b\u0259rl\u0259r, yenilikl\u0259r v\u0259 s\u0259naye il\u0259 ba\u011fl\u0131 m\u0259lumatlarla tan\u0131\u015f olun.\" \/>\n<meta property=\"og:url\" content=\"https:\/\/azpetrokimya.com\/az\/news\/\" \/>\n<meta property=\"og:site_name\" content=\"AzPetroKimya\" \/>\n<meta property=\"article:modified_time\" content=\"2025-04-04T11:56:11+00:00\" \/>\n<meta property=\"og:image\" content=\"https:\/\/azpetrokimya.com\/wp-content\/uploads\/2024\/12\/azpetrokimya-most-used-chemicals.png\" \/>\n\t<meta property=\"og:image:width\" content=\"990\" \/>\n\t<meta property=\"og:image:height\" content=\"660\" \/>\n\t<meta property=\"og:image:type\" content=\"image\/png\" \/>\n<meta name=\"twitter:card\" content=\"summary_large_image\" \/>\n<meta name=\"twitter:label1\" content=\"Est. reading time\" \/>\n\t<meta name=\"twitter:data1\" content=\"1 minute\" \/>\n<script type=\"application\/ld+json\" class=\"yoast-schema-graph\">{\"@context\":\"https:\/\/schema.org\",\"@graph\":[{\"@type\":\"WebPage\",\"@id\":\"https:\/\/azpetrokimya.com\/news\/\",\"url\":\"https:\/\/azpetrokimya.com\/news\/\",\"name\":\"Azpetrokimya | S\u0259naye X\u0259b\u0259rl\u0259ri v\u0259 Yenilikl\u0259r\",\"isPartOf\":{\"@id\":\"https:\/\/azpetrokimya.com\/#website\"},\"primaryImageOfPage\":{\"@id\":\"https:\/\/azpetrokimya.com\/news\/#primaryimage\"},\"image\":{\"@id\":\"https:\/\/azpetrokimya.com\/news\/#primaryimage\"},\"thumbnailUrl\":\"https:\/\/azpetrokimya.com\/wp-content\/uploads\/2024\/12\/azpetrokimya-most-used-chemicals-768x512.png\",\"datePublished\":\"2024-12-25T17:51:20+00:00\",\"dateModified\":\"2025-04-04T11:56:11+00:00\",\"description\":\"Azpetrokimya-dan son x\u0259b\u0259rl\u0259r, yenilikl\u0259r v\u0259 s\u0259naye il\u0259 ba\u011fl\u0131 m\u0259lumatlarla tan\u0131\u015f olun.\",\"breadcrumb\":{\"@id\":\"https:\/\/azpetrokimya.com\/news\/#breadcrumb\"},\"inLanguage\":\"az\",\"potentialAction\":[{\"@type\":\"ReadAction\",\"target\":[\"https:\/\/azpetrokimya.com\/news\/\"]}]},{\"@type\":\"ImageObject\",\"inLanguage\":\"az\",\"@id\":\"https:\/\/azpetrokimya.com\/news\/#primaryimage\",\"url\":\"https:\/\/azpetrokimya.com\/wp-content\/uploads\/2024\/12\/azpetrokimya-most-used-chemicals-768x512.png\",\"contentUrl\":\"https:\/\/azpetrokimya.com\/wp-content\/uploads\/2024\/12\/azpetrokimya-most-used-chemicals-768x512.png\"},{\"@type\":\"BreadcrumbList\",\"@id\":\"https:\/\/azpetrokimya.com\/news\/#breadcrumb\",\"itemListElement\":[{\"@type\":\"ListItem\",\"position\":1,\"name\":\"Anasayfa\",\"item\":\"https:\/\/azpetrokimya.com\/az\/\"},{\"@type\":\"ListItem\",\"position\":2,\"name\":\"X\u0259b\u0259rl\u0259r\"}]},{\"@type\":\"WebSite\",\"@id\":\"https:\/\/azpetrokimya.com\/#website\",\"url\":\"https:\/\/azpetrokimya.com\/\",\"name\":\"AzPetroKimya\",\"description\":\"\",\"publisher\":{\"@id\":\"https:\/\/azpetrokimya.com\/#organization\"},\"potentialAction\":[{\"@type\":\"SearchAction\",\"target\":{\"@type\":\"EntryPoint\",\"urlTemplate\":\"https:\/\/azpetrokimya.com\/?s={search_term_string}\"},\"query-input\":{\"@type\":\"PropertyValueSpecification\",\"valueRequired\":true,\"valueName\":\"search_term_string\"}}],\"inLanguage\":\"az\"},{\"@type\":\"Organization\",\"@id\":\"https:\/\/azpetrokimya.com\/#organization\",\"name\":\"AzPetroKimya\",\"url\":\"https:\/\/azpetrokimya.com\/\",\"logo\":{\"@type\":\"ImageObject\",\"inLanguage\":\"az\",\"@id\":\"https:\/\/azpetrokimya.com\/#\/schema\/logo\/image\/\",\"url\":\"https:\/\/azpetrokimya.com\/wp-content\/uploads\/2024\/11\/azpetrokimya-logo.png\",\"contentUrl\":\"https:\/\/azpetrokimya.com\/wp-content\/uploads\/2024\/11\/azpetrokimya-logo.png\",\"width\":400,\"height\":400,\"caption\":\"AzPetroKimya\"},\"image\":{\"@id\":\"https:\/\/azpetrokimya.com\/#\/schema\/logo\/image\/\"},\"sameAs\":[\"https:\/\/www.linkedin.com\/company\/azpetrokimya\/\"]}]}<\/script>\n<!-- \/ Yoast SEO plugin. -->","yoast_head_json":{"title":"Azpetrokimya | S\u0259naye X\u0259b\u0259rl\u0259ri v\u0259 Yenilikl\u0259r","description":"Azpetrokimya-dan son x\u0259b\u0259rl\u0259r, yenilikl\u0259r v\u0259 s\u0259naye il\u0259 ba\u011fl\u0131 m\u0259lumatlarla tan\u0131\u015f olun.","robots":{"index":"index","follow":"follow","max-snippet":"max-snippet:-1","max-image-preview":"max-image-preview:large","max-video-preview":"max-video-preview:-1"},"canonical":"https:\/\/azpetrokimya.com\/az\/news\/","og_locale":"az_AZ","og_type":"article","og_title":"Azpetrokimya | S\u0259naye X\u0259b\u0259rl\u0259ri v\u0259 Yenilikl\u0259r","og_description":"Azpetrokimya-dan son x\u0259b\u0259rl\u0259r, yenilikl\u0259r v\u0259 s\u0259naye il\u0259 ba\u011fl\u0131 m\u0259lumatlarla tan\u0131\u015f olun.","og_url":"https:\/\/azpetrokimya.com\/az\/news\/","og_site_name":"AzPetroKimya","article_modified_time":"2025-04-04T11:56:11+00:00","og_image":[{"width":990,"height":660,"url":"https:\/\/azpetrokimya.com\/wp-content\/uploads\/2024\/12\/azpetrokimya-most-used-chemicals.png","type":"image\/png"}],"twitter_card":"summary_large_image","twitter_misc":{"Est. reading time":"1 minute"},"schema":{"@context":"https:\/\/schema.org","@graph":[{"@type":"WebPage","@id":"https:\/\/azpetrokimya.com\/news\/","url":"https:\/\/azpetrokimya.com\/news\/","name":"Azpetrokimya | S\u0259naye X\u0259b\u0259rl\u0259ri v\u0259 Yenilikl\u0259r","isPartOf":{"@id":"https:\/\/azpetrokimya.com\/#website"},"primaryImageOfPage":{"@id":"https:\/\/azpetrokimya.com\/news\/#primaryimage"},"image":{"@id":"https:\/\/azpetrokimya.com\/news\/#primaryimage"},"thumbnailUrl":"https:\/\/azpetrokimya.com\/wp-content\/uploads\/2024\/12\/azpetrokimya-most-used-chemicals-768x512.png","datePublished":"2024-12-25T17:51:20+00:00","dateModified":"2025-04-04T11:56:11+00:00","description":"Azpetrokimya-dan son x\u0259b\u0259rl\u0259r, yenilikl\u0259r v\u0259 s\u0259naye il\u0259 ba\u011fl\u0131 m\u0259lumatlarla tan\u0131\u015f olun.","breadcrumb":{"@id":"https:\/\/azpetrokimya.com\/news\/#breadcrumb"},"inLanguage":"az","potentialAction":[{"@type":"ReadAction","target":["https:\/\/azpetrokimya.com\/news\/"]}]},{"@type":"ImageObject","inLanguage":"az","@id":"https:\/\/azpetrokimya.com\/news\/#primaryimage","url":"https:\/\/azpetrokimya.com\/wp-content\/uploads\/2024\/12\/azpetrokimya-most-used-chemicals-768x512.png","contentUrl":"https:\/\/azpetrokimya.com\/wp-content\/uploads\/2024\/12\/azpetrokimya-most-used-chemicals-768x512.png"},{"@type":"BreadcrumbList","@id":"https:\/\/azpetrokimya.com\/news\/#breadcrumb","itemListElement":[{"@type":"ListItem","position":1,"name":"Anasayfa","item":"https:\/\/azpetrokimya.com\/az\/"},{"@type":"ListItem","position":2,"name":"X\u0259b\u0259rl\u0259r"}]},{"@type":"WebSite","@id":"https:\/\/azpetrokimya.com\/#website","url":"https:\/\/azpetrokimya.com\/","name":"AzPetroKimya","description":"","publisher":{"@id":"https:\/\/azpetrokimya.com\/#organization"},"potentialAction":[{"@type":"SearchAction","target":{"@type":"EntryPoint","urlTemplate":"https:\/\/azpetrokimya.com\/?s={search_term_string}"},"query-input":{"@type":"PropertyValueSpecification","valueRequired":true,"valueName":"search_term_string"}}],"inLanguage":"az"},{"@type":"Organization","@id":"https:\/\/azpetrokimya.com\/#organization","name":"AzPetroKimya","url":"https:\/\/azpetrokimya.com\/","logo":{"@type":"ImageObject","inLanguage":"az","@id":"https:\/\/azpetrokimya.com\/#\/schema\/logo\/image\/","url":"https:\/\/azpetrokimya.com\/wp-content\/uploads\/2024\/11\/azpetrokimya-logo.png","contentUrl":"https:\/\/azpetrokimya.com\/wp-content\/uploads\/2024\/11\/azpetrokimya-logo.png","width":400,"height":400,"caption":"AzPetroKimya"},"image":{"@id":"https:\/\/azpetrokimya.com\/#\/schema\/logo\/image\/"},"sameAs":["https:\/\/www.linkedin.com\/company\/azpetrokimya\/"]}]}},"_hostinger_reach_plugin_has_subscription_block":false,"_hostinger_reach_plugin_is_elementor":false,"_links":{"self":[{"href":"https:\/\/azpetrokimya.com\/az\/wp-json\/wp\/v2\/pages\/5129","targetHints":{"allow":["GET"]}}],"collection":[{"href":"https:\/\/azpetrokimya.com\/az\/wp-json\/wp\/v2\/pages"}],"about":[{"href":"https:\/\/azpetrokimya.com\/az\/wp-json\/wp\/v2\/types\/page"}],"author":[{"embeddable":true,"href":"https:\/\/azpetrokimya.com\/az\/wp-json\/wp\/v2\/users\/1"}],"replies":[{"embeddable":true,"href":"https:\/\/azpetrokimya.com\/az\/wp-json\/wp\/v2\/comments?post=5129"}],"version-history":[{"count":17,"href":"https:\/\/azpetrokimya.com\/az\/wp-json\/wp\/v2\/pages\/5129\/revisions"}],"predecessor-version":[{"id":5758,"href":"https:\/\/azpetrokimya.com\/az\/wp-json\/wp\/v2\/pages\/5129\/revisions\/5758"}],"wp:attachment":[{"href":"https:\/\/azpetrokimya.com\/az\/wp-json\/wp\/v2\/media?parent=5129"}],"curies":[{"name":"wp","href":"https:\/\/api.w.org\/{rel}","templated":true}]}}