{"id":4944,"date":"2024-12-23T20:39:03","date_gmt":"2024-12-23T20:39:03","guid":{"rendered":"https:\/\/new-client-azpetrokimya-draft-version.gcraft.tech\/?page_id=4944"},"modified":"2025-03-28T21:29:23","modified_gmt":"2025-03-28T17:29:23","slug":"pe","status":"publish","type":"page","link":"https:\/\/azpetrokimya.com\/az\/products\/polymers-and-base-materials\/pe\/","title":{"rendered":"PE"},"content":{"rendered":"\n<p><strong>PE M\u0259hsul T\u0259sviri<\/strong><\/p>\n\n\n\n<div class=\"wp-block-media-text is-stacked-on-mobile is-vertically-aligned-top\"><figure class=\"wp-block-media-text__media\"><img fetchpriority=\"high\" decoding=\"async\" width=\"838\" height=\"818\" src=\"https:\/\/azpetrokimya.com\/wp-content\/uploads\/2024\/12\/azpetrokimya-pe.png\" alt=\"\" class=\"wp-image-5064 size-full\" srcset=\"https:\/\/azpetrokimya.com\/wp-content\/uploads\/2024\/12\/azpetrokimya-pe.png 838w, https:\/\/azpetrokimya.com\/wp-content\/uploads\/2024\/12\/azpetrokimya-pe-300x293.png 300w, https:\/\/azpetrokimya.com\/wp-content\/uploads\/2024\/12\/azpetrokimya-pe-768x750.png 768w, https:\/\/azpetrokimya.com\/wp-content\/uploads\/2024\/12\/azpetrokimya-pe-12x12.png 12w\" sizes=\"(max-width: 838px) 100vw, 838px\" \/><\/figure><div class=\"wp-block-media-text__content\">\n<p>PE, y\u0259ni Polietilen, d\u00fcnyada \u0259n \u00e7ox istifad\u0259 olunan plastikl\u0259rd\u0259n biridir v\u0259 \u00e7evikliyi, davaml\u0131l\u0131\u011f\u0131 v\u0259 kimy\u0259vi m\u00fcqavim\u0259ti il\u0259 tan\u0131n\u0131r. O, a\u015fa\u011f\u0131 s\u0131xl\u0131ql\u0131 polietilen (LDPE) v\u0259 y\u00fcks\u0259k s\u0131xl\u0131ql\u0131 polietilen (HDPE) daxil olmaqla m\u00fcxt\u0259lif formalarla m\u00f6vcuddur v\u0259 h\u0259r biri f\u0259rqli t\u0259tbiql\u0259r \u00fc\u00e7\u00fcn uy\u011fundur. PE, plastik torbalar, butulkalar v\u0259 konteynerl\u0259r kimi qabla\u015fd\u0131rma materiallar\u0131nda, el\u0259c\u0259 d\u0259 ev \u0259\u015fyalar\u0131 v\u0259 s\u0259naye m\u0259hsullar\u0131nda geni\u015f istifad\u0259 olunur. Y\u00fcng\u00fcl, suya davaml\u0131 v\u0259 UV radiasiyas\u0131na qar\u015f\u0131 m\u00fcqavim\u0259tlidir, bu da onu h\u0259m daxili, h\u0259m d\u0259 xarici istifad\u0259 \u00fc\u00e7\u00fcn ideal edir. Bundan \u0259lav\u0259, PE t\u0259krar emal edil\u0259 bil\u0259r, ekoloji dostu t\u0259cr\u00fcb\u0259l\u0259r\u0259 t\u00f6hf\u0259 verir v\u0259 \u0259traf m\u00fchit\u0259 t\u0259siri azald\u0131r.<\/p>\n<\/div><\/div>\n\n\n\n<h3 class=\"wp-block-heading\"><\/h3>\n","protected":false},"excerpt":{"rendered":"<p>PE M\u0259hsul T\u0259sviri PE, y\u0259ni Polietilen, d\u00fcnyada \u0259n \u00e7ox istifad\u0259 olunan plastikl\u0259rd\u0259n biridir v\u0259 \u00e7evikliyi, davaml\u0131l\u0131\u011f\u0131 v\u0259 kimy\u0259vi m\u00fcqavim\u0259ti il\u0259 tan\u0131n\u0131r. O, a\u015fa\u011f\u0131 s\u0131xl\u0131ql\u0131 polietilen (LDPE) v\u0259 y\u00fcks\u0259k s\u0131xl\u0131ql\u0131 polietilen (HDPE) daxil olmaqla m\u00fcxt\u0259lif formalarla m\u00f6vcuddur v\u0259 h\u0259r biri f\u0259rqli t\u0259tbiql\u0259r \u00fc\u00e7\u00fcn uy\u011fundur. PE, plastik torbalar, butulkalar v\u0259 konteynerl\u0259r kimi qabla\u015fd\u0131rma materiallar\u0131nda, el\u0259c\u0259 d\u0259 ev [&hellip;]<\/p>\n","protected":false},"author":1,"featured_media":0,"parent":4927,"menu_order":0,"comment_status":"closed","ping_status":"closed","template":"","meta":{"zakra_page_container_layout":"contained","zakra_page_sidebar_layout":"right","zakra_remove_content_margin":false,"zakra_sidebar":"customizer","zakra_transparent_header":"customizer","zakra_logo":0,"zakra_main_header_style":"default","zakra_menu_item_color":"","zakra_menu_item_hover_color":"","zakra_menu_item_active_color":"","zakra_menu_active_style":"zakra_menu_active_style","zakra_page_header":true,"footnotes":""},"class_list":["post-4944","page","type-page","status-publish","hentry"],"yoast_head":"<!-- This site is optimized with the Yoast SEO plugin v26.3 - https:\/\/yoast.com\/wordpress\/plugins\/seo\/ -->\n<title>Azpetrokimya | Polietilen (PE) Materiallar\u0131<\/title>\n<meta name=\"description\" content=\"Azpetrokimya-n\u0131n m\u00fcxt\u0259lif s\u0259naye t\u0259tbiql\u0259ri \u00fc\u00e7\u00fcn polietilen (PE) material \u00e7e\u015fidini k\u0259\u015ff edin.\" \/>\n<meta name=\"robots\" content=\"index, follow, max-snippet:-1, max-image-preview:large, max-video-preview:-1\" \/>\n<link rel=\"canonical\" href=\"https:\/\/azpetrokimya.com\/az\/products\/polymers-and-base-materials\/pe\/\" \/>\n<meta property=\"og:locale\" content=\"az_AZ\" \/>\n<meta property=\"og:type\" content=\"article\" \/>\n<meta property=\"og:title\" content=\"Azpetrokimya | Polietilen (PE) Materiallar\u0131\" \/>\n<meta property=\"og:description\" content=\"Azpetrokimya-n\u0131n m\u00fcxt\u0259lif s\u0259naye t\u0259tbiql\u0259ri \u00fc\u00e7\u00fcn polietilen (PE) material \u00e7e\u015fidini k\u0259\u015ff edin.\" \/>\n<meta property=\"og:url\" content=\"https:\/\/azpetrokimya.com\/az\/products\/polymers-and-base-materials\/pe\/\" \/>\n<meta property=\"og:site_name\" content=\"AzPetroKimya\" \/>\n<meta property=\"article:modified_time\" content=\"2025-03-28T17:29:23+00:00\" \/>\n<meta property=\"og:image\" content=\"https:\/\/azpetrokimya.com\/wp-content\/uploads\/2024\/12\/azpetrokimya-pe.png\" \/>\n\t<meta property=\"og:image:width\" content=\"838\" \/>\n\t<meta property=\"og:image:height\" content=\"818\" \/>\n\t<meta property=\"og:image:type\" content=\"image\/png\" \/>\n<meta name=\"twitter:card\" content=\"summary_large_image\" \/>\n<meta name=\"twitter:label1\" content=\"Est. reading time\" \/>\n\t<meta name=\"twitter:data1\" content=\"1 minute\" \/>\n<script type=\"application\/ld+json\" class=\"yoast-schema-graph\">{\"@context\":\"https:\/\/schema.org\",\"@graph\":[{\"@type\":\"WebPage\",\"@id\":\"https:\/\/azpetrokimya.com\/products\/polymers-and-base-materials\/pe\/\",\"url\":\"https:\/\/azpetrokimya.com\/products\/polymers-and-base-materials\/pe\/\",\"name\":\"Azpetrokimya | Polietilen (PE) Materiallar\u0131\",\"isPartOf\":{\"@id\":\"https:\/\/azpetrokimya.com\/#website\"},\"primaryImageOfPage\":{\"@id\":\"https:\/\/azpetrokimya.com\/products\/polymers-and-base-materials\/pe\/#primaryimage\"},\"image\":{\"@id\":\"https:\/\/azpetrokimya.com\/products\/polymers-and-base-materials\/pe\/#primaryimage\"},\"thumbnailUrl\":\"https:\/\/azpetrokimya.com\/wp-content\/uploads\/2024\/12\/azpetrokimya-pe.png\",\"datePublished\":\"2024-12-23T20:39:03+00:00\",\"dateModified\":\"2025-03-28T17:29:23+00:00\",\"description\":\"Azpetrokimya-n\u0131n m\u00fcxt\u0259lif s\u0259naye t\u0259tbiql\u0259ri \u00fc\u00e7\u00fcn polietilen (PE) material \u00e7e\u015fidini k\u0259\u015ff edin.\",\"breadcrumb\":{\"@id\":\"https:\/\/azpetrokimya.com\/products\/polymers-and-base-materials\/pe\/#breadcrumb\"},\"inLanguage\":\"az\",\"potentialAction\":[{\"@type\":\"ReadAction\",\"target\":[\"https:\/\/azpetrokimya.com\/products\/polymers-and-base-materials\/pe\/\"]}]},{\"@type\":\"ImageObject\",\"inLanguage\":\"az\",\"@id\":\"https:\/\/azpetrokimya.com\/products\/polymers-and-base-materials\/pe\/#primaryimage\",\"url\":\"https:\/\/azpetrokimya.com\/wp-content\/uploads\/2024\/12\/azpetrokimya-pe.png\",\"contentUrl\":\"https:\/\/azpetrokimya.com\/wp-content\/uploads\/2024\/12\/azpetrokimya-pe.png\"},{\"@type\":\"BreadcrumbList\",\"@id\":\"https:\/\/azpetrokimya.com\/products\/polymers-and-base-materials\/pe\/#breadcrumb\",\"itemListElement\":[{\"@type\":\"ListItem\",\"position\":1,\"name\":\"Anasayfa\",\"item\":\"https:\/\/azpetrokimya.com\/az\/\"},{\"@type\":\"ListItem\",\"position\":2,\"name\":\"M\u0259hsullar\u0131m\u0131z\",\"item\":\"https:\/\/azpetrokimya.com\/products\/\"},{\"@type\":\"ListItem\",\"position\":3,\"name\":\"Polimerl\u0259r v\u0259 \u018fsas Materiallar\",\"item\":\"https:\/\/azpetrokimya.com\/products\/polymers-and-base-materials\/\"},{\"@type\":\"ListItem\",\"position\":4,\"name\":\"PE\"}]},{\"@type\":\"WebSite\",\"@id\":\"https:\/\/azpetrokimya.com\/#website\",\"url\":\"https:\/\/azpetrokimya.com\/\",\"name\":\"AzPetroKimya\",\"description\":\"\",\"publisher\":{\"@id\":\"https:\/\/azpetrokimya.com\/#organization\"},\"potentialAction\":[{\"@type\":\"SearchAction\",\"target\":{\"@type\":\"EntryPoint\",\"urlTemplate\":\"https:\/\/azpetrokimya.com\/?s={search_term_string}\"},\"query-input\":{\"@type\":\"PropertyValueSpecification\",\"valueRequired\":true,\"valueName\":\"search_term_string\"}}],\"inLanguage\":\"az\"},{\"@type\":\"Organization\",\"@id\":\"https:\/\/azpetrokimya.com\/#organization\",\"name\":\"AzPetroKimya\",\"url\":\"https:\/\/azpetrokimya.com\/\",\"logo\":{\"@type\":\"ImageObject\",\"inLanguage\":\"az\",\"@id\":\"https:\/\/azpetrokimya.com\/#\/schema\/logo\/image\/\",\"url\":\"https:\/\/azpetrokimya.com\/wp-content\/uploads\/2024\/11\/azpetrokimya-logo.png\",\"contentUrl\":\"https:\/\/azpetrokimya.com\/wp-content\/uploads\/2024\/11\/azpetrokimya-logo.png\",\"width\":400,\"height\":400,\"caption\":\"AzPetroKimya\"},\"image\":{\"@id\":\"https:\/\/azpetrokimya.com\/#\/schema\/logo\/image\/\"},\"sameAs\":[\"https:\/\/www.linkedin.com\/company\/azpetrokimya\/\"]}]}<\/script>\n<!-- \/ Yoast SEO plugin. -->","yoast_head_json":{"title":"Azpetrokimya | Polietilen (PE) Materiallar\u0131","description":"Azpetrokimya-n\u0131n m\u00fcxt\u0259lif s\u0259naye t\u0259tbiql\u0259ri \u00fc\u00e7\u00fcn polietilen (PE) material \u00e7e\u015fidini k\u0259\u015ff edin.","robots":{"index":"index","follow":"follow","max-snippet":"max-snippet:-1","max-image-preview":"max-image-preview:large","max-video-preview":"max-video-preview:-1"},"canonical":"https:\/\/azpetrokimya.com\/az\/products\/polymers-and-base-materials\/pe\/","og_locale":"az_AZ","og_type":"article","og_title":"Azpetrokimya | Polietilen (PE) Materiallar\u0131","og_description":"Azpetrokimya-n\u0131n m\u00fcxt\u0259lif s\u0259naye t\u0259tbiql\u0259ri \u00fc\u00e7\u00fcn polietilen (PE) material \u00e7e\u015fidini k\u0259\u015ff edin.","og_url":"https:\/\/azpetrokimya.com\/az\/products\/polymers-and-base-materials\/pe\/","og_site_name":"AzPetroKimya","article_modified_time":"2025-03-28T17:29:23+00:00","og_image":[{"width":838,"height":818,"url":"https:\/\/azpetrokimya.com\/wp-content\/uploads\/2024\/12\/azpetrokimya-pe.png","type":"image\/png"}],"twitter_card":"summary_large_image","twitter_misc":{"Est. reading time":"1 minute"},"schema":{"@context":"https:\/\/schema.org","@graph":[{"@type":"WebPage","@id":"https:\/\/azpetrokimya.com\/products\/polymers-and-base-materials\/pe\/","url":"https:\/\/azpetrokimya.com\/products\/polymers-and-base-materials\/pe\/","name":"Azpetrokimya | Polietilen (PE) Materiallar\u0131","isPartOf":{"@id":"https:\/\/azpetrokimya.com\/#website"},"primaryImageOfPage":{"@id":"https:\/\/azpetrokimya.com\/products\/polymers-and-base-materials\/pe\/#primaryimage"},"image":{"@id":"https:\/\/azpetrokimya.com\/products\/polymers-and-base-materials\/pe\/#primaryimage"},"thumbnailUrl":"https:\/\/azpetrokimya.com\/wp-content\/uploads\/2024\/12\/azpetrokimya-pe.png","datePublished":"2024-12-23T20:39:03+00:00","dateModified":"2025-03-28T17:29:23+00:00","description":"Azpetrokimya-n\u0131n m\u00fcxt\u0259lif s\u0259naye t\u0259tbiql\u0259ri \u00fc\u00e7\u00fcn polietilen (PE) material \u00e7e\u015fidini k\u0259\u015ff edin.","breadcrumb":{"@id":"https:\/\/azpetrokimya.com\/products\/polymers-and-base-materials\/pe\/#breadcrumb"},"inLanguage":"az","potentialAction":[{"@type":"ReadAction","target":["https:\/\/azpetrokimya.com\/products\/polymers-and-base-materials\/pe\/"]}]},{"@type":"ImageObject","inLanguage":"az","@id":"https:\/\/azpetrokimya.com\/products\/polymers-and-base-materials\/pe\/#primaryimage","url":"https:\/\/azpetrokimya.com\/wp-content\/uploads\/2024\/12\/azpetrokimya-pe.png","contentUrl":"https:\/\/azpetrokimya.com\/wp-content\/uploads\/2024\/12\/azpetrokimya-pe.png"},{"@type":"BreadcrumbList","@id":"https:\/\/azpetrokimya.com\/products\/polymers-and-base-materials\/pe\/#breadcrumb","itemListElement":[{"@type":"ListItem","position":1,"name":"Anasayfa","item":"https:\/\/azpetrokimya.com\/az\/"},{"@type":"ListItem","position":2,"name":"M\u0259hsullar\u0131m\u0131z","item":"https:\/\/azpetrokimya.com\/products\/"},{"@type":"ListItem","position":3,"name":"Polimerl\u0259r v\u0259 \u018fsas Materiallar","item":"https:\/\/azpetrokimya.com\/products\/polymers-and-base-materials\/"},{"@type":"ListItem","position":4,"name":"PE"}]},{"@type":"WebSite","@id":"https:\/\/azpetrokimya.com\/#website","url":"https:\/\/azpetrokimya.com\/","name":"AzPetroKimya","description":"","publisher":{"@id":"https:\/\/azpetrokimya.com\/#organization"},"potentialAction":[{"@type":"SearchAction","target":{"@type":"EntryPoint","urlTemplate":"https:\/\/azpetrokimya.com\/?s={search_term_string}"},"query-input":{"@type":"PropertyValueSpecification","valueRequired":true,"valueName":"search_term_string"}}],"inLanguage":"az"},{"@type":"Organization","@id":"https:\/\/azpetrokimya.com\/#organization","name":"AzPetroKimya","url":"https:\/\/azpetrokimya.com\/","logo":{"@type":"ImageObject","inLanguage":"az","@id":"https:\/\/azpetrokimya.com\/#\/schema\/logo\/image\/","url":"https:\/\/azpetrokimya.com\/wp-content\/uploads\/2024\/11\/azpetrokimya-logo.png","contentUrl":"https:\/\/azpetrokimya.com\/wp-content\/uploads\/2024\/11\/azpetrokimya-logo.png","width":400,"height":400,"caption":"AzPetroKimya"},"image":{"@id":"https:\/\/azpetrokimya.com\/#\/schema\/logo\/image\/"},"sameAs":["https:\/\/www.linkedin.com\/company\/azpetrokimya\/"]}]}},"_hostinger_reach_plugin_has_subscription_block":false,"_hostinger_reach_plugin_is_elementor":false,"_links":{"self":[{"href":"https:\/\/azpetrokimya.com\/az\/wp-json\/wp\/v2\/pages\/4944","targetHints":{"allow":["GET"]}}],"collection":[{"href":"https:\/\/azpetrokimya.com\/az\/wp-json\/wp\/v2\/pages"}],"about":[{"href":"https:\/\/azpetrokimya.com\/az\/wp-json\/wp\/v2\/types\/page"}],"author":[{"embeddable":true,"href":"https:\/\/azpetrokimya.com\/az\/wp-json\/wp\/v2\/users\/1"}],"replies":[{"embeddable":true,"href":"https:\/\/azpetrokimya.com\/az\/wp-json\/wp\/v2\/comments?post=4944"}],"version-history":[{"count":5,"href":"https:\/\/azpetrokimya.com\/az\/wp-json\/wp\/v2\/pages\/4944\/revisions"}],"predecessor-version":[{"id":5697,"href":"https:\/\/azpetrokimya.com\/az\/wp-json\/wp\/v2\/pages\/4944\/revisions\/5697"}],"up":[{"embeddable":true,"href":"https:\/\/azpetrokimya.com\/az\/wp-json\/wp\/v2\/pages\/4927"}],"wp:attachment":[{"href":"https:\/\/azpetrokimya.com\/az\/wp-json\/wp\/v2\/media?parent=4944"}],"curies":[{"name":"wp","href":"https:\/\/api.w.org\/{rel}","templated":true}]}}