{"id":4940,"date":"2024-12-23T20:38:20","date_gmt":"2024-12-23T20:38:20","guid":{"rendered":"https:\/\/new-client-azpetrokimya-draft-version.gcraft.tech\/?page_id=4940"},"modified":"2025-03-28T21:29:00","modified_gmt":"2025-03-28T17:29:00","slug":"ldpe","status":"publish","type":"page","link":"https:\/\/azpetrokimya.com\/az\/products\/polymers-and-base-materials\/ldpe\/","title":{"rendered":"LDPE"},"content":{"rendered":"\n<p><strong>LDPE M\u0259hsul T\u0259sviri<\/strong><\/p>\n\n\n\n<div class=\"wp-block-media-text is-stacked-on-mobile is-vertically-aligned-top\"><figure class=\"wp-block-media-text__media\"><img fetchpriority=\"high\" decoding=\"async\" width=\"839\" height=\"814\" src=\"https:\/\/azpetrokimya.com\/wp-content\/uploads\/2024\/12\/azpetrokimya-ldpe-1.png\" alt=\"\" class=\"wp-image-5066 size-full\" srcset=\"https:\/\/azpetrokimya.com\/wp-content\/uploads\/2024\/12\/azpetrokimya-ldpe-1.png 839w, https:\/\/azpetrokimya.com\/wp-content\/uploads\/2024\/12\/azpetrokimya-ldpe-1-300x291.png 300w, https:\/\/azpetrokimya.com\/wp-content\/uploads\/2024\/12\/azpetrokimya-ldpe-1-768x745.png 768w, https:\/\/azpetrokimya.com\/wp-content\/uploads\/2024\/12\/azpetrokimya-ldpe-1-12x12.png 12w\" sizes=\"(max-width: 839px) 100vw, 839px\" \/><\/figure><div class=\"wp-block-media-text__content\">\n<p>LDPE, y\u0259ni A\u015fa\u011f\u0131 S\u0131xl\u0131ql\u0131 Polietilen, qabla\u015fd\u0131rma v\u0259 izolyasiya t\u0259tbiql\u0259rind\u0259 geni\u015f istifad\u0259 olunan \u00e7evik v\u0259 y\u00fcng\u00fcl bir termoplastik materiald\u0131r. \u018fla z\u0259rb\u0259 m\u00fcqavim\u0259ti v\u0259 n\u0259mlik bariyer x\u00fcsusiyy\u0259tl\u0259ri il\u0259 tan\u0131nan LDPE plastik torbalar, qida \u00f6rt\u00fckl\u0259ri, konteynerl\u0259r v\u0259 s\u0131x\u0131la bil\u0259n butulkalarda geni\u015f istifad\u0259 olunur. \u00c7ox elastik oldu\u011fundan, \u00e7eviklik t\u0259l\u0259b ed\u0259n m\u0259hsullar \u00fc\u00e7\u00fcn ideald\u0131r. Bundan \u0259lav\u0259, LDPE kimy\u0259vi madd\u0259l\u0259r\u0259 davaml\u0131d\u0131r v\u0259 yax\u015f\u0131 \u015f\u0259ffafl\u0131\u011fa malikdir ki, bu da onun \u00e7ox y\u00f6nl\u00fc olmas\u0131na t\u00f6hf\u0259 verir. Eyni zamanda t\u0259krar emal edil\u0259 bil\u0259r, bu da davaml\u0131 qabla\u015fd\u0131rma h\u0259ll\u0259rin\u0259 d\u0259st\u0259k verir.<\/p>\n<\/div><\/div>\n\n\n\n<h3 class=\"wp-block-heading\"><\/h3>\n","protected":false},"excerpt":{"rendered":"<p>LDPE M\u0259hsul T\u0259sviri LDPE, y\u0259ni A\u015fa\u011f\u0131 S\u0131xl\u0131ql\u0131 Polietilen, qabla\u015fd\u0131rma v\u0259 izolyasiya t\u0259tbiql\u0259rind\u0259 geni\u015f istifad\u0259 olunan \u00e7evik v\u0259 y\u00fcng\u00fcl bir termoplastik materiald\u0131r. \u018fla z\u0259rb\u0259 m\u00fcqavim\u0259ti v\u0259 n\u0259mlik bariyer x\u00fcsusiyy\u0259tl\u0259ri il\u0259 tan\u0131nan LDPE plastik torbalar, qida \u00f6rt\u00fckl\u0259ri, konteynerl\u0259r v\u0259 s\u0131x\u0131la bil\u0259n butulkalarda geni\u015f istifad\u0259 olunur. \u00c7ox elastik oldu\u011fundan, \u00e7eviklik t\u0259l\u0259b ed\u0259n m\u0259hsullar \u00fc\u00e7\u00fcn ideald\u0131r. Bundan \u0259lav\u0259, LDPE [&hellip;]<\/p>\n","protected":false},"author":1,"featured_media":0,"parent":4927,"menu_order":0,"comment_status":"closed","ping_status":"closed","template":"","meta":{"zakra_page_container_layout":"contained","zakra_page_sidebar_layout":"right","zakra_remove_content_margin":false,"zakra_sidebar":"customizer","zakra_transparent_header":"customizer","zakra_logo":0,"zakra_main_header_style":"default","zakra_menu_item_color":"","zakra_menu_item_hover_color":"","zakra_menu_item_active_color":"","zakra_menu_active_style":"zakra_menu_active_style","zakra_page_header":true,"footnotes":""},"class_list":["post-4940","page","type-page","status-publish","hentry"],"yoast_head":"<!-- This site is optimized with the Yoast SEO plugin v26.3 - https:\/\/yoast.com\/wordpress\/plugins\/seo\/ -->\n<title>Azpetrokimya | LDPE Polimer M\u0259hsullar\u0131<\/title>\n<meta name=\"description\" content=\"\u018fyil\u0259 bil\u0259n v\u0259 effektiv LDPE polimer h\u0259ll\u0259ri il\u0259 tan\u0131\u015f olun. Az\u0259rbaycanda m\u00f6vcuddur.\" \/>\n<meta name=\"robots\" content=\"index, follow, max-snippet:-1, max-image-preview:large, max-video-preview:-1\" \/>\n<link rel=\"canonical\" href=\"https:\/\/azpetrokimya.com\/az\/products\/polymers-and-base-materials\/ldpe\/\" \/>\n<meta property=\"og:locale\" content=\"az_AZ\" \/>\n<meta property=\"og:type\" content=\"article\" \/>\n<meta property=\"og:title\" content=\"Azpetrokimya | LDPE Polimer M\u0259hsullar\u0131\" \/>\n<meta property=\"og:description\" content=\"\u018fyil\u0259 bil\u0259n v\u0259 effektiv LDPE polimer h\u0259ll\u0259ri il\u0259 tan\u0131\u015f olun. Az\u0259rbaycanda m\u00f6vcuddur.\" \/>\n<meta property=\"og:url\" content=\"https:\/\/azpetrokimya.com\/az\/products\/polymers-and-base-materials\/ldpe\/\" \/>\n<meta property=\"og:site_name\" content=\"AzPetroKimya\" \/>\n<meta property=\"article:modified_time\" content=\"2025-03-28T17:29:00+00:00\" \/>\n<meta property=\"og:image\" content=\"https:\/\/azpetrokimya.com\/wp-content\/uploads\/2024\/12\/azpetrokimya-ldpe-1.png\" \/>\n\t<meta property=\"og:image:width\" content=\"839\" \/>\n\t<meta property=\"og:image:height\" content=\"814\" \/>\n\t<meta property=\"og:image:type\" content=\"image\/png\" \/>\n<meta name=\"twitter:card\" content=\"summary_large_image\" \/>\n<meta name=\"twitter:label1\" content=\"Est. reading time\" \/>\n\t<meta name=\"twitter:data1\" content=\"1 minute\" \/>\n<script type=\"application\/ld+json\" class=\"yoast-schema-graph\">{\"@context\":\"https:\/\/schema.org\",\"@graph\":[{\"@type\":\"WebPage\",\"@id\":\"https:\/\/azpetrokimya.com\/products\/polymers-and-base-materials\/ldpe\/\",\"url\":\"https:\/\/azpetrokimya.com\/products\/polymers-and-base-materials\/ldpe\/\",\"name\":\"Azpetrokimya | LDPE Polimer M\u0259hsullar\u0131\",\"isPartOf\":{\"@id\":\"https:\/\/azpetrokimya.com\/#website\"},\"primaryImageOfPage\":{\"@id\":\"https:\/\/azpetrokimya.com\/products\/polymers-and-base-materials\/ldpe\/#primaryimage\"},\"image\":{\"@id\":\"https:\/\/azpetrokimya.com\/products\/polymers-and-base-materials\/ldpe\/#primaryimage\"},\"thumbnailUrl\":\"https:\/\/azpetrokimya.com\/wp-content\/uploads\/2024\/12\/azpetrokimya-ldpe-1.png\",\"datePublished\":\"2024-12-23T20:38:20+00:00\",\"dateModified\":\"2025-03-28T17:29:00+00:00\",\"description\":\"\u018fyil\u0259 bil\u0259n v\u0259 effektiv LDPE polimer h\u0259ll\u0259ri il\u0259 tan\u0131\u015f olun. Az\u0259rbaycanda m\u00f6vcuddur.\",\"breadcrumb\":{\"@id\":\"https:\/\/azpetrokimya.com\/products\/polymers-and-base-materials\/ldpe\/#breadcrumb\"},\"inLanguage\":\"az\",\"potentialAction\":[{\"@type\":\"ReadAction\",\"target\":[\"https:\/\/azpetrokimya.com\/products\/polymers-and-base-materials\/ldpe\/\"]}]},{\"@type\":\"ImageObject\",\"inLanguage\":\"az\",\"@id\":\"https:\/\/azpetrokimya.com\/products\/polymers-and-base-materials\/ldpe\/#primaryimage\",\"url\":\"https:\/\/azpetrokimya.com\/wp-content\/uploads\/2024\/12\/azpetrokimya-ldpe-1.png\",\"contentUrl\":\"https:\/\/azpetrokimya.com\/wp-content\/uploads\/2024\/12\/azpetrokimya-ldpe-1.png\"},{\"@type\":\"BreadcrumbList\",\"@id\":\"https:\/\/azpetrokimya.com\/products\/polymers-and-base-materials\/ldpe\/#breadcrumb\",\"itemListElement\":[{\"@type\":\"ListItem\",\"position\":1,\"name\":\"Anasayfa\",\"item\":\"https:\/\/azpetrokimya.com\/az\/\"},{\"@type\":\"ListItem\",\"position\":2,\"name\":\"M\u0259hsullar\u0131m\u0131z\",\"item\":\"https:\/\/azpetrokimya.com\/products\/\"},{\"@type\":\"ListItem\",\"position\":3,\"name\":\"Polimerl\u0259r v\u0259 \u018fsas Materiallar\",\"item\":\"https:\/\/azpetrokimya.com\/products\/polymers-and-base-materials\/\"},{\"@type\":\"ListItem\",\"position\":4,\"name\":\"LDPE\"}]},{\"@type\":\"WebSite\",\"@id\":\"https:\/\/azpetrokimya.com\/#website\",\"url\":\"https:\/\/azpetrokimya.com\/\",\"name\":\"AzPetroKimya\",\"description\":\"\",\"publisher\":{\"@id\":\"https:\/\/azpetrokimya.com\/#organization\"},\"potentialAction\":[{\"@type\":\"SearchAction\",\"target\":{\"@type\":\"EntryPoint\",\"urlTemplate\":\"https:\/\/azpetrokimya.com\/?s={search_term_string}\"},\"query-input\":{\"@type\":\"PropertyValueSpecification\",\"valueRequired\":true,\"valueName\":\"search_term_string\"}}],\"inLanguage\":\"az\"},{\"@type\":\"Organization\",\"@id\":\"https:\/\/azpetrokimya.com\/#organization\",\"name\":\"AzPetroKimya\",\"url\":\"https:\/\/azpetrokimya.com\/\",\"logo\":{\"@type\":\"ImageObject\",\"inLanguage\":\"az\",\"@id\":\"https:\/\/azpetrokimya.com\/#\/schema\/logo\/image\/\",\"url\":\"https:\/\/azpetrokimya.com\/wp-content\/uploads\/2024\/11\/azpetrokimya-logo.png\",\"contentUrl\":\"https:\/\/azpetrokimya.com\/wp-content\/uploads\/2024\/11\/azpetrokimya-logo.png\",\"width\":400,\"height\":400,\"caption\":\"AzPetroKimya\"},\"image\":{\"@id\":\"https:\/\/azpetrokimya.com\/#\/schema\/logo\/image\/\"},\"sameAs\":[\"https:\/\/www.linkedin.com\/company\/azpetrokimya\/\"]}]}<\/script>\n<!-- \/ Yoast SEO plugin. -->","yoast_head_json":{"title":"Azpetrokimya | LDPE Polimer M\u0259hsullar\u0131","description":"\u018fyil\u0259 bil\u0259n v\u0259 effektiv LDPE polimer h\u0259ll\u0259ri il\u0259 tan\u0131\u015f olun. Az\u0259rbaycanda m\u00f6vcuddur.","robots":{"index":"index","follow":"follow","max-snippet":"max-snippet:-1","max-image-preview":"max-image-preview:large","max-video-preview":"max-video-preview:-1"},"canonical":"https:\/\/azpetrokimya.com\/az\/products\/polymers-and-base-materials\/ldpe\/","og_locale":"az_AZ","og_type":"article","og_title":"Azpetrokimya | LDPE Polimer M\u0259hsullar\u0131","og_description":"\u018fyil\u0259 bil\u0259n v\u0259 effektiv LDPE polimer h\u0259ll\u0259ri il\u0259 tan\u0131\u015f olun. Az\u0259rbaycanda m\u00f6vcuddur.","og_url":"https:\/\/azpetrokimya.com\/az\/products\/polymers-and-base-materials\/ldpe\/","og_site_name":"AzPetroKimya","article_modified_time":"2025-03-28T17:29:00+00:00","og_image":[{"width":839,"height":814,"url":"https:\/\/azpetrokimya.com\/wp-content\/uploads\/2024\/12\/azpetrokimya-ldpe-1.png","type":"image\/png"}],"twitter_card":"summary_large_image","twitter_misc":{"Est. reading time":"1 minute"},"schema":{"@context":"https:\/\/schema.org","@graph":[{"@type":"WebPage","@id":"https:\/\/azpetrokimya.com\/products\/polymers-and-base-materials\/ldpe\/","url":"https:\/\/azpetrokimya.com\/products\/polymers-and-base-materials\/ldpe\/","name":"Azpetrokimya | LDPE Polimer M\u0259hsullar\u0131","isPartOf":{"@id":"https:\/\/azpetrokimya.com\/#website"},"primaryImageOfPage":{"@id":"https:\/\/azpetrokimya.com\/products\/polymers-and-base-materials\/ldpe\/#primaryimage"},"image":{"@id":"https:\/\/azpetrokimya.com\/products\/polymers-and-base-materials\/ldpe\/#primaryimage"},"thumbnailUrl":"https:\/\/azpetrokimya.com\/wp-content\/uploads\/2024\/12\/azpetrokimya-ldpe-1.png","datePublished":"2024-12-23T20:38:20+00:00","dateModified":"2025-03-28T17:29:00+00:00","description":"\u018fyil\u0259 bil\u0259n v\u0259 effektiv LDPE polimer h\u0259ll\u0259ri il\u0259 tan\u0131\u015f olun. Az\u0259rbaycanda m\u00f6vcuddur.","breadcrumb":{"@id":"https:\/\/azpetrokimya.com\/products\/polymers-and-base-materials\/ldpe\/#breadcrumb"},"inLanguage":"az","potentialAction":[{"@type":"ReadAction","target":["https:\/\/azpetrokimya.com\/products\/polymers-and-base-materials\/ldpe\/"]}]},{"@type":"ImageObject","inLanguage":"az","@id":"https:\/\/azpetrokimya.com\/products\/polymers-and-base-materials\/ldpe\/#primaryimage","url":"https:\/\/azpetrokimya.com\/wp-content\/uploads\/2024\/12\/azpetrokimya-ldpe-1.png","contentUrl":"https:\/\/azpetrokimya.com\/wp-content\/uploads\/2024\/12\/azpetrokimya-ldpe-1.png"},{"@type":"BreadcrumbList","@id":"https:\/\/azpetrokimya.com\/products\/polymers-and-base-materials\/ldpe\/#breadcrumb","itemListElement":[{"@type":"ListItem","position":1,"name":"Anasayfa","item":"https:\/\/azpetrokimya.com\/az\/"},{"@type":"ListItem","position":2,"name":"M\u0259hsullar\u0131m\u0131z","item":"https:\/\/azpetrokimya.com\/products\/"},{"@type":"ListItem","position":3,"name":"Polimerl\u0259r v\u0259 \u018fsas Materiallar","item":"https:\/\/azpetrokimya.com\/products\/polymers-and-base-materials\/"},{"@type":"ListItem","position":4,"name":"LDPE"}]},{"@type":"WebSite","@id":"https:\/\/azpetrokimya.com\/#website","url":"https:\/\/azpetrokimya.com\/","name":"AzPetroKimya","description":"","publisher":{"@id":"https:\/\/azpetrokimya.com\/#organization"},"potentialAction":[{"@type":"SearchAction","target":{"@type":"EntryPoint","urlTemplate":"https:\/\/azpetrokimya.com\/?s={search_term_string}"},"query-input":{"@type":"PropertyValueSpecification","valueRequired":true,"valueName":"search_term_string"}}],"inLanguage":"az"},{"@type":"Organization","@id":"https:\/\/azpetrokimya.com\/#organization","name":"AzPetroKimya","url":"https:\/\/azpetrokimya.com\/","logo":{"@type":"ImageObject","inLanguage":"az","@id":"https:\/\/azpetrokimya.com\/#\/schema\/logo\/image\/","url":"https:\/\/azpetrokimya.com\/wp-content\/uploads\/2024\/11\/azpetrokimya-logo.png","contentUrl":"https:\/\/azpetrokimya.com\/wp-content\/uploads\/2024\/11\/azpetrokimya-logo.png","width":400,"height":400,"caption":"AzPetroKimya"},"image":{"@id":"https:\/\/azpetrokimya.com\/#\/schema\/logo\/image\/"},"sameAs":["https:\/\/www.linkedin.com\/company\/azpetrokimya\/"]}]}},"_hostinger_reach_plugin_has_subscription_block":false,"_hostinger_reach_plugin_is_elementor":false,"_links":{"self":[{"href":"https:\/\/azpetrokimya.com\/az\/wp-json\/wp\/v2\/pages\/4940","targetHints":{"allow":["GET"]}}],"collection":[{"href":"https:\/\/azpetrokimya.com\/az\/wp-json\/wp\/v2\/pages"}],"about":[{"href":"https:\/\/azpetrokimya.com\/az\/wp-json\/wp\/v2\/types\/page"}],"author":[{"embeddable":true,"href":"https:\/\/azpetrokimya.com\/az\/wp-json\/wp\/v2\/users\/1"}],"replies":[{"embeddable":true,"href":"https:\/\/azpetrokimya.com\/az\/wp-json\/wp\/v2\/comments?post=4940"}],"version-history":[{"count":5,"href":"https:\/\/azpetrokimya.com\/az\/wp-json\/wp\/v2\/pages\/4940\/revisions"}],"predecessor-version":[{"id":5694,"href":"https:\/\/azpetrokimya.com\/az\/wp-json\/wp\/v2\/pages\/4940\/revisions\/5694"}],"up":[{"embeddable":true,"href":"https:\/\/azpetrokimya.com\/az\/wp-json\/wp\/v2\/pages\/4927"}],"wp:attachment":[{"href":"https:\/\/azpetrokimya.com\/az\/wp-json\/wp\/v2\/media?parent=4940"}],"curies":[{"name":"wp","href":"https:\/\/api.w.org\/{rel}","templated":true}]}}