{"id":4938,"date":"2024-12-23T20:37:44","date_gmt":"2024-12-23T20:37:44","guid":{"rendered":"https:\/\/new-client-azpetrokimya-draft-version.gcraft.tech\/?page_id=4938"},"modified":"2025-03-28T21:29:02","modified_gmt":"2025-03-28T17:29:02","slug":"hdpe","status":"publish","type":"page","link":"https:\/\/azpetrokimya.com\/az\/products\/polymers-and-base-materials\/hdpe\/","title":{"rendered":"HDPE"},"content":{"rendered":"\n<p><strong>HDPE M\u0259hsul T\u0259sviri<\/strong><\/p>\n\n\n\n<div class=\"wp-block-media-text is-stacked-on-mobile is-vertically-aligned-top\"><figure class=\"wp-block-media-text__media\"><img fetchpriority=\"high\" decoding=\"async\" width=\"589\" height=\"570\" src=\"https:\/\/azpetrokimya.com\/wp-content\/uploads\/2025\/01\/azpetrokimya-hdpe-1.webp\" alt=\"\" class=\"wp-image-5361 size-full\" srcset=\"https:\/\/azpetrokimya.com\/wp-content\/uploads\/2025\/01\/azpetrokimya-hdpe-1.webp 589w, https:\/\/azpetrokimya.com\/wp-content\/uploads\/2025\/01\/azpetrokimya-hdpe-1-300x290.webp 300w, https:\/\/azpetrokimya.com\/wp-content\/uploads\/2025\/01\/azpetrokimya-hdpe-1-12x12.webp 12w\" sizes=\"(max-width: 589px) 100vw, 589px\" \/><\/figure><div class=\"wp-block-media-text__content\">\n<p>HDPE, y\u0259ni Y\u00fcks\u0259k S\u0131xl\u0131ql\u0131 Polietilen, g\u00fccl\u00fc, davaml\u0131 v\u0259 \u00e7ox y\u00f6nl\u00fc bir termoplastik materiald\u0131r v\u0259 m\u00fcxt\u0259lif sah\u0259l\u0259rd\u0259 geni\u015f istifad\u0259 olunur. S\u0131xl\u0131\u011fa nisb\u0259t\u0259n y\u00fcks\u0259k m\u00f6hk\u0259mliyi il\u0259 tan\u0131nan HDPE plastik butulkalar, borular, geomembranlar v\u0259 konteynerl\u0259rin istehsal\u0131nda geni\u015f istifad\u0259 olunur. HDPE z\u0259rb\u0259y\u0259, kimy\u0259vi madd\u0259l\u0259r\u0259 v\u0259 UV radiasiyas\u0131na qar\u015f\u0131 davaml\u0131d\u0131r, bu da onu a\u00e7\u0131q hava t\u0259tbiql\u0259ri \u00fc\u00e7\u00fcn ideal edir. Bundan \u0259lav\u0259, HDPE y\u00fcng\u00fcl, t\u0259krar emal edil\u0259 bil\u0259n v\u0259 a\u015fa\u011f\u0131 n\u0259mlik udma d\u0259r\u0259c\u0259sin\u0259 malikdir ki, bu da onu h\u0259m ekoloji bax\u0131mdan \u015f\u00fcurlu, h\u0259m d\u0259 s\u0259naye layih\u0259l\u0259ri \u00fc\u00e7\u00fcn populyar edir.<\/p>\n<\/div><\/div>\n\n\n\n<h3 class=\"wp-block-heading\"><\/h3>\n","protected":false},"excerpt":{"rendered":"<p>HDPE M\u0259hsul T\u0259sviri HDPE, y\u0259ni Y\u00fcks\u0259k S\u0131xl\u0131ql\u0131 Polietilen, g\u00fccl\u00fc, davaml\u0131 v\u0259 \u00e7ox y\u00f6nl\u00fc bir termoplastik materiald\u0131r v\u0259 m\u00fcxt\u0259lif sah\u0259l\u0259rd\u0259 geni\u015f istifad\u0259 olunur. S\u0131xl\u0131\u011fa nisb\u0259t\u0259n y\u00fcks\u0259k m\u00f6hk\u0259mliyi il\u0259 tan\u0131nan HDPE plastik butulkalar, borular, geomembranlar v\u0259 konteynerl\u0259rin istehsal\u0131nda geni\u015f istifad\u0259 olunur. HDPE z\u0259rb\u0259y\u0259, kimy\u0259vi madd\u0259l\u0259r\u0259 v\u0259 UV radiasiyas\u0131na qar\u015f\u0131 davaml\u0131d\u0131r, bu da onu a\u00e7\u0131q hava t\u0259tbiql\u0259ri \u00fc\u00e7\u00fcn [&hellip;]<\/p>\n","protected":false},"author":1,"featured_media":0,"parent":4927,"menu_order":0,"comment_status":"closed","ping_status":"closed","template":"","meta":{"zakra_page_container_layout":"contained","zakra_page_sidebar_layout":"right","zakra_remove_content_margin":false,"zakra_sidebar":"customizer","zakra_transparent_header":"customizer","zakra_logo":0,"zakra_main_header_style":"default","zakra_menu_item_color":"","zakra_menu_item_hover_color":"","zakra_menu_item_active_color":"","zakra_menu_active_style":"zakra_menu_active_style","zakra_page_header":true,"footnotes":""},"class_list":["post-4938","page","type-page","status-publish","hentry"],"yoast_head":"<!-- This site is optimized with the Yoast SEO plugin v26.3 - https:\/\/yoast.com\/wordpress\/plugins\/seo\/ -->\n<title>Azpetrokimya | HDPE Material T\u0259chizat\u00e7\u0131s\u0131<\/title>\n<meta name=\"description\" content=\"M\u00fcxt\u0259lif s\u0259naye t\u0259tbiql\u0259ri \u00fc\u00e7\u00fcn davaml\u0131 v\u0259 etibarl\u0131 HDPE materiallar\u0131. Azpetrokimya il\u0259 t\u0259min olunur.\" \/>\n<meta name=\"robots\" content=\"index, follow, max-snippet:-1, max-image-preview:large, max-video-preview:-1\" \/>\n<link rel=\"canonical\" href=\"https:\/\/azpetrokimya.com\/az\/products\/polymers-and-base-materials\/hdpe\/\" \/>\n<meta property=\"og:locale\" content=\"az_AZ\" \/>\n<meta property=\"og:type\" content=\"article\" \/>\n<meta property=\"og:title\" content=\"Azpetrokimya | HDPE Material T\u0259chizat\u00e7\u0131s\u0131\" \/>\n<meta property=\"og:description\" content=\"M\u00fcxt\u0259lif s\u0259naye t\u0259tbiql\u0259ri \u00fc\u00e7\u00fcn davaml\u0131 v\u0259 etibarl\u0131 HDPE materiallar\u0131. Azpetrokimya il\u0259 t\u0259min olunur.\" \/>\n<meta property=\"og:url\" content=\"https:\/\/azpetrokimya.com\/az\/products\/polymers-and-base-materials\/hdpe\/\" \/>\n<meta property=\"og:site_name\" content=\"AzPetroKimya\" \/>\n<meta property=\"article:modified_time\" content=\"2025-03-28T17:29:02+00:00\" \/>\n<meta property=\"og:image\" content=\"https:\/\/azpetrokimya.com\/wp-content\/uploads\/2025\/01\/azpetrokimya-hdpe-1.webp\" \/>\n\t<meta property=\"og:image:width\" content=\"589\" \/>\n\t<meta property=\"og:image:height\" content=\"570\" \/>\n\t<meta property=\"og:image:type\" content=\"image\/webp\" \/>\n<meta name=\"twitter:card\" content=\"summary_large_image\" \/>\n<meta name=\"twitter:label1\" content=\"Est. reading time\" \/>\n\t<meta name=\"twitter:data1\" content=\"1 minute\" \/>\n<script type=\"application\/ld+json\" class=\"yoast-schema-graph\">{\"@context\":\"https:\/\/schema.org\",\"@graph\":[{\"@type\":\"WebPage\",\"@id\":\"https:\/\/azpetrokimya.com\/products\/polymers-and-base-materials\/hdpe\/\",\"url\":\"https:\/\/azpetrokimya.com\/products\/polymers-and-base-materials\/hdpe\/\",\"name\":\"Azpetrokimya | HDPE Material T\u0259chizat\u00e7\u0131s\u0131\",\"isPartOf\":{\"@id\":\"https:\/\/azpetrokimya.com\/#website\"},\"primaryImageOfPage\":{\"@id\":\"https:\/\/azpetrokimya.com\/products\/polymers-and-base-materials\/hdpe\/#primaryimage\"},\"image\":{\"@id\":\"https:\/\/azpetrokimya.com\/products\/polymers-and-base-materials\/hdpe\/#primaryimage\"},\"thumbnailUrl\":\"https:\/\/azpetrokimya.com\/wp-content\/uploads\/2025\/01\/azpetrokimya-hdpe-1.webp\",\"datePublished\":\"2024-12-23T20:37:44+00:00\",\"dateModified\":\"2025-03-28T17:29:02+00:00\",\"description\":\"M\u00fcxt\u0259lif s\u0259naye t\u0259tbiql\u0259ri \u00fc\u00e7\u00fcn davaml\u0131 v\u0259 etibarl\u0131 HDPE materiallar\u0131. Azpetrokimya il\u0259 t\u0259min olunur.\",\"breadcrumb\":{\"@id\":\"https:\/\/azpetrokimya.com\/products\/polymers-and-base-materials\/hdpe\/#breadcrumb\"},\"inLanguage\":\"az\",\"potentialAction\":[{\"@type\":\"ReadAction\",\"target\":[\"https:\/\/azpetrokimya.com\/products\/polymers-and-base-materials\/hdpe\/\"]}]},{\"@type\":\"ImageObject\",\"inLanguage\":\"az\",\"@id\":\"https:\/\/azpetrokimya.com\/products\/polymers-and-base-materials\/hdpe\/#primaryimage\",\"url\":\"https:\/\/azpetrokimya.com\/wp-content\/uploads\/2025\/01\/azpetrokimya-hdpe-1.webp\",\"contentUrl\":\"https:\/\/azpetrokimya.com\/wp-content\/uploads\/2025\/01\/azpetrokimya-hdpe-1.webp\"},{\"@type\":\"BreadcrumbList\",\"@id\":\"https:\/\/azpetrokimya.com\/products\/polymers-and-base-materials\/hdpe\/#breadcrumb\",\"itemListElement\":[{\"@type\":\"ListItem\",\"position\":1,\"name\":\"Anasayfa\",\"item\":\"https:\/\/azpetrokimya.com\/az\/\"},{\"@type\":\"ListItem\",\"position\":2,\"name\":\"M\u0259hsullar\u0131m\u0131z\",\"item\":\"https:\/\/azpetrokimya.com\/products\/\"},{\"@type\":\"ListItem\",\"position\":3,\"name\":\"Polimerl\u0259r v\u0259 \u018fsas Materiallar\",\"item\":\"https:\/\/azpetrokimya.com\/products\/polymers-and-base-materials\/\"},{\"@type\":\"ListItem\",\"position\":4,\"name\":\"HDPE\"}]},{\"@type\":\"WebSite\",\"@id\":\"https:\/\/azpetrokimya.com\/#website\",\"url\":\"https:\/\/azpetrokimya.com\/\",\"name\":\"AzPetroKimya\",\"description\":\"\",\"publisher\":{\"@id\":\"https:\/\/azpetrokimya.com\/#organization\"},\"potentialAction\":[{\"@type\":\"SearchAction\",\"target\":{\"@type\":\"EntryPoint\",\"urlTemplate\":\"https:\/\/azpetrokimya.com\/?s={search_term_string}\"},\"query-input\":{\"@type\":\"PropertyValueSpecification\",\"valueRequired\":true,\"valueName\":\"search_term_string\"}}],\"inLanguage\":\"az\"},{\"@type\":\"Organization\",\"@id\":\"https:\/\/azpetrokimya.com\/#organization\",\"name\":\"AzPetroKimya\",\"url\":\"https:\/\/azpetrokimya.com\/\",\"logo\":{\"@type\":\"ImageObject\",\"inLanguage\":\"az\",\"@id\":\"https:\/\/azpetrokimya.com\/#\/schema\/logo\/image\/\",\"url\":\"https:\/\/azpetrokimya.com\/wp-content\/uploads\/2024\/11\/azpetrokimya-logo.png\",\"contentUrl\":\"https:\/\/azpetrokimya.com\/wp-content\/uploads\/2024\/11\/azpetrokimya-logo.png\",\"width\":400,\"height\":400,\"caption\":\"AzPetroKimya\"},\"image\":{\"@id\":\"https:\/\/azpetrokimya.com\/#\/schema\/logo\/image\/\"},\"sameAs\":[\"https:\/\/www.linkedin.com\/company\/azpetrokimya\/\"]}]}<\/script>\n<!-- \/ Yoast SEO plugin. -->","yoast_head_json":{"title":"Azpetrokimya | HDPE Material T\u0259chizat\u00e7\u0131s\u0131","description":"M\u00fcxt\u0259lif s\u0259naye t\u0259tbiql\u0259ri \u00fc\u00e7\u00fcn davaml\u0131 v\u0259 etibarl\u0131 HDPE materiallar\u0131. Azpetrokimya il\u0259 t\u0259min olunur.","robots":{"index":"index","follow":"follow","max-snippet":"max-snippet:-1","max-image-preview":"max-image-preview:large","max-video-preview":"max-video-preview:-1"},"canonical":"https:\/\/azpetrokimya.com\/az\/products\/polymers-and-base-materials\/hdpe\/","og_locale":"az_AZ","og_type":"article","og_title":"Azpetrokimya | HDPE Material T\u0259chizat\u00e7\u0131s\u0131","og_description":"M\u00fcxt\u0259lif s\u0259naye t\u0259tbiql\u0259ri \u00fc\u00e7\u00fcn davaml\u0131 v\u0259 etibarl\u0131 HDPE materiallar\u0131. Azpetrokimya il\u0259 t\u0259min olunur.","og_url":"https:\/\/azpetrokimya.com\/az\/products\/polymers-and-base-materials\/hdpe\/","og_site_name":"AzPetroKimya","article_modified_time":"2025-03-28T17:29:02+00:00","og_image":[{"width":589,"height":570,"url":"https:\/\/azpetrokimya.com\/wp-content\/uploads\/2025\/01\/azpetrokimya-hdpe-1.webp","type":"image\/webp"}],"twitter_card":"summary_large_image","twitter_misc":{"Est. reading time":"1 minute"},"schema":{"@context":"https:\/\/schema.org","@graph":[{"@type":"WebPage","@id":"https:\/\/azpetrokimya.com\/products\/polymers-and-base-materials\/hdpe\/","url":"https:\/\/azpetrokimya.com\/products\/polymers-and-base-materials\/hdpe\/","name":"Azpetrokimya | HDPE Material T\u0259chizat\u00e7\u0131s\u0131","isPartOf":{"@id":"https:\/\/azpetrokimya.com\/#website"},"primaryImageOfPage":{"@id":"https:\/\/azpetrokimya.com\/products\/polymers-and-base-materials\/hdpe\/#primaryimage"},"image":{"@id":"https:\/\/azpetrokimya.com\/products\/polymers-and-base-materials\/hdpe\/#primaryimage"},"thumbnailUrl":"https:\/\/azpetrokimya.com\/wp-content\/uploads\/2025\/01\/azpetrokimya-hdpe-1.webp","datePublished":"2024-12-23T20:37:44+00:00","dateModified":"2025-03-28T17:29:02+00:00","description":"M\u00fcxt\u0259lif s\u0259naye t\u0259tbiql\u0259ri \u00fc\u00e7\u00fcn davaml\u0131 v\u0259 etibarl\u0131 HDPE materiallar\u0131. Azpetrokimya il\u0259 t\u0259min olunur.","breadcrumb":{"@id":"https:\/\/azpetrokimya.com\/products\/polymers-and-base-materials\/hdpe\/#breadcrumb"},"inLanguage":"az","potentialAction":[{"@type":"ReadAction","target":["https:\/\/azpetrokimya.com\/products\/polymers-and-base-materials\/hdpe\/"]}]},{"@type":"ImageObject","inLanguage":"az","@id":"https:\/\/azpetrokimya.com\/products\/polymers-and-base-materials\/hdpe\/#primaryimage","url":"https:\/\/azpetrokimya.com\/wp-content\/uploads\/2025\/01\/azpetrokimya-hdpe-1.webp","contentUrl":"https:\/\/azpetrokimya.com\/wp-content\/uploads\/2025\/01\/azpetrokimya-hdpe-1.webp"},{"@type":"BreadcrumbList","@id":"https:\/\/azpetrokimya.com\/products\/polymers-and-base-materials\/hdpe\/#breadcrumb","itemListElement":[{"@type":"ListItem","position":1,"name":"Anasayfa","item":"https:\/\/azpetrokimya.com\/az\/"},{"@type":"ListItem","position":2,"name":"M\u0259hsullar\u0131m\u0131z","item":"https:\/\/azpetrokimya.com\/products\/"},{"@type":"ListItem","position":3,"name":"Polimerl\u0259r v\u0259 \u018fsas Materiallar","item":"https:\/\/azpetrokimya.com\/products\/polymers-and-base-materials\/"},{"@type":"ListItem","position":4,"name":"HDPE"}]},{"@type":"WebSite","@id":"https:\/\/azpetrokimya.com\/#website","url":"https:\/\/azpetrokimya.com\/","name":"AzPetroKimya","description":"","publisher":{"@id":"https:\/\/azpetrokimya.com\/#organization"},"potentialAction":[{"@type":"SearchAction","target":{"@type":"EntryPoint","urlTemplate":"https:\/\/azpetrokimya.com\/?s={search_term_string}"},"query-input":{"@type":"PropertyValueSpecification","valueRequired":true,"valueName":"search_term_string"}}],"inLanguage":"az"},{"@type":"Organization","@id":"https:\/\/azpetrokimya.com\/#organization","name":"AzPetroKimya","url":"https:\/\/azpetrokimya.com\/","logo":{"@type":"ImageObject","inLanguage":"az","@id":"https:\/\/azpetrokimya.com\/#\/schema\/logo\/image\/","url":"https:\/\/azpetrokimya.com\/wp-content\/uploads\/2024\/11\/azpetrokimya-logo.png","contentUrl":"https:\/\/azpetrokimya.com\/wp-content\/uploads\/2024\/11\/azpetrokimya-logo.png","width":400,"height":400,"caption":"AzPetroKimya"},"image":{"@id":"https:\/\/azpetrokimya.com\/#\/schema\/logo\/image\/"},"sameAs":["https:\/\/www.linkedin.com\/company\/azpetrokimya\/"]}]}},"_hostinger_reach_plugin_has_subscription_block":false,"_hostinger_reach_plugin_is_elementor":false,"_links":{"self":[{"href":"https:\/\/azpetrokimya.com\/az\/wp-json\/wp\/v2\/pages\/4938","targetHints":{"allow":["GET"]}}],"collection":[{"href":"https:\/\/azpetrokimya.com\/az\/wp-json\/wp\/v2\/pages"}],"about":[{"href":"https:\/\/azpetrokimya.com\/az\/wp-json\/wp\/v2\/types\/page"}],"author":[{"embeddable":true,"href":"https:\/\/azpetrokimya.com\/az\/wp-json\/wp\/v2\/users\/1"}],"replies":[{"embeddable":true,"href":"https:\/\/azpetrokimya.com\/az\/wp-json\/wp\/v2\/comments?post=4938"}],"version-history":[{"count":8,"href":"https:\/\/azpetrokimya.com\/az\/wp-json\/wp\/v2\/pages\/4938\/revisions"}],"predecessor-version":[{"id":5695,"href":"https:\/\/azpetrokimya.com\/az\/wp-json\/wp\/v2\/pages\/4938\/revisions\/5695"}],"up":[{"embeddable":true,"href":"https:\/\/azpetrokimya.com\/az\/wp-json\/wp\/v2\/pages\/4927"}],"wp:attachment":[{"href":"https:\/\/azpetrokimya.com\/az\/wp-json\/wp\/v2\/media?parent=4938"}],"curies":[{"name":"wp","href":"https:\/\/api.w.org\/{rel}","templated":true}]}}