{"id":4882,"date":"2024-12-23T20:05:31","date_gmt":"2024-12-23T20:05:31","guid":{"rendered":"https:\/\/new-client-azpetrokimya-draft-version.gcraft.tech\/?page_id=4882"},"modified":"2025-03-28T21:42:14","modified_gmt":"2025-03-28T17:42:14","slug":"granules","status":"publish","type":"page","link":"https:\/\/azpetrokimya.com\/az\/products\/granules\/","title":{"rendered":"Qranullar"},"content":{"rendered":"\t\t<div data-elementor-type=\"wp-page\" data-elementor-id=\"4882\" class=\"elementor elementor-4882\">\n\t\t\t\t<div class=\"elementor-element elementor-element-6f2febf4 e-flex e-con-boxed e-con e-parent\" data-id=\"6f2febf4\" data-element_type=\"container\" data-settings=\"{&quot;background_background&quot;:&quot;classic&quot;}\">\n\t\t\t\t\t<div class=\"e-con-inner\">\n\t\t<div class=\"elementor-element elementor-element-4d4d0ea e-con-full e-flex e-con e-child\" data-id=\"4d4d0ea\" data-element_type=\"container\">\n\t\t<div class=\"elementor-element elementor-element-02f7a2f e-con-full e-flex e-con e-child\" data-id=\"02f7a2f\" data-element_type=\"container\" data-settings=\"{&quot;background_background&quot;:&quot;classic&quot;}\">\n\t\t\t\t<div class=\"elementor-element elementor-element-c44d591 elementor-widget elementor-widget-image\" data-id=\"c44d591\" data-element_type=\"widget\" data-widget_type=\"image.default\">\n\t\t\t\t<div class=\"elementor-widget-container\">\n\t\t\t\t\t\t\t\t\t\t\t\t\t\t\t<img fetchpriority=\"high\" decoding=\"async\" width=\"500\" height=\"500\" src=\"https:\/\/azpetrokimya.com\/wp-content\/uploads\/2024\/12\/azpetrokimya-pvc-soft-granules.webp\" class=\"attachment-full size-full wp-image-3919\" alt=\"Azpetrokimya PVC Yum\u015faq Qranullar\" srcset=\"https:\/\/azpetrokimya.com\/wp-content\/uploads\/2024\/12\/azpetrokimya-pvc-soft-granules.webp 500w, https:\/\/azpetrokimya.com\/wp-content\/uploads\/2024\/12\/azpetrokimya-pvc-soft-granules-300x300.webp 300w, https:\/\/azpetrokimya.com\/wp-content\/uploads\/2024\/12\/azpetrokimya-pvc-soft-granules-150x150.webp 150w, https:\/\/azpetrokimya.com\/wp-content\/uploads\/2024\/12\/azpetrokimya-pvc-soft-granules-12x12.webp 12w\" sizes=\"(max-width: 500px) 100vw, 500px\" \/>\t\t\t\t\t\t\t\t\t\t\t\t\t\t\t<\/div>\n\t\t\t\t<\/div>\n\t\t\t\t<div class=\"elementor-element elementor-element-94bc7aa elementor-widget elementor-widget-heading\" data-id=\"94bc7aa\" data-element_type=\"widget\" data-widget_type=\"heading.default\">\n\t\t\t\t<div class=\"elementor-widget-container\">\n\t\t\t\t\t<h2 class=\"elementor-heading-title elementor-size-default\">PVC Yum\u015faq Qranullar<\/h2>\t\t\t\t<\/div>\n\t\t\t\t<\/div>\n\t\t\t\t<div class=\"elementor-element elementor-element-9ce68f9 elementor-widget elementor-widget-button\" data-id=\"9ce68f9\" data-element_type=\"widget\" data-widget_type=\"button.default\">\n\t\t\t\t<div class=\"elementor-widget-container\">\n\t\t\t\t\t\t\t\t\t<div class=\"elementor-button-wrapper\">\n\t\t\t\t\t<a class=\"elementor-button elementor-button-link elementor-size-sm\" href=\"https:\/\/azpetrokimya.com\/products\/granules\/soft-pvc-granules\/\">\n\t\t\t\t\t\t<span class=\"elementor-button-content-wrapper\">\n\t\t\t\t\t\t\t\t\t<span class=\"elementor-button-text\">\u018ftrafl\u0131<\/span>\n\t\t\t\t\t<\/span>\n\t\t\t\t\t<\/a>\n\t\t\t\t<\/div>\n\t\t\t\t\t\t\t\t<\/div>\n\t\t\t\t<\/div>\n\t\t\t\t<\/div>\n\t\t\t\t<\/div>\n\t\t\t\t\t<\/div>\n\t\t\t\t<\/div>\n\t\t\t\t<\/div>\n\t\t","protected":false},"excerpt":{"rendered":"<p>PVC Yum\u015faq Qranullar \u018ftrafl\u0131<\/p>\n","protected":false},"author":1,"featured_media":0,"parent":12,"menu_order":0,"comment_status":"closed","ping_status":"closed","template":"","meta":{"zakra_page_container_layout":"customizer","zakra_page_sidebar_layout":"customizer","zakra_remove_content_margin":false,"zakra_sidebar":"customizer","zakra_transparent_header":"customizer","zakra_logo":0,"zakra_main_header_style":"default","zakra_menu_item_color":"","zakra_menu_item_hover_color":"","zakra_menu_item_active_color":"","zakra_menu_active_style":"","zakra_page_header":true,"footnotes":""},"class_list":["post-4882","page","type-page","status-publish","hentry"],"yoast_head":"<!-- This site is optimized with the Yoast SEO plugin v26.3 - https:\/\/yoast.com\/wordpress\/plugins\/seo\/ -->\n<title>Azpetrokimya | Yum\u015faq PVC Qranullar\u0131n\u0131n T\u0259chizat\u0131<\/title>\n<meta name=\"description\" content=\"S\u0259nayenin m\u00fcxt\u0259lif sah\u0259l\u0259ri \u00fc\u00e7\u00fcn uy\u011fun, elastik v\u0259 davaml\u0131 yum\u015faq PVC qranullar\u0131n\u0131 k\u0259\u015ff edin.\" \/>\n<meta name=\"robots\" content=\"index, follow, max-snippet:-1, max-image-preview:large, max-video-preview:-1\" \/>\n<link rel=\"canonical\" href=\"https:\/\/azpetrokimya.com\/az\/products\/granules\/\" \/>\n<meta property=\"og:locale\" content=\"az_AZ\" \/>\n<meta property=\"og:type\" content=\"article\" \/>\n<meta property=\"og:title\" content=\"Azpetrokimya | Yum\u015faq PVC Qranullar\u0131n\u0131n T\u0259chizat\u0131\" \/>\n<meta property=\"og:description\" content=\"S\u0259nayenin m\u00fcxt\u0259lif sah\u0259l\u0259ri \u00fc\u00e7\u00fcn uy\u011fun, elastik v\u0259 davaml\u0131 yum\u015faq PVC qranullar\u0131n\u0131 k\u0259\u015ff edin.\" \/>\n<meta property=\"og:url\" content=\"https:\/\/azpetrokimya.com\/az\/products\/granules\/\" \/>\n<meta property=\"og:site_name\" content=\"AzPetroKimya\" \/>\n<meta property=\"article:modified_time\" content=\"2025-03-28T17:42:14+00:00\" \/>\n<meta property=\"og:image\" content=\"https:\/\/azpetrokimya.com\/wp-content\/uploads\/2024\/12\/azpetrokimya-pvc-soft-granules.webp\" \/>\n\t<meta property=\"og:image:width\" content=\"500\" \/>\n\t<meta property=\"og:image:height\" content=\"500\" \/>\n\t<meta property=\"og:image:type\" content=\"image\/webp\" \/>\n<meta name=\"twitter:card\" content=\"summary_large_image\" \/>\n<meta name=\"twitter:label1\" content=\"Est. reading time\" \/>\n\t<meta name=\"twitter:data1\" content=\"1 minute\" \/>\n<script type=\"application\/ld+json\" class=\"yoast-schema-graph\">{\"@context\":\"https:\/\/schema.org\",\"@graph\":[{\"@type\":\"WebPage\",\"@id\":\"https:\/\/azpetrokimya.com\/products\/granules\/\",\"url\":\"https:\/\/azpetrokimya.com\/products\/granules\/\",\"name\":\"Azpetrokimya | Yum\u015faq PVC Qranullar\u0131n\u0131n T\u0259chizat\u0131\",\"isPartOf\":{\"@id\":\"https:\/\/azpetrokimya.com\/#website\"},\"primaryImageOfPage\":{\"@id\":\"https:\/\/azpetrokimya.com\/products\/granules\/#primaryimage\"},\"image\":{\"@id\":\"https:\/\/azpetrokimya.com\/products\/granules\/#primaryimage\"},\"thumbnailUrl\":\"https:\/\/azpetrokimya.com\/wp-content\/uploads\/2024\/12\/azpetrokimya-pvc-soft-granules.webp\",\"datePublished\":\"2024-12-23T20:05:31+00:00\",\"dateModified\":\"2025-03-28T17:42:14+00:00\",\"description\":\"S\u0259nayenin m\u00fcxt\u0259lif sah\u0259l\u0259ri \u00fc\u00e7\u00fcn uy\u011fun, elastik v\u0259 davaml\u0131 yum\u015faq PVC qranullar\u0131n\u0131 k\u0259\u015ff edin.\",\"breadcrumb\":{\"@id\":\"https:\/\/azpetrokimya.com\/products\/granules\/#breadcrumb\"},\"inLanguage\":\"az\",\"potentialAction\":[{\"@type\":\"ReadAction\",\"target\":[\"https:\/\/azpetrokimya.com\/products\/granules\/\"]}]},{\"@type\":\"ImageObject\",\"inLanguage\":\"az\",\"@id\":\"https:\/\/azpetrokimya.com\/products\/granules\/#primaryimage\",\"url\":\"https:\/\/azpetrokimya.com\/wp-content\/uploads\/2024\/12\/azpetrokimya-pvc-soft-granules.webp\",\"contentUrl\":\"https:\/\/azpetrokimya.com\/wp-content\/uploads\/2024\/12\/azpetrokimya-pvc-soft-granules.webp\"},{\"@type\":\"BreadcrumbList\",\"@id\":\"https:\/\/azpetrokimya.com\/products\/granules\/#breadcrumb\",\"itemListElement\":[{\"@type\":\"ListItem\",\"position\":1,\"name\":\"Anasayfa\",\"item\":\"https:\/\/azpetrokimya.com\/az\/\"},{\"@type\":\"ListItem\",\"position\":2,\"name\":\"M\u0259hsullar\u0131m\u0131z\",\"item\":\"https:\/\/azpetrokimya.com\/products\/\"},{\"@type\":\"ListItem\",\"position\":3,\"name\":\"Qranullar\"}]},{\"@type\":\"WebSite\",\"@id\":\"https:\/\/azpetrokimya.com\/#website\",\"url\":\"https:\/\/azpetrokimya.com\/\",\"name\":\"AzPetroKimya\",\"description\":\"\",\"publisher\":{\"@id\":\"https:\/\/azpetrokimya.com\/#organization\"},\"potentialAction\":[{\"@type\":\"SearchAction\",\"target\":{\"@type\":\"EntryPoint\",\"urlTemplate\":\"https:\/\/azpetrokimya.com\/?s={search_term_string}\"},\"query-input\":{\"@type\":\"PropertyValueSpecification\",\"valueRequired\":true,\"valueName\":\"search_term_string\"}}],\"inLanguage\":\"az\"},{\"@type\":\"Organization\",\"@id\":\"https:\/\/azpetrokimya.com\/#organization\",\"name\":\"AzPetroKimya\",\"url\":\"https:\/\/azpetrokimya.com\/\",\"logo\":{\"@type\":\"ImageObject\",\"inLanguage\":\"az\",\"@id\":\"https:\/\/azpetrokimya.com\/#\/schema\/logo\/image\/\",\"url\":\"https:\/\/azpetrokimya.com\/wp-content\/uploads\/2024\/11\/azpetrokimya-logo.png\",\"contentUrl\":\"https:\/\/azpetrokimya.com\/wp-content\/uploads\/2024\/11\/azpetrokimya-logo.png\",\"width\":400,\"height\":400,\"caption\":\"AzPetroKimya\"},\"image\":{\"@id\":\"https:\/\/azpetrokimya.com\/#\/schema\/logo\/image\/\"},\"sameAs\":[\"https:\/\/www.linkedin.com\/company\/azpetrokimya\/\"]}]}<\/script>\n<!-- \/ Yoast SEO plugin. -->","yoast_head_json":{"title":"Azpetrokimya | Yum\u015faq PVC Qranullar\u0131n\u0131n T\u0259chizat\u0131","description":"S\u0259nayenin m\u00fcxt\u0259lif sah\u0259l\u0259ri \u00fc\u00e7\u00fcn uy\u011fun, elastik v\u0259 davaml\u0131 yum\u015faq PVC qranullar\u0131n\u0131 k\u0259\u015ff edin.","robots":{"index":"index","follow":"follow","max-snippet":"max-snippet:-1","max-image-preview":"max-image-preview:large","max-video-preview":"max-video-preview:-1"},"canonical":"https:\/\/azpetrokimya.com\/az\/products\/granules\/","og_locale":"az_AZ","og_type":"article","og_title":"Azpetrokimya | Yum\u015faq PVC Qranullar\u0131n\u0131n T\u0259chizat\u0131","og_description":"S\u0259nayenin m\u00fcxt\u0259lif sah\u0259l\u0259ri \u00fc\u00e7\u00fcn uy\u011fun, elastik v\u0259 davaml\u0131 yum\u015faq PVC qranullar\u0131n\u0131 k\u0259\u015ff edin.","og_url":"https:\/\/azpetrokimya.com\/az\/products\/granules\/","og_site_name":"AzPetroKimya","article_modified_time":"2025-03-28T17:42:14+00:00","og_image":[{"width":500,"height":500,"url":"https:\/\/azpetrokimya.com\/wp-content\/uploads\/2024\/12\/azpetrokimya-pvc-soft-granules.webp","type":"image\/webp"}],"twitter_card":"summary_large_image","twitter_misc":{"Est. reading time":"1 minute"},"schema":{"@context":"https:\/\/schema.org","@graph":[{"@type":"WebPage","@id":"https:\/\/azpetrokimya.com\/products\/granules\/","url":"https:\/\/azpetrokimya.com\/products\/granules\/","name":"Azpetrokimya | Yum\u015faq PVC Qranullar\u0131n\u0131n T\u0259chizat\u0131","isPartOf":{"@id":"https:\/\/azpetrokimya.com\/#website"},"primaryImageOfPage":{"@id":"https:\/\/azpetrokimya.com\/products\/granules\/#primaryimage"},"image":{"@id":"https:\/\/azpetrokimya.com\/products\/granules\/#primaryimage"},"thumbnailUrl":"https:\/\/azpetrokimya.com\/wp-content\/uploads\/2024\/12\/azpetrokimya-pvc-soft-granules.webp","datePublished":"2024-12-23T20:05:31+00:00","dateModified":"2025-03-28T17:42:14+00:00","description":"S\u0259nayenin m\u00fcxt\u0259lif sah\u0259l\u0259ri \u00fc\u00e7\u00fcn uy\u011fun, elastik v\u0259 davaml\u0131 yum\u015faq PVC qranullar\u0131n\u0131 k\u0259\u015ff edin.","breadcrumb":{"@id":"https:\/\/azpetrokimya.com\/products\/granules\/#breadcrumb"},"inLanguage":"az","potentialAction":[{"@type":"ReadAction","target":["https:\/\/azpetrokimya.com\/products\/granules\/"]}]},{"@type":"ImageObject","inLanguage":"az","@id":"https:\/\/azpetrokimya.com\/products\/granules\/#primaryimage","url":"https:\/\/azpetrokimya.com\/wp-content\/uploads\/2024\/12\/azpetrokimya-pvc-soft-granules.webp","contentUrl":"https:\/\/azpetrokimya.com\/wp-content\/uploads\/2024\/12\/azpetrokimya-pvc-soft-granules.webp"},{"@type":"BreadcrumbList","@id":"https:\/\/azpetrokimya.com\/products\/granules\/#breadcrumb","itemListElement":[{"@type":"ListItem","position":1,"name":"Anasayfa","item":"https:\/\/azpetrokimya.com\/az\/"},{"@type":"ListItem","position":2,"name":"M\u0259hsullar\u0131m\u0131z","item":"https:\/\/azpetrokimya.com\/products\/"},{"@type":"ListItem","position":3,"name":"Qranullar"}]},{"@type":"WebSite","@id":"https:\/\/azpetrokimya.com\/#website","url":"https:\/\/azpetrokimya.com\/","name":"AzPetroKimya","description":"","publisher":{"@id":"https:\/\/azpetrokimya.com\/#organization"},"potentialAction":[{"@type":"SearchAction","target":{"@type":"EntryPoint","urlTemplate":"https:\/\/azpetrokimya.com\/?s={search_term_string}"},"query-input":{"@type":"PropertyValueSpecification","valueRequired":true,"valueName":"search_term_string"}}],"inLanguage":"az"},{"@type":"Organization","@id":"https:\/\/azpetrokimya.com\/#organization","name":"AzPetroKimya","url":"https:\/\/azpetrokimya.com\/","logo":{"@type":"ImageObject","inLanguage":"az","@id":"https:\/\/azpetrokimya.com\/#\/schema\/logo\/image\/","url":"https:\/\/azpetrokimya.com\/wp-content\/uploads\/2024\/11\/azpetrokimya-logo.png","contentUrl":"https:\/\/azpetrokimya.com\/wp-content\/uploads\/2024\/11\/azpetrokimya-logo.png","width":400,"height":400,"caption":"AzPetroKimya"},"image":{"@id":"https:\/\/azpetrokimya.com\/#\/schema\/logo\/image\/"},"sameAs":["https:\/\/www.linkedin.com\/company\/azpetrokimya\/"]}]}},"_hostinger_reach_plugin_has_subscription_block":false,"_hostinger_reach_plugin_is_elementor":false,"_links":{"self":[{"href":"https:\/\/azpetrokimya.com\/az\/wp-json\/wp\/v2\/pages\/4882","targetHints":{"allow":["GET"]}}],"collection":[{"href":"https:\/\/azpetrokimya.com\/az\/wp-json\/wp\/v2\/pages"}],"about":[{"href":"https:\/\/azpetrokimya.com\/az\/wp-json\/wp\/v2\/types\/page"}],"author":[{"embeddable":true,"href":"https:\/\/azpetrokimya.com\/az\/wp-json\/wp\/v2\/users\/1"}],"replies":[{"embeddable":true,"href":"https:\/\/azpetrokimya.com\/az\/wp-json\/wp\/v2\/comments?post=4882"}],"version-history":[{"count":19,"href":"https:\/\/azpetrokimya.com\/az\/wp-json\/wp\/v2\/pages\/4882\/revisions"}],"predecessor-version":[{"id":5742,"href":"https:\/\/azpetrokimya.com\/az\/wp-json\/wp\/v2\/pages\/4882\/revisions\/5742"}],"up":[{"embeddable":true,"href":"https:\/\/azpetrokimya.com\/az\/wp-json\/wp\/v2\/pages\/12"}],"wp:attachment":[{"href":"https:\/\/azpetrokimya.com\/az\/wp-json\/wp\/v2\/media?parent=4882"}],"curies":[{"name":"wp","href":"https:\/\/api.w.org\/{rel}","templated":true}]}}