{"id":3539,"date":"2024-12-01T23:09:10","date_gmt":"2024-12-01T23:09:10","guid":{"rendered":"https:\/\/new-client-azpetrokimya-draft-version.gcraft.tech\/?page_id=3539"},"modified":"2025-03-28T21:33:46","modified_gmt":"2025-03-28T17:33:46","slug":"stabilizers","status":"publish","type":"page","link":"https:\/\/azpetrokimya.com\/az\/products\/industrial-fillers-and-additives\/stabilizers\/","title":{"rendered":"Stabill\u0259\u015fdirici"},"content":{"rendered":"\n<p><strong>Stabill\u0259\u015fdirici M\u0259hsul T\u0259sviri<\/strong><\/p>\n\n\n\n<div class=\"wp-block-media-text is-stacked-on-mobile is-vertically-aligned-top\"><figure class=\"wp-block-media-text__media\"><img fetchpriority=\"high\" decoding=\"async\" width=\"634\" height=\"614\" src=\"https:\/\/azpetrokimya.com\/wp-content\/uploads\/2025\/01\/azpetrokimya-stabilizer-1.png\" alt=\"\" class=\"wp-image-5331 size-full\" srcset=\"https:\/\/azpetrokimya.com\/wp-content\/uploads\/2025\/01\/azpetrokimya-stabilizer-1.png 634w, https:\/\/azpetrokimya.com\/wp-content\/uploads\/2025\/01\/azpetrokimya-stabilizer-1-300x291.png 300w, https:\/\/azpetrokimya.com\/wp-content\/uploads\/2025\/01\/azpetrokimya-stabilizer-1-12x12.png 12w\" sizes=\"(max-width: 634px) 100vw, 634px\" \/><\/figure><div class=\"wp-block-media-text__content\">\n<p>Stabilizatorlar, m\u00fcxt\u0259lif s\u0259naye sah\u0259l\u0259rind\u0259 geni\u015f istifad\u0259 olunan kimy\u0259vi qatq\u0131lard\u0131r. Onlar \u0259sas\u0259n m\u0259hsullar\u0131n fiziki v\u0259 kimy\u0259vi davaml\u0131l\u0131\u011f\u0131n\u0131 t\u0259min etm\u0259k, istehsal edil\u0259n materiallar\u0131n \u00f6mr\u00fcn\u00fc uzatmaq v\u0259 performans\u0131n\u0131 art\u0131rmaq m\u0259qs\u0259dil\u0259 t\u0259tbiq olunur. Plastik, polimer v\u0259 dig\u0259r kimy\u0259vi m\u0259hsullar\u0131n istehsal\u0131 zaman\u0131 stabilizatorlar m\u00fch\u00fcm rol oynay\u0131r v\u0259 m\u0259hsulun keyfiyy\u0259tini qoruma\u011fa k\u00f6m\u0259k edir.<\/p>\n<\/div><\/div>\n\n\n\n<h3 class=\"wp-block-heading\"><\/h3>\n\n\n\n<p><\/p>\n","protected":false},"excerpt":{"rendered":"<p>Stabill\u0259\u015fdirici M\u0259hsul T\u0259sviri Stabilizatorlar, m\u00fcxt\u0259lif s\u0259naye sah\u0259l\u0259rind\u0259 geni\u015f istifad\u0259 olunan kimy\u0259vi qatq\u0131lard\u0131r. Onlar \u0259sas\u0259n m\u0259hsullar\u0131n fiziki v\u0259 kimy\u0259vi davaml\u0131l\u0131\u011f\u0131n\u0131 t\u0259min etm\u0259k, istehsal edil\u0259n materiallar\u0131n \u00f6mr\u00fcn\u00fc uzatmaq v\u0259 performans\u0131n\u0131 art\u0131rmaq m\u0259qs\u0259dil\u0259 t\u0259tbiq olunur. Plastik, polimer v\u0259 dig\u0259r kimy\u0259vi m\u0259hsullar\u0131n istehsal\u0131 zaman\u0131 stabilizatorlar m\u00fch\u00fcm rol oynay\u0131r v\u0259 m\u0259hsulun keyfiyy\u0259tini qoruma\u011fa k\u00f6m\u0259k edir.<\/p>\n","protected":false},"author":1,"featured_media":0,"parent":4061,"menu_order":0,"comment_status":"closed","ping_status":"closed","template":"","meta":{"zakra_page_container_layout":"contained","zakra_page_sidebar_layout":"right","zakra_remove_content_margin":false,"zakra_sidebar":"customizer","zakra_transparent_header":"customizer","zakra_logo":0,"zakra_main_header_style":"default","zakra_menu_item_color":"","zakra_menu_item_hover_color":"","zakra_menu_item_active_color":"","zakra_menu_active_style":"zakra_menu_active_style","zakra_page_header":true,"footnotes":""},"class_list":["post-3539","page","type-page","status-publish","hentry"],"yoast_head":"<!-- This site is optimized with the Yoast SEO plugin v26.3 - https:\/\/yoast.com\/wordpress\/plugins\/seo\/ -->\n<title>Azpetrokimya | PVC Stabill\u0259\u015fdirici v\u0259 \u018flav\u0259l\u0259r<\/title>\n<meta name=\"description\" content=\"\u0130stilik v\u0259 UV m\u00fcqavim\u0259ti \u00fc\u00e7\u00fcn effektiv PVC stabill\u0259\u015fdiricil\u0259ri. Azpetrokimya-n\u0131n t\u0259chizat z\u0259nciri il\u0259 m\u00f6vcuddur.\" \/>\n<meta name=\"robots\" content=\"index, follow, max-snippet:-1, max-image-preview:large, max-video-preview:-1\" \/>\n<link rel=\"canonical\" href=\"https:\/\/azpetrokimya.com\/az\/products\/industrial-fillers-and-additives\/stabilizers\/\" \/>\n<meta property=\"og:locale\" content=\"az_AZ\" \/>\n<meta property=\"og:type\" content=\"article\" \/>\n<meta property=\"og:title\" content=\"Azpetrokimya | PVC Stabill\u0259\u015fdirici v\u0259 \u018flav\u0259l\u0259r\" \/>\n<meta property=\"og:description\" content=\"\u0130stilik v\u0259 UV m\u00fcqavim\u0259ti \u00fc\u00e7\u00fcn effektiv PVC stabill\u0259\u015fdiricil\u0259ri. Azpetrokimya-n\u0131n t\u0259chizat z\u0259nciri il\u0259 m\u00f6vcuddur.\" \/>\n<meta property=\"og:url\" content=\"https:\/\/azpetrokimya.com\/az\/products\/industrial-fillers-and-additives\/stabilizers\/\" \/>\n<meta property=\"og:site_name\" content=\"AzPetroKimya\" \/>\n<meta property=\"article:modified_time\" content=\"2025-03-28T17:33:46+00:00\" \/>\n<meta property=\"og:image\" content=\"https:\/\/azpetrokimya.com\/wp-content\/uploads\/2025\/01\/azpetrokimya-stabilizer-1.png\" \/>\n\t<meta property=\"og:image:width\" content=\"634\" \/>\n\t<meta property=\"og:image:height\" content=\"614\" \/>\n\t<meta property=\"og:image:type\" content=\"image\/png\" \/>\n<meta name=\"twitter:card\" content=\"summary_large_image\" \/>\n<meta name=\"twitter:label1\" content=\"Est. reading time\" \/>\n\t<meta name=\"twitter:data1\" content=\"1 minute\" \/>\n<script type=\"application\/ld+json\" class=\"yoast-schema-graph\">{\"@context\":\"https:\/\/schema.org\",\"@graph\":[{\"@type\":\"WebPage\",\"@id\":\"https:\/\/azpetrokimya.com\/products\/industrial-fillers-and-additives\/stabilizers\/\",\"url\":\"https:\/\/azpetrokimya.com\/products\/industrial-fillers-and-additives\/stabilizers\/\",\"name\":\"Azpetrokimya | PVC Stabill\u0259\u015fdirici v\u0259 \u018flav\u0259l\u0259r\",\"isPartOf\":{\"@id\":\"https:\/\/azpetrokimya.com\/#website\"},\"primaryImageOfPage\":{\"@id\":\"https:\/\/azpetrokimya.com\/products\/industrial-fillers-and-additives\/stabilizers\/#primaryimage\"},\"image\":{\"@id\":\"https:\/\/azpetrokimya.com\/products\/industrial-fillers-and-additives\/stabilizers\/#primaryimage\"},\"thumbnailUrl\":\"https:\/\/azpetrokimya.com\/wp-content\/uploads\/2025\/01\/azpetrokimya-stabilizer-1.png\",\"datePublished\":\"2024-12-01T23:09:10+00:00\",\"dateModified\":\"2025-03-28T17:33:46+00:00\",\"description\":\"\u0130stilik v\u0259 UV m\u00fcqavim\u0259ti \u00fc\u00e7\u00fcn effektiv PVC stabill\u0259\u015fdiricil\u0259ri. Azpetrokimya-n\u0131n t\u0259chizat z\u0259nciri il\u0259 m\u00f6vcuddur.\",\"breadcrumb\":{\"@id\":\"https:\/\/azpetrokimya.com\/products\/industrial-fillers-and-additives\/stabilizers\/#breadcrumb\"},\"inLanguage\":\"az\",\"potentialAction\":[{\"@type\":\"ReadAction\",\"target\":[\"https:\/\/azpetrokimya.com\/products\/industrial-fillers-and-additives\/stabilizers\/\"]}]},{\"@type\":\"ImageObject\",\"inLanguage\":\"az\",\"@id\":\"https:\/\/azpetrokimya.com\/products\/industrial-fillers-and-additives\/stabilizers\/#primaryimage\",\"url\":\"https:\/\/azpetrokimya.com\/wp-content\/uploads\/2025\/01\/azpetrokimya-stabilizer-1.png\",\"contentUrl\":\"https:\/\/azpetrokimya.com\/wp-content\/uploads\/2025\/01\/azpetrokimya-stabilizer-1.png\"},{\"@type\":\"BreadcrumbList\",\"@id\":\"https:\/\/azpetrokimya.com\/products\/industrial-fillers-and-additives\/stabilizers\/#breadcrumb\",\"itemListElement\":[{\"@type\":\"ListItem\",\"position\":1,\"name\":\"Anasayfa\",\"item\":\"https:\/\/azpetrokimya.com\/az\/\"},{\"@type\":\"ListItem\",\"position\":2,\"name\":\"M\u0259hsullar\u0131m\u0131z\",\"item\":\"https:\/\/azpetrokimya.com\/products\/\"},{\"@type\":\"ListItem\",\"position\":3,\"name\":\"Doldurucu v\u0259 \u018flav\u0259l\u0259r\",\"item\":\"https:\/\/azpetrokimya.com\/products\/industrial-fillers-and-additives\/\"},{\"@type\":\"ListItem\",\"position\":4,\"name\":\"Stabill\u0259\u015fdirici\"}]},{\"@type\":\"WebSite\",\"@id\":\"https:\/\/azpetrokimya.com\/#website\",\"url\":\"https:\/\/azpetrokimya.com\/\",\"name\":\"AzPetroKimya\",\"description\":\"\",\"publisher\":{\"@id\":\"https:\/\/azpetrokimya.com\/#organization\"},\"potentialAction\":[{\"@type\":\"SearchAction\",\"target\":{\"@type\":\"EntryPoint\",\"urlTemplate\":\"https:\/\/azpetrokimya.com\/?s={search_term_string}\"},\"query-input\":{\"@type\":\"PropertyValueSpecification\",\"valueRequired\":true,\"valueName\":\"search_term_string\"}}],\"inLanguage\":\"az\"},{\"@type\":\"Organization\",\"@id\":\"https:\/\/azpetrokimya.com\/#organization\",\"name\":\"AzPetroKimya\",\"url\":\"https:\/\/azpetrokimya.com\/\",\"logo\":{\"@type\":\"ImageObject\",\"inLanguage\":\"az\",\"@id\":\"https:\/\/azpetrokimya.com\/#\/schema\/logo\/image\/\",\"url\":\"https:\/\/azpetrokimya.com\/wp-content\/uploads\/2024\/11\/azpetrokimya-logo.png\",\"contentUrl\":\"https:\/\/azpetrokimya.com\/wp-content\/uploads\/2024\/11\/azpetrokimya-logo.png\",\"width\":400,\"height\":400,\"caption\":\"AzPetroKimya\"},\"image\":{\"@id\":\"https:\/\/azpetrokimya.com\/#\/schema\/logo\/image\/\"},\"sameAs\":[\"https:\/\/www.linkedin.com\/company\/azpetrokimya\/\"]}]}<\/script>\n<!-- \/ Yoast SEO plugin. -->","yoast_head_json":{"title":"Azpetrokimya | PVC Stabill\u0259\u015fdirici v\u0259 \u018flav\u0259l\u0259r","description":"\u0130stilik v\u0259 UV m\u00fcqavim\u0259ti \u00fc\u00e7\u00fcn effektiv PVC stabill\u0259\u015fdiricil\u0259ri. Azpetrokimya-n\u0131n t\u0259chizat z\u0259nciri il\u0259 m\u00f6vcuddur.","robots":{"index":"index","follow":"follow","max-snippet":"max-snippet:-1","max-image-preview":"max-image-preview:large","max-video-preview":"max-video-preview:-1"},"canonical":"https:\/\/azpetrokimya.com\/az\/products\/industrial-fillers-and-additives\/stabilizers\/","og_locale":"az_AZ","og_type":"article","og_title":"Azpetrokimya | PVC Stabill\u0259\u015fdirici v\u0259 \u018flav\u0259l\u0259r","og_description":"\u0130stilik v\u0259 UV m\u00fcqavim\u0259ti \u00fc\u00e7\u00fcn effektiv PVC stabill\u0259\u015fdiricil\u0259ri. Azpetrokimya-n\u0131n t\u0259chizat z\u0259nciri il\u0259 m\u00f6vcuddur.","og_url":"https:\/\/azpetrokimya.com\/az\/products\/industrial-fillers-and-additives\/stabilizers\/","og_site_name":"AzPetroKimya","article_modified_time":"2025-03-28T17:33:46+00:00","og_image":[{"width":634,"height":614,"url":"https:\/\/azpetrokimya.com\/wp-content\/uploads\/2025\/01\/azpetrokimya-stabilizer-1.png","type":"image\/png"}],"twitter_card":"summary_large_image","twitter_misc":{"Est. reading time":"1 minute"},"schema":{"@context":"https:\/\/schema.org","@graph":[{"@type":"WebPage","@id":"https:\/\/azpetrokimya.com\/products\/industrial-fillers-and-additives\/stabilizers\/","url":"https:\/\/azpetrokimya.com\/products\/industrial-fillers-and-additives\/stabilizers\/","name":"Azpetrokimya | PVC Stabill\u0259\u015fdirici v\u0259 \u018flav\u0259l\u0259r","isPartOf":{"@id":"https:\/\/azpetrokimya.com\/#website"},"primaryImageOfPage":{"@id":"https:\/\/azpetrokimya.com\/products\/industrial-fillers-and-additives\/stabilizers\/#primaryimage"},"image":{"@id":"https:\/\/azpetrokimya.com\/products\/industrial-fillers-and-additives\/stabilizers\/#primaryimage"},"thumbnailUrl":"https:\/\/azpetrokimya.com\/wp-content\/uploads\/2025\/01\/azpetrokimya-stabilizer-1.png","datePublished":"2024-12-01T23:09:10+00:00","dateModified":"2025-03-28T17:33:46+00:00","description":"\u0130stilik v\u0259 UV m\u00fcqavim\u0259ti \u00fc\u00e7\u00fcn effektiv PVC stabill\u0259\u015fdiricil\u0259ri. Azpetrokimya-n\u0131n t\u0259chizat z\u0259nciri il\u0259 m\u00f6vcuddur.","breadcrumb":{"@id":"https:\/\/azpetrokimya.com\/products\/industrial-fillers-and-additives\/stabilizers\/#breadcrumb"},"inLanguage":"az","potentialAction":[{"@type":"ReadAction","target":["https:\/\/azpetrokimya.com\/products\/industrial-fillers-and-additives\/stabilizers\/"]}]},{"@type":"ImageObject","inLanguage":"az","@id":"https:\/\/azpetrokimya.com\/products\/industrial-fillers-and-additives\/stabilizers\/#primaryimage","url":"https:\/\/azpetrokimya.com\/wp-content\/uploads\/2025\/01\/azpetrokimya-stabilizer-1.png","contentUrl":"https:\/\/azpetrokimya.com\/wp-content\/uploads\/2025\/01\/azpetrokimya-stabilizer-1.png"},{"@type":"BreadcrumbList","@id":"https:\/\/azpetrokimya.com\/products\/industrial-fillers-and-additives\/stabilizers\/#breadcrumb","itemListElement":[{"@type":"ListItem","position":1,"name":"Anasayfa","item":"https:\/\/azpetrokimya.com\/az\/"},{"@type":"ListItem","position":2,"name":"M\u0259hsullar\u0131m\u0131z","item":"https:\/\/azpetrokimya.com\/products\/"},{"@type":"ListItem","position":3,"name":"Doldurucu v\u0259 \u018flav\u0259l\u0259r","item":"https:\/\/azpetrokimya.com\/products\/industrial-fillers-and-additives\/"},{"@type":"ListItem","position":4,"name":"Stabill\u0259\u015fdirici"}]},{"@type":"WebSite","@id":"https:\/\/azpetrokimya.com\/#website","url":"https:\/\/azpetrokimya.com\/","name":"AzPetroKimya","description":"","publisher":{"@id":"https:\/\/azpetrokimya.com\/#organization"},"potentialAction":[{"@type":"SearchAction","target":{"@type":"EntryPoint","urlTemplate":"https:\/\/azpetrokimya.com\/?s={search_term_string}"},"query-input":{"@type":"PropertyValueSpecification","valueRequired":true,"valueName":"search_term_string"}}],"inLanguage":"az"},{"@type":"Organization","@id":"https:\/\/azpetrokimya.com\/#organization","name":"AzPetroKimya","url":"https:\/\/azpetrokimya.com\/","logo":{"@type":"ImageObject","inLanguage":"az","@id":"https:\/\/azpetrokimya.com\/#\/schema\/logo\/image\/","url":"https:\/\/azpetrokimya.com\/wp-content\/uploads\/2024\/11\/azpetrokimya-logo.png","contentUrl":"https:\/\/azpetrokimya.com\/wp-content\/uploads\/2024\/11\/azpetrokimya-logo.png","width":400,"height":400,"caption":"AzPetroKimya"},"image":{"@id":"https:\/\/azpetrokimya.com\/#\/schema\/logo\/image\/"},"sameAs":["https:\/\/www.linkedin.com\/company\/azpetrokimya\/"]}]}},"_hostinger_reach_plugin_has_subscription_block":false,"_hostinger_reach_plugin_is_elementor":false,"_links":{"self":[{"href":"https:\/\/azpetrokimya.com\/az\/wp-json\/wp\/v2\/pages\/3539","targetHints":{"allow":["GET"]}}],"collection":[{"href":"https:\/\/azpetrokimya.com\/az\/wp-json\/wp\/v2\/pages"}],"about":[{"href":"https:\/\/azpetrokimya.com\/az\/wp-json\/wp\/v2\/types\/page"}],"author":[{"embeddable":true,"href":"https:\/\/azpetrokimya.com\/az\/wp-json\/wp\/v2\/users\/1"}],"replies":[{"embeddable":true,"href":"https:\/\/azpetrokimya.com\/az\/wp-json\/wp\/v2\/comments?post=3539"}],"version-history":[{"count":9,"href":"https:\/\/azpetrokimya.com\/az\/wp-json\/wp\/v2\/pages\/3539\/revisions"}],"predecessor-version":[{"id":5731,"href":"https:\/\/azpetrokimya.com\/az\/wp-json\/wp\/v2\/pages\/3539\/revisions\/5731"}],"up":[{"embeddable":true,"href":"https:\/\/azpetrokimya.com\/az\/wp-json\/wp\/v2\/pages\/4061"}],"wp:attachment":[{"href":"https:\/\/azpetrokimya.com\/az\/wp-json\/wp\/v2\/media?parent=3539"}],"curies":[{"name":"wp","href":"https:\/\/api.w.org\/{rel}","templated":true}]}}