{"id":3537,"date":"2024-12-01T23:08:48","date_gmt":"2024-12-01T23:08:48","guid":{"rendered":"https:\/\/new-client-azpetrokimya-draft-version.gcraft.tech\/?page_id=3537"},"modified":"2025-03-28T21:34:02","modified_gmt":"2025-03-28T17:34:02","slug":"pewax","status":"publish","type":"page","link":"https:\/\/azpetrokimya.com\/az\/products\/industrial-fillers-and-additives\/pewax\/","title":{"rendered":"PeWax"},"content":{"rendered":"\n<p><strong>PeWax M\u0259hsul T\u0259sviri<\/strong><\/p>\n\n\n\n<div class=\"wp-block-media-text is-stacked-on-mobile is-vertically-aligned-top\"><figure class=\"wp-block-media-text__media\"><img fetchpriority=\"high\" decoding=\"async\" width=\"611\" height=\"603\" src=\"https:\/\/azpetrokimya.com\/wp-content\/uploads\/2024\/12\/azpetrokimya-pewax-1.webp\" alt=\"\" class=\"wp-image-5083 size-full\" srcset=\"https:\/\/azpetrokimya.com\/wp-content\/uploads\/2024\/12\/azpetrokimya-pewax-1.webp 611w, https:\/\/azpetrokimya.com\/wp-content\/uploads\/2024\/12\/azpetrokimya-pewax-1-300x296.webp 300w, https:\/\/azpetrokimya.com\/wp-content\/uploads\/2024\/12\/azpetrokimya-pewax-1-12x12.webp 12w\" sizes=\"(max-width: 611px) 100vw, 611px\" \/><\/figure><div class=\"wp-block-media-text__content\">\n<p><strong>PeWax<\/strong> (<strong>Polietilen mumu<\/strong>) s\u0259nayed\u0259 geni\u015f istifad\u0259 olunan x\u00fcsusi kimy\u0259vi m\u0259hsullardan biridir. Bu m\u0259hsul, polietilenin x\u00fcsusi emal\u0131 n\u0259tic\u0259sind\u0259 \u0259ld\u0259 edilir v\u0259 f\u0259rqli formalarda \u2014 <strong>toz<\/strong>, <strong>qranul<\/strong> v\u0259 ya <strong>s\u0259rt blok<\/strong> \u015f\u0259klind\u0259 t\u0259qdim olunur. PeWax y\u00fcks\u0259k molekulyar \u00e7\u0259kisi, m\u00fck\u0259mm\u0259l s\u00fcr\u00fc\u015fm\u0259 v\u0259 s\u00fcrt\u00fcnm\u0259 x\u00fcsusiyy\u0259tl\u0259ri il\u0259 se\u00e7ilir v\u0259 bir \u00e7ox s\u0259naye sah\u0259sind\u0259 m\u00fch\u00fcm rol oynay\u0131r.<\/p>\n<\/div><\/div>\n\n\n\n<h3 class=\"wp-block-heading\"><\/h3>\n","protected":false},"excerpt":{"rendered":"<p>PeWax M\u0259hsul T\u0259sviri PeWax (Polietilen mumu) s\u0259nayed\u0259 geni\u015f istifad\u0259 olunan x\u00fcsusi kimy\u0259vi m\u0259hsullardan biridir. Bu m\u0259hsul, polietilenin x\u00fcsusi emal\u0131 n\u0259tic\u0259sind\u0259 \u0259ld\u0259 edilir v\u0259 f\u0259rqli formalarda \u2014 toz, qranul v\u0259 ya s\u0259rt blok \u015f\u0259klind\u0259 t\u0259qdim olunur. PeWax y\u00fcks\u0259k molekulyar \u00e7\u0259kisi, m\u00fck\u0259mm\u0259l s\u00fcr\u00fc\u015fm\u0259 v\u0259 s\u00fcrt\u00fcnm\u0259 x\u00fcsusiyy\u0259tl\u0259ri il\u0259 se\u00e7ilir v\u0259 bir \u00e7ox s\u0259naye sah\u0259sind\u0259 m\u00fch\u00fcm rol oynay\u0131r.<\/p>\n","protected":false},"author":1,"featured_media":0,"parent":4061,"menu_order":0,"comment_status":"closed","ping_status":"closed","template":"","meta":{"zakra_page_container_layout":"contained","zakra_page_sidebar_layout":"right","zakra_remove_content_margin":false,"zakra_sidebar":"customizer","zakra_transparent_header":"customizer","zakra_logo":0,"zakra_main_header_style":"default","zakra_menu_item_color":"","zakra_menu_item_hover_color":"","zakra_menu_item_active_color":"","zakra_menu_active_style":"zakra_menu_active_style","zakra_page_header":true,"footnotes":""},"class_list":["post-3537","page","type-page","status-publish","hentry"],"yoast_head":"<!-- This site is optimized with the Yoast SEO plugin v26.3 - https:\/\/yoast.com\/wordpress\/plugins\/seo\/ -->\n<title>Azpetrokimya | Polietilen Mumu (PE Wax)<\/title>\n<meta name=\"description\" content=\"Plastik, rezin v\u0259 \u00f6rt\u00fckl\u0259r \u00fc\u00e7\u00fcn istifad\u0259 olunan polietilen mumu (PE Wax). Etibarl\u0131 t\u0259chizat Azpetrokimya-dan.\" \/>\n<meta name=\"robots\" content=\"index, follow, max-snippet:-1, max-image-preview:large, max-video-preview:-1\" \/>\n<link rel=\"canonical\" href=\"https:\/\/azpetrokimya.com\/az\/products\/industrial-fillers-and-additives\/pewax\/\" \/>\n<meta property=\"og:locale\" content=\"az_AZ\" \/>\n<meta property=\"og:type\" content=\"article\" \/>\n<meta property=\"og:title\" content=\"Azpetrokimya | Polietilen Mumu (PE Wax)\" \/>\n<meta property=\"og:description\" content=\"Plastik, rezin v\u0259 \u00f6rt\u00fckl\u0259r \u00fc\u00e7\u00fcn istifad\u0259 olunan polietilen mumu (PE Wax). Etibarl\u0131 t\u0259chizat Azpetrokimya-dan.\" \/>\n<meta property=\"og:url\" content=\"https:\/\/azpetrokimya.com\/az\/products\/industrial-fillers-and-additives\/pewax\/\" \/>\n<meta property=\"og:site_name\" content=\"AzPetroKimya\" \/>\n<meta property=\"article:modified_time\" content=\"2025-03-28T17:34:02+00:00\" \/>\n<meta property=\"og:image\" content=\"https:\/\/azpetrokimya.com\/wp-content\/uploads\/2024\/12\/azpetrokimya-pewax-1.webp\" \/>\n\t<meta property=\"og:image:width\" content=\"611\" \/>\n\t<meta property=\"og:image:height\" content=\"603\" \/>\n\t<meta property=\"og:image:type\" content=\"image\/webp\" \/>\n<meta name=\"twitter:card\" content=\"summary_large_image\" \/>\n<meta name=\"twitter:label1\" content=\"Est. reading time\" \/>\n\t<meta name=\"twitter:data1\" content=\"1 minute\" \/>\n<script type=\"application\/ld+json\" class=\"yoast-schema-graph\">{\"@context\":\"https:\/\/schema.org\",\"@graph\":[{\"@type\":\"WebPage\",\"@id\":\"https:\/\/azpetrokimya.com\/products\/industrial-fillers-and-additives\/pewax\/\",\"url\":\"https:\/\/azpetrokimya.com\/products\/industrial-fillers-and-additives\/pewax\/\",\"name\":\"Azpetrokimya | Polietilen Mumu (PE Wax)\",\"isPartOf\":{\"@id\":\"https:\/\/azpetrokimya.com\/#website\"},\"primaryImageOfPage\":{\"@id\":\"https:\/\/azpetrokimya.com\/products\/industrial-fillers-and-additives\/pewax\/#primaryimage\"},\"image\":{\"@id\":\"https:\/\/azpetrokimya.com\/products\/industrial-fillers-and-additives\/pewax\/#primaryimage\"},\"thumbnailUrl\":\"https:\/\/azpetrokimya.com\/wp-content\/uploads\/2024\/12\/azpetrokimya-pewax-1.webp\",\"datePublished\":\"2024-12-01T23:08:48+00:00\",\"dateModified\":\"2025-03-28T17:34:02+00:00\",\"description\":\"Plastik, rezin v\u0259 \u00f6rt\u00fckl\u0259r \u00fc\u00e7\u00fcn istifad\u0259 olunan polietilen mumu (PE Wax). Etibarl\u0131 t\u0259chizat Azpetrokimya-dan.\",\"breadcrumb\":{\"@id\":\"https:\/\/azpetrokimya.com\/products\/industrial-fillers-and-additives\/pewax\/#breadcrumb\"},\"inLanguage\":\"az\",\"potentialAction\":[{\"@type\":\"ReadAction\",\"target\":[\"https:\/\/azpetrokimya.com\/products\/industrial-fillers-and-additives\/pewax\/\"]}]},{\"@type\":\"ImageObject\",\"inLanguage\":\"az\",\"@id\":\"https:\/\/azpetrokimya.com\/products\/industrial-fillers-and-additives\/pewax\/#primaryimage\",\"url\":\"https:\/\/azpetrokimya.com\/wp-content\/uploads\/2024\/12\/azpetrokimya-pewax-1.webp\",\"contentUrl\":\"https:\/\/azpetrokimya.com\/wp-content\/uploads\/2024\/12\/azpetrokimya-pewax-1.webp\"},{\"@type\":\"BreadcrumbList\",\"@id\":\"https:\/\/azpetrokimya.com\/products\/industrial-fillers-and-additives\/pewax\/#breadcrumb\",\"itemListElement\":[{\"@type\":\"ListItem\",\"position\":1,\"name\":\"Anasayfa\",\"item\":\"https:\/\/azpetrokimya.com\/az\/\"},{\"@type\":\"ListItem\",\"position\":2,\"name\":\"M\u0259hsullar\u0131m\u0131z\",\"item\":\"https:\/\/azpetrokimya.com\/products\/\"},{\"@type\":\"ListItem\",\"position\":3,\"name\":\"Doldurucu v\u0259 \u018flav\u0259l\u0259r\",\"item\":\"https:\/\/azpetrokimya.com\/products\/industrial-fillers-and-additives\/\"},{\"@type\":\"ListItem\",\"position\":4,\"name\":\"PeWax\"}]},{\"@type\":\"WebSite\",\"@id\":\"https:\/\/azpetrokimya.com\/#website\",\"url\":\"https:\/\/azpetrokimya.com\/\",\"name\":\"AzPetroKimya\",\"description\":\"\",\"publisher\":{\"@id\":\"https:\/\/azpetrokimya.com\/#organization\"},\"potentialAction\":[{\"@type\":\"SearchAction\",\"target\":{\"@type\":\"EntryPoint\",\"urlTemplate\":\"https:\/\/azpetrokimya.com\/?s={search_term_string}\"},\"query-input\":{\"@type\":\"PropertyValueSpecification\",\"valueRequired\":true,\"valueName\":\"search_term_string\"}}],\"inLanguage\":\"az\"},{\"@type\":\"Organization\",\"@id\":\"https:\/\/azpetrokimya.com\/#organization\",\"name\":\"AzPetroKimya\",\"url\":\"https:\/\/azpetrokimya.com\/\",\"logo\":{\"@type\":\"ImageObject\",\"inLanguage\":\"az\",\"@id\":\"https:\/\/azpetrokimya.com\/#\/schema\/logo\/image\/\",\"url\":\"https:\/\/azpetrokimya.com\/wp-content\/uploads\/2024\/11\/azpetrokimya-logo.png\",\"contentUrl\":\"https:\/\/azpetrokimya.com\/wp-content\/uploads\/2024\/11\/azpetrokimya-logo.png\",\"width\":400,\"height\":400,\"caption\":\"AzPetroKimya\"},\"image\":{\"@id\":\"https:\/\/azpetrokimya.com\/#\/schema\/logo\/image\/\"},\"sameAs\":[\"https:\/\/www.linkedin.com\/company\/azpetrokimya\/\"]}]}<\/script>\n<!-- \/ Yoast SEO plugin. -->","yoast_head_json":{"title":"Azpetrokimya | Polietilen Mumu (PE Wax)","description":"Plastik, rezin v\u0259 \u00f6rt\u00fckl\u0259r \u00fc\u00e7\u00fcn istifad\u0259 olunan polietilen mumu (PE Wax). Etibarl\u0131 t\u0259chizat Azpetrokimya-dan.","robots":{"index":"index","follow":"follow","max-snippet":"max-snippet:-1","max-image-preview":"max-image-preview:large","max-video-preview":"max-video-preview:-1"},"canonical":"https:\/\/azpetrokimya.com\/az\/products\/industrial-fillers-and-additives\/pewax\/","og_locale":"az_AZ","og_type":"article","og_title":"Azpetrokimya | Polietilen Mumu (PE Wax)","og_description":"Plastik, rezin v\u0259 \u00f6rt\u00fckl\u0259r \u00fc\u00e7\u00fcn istifad\u0259 olunan polietilen mumu (PE Wax). Etibarl\u0131 t\u0259chizat Azpetrokimya-dan.","og_url":"https:\/\/azpetrokimya.com\/az\/products\/industrial-fillers-and-additives\/pewax\/","og_site_name":"AzPetroKimya","article_modified_time":"2025-03-28T17:34:02+00:00","og_image":[{"width":611,"height":603,"url":"https:\/\/azpetrokimya.com\/wp-content\/uploads\/2024\/12\/azpetrokimya-pewax-1.webp","type":"image\/webp"}],"twitter_card":"summary_large_image","twitter_misc":{"Est. reading time":"1 minute"},"schema":{"@context":"https:\/\/schema.org","@graph":[{"@type":"WebPage","@id":"https:\/\/azpetrokimya.com\/products\/industrial-fillers-and-additives\/pewax\/","url":"https:\/\/azpetrokimya.com\/products\/industrial-fillers-and-additives\/pewax\/","name":"Azpetrokimya | Polietilen Mumu (PE Wax)","isPartOf":{"@id":"https:\/\/azpetrokimya.com\/#website"},"primaryImageOfPage":{"@id":"https:\/\/azpetrokimya.com\/products\/industrial-fillers-and-additives\/pewax\/#primaryimage"},"image":{"@id":"https:\/\/azpetrokimya.com\/products\/industrial-fillers-and-additives\/pewax\/#primaryimage"},"thumbnailUrl":"https:\/\/azpetrokimya.com\/wp-content\/uploads\/2024\/12\/azpetrokimya-pewax-1.webp","datePublished":"2024-12-01T23:08:48+00:00","dateModified":"2025-03-28T17:34:02+00:00","description":"Plastik, rezin v\u0259 \u00f6rt\u00fckl\u0259r \u00fc\u00e7\u00fcn istifad\u0259 olunan polietilen mumu (PE Wax). Etibarl\u0131 t\u0259chizat Azpetrokimya-dan.","breadcrumb":{"@id":"https:\/\/azpetrokimya.com\/products\/industrial-fillers-and-additives\/pewax\/#breadcrumb"},"inLanguage":"az","potentialAction":[{"@type":"ReadAction","target":["https:\/\/azpetrokimya.com\/products\/industrial-fillers-and-additives\/pewax\/"]}]},{"@type":"ImageObject","inLanguage":"az","@id":"https:\/\/azpetrokimya.com\/products\/industrial-fillers-and-additives\/pewax\/#primaryimage","url":"https:\/\/azpetrokimya.com\/wp-content\/uploads\/2024\/12\/azpetrokimya-pewax-1.webp","contentUrl":"https:\/\/azpetrokimya.com\/wp-content\/uploads\/2024\/12\/azpetrokimya-pewax-1.webp"},{"@type":"BreadcrumbList","@id":"https:\/\/azpetrokimya.com\/products\/industrial-fillers-and-additives\/pewax\/#breadcrumb","itemListElement":[{"@type":"ListItem","position":1,"name":"Anasayfa","item":"https:\/\/azpetrokimya.com\/az\/"},{"@type":"ListItem","position":2,"name":"M\u0259hsullar\u0131m\u0131z","item":"https:\/\/azpetrokimya.com\/products\/"},{"@type":"ListItem","position":3,"name":"Doldurucu v\u0259 \u018flav\u0259l\u0259r","item":"https:\/\/azpetrokimya.com\/products\/industrial-fillers-and-additives\/"},{"@type":"ListItem","position":4,"name":"PeWax"}]},{"@type":"WebSite","@id":"https:\/\/azpetrokimya.com\/#website","url":"https:\/\/azpetrokimya.com\/","name":"AzPetroKimya","description":"","publisher":{"@id":"https:\/\/azpetrokimya.com\/#organization"},"potentialAction":[{"@type":"SearchAction","target":{"@type":"EntryPoint","urlTemplate":"https:\/\/azpetrokimya.com\/?s={search_term_string}"},"query-input":{"@type":"PropertyValueSpecification","valueRequired":true,"valueName":"search_term_string"}}],"inLanguage":"az"},{"@type":"Organization","@id":"https:\/\/azpetrokimya.com\/#organization","name":"AzPetroKimya","url":"https:\/\/azpetrokimya.com\/","logo":{"@type":"ImageObject","inLanguage":"az","@id":"https:\/\/azpetrokimya.com\/#\/schema\/logo\/image\/","url":"https:\/\/azpetrokimya.com\/wp-content\/uploads\/2024\/11\/azpetrokimya-logo.png","contentUrl":"https:\/\/azpetrokimya.com\/wp-content\/uploads\/2024\/11\/azpetrokimya-logo.png","width":400,"height":400,"caption":"AzPetroKimya"},"image":{"@id":"https:\/\/azpetrokimya.com\/#\/schema\/logo\/image\/"},"sameAs":["https:\/\/www.linkedin.com\/company\/azpetrokimya\/"]}]}},"_hostinger_reach_plugin_has_subscription_block":false,"_hostinger_reach_plugin_is_elementor":false,"_links":{"self":[{"href":"https:\/\/azpetrokimya.com\/az\/wp-json\/wp\/v2\/pages\/3537","targetHints":{"allow":["GET"]}}],"collection":[{"href":"https:\/\/azpetrokimya.com\/az\/wp-json\/wp\/v2\/pages"}],"about":[{"href":"https:\/\/azpetrokimya.com\/az\/wp-json\/wp\/v2\/types\/page"}],"author":[{"embeddable":true,"href":"https:\/\/azpetrokimya.com\/az\/wp-json\/wp\/v2\/users\/1"}],"replies":[{"embeddable":true,"href":"https:\/\/azpetrokimya.com\/az\/wp-json\/wp\/v2\/comments?post=3537"}],"version-history":[{"count":7,"href":"https:\/\/azpetrokimya.com\/az\/wp-json\/wp\/v2\/pages\/3537\/revisions"}],"predecessor-version":[{"id":5733,"href":"https:\/\/azpetrokimya.com\/az\/wp-json\/wp\/v2\/pages\/3537\/revisions\/5733"}],"up":[{"embeddable":true,"href":"https:\/\/azpetrokimya.com\/az\/wp-json\/wp\/v2\/pages\/4061"}],"wp:attachment":[{"href":"https:\/\/azpetrokimya.com\/az\/wp-json\/wp\/v2\/media?parent=3537"}],"curies":[{"name":"wp","href":"https:\/\/api.w.org\/{rel}","templated":true}]}}