{"id":3535,"date":"2024-12-01T23:08:32","date_gmt":"2024-12-01T23:08:32","guid":{"rendered":"https:\/\/new-client-azpetrokimya-draft-version.gcraft.tech\/?page_id=3535"},"modified":"2025-03-28T21:34:20","modified_gmt":"2025-03-28T17:34:20","slug":"bitum","status":"publish","type":"page","link":"https:\/\/azpetrokimya.com\/az\/products\/petrochemical-products-for-industry\/bitum\/","title":{"rendered":"Bitum"},"content":{"rendered":"\n<p><strong>Bitum M\u0259hsul T\u0259sviri<\/strong><\/p>\n\n\n\n<div class=\"wp-block-media-text is-stacked-on-mobile is-vertically-aligned-top\"><figure class=\"wp-block-media-text__media\"><img fetchpriority=\"high\" decoding=\"async\" width=\"767\" height=\"742\" src=\"https:\/\/azpetrokimya.com\/wp-content\/uploads\/2024\/12\/azpetrokimya-bitumen-1.png\" alt=\"\" class=\"wp-image-5112 size-full\" srcset=\"https:\/\/azpetrokimya.com\/wp-content\/uploads\/2024\/12\/azpetrokimya-bitumen-1.png 767w, https:\/\/azpetrokimya.com\/wp-content\/uploads\/2024\/12\/azpetrokimya-bitumen-1-300x290.png 300w, https:\/\/azpetrokimya.com\/wp-content\/uploads\/2024\/12\/azpetrokimya-bitumen-1-12x12.png 12w\" sizes=\"(max-width: 767px) 100vw, 767px\" \/><\/figure><div class=\"wp-block-media-text__content\">\n<p><strong>Bitum<\/strong> neftin emal\u0131 zaman\u0131 \u0259ld\u0259 edil\u0259n, qara r\u0259ngli, yap\u0131\u015fqan v\u0259 yar\u0131qat\u0131 v\u0259ziyy\u0259td\u0259 olan bir madd\u0259dir. T\u0259bi\u0259td\u0259 t\u0259bii \u015f\u0259kild\u0259 tap\u0131la bil\u0259n v\u0259 eyni zamanda neftin distill\u0259 prosesi n\u0259tic\u0259sind\u0259 istehsal olunan bu material \u0259sas\u0259n tikinti v\u0259 yol in\u015faat\u0131nda istifad\u0259 edilir. Bitum y\u00fcks\u0259k yap\u0131\u015fqanl\u0131q v\u0259 su ke\u00e7irm\u0259zlik x\u00fcsusiyy\u0259tl\u0259ri il\u0259 f\u0259rql\u0259nir v\u0259 bir \u00e7ox s\u0259naye sah\u0259sind\u0259 m\u00fch\u00fcm rol oynay\u0131r.<\/p>\n<\/div><\/div>\n\n\n\n<h3 class=\"wp-block-heading\"><\/h3>\n","protected":false},"excerpt":{"rendered":"<p>Bitum M\u0259hsul T\u0259sviri Bitum neftin emal\u0131 zaman\u0131 \u0259ld\u0259 edil\u0259n, qara r\u0259ngli, yap\u0131\u015fqan v\u0259 yar\u0131qat\u0131 v\u0259ziyy\u0259td\u0259 olan bir madd\u0259dir. T\u0259bi\u0259td\u0259 t\u0259bii \u015f\u0259kild\u0259 tap\u0131la bil\u0259n v\u0259 eyni zamanda neftin distill\u0259 prosesi n\u0259tic\u0259sind\u0259 istehsal olunan bu material \u0259sas\u0259n tikinti v\u0259 yol in\u015faat\u0131nda istifad\u0259 edilir. Bitum y\u00fcks\u0259k yap\u0131\u015fqanl\u0131q v\u0259 su ke\u00e7irm\u0259zlik x\u00fcsusiyy\u0259tl\u0259ri il\u0259 f\u0259rql\u0259nir v\u0259 bir \u00e7ox s\u0259naye sah\u0259sind\u0259 [&hellip;]<\/p>\n","protected":false},"author":1,"featured_media":0,"parent":4914,"menu_order":0,"comment_status":"closed","ping_status":"closed","template":"","meta":{"zakra_page_container_layout":"contained","zakra_page_sidebar_layout":"right","zakra_remove_content_margin":false,"zakra_sidebar":"customizer","zakra_transparent_header":"customizer","zakra_logo":0,"zakra_main_header_style":"default","zakra_menu_item_color":"","zakra_menu_item_hover_color":"","zakra_menu_item_active_color":"","zakra_menu_active_style":"zakra_menu_active_style","zakra_page_header":true,"footnotes":""},"class_list":["post-3535","page","type-page","status-publish","hentry"],"yoast_head":"<!-- This site is optimized with the Yoast SEO plugin v26.3 - https:\/\/yoast.com\/wordpress\/plugins\/seo\/ -->\n<title>Azpetrokimya | Bitum M\u0259hsullar\u0131 v\u0259 H\u0259ll\u0259ri<\/title>\n<meta name=\"description\" content=\"Tikinti v\u0259 yol \u00f6rt\u00fckl\u0259ri \u00fc\u00e7\u00fcn bitum m\u0259hsullar\u0131 il\u0259 tan\u0131\u015f olun. Etibarl\u0131 t\u0259chizat Azpetrokimya-dan.\" \/>\n<meta name=\"robots\" content=\"index, follow, max-snippet:-1, max-image-preview:large, max-video-preview:-1\" \/>\n<link rel=\"canonical\" href=\"https:\/\/azpetrokimya.com\/az\/products\/petrochemical-products-for-industry\/bitum\/\" \/>\n<meta property=\"og:locale\" content=\"az_AZ\" \/>\n<meta property=\"og:type\" content=\"article\" \/>\n<meta property=\"og:title\" content=\"Azpetrokimya | Bitum M\u0259hsullar\u0131 v\u0259 H\u0259ll\u0259ri\" \/>\n<meta property=\"og:description\" content=\"Tikinti v\u0259 yol \u00f6rt\u00fckl\u0259ri \u00fc\u00e7\u00fcn bitum m\u0259hsullar\u0131 il\u0259 tan\u0131\u015f olun. Etibarl\u0131 t\u0259chizat Azpetrokimya-dan.\" \/>\n<meta property=\"og:url\" content=\"https:\/\/azpetrokimya.com\/az\/products\/petrochemical-products-for-industry\/bitum\/\" \/>\n<meta property=\"og:site_name\" content=\"AzPetroKimya\" \/>\n<meta property=\"article:modified_time\" content=\"2025-03-28T17:34:20+00:00\" \/>\n<meta property=\"og:image\" content=\"https:\/\/azpetrokimya.com\/wp-content\/uploads\/2024\/12\/azpetrokimya-bitumen-1.png\" \/>\n\t<meta property=\"og:image:width\" content=\"767\" \/>\n\t<meta property=\"og:image:height\" content=\"742\" \/>\n\t<meta property=\"og:image:type\" content=\"image\/png\" \/>\n<meta name=\"twitter:card\" content=\"summary_large_image\" \/>\n<meta name=\"twitter:label1\" content=\"Est. reading time\" \/>\n\t<meta name=\"twitter:data1\" content=\"1 minute\" \/>\n<script type=\"application\/ld+json\" class=\"yoast-schema-graph\">{\"@context\":\"https:\/\/schema.org\",\"@graph\":[{\"@type\":\"WebPage\",\"@id\":\"https:\/\/azpetrokimya.com\/products\/petrochemical-products-for-industry\/bitum\/\",\"url\":\"https:\/\/azpetrokimya.com\/products\/petrochemical-products-for-industry\/bitum\/\",\"name\":\"Azpetrokimya | Bitum M\u0259hsullar\u0131 v\u0259 H\u0259ll\u0259ri\",\"isPartOf\":{\"@id\":\"https:\/\/azpetrokimya.com\/#website\"},\"primaryImageOfPage\":{\"@id\":\"https:\/\/azpetrokimya.com\/products\/petrochemical-products-for-industry\/bitum\/#primaryimage\"},\"image\":{\"@id\":\"https:\/\/azpetrokimya.com\/products\/petrochemical-products-for-industry\/bitum\/#primaryimage\"},\"thumbnailUrl\":\"https:\/\/azpetrokimya.com\/wp-content\/uploads\/2024\/12\/azpetrokimya-bitumen-1.png\",\"datePublished\":\"2024-12-01T23:08:32+00:00\",\"dateModified\":\"2025-03-28T17:34:20+00:00\",\"description\":\"Tikinti v\u0259 yol \u00f6rt\u00fckl\u0259ri \u00fc\u00e7\u00fcn bitum m\u0259hsullar\u0131 il\u0259 tan\u0131\u015f olun. Etibarl\u0131 t\u0259chizat Azpetrokimya-dan.\",\"breadcrumb\":{\"@id\":\"https:\/\/azpetrokimya.com\/products\/petrochemical-products-for-industry\/bitum\/#breadcrumb\"},\"inLanguage\":\"az\",\"potentialAction\":[{\"@type\":\"ReadAction\",\"target\":[\"https:\/\/azpetrokimya.com\/products\/petrochemical-products-for-industry\/bitum\/\"]}]},{\"@type\":\"ImageObject\",\"inLanguage\":\"az\",\"@id\":\"https:\/\/azpetrokimya.com\/products\/petrochemical-products-for-industry\/bitum\/#primaryimage\",\"url\":\"https:\/\/azpetrokimya.com\/wp-content\/uploads\/2024\/12\/azpetrokimya-bitumen-1.png\",\"contentUrl\":\"https:\/\/azpetrokimya.com\/wp-content\/uploads\/2024\/12\/azpetrokimya-bitumen-1.png\"},{\"@type\":\"BreadcrumbList\",\"@id\":\"https:\/\/azpetrokimya.com\/products\/petrochemical-products-for-industry\/bitum\/#breadcrumb\",\"itemListElement\":[{\"@type\":\"ListItem\",\"position\":1,\"name\":\"Anasayfa\",\"item\":\"https:\/\/azpetrokimya.com\/az\/\"},{\"@type\":\"ListItem\",\"position\":2,\"name\":\"M\u0259hsullar\u0131m\u0131z\",\"item\":\"https:\/\/azpetrokimya.com\/products\/\"},{\"@type\":\"ListItem\",\"position\":3,\"name\":\"Neft-Kimya M\u0259hsullar\u0131\",\"item\":\"https:\/\/azpetrokimya.com\/products\/petrochemical-products-for-industry\/\"},{\"@type\":\"ListItem\",\"position\":4,\"name\":\"Bitum\"}]},{\"@type\":\"WebSite\",\"@id\":\"https:\/\/azpetrokimya.com\/#website\",\"url\":\"https:\/\/azpetrokimya.com\/\",\"name\":\"AzPetroKimya\",\"description\":\"\",\"publisher\":{\"@id\":\"https:\/\/azpetrokimya.com\/#organization\"},\"potentialAction\":[{\"@type\":\"SearchAction\",\"target\":{\"@type\":\"EntryPoint\",\"urlTemplate\":\"https:\/\/azpetrokimya.com\/?s={search_term_string}\"},\"query-input\":{\"@type\":\"PropertyValueSpecification\",\"valueRequired\":true,\"valueName\":\"search_term_string\"}}],\"inLanguage\":\"az\"},{\"@type\":\"Organization\",\"@id\":\"https:\/\/azpetrokimya.com\/#organization\",\"name\":\"AzPetroKimya\",\"url\":\"https:\/\/azpetrokimya.com\/\",\"logo\":{\"@type\":\"ImageObject\",\"inLanguage\":\"az\",\"@id\":\"https:\/\/azpetrokimya.com\/#\/schema\/logo\/image\/\",\"url\":\"https:\/\/azpetrokimya.com\/wp-content\/uploads\/2024\/11\/azpetrokimya-logo.png\",\"contentUrl\":\"https:\/\/azpetrokimya.com\/wp-content\/uploads\/2024\/11\/azpetrokimya-logo.png\",\"width\":400,\"height\":400,\"caption\":\"AzPetroKimya\"},\"image\":{\"@id\":\"https:\/\/azpetrokimya.com\/#\/schema\/logo\/image\/\"},\"sameAs\":[\"https:\/\/www.linkedin.com\/company\/azpetrokimya\/\"]}]}<\/script>\n<!-- \/ Yoast SEO plugin. -->","yoast_head_json":{"title":"Azpetrokimya | Bitum M\u0259hsullar\u0131 v\u0259 H\u0259ll\u0259ri","description":"Tikinti v\u0259 yol \u00f6rt\u00fckl\u0259ri \u00fc\u00e7\u00fcn bitum m\u0259hsullar\u0131 il\u0259 tan\u0131\u015f olun. Etibarl\u0131 t\u0259chizat Azpetrokimya-dan.","robots":{"index":"index","follow":"follow","max-snippet":"max-snippet:-1","max-image-preview":"max-image-preview:large","max-video-preview":"max-video-preview:-1"},"canonical":"https:\/\/azpetrokimya.com\/az\/products\/petrochemical-products-for-industry\/bitum\/","og_locale":"az_AZ","og_type":"article","og_title":"Azpetrokimya | Bitum M\u0259hsullar\u0131 v\u0259 H\u0259ll\u0259ri","og_description":"Tikinti v\u0259 yol \u00f6rt\u00fckl\u0259ri \u00fc\u00e7\u00fcn bitum m\u0259hsullar\u0131 il\u0259 tan\u0131\u015f olun. Etibarl\u0131 t\u0259chizat Azpetrokimya-dan.","og_url":"https:\/\/azpetrokimya.com\/az\/products\/petrochemical-products-for-industry\/bitum\/","og_site_name":"AzPetroKimya","article_modified_time":"2025-03-28T17:34:20+00:00","og_image":[{"width":767,"height":742,"url":"https:\/\/azpetrokimya.com\/wp-content\/uploads\/2024\/12\/azpetrokimya-bitumen-1.png","type":"image\/png"}],"twitter_card":"summary_large_image","twitter_misc":{"Est. reading time":"1 minute"},"schema":{"@context":"https:\/\/schema.org","@graph":[{"@type":"WebPage","@id":"https:\/\/azpetrokimya.com\/products\/petrochemical-products-for-industry\/bitum\/","url":"https:\/\/azpetrokimya.com\/products\/petrochemical-products-for-industry\/bitum\/","name":"Azpetrokimya | Bitum M\u0259hsullar\u0131 v\u0259 H\u0259ll\u0259ri","isPartOf":{"@id":"https:\/\/azpetrokimya.com\/#website"},"primaryImageOfPage":{"@id":"https:\/\/azpetrokimya.com\/products\/petrochemical-products-for-industry\/bitum\/#primaryimage"},"image":{"@id":"https:\/\/azpetrokimya.com\/products\/petrochemical-products-for-industry\/bitum\/#primaryimage"},"thumbnailUrl":"https:\/\/azpetrokimya.com\/wp-content\/uploads\/2024\/12\/azpetrokimya-bitumen-1.png","datePublished":"2024-12-01T23:08:32+00:00","dateModified":"2025-03-28T17:34:20+00:00","description":"Tikinti v\u0259 yol \u00f6rt\u00fckl\u0259ri \u00fc\u00e7\u00fcn bitum m\u0259hsullar\u0131 il\u0259 tan\u0131\u015f olun. Etibarl\u0131 t\u0259chizat Azpetrokimya-dan.","breadcrumb":{"@id":"https:\/\/azpetrokimya.com\/products\/petrochemical-products-for-industry\/bitum\/#breadcrumb"},"inLanguage":"az","potentialAction":[{"@type":"ReadAction","target":["https:\/\/azpetrokimya.com\/products\/petrochemical-products-for-industry\/bitum\/"]}]},{"@type":"ImageObject","inLanguage":"az","@id":"https:\/\/azpetrokimya.com\/products\/petrochemical-products-for-industry\/bitum\/#primaryimage","url":"https:\/\/azpetrokimya.com\/wp-content\/uploads\/2024\/12\/azpetrokimya-bitumen-1.png","contentUrl":"https:\/\/azpetrokimya.com\/wp-content\/uploads\/2024\/12\/azpetrokimya-bitumen-1.png"},{"@type":"BreadcrumbList","@id":"https:\/\/azpetrokimya.com\/products\/petrochemical-products-for-industry\/bitum\/#breadcrumb","itemListElement":[{"@type":"ListItem","position":1,"name":"Anasayfa","item":"https:\/\/azpetrokimya.com\/az\/"},{"@type":"ListItem","position":2,"name":"M\u0259hsullar\u0131m\u0131z","item":"https:\/\/azpetrokimya.com\/products\/"},{"@type":"ListItem","position":3,"name":"Neft-Kimya M\u0259hsullar\u0131","item":"https:\/\/azpetrokimya.com\/products\/petrochemical-products-for-industry\/"},{"@type":"ListItem","position":4,"name":"Bitum"}]},{"@type":"WebSite","@id":"https:\/\/azpetrokimya.com\/#website","url":"https:\/\/azpetrokimya.com\/","name":"AzPetroKimya","description":"","publisher":{"@id":"https:\/\/azpetrokimya.com\/#organization"},"potentialAction":[{"@type":"SearchAction","target":{"@type":"EntryPoint","urlTemplate":"https:\/\/azpetrokimya.com\/?s={search_term_string}"},"query-input":{"@type":"PropertyValueSpecification","valueRequired":true,"valueName":"search_term_string"}}],"inLanguage":"az"},{"@type":"Organization","@id":"https:\/\/azpetrokimya.com\/#organization","name":"AzPetroKimya","url":"https:\/\/azpetrokimya.com\/","logo":{"@type":"ImageObject","inLanguage":"az","@id":"https:\/\/azpetrokimya.com\/#\/schema\/logo\/image\/","url":"https:\/\/azpetrokimya.com\/wp-content\/uploads\/2024\/11\/azpetrokimya-logo.png","contentUrl":"https:\/\/azpetrokimya.com\/wp-content\/uploads\/2024\/11\/azpetrokimya-logo.png","width":400,"height":400,"caption":"AzPetroKimya"},"image":{"@id":"https:\/\/azpetrokimya.com\/#\/schema\/logo\/image\/"},"sameAs":["https:\/\/www.linkedin.com\/company\/azpetrokimya\/"]}]}},"_hostinger_reach_plugin_has_subscription_block":false,"_hostinger_reach_plugin_is_elementor":false,"_links":{"self":[{"href":"https:\/\/azpetrokimya.com\/az\/wp-json\/wp\/v2\/pages\/3535","targetHints":{"allow":["GET"]}}],"collection":[{"href":"https:\/\/azpetrokimya.com\/az\/wp-json\/wp\/v2\/pages"}],"about":[{"href":"https:\/\/azpetrokimya.com\/az\/wp-json\/wp\/v2\/types\/page"}],"author":[{"embeddable":true,"href":"https:\/\/azpetrokimya.com\/az\/wp-json\/wp\/v2\/users\/1"}],"replies":[{"embeddable":true,"href":"https:\/\/azpetrokimya.com\/az\/wp-json\/wp\/v2\/comments?post=3535"}],"version-history":[{"count":7,"href":"https:\/\/azpetrokimya.com\/az\/wp-json\/wp\/v2\/pages\/3535\/revisions"}],"predecessor-version":[{"id":5735,"href":"https:\/\/azpetrokimya.com\/az\/wp-json\/wp\/v2\/pages\/3535\/revisions\/5735"}],"up":[{"embeddable":true,"href":"https:\/\/azpetrokimya.com\/az\/wp-json\/wp\/v2\/pages\/4914"}],"wp:attachment":[{"href":"https:\/\/azpetrokimya.com\/az\/wp-json\/wp\/v2\/media?parent=3535"}],"curies":[{"name":"wp","href":"https:\/\/api.w.org\/{rel}","templated":true}]}}