{"id":3533,"date":"2024-12-01T23:08:14","date_gmt":"2024-12-01T23:08:14","guid":{"rendered":"https:\/\/new-client-azpetrokimya-draft-version.gcraft.tech\/?page_id=3533"},"modified":"2025-03-28T21:34:09","modified_gmt":"2025-03-28T17:34:09","slug":"soft-pvc-granules","status":"publish","type":"page","link":"https:\/\/azpetrokimya.com\/az\/products\/granules\/soft-pvc-granules\/","title":{"rendered":"PVC Yum\u015faq Qranullar"},"content":{"rendered":"\n<p><strong>PVC Yum\u015faq Qranullar M\u0259hsul T\u0259sviri<\/strong><\/p>\n\n\n\n<div class=\"wp-block-media-text is-stacked-on-mobile is-vertically-aligned-top\"><figure class=\"wp-block-media-text__media\"><img fetchpriority=\"high\" decoding=\"async\" width=\"774\" height=\"748\" src=\"https:\/\/azpetrokimya.com\/wp-content\/uploads\/2024\/12\/azpetrokimya-pvc-soft-granules-1.png\" alt=\"\" class=\"wp-image-5110 size-full\" srcset=\"https:\/\/azpetrokimya.com\/wp-content\/uploads\/2024\/12\/azpetrokimya-pvc-soft-granules-1.png 774w, https:\/\/azpetrokimya.com\/wp-content\/uploads\/2024\/12\/azpetrokimya-pvc-soft-granules-1-300x290.png 300w, https:\/\/azpetrokimya.com\/wp-content\/uploads\/2024\/12\/azpetrokimya-pvc-soft-granules-1-768x742.png 768w, https:\/\/azpetrokimya.com\/wp-content\/uploads\/2024\/12\/azpetrokimya-pvc-soft-granules-1-12x12.png 12w\" sizes=\"(max-width: 774px) 100vw, 774px\" \/><\/figure><div class=\"wp-block-media-text__content\">\n<p>Yum\u015faq PVC qranullar\u0131, polivinilxlorid (PVC) plastikinin yum\u015fald\u0131lm\u0131\u015f formas\u0131d\u0131r v\u0259 bir \u00e7ox s\u0259naye sah\u0259l\u0259rind\u0259 istifad\u0259 olunan m\u00fch\u00fcm bir materiald\u0131r. PVC, plastikl\u0259r aras\u0131nda \u0259n \u00e7ox istifad\u0259 edil\u0259n n\u00f6vl\u0259rd\u0259n biri olmaqla, s\u0259rt v\u0259 yum\u015faq versiyalar\u0131nda m\u00f6vcuddur. Yum\u015fald\u0131lm\u0131\u015f PVC qranullar\u0131, daha elastik v\u0259 \u00e7evik olmas\u0131na g\u00f6r\u0259, m\u00fcxt\u0259lif t\u0259tbiq sah\u0259l\u0259rind\u0259 geni\u015f istifad\u0259 edilir. PVC yum\u015faq qranullar \u0259sas\u0259n kabel izolyasiyas\u0131, avtomobil d\u00f6\u015f\u0259m\u0259l\u0259ri, borular v\u0259 ya plastik \u00f6rt\u00fckl\u0259r kimi elastik v\u0259 \u00e7evik materiallar t\u0259l\u0259b ed\u0259n m\u0259hsullarda istifad\u0259 olunur. <\/p>\n<\/div><\/div>\n\n\n\n<h3 class=\"wp-block-heading\"><\/h3>\n","protected":false},"excerpt":{"rendered":"<p>PVC Yum\u015faq Qranullar M\u0259hsul T\u0259sviri Yum\u015faq PVC qranullar\u0131, polivinilxlorid (PVC) plastikinin yum\u015fald\u0131lm\u0131\u015f formas\u0131d\u0131r v\u0259 bir \u00e7ox s\u0259naye sah\u0259l\u0259rind\u0259 istifad\u0259 olunan m\u00fch\u00fcm bir materiald\u0131r. PVC, plastikl\u0259r aras\u0131nda \u0259n \u00e7ox istifad\u0259 edil\u0259n n\u00f6vl\u0259rd\u0259n biri olmaqla, s\u0259rt v\u0259 yum\u015faq versiyalar\u0131nda m\u00f6vcuddur. Yum\u015fald\u0131lm\u0131\u015f PVC qranullar\u0131, daha elastik v\u0259 \u00e7evik olmas\u0131na g\u00f6r\u0259, m\u00fcxt\u0259lif t\u0259tbiq sah\u0259l\u0259rind\u0259 geni\u015f istifad\u0259 edilir. PVC yum\u015faq [&hellip;]<\/p>\n","protected":false},"author":1,"featured_media":0,"parent":4882,"menu_order":0,"comment_status":"closed","ping_status":"closed","template":"","meta":{"zakra_page_container_layout":"contained","zakra_page_sidebar_layout":"right","zakra_remove_content_margin":false,"zakra_sidebar":"customizer","zakra_transparent_header":"customizer","zakra_logo":0,"zakra_main_header_style":"default","zakra_menu_item_color":"","zakra_menu_item_hover_color":"","zakra_menu_item_active_color":"","zakra_menu_active_style":"zakra_menu_active_style","zakra_page_header":true,"footnotes":""},"class_list":["post-3533","page","type-page","status-publish","hentry"],"yoast_head":"<!-- This site is optimized with the Yoast SEO plugin v26.3 - https:\/\/yoast.com\/wordpress\/plugins\/seo\/ -->\n<title>Azpetrokimya | Yum\u015faq PVC Qranullar<\/title>\n<meta name=\"description\" content=\"Elastik v\u0259 davaml\u0131 t\u0259tbiql\u0259r \u00fc\u00e7\u00fcn x\u00fcsusi haz\u0131rlanm\u0131\u015f yum\u015faq PVC qranullar. Azpetrokimya t\u0259min edir.\" \/>\n<meta name=\"robots\" content=\"index, follow, max-snippet:-1, max-image-preview:large, max-video-preview:-1\" \/>\n<link rel=\"canonical\" href=\"https:\/\/azpetrokimya.com\/az\/products\/granules\/soft-pvc-granules\/\" \/>\n<meta property=\"og:locale\" content=\"az_AZ\" \/>\n<meta property=\"og:type\" content=\"article\" \/>\n<meta property=\"og:title\" content=\"Azpetrokimya | Yum\u015faq PVC Qranullar\" \/>\n<meta property=\"og:description\" content=\"Elastik v\u0259 davaml\u0131 t\u0259tbiql\u0259r \u00fc\u00e7\u00fcn x\u00fcsusi haz\u0131rlanm\u0131\u015f yum\u015faq PVC qranullar. Azpetrokimya t\u0259min edir.\" \/>\n<meta property=\"og:url\" content=\"https:\/\/azpetrokimya.com\/az\/products\/granules\/soft-pvc-granules\/\" \/>\n<meta property=\"og:site_name\" content=\"AzPetroKimya\" \/>\n<meta property=\"article:modified_time\" content=\"2025-03-28T17:34:09+00:00\" \/>\n<meta property=\"og:image\" content=\"https:\/\/azpetrokimya.com\/wp-content\/uploads\/2024\/12\/azpetrokimya-pvc-soft-granules-1.png\" \/>\n\t<meta property=\"og:image:width\" content=\"774\" \/>\n\t<meta property=\"og:image:height\" content=\"748\" \/>\n\t<meta property=\"og:image:type\" content=\"image\/png\" \/>\n<meta name=\"twitter:card\" content=\"summary_large_image\" \/>\n<meta name=\"twitter:label1\" content=\"Est. reading time\" \/>\n\t<meta name=\"twitter:data1\" content=\"1 minute\" \/>\n<script type=\"application\/ld+json\" class=\"yoast-schema-graph\">{\"@context\":\"https:\/\/schema.org\",\"@graph\":[{\"@type\":\"WebPage\",\"@id\":\"https:\/\/azpetrokimya.com\/products\/granules\/soft-pvc-granules\/\",\"url\":\"https:\/\/azpetrokimya.com\/products\/granules\/soft-pvc-granules\/\",\"name\":\"Azpetrokimya | Yum\u015faq PVC Qranullar\",\"isPartOf\":{\"@id\":\"https:\/\/azpetrokimya.com\/#website\"},\"primaryImageOfPage\":{\"@id\":\"https:\/\/azpetrokimya.com\/products\/granules\/soft-pvc-granules\/#primaryimage\"},\"image\":{\"@id\":\"https:\/\/azpetrokimya.com\/products\/granules\/soft-pvc-granules\/#primaryimage\"},\"thumbnailUrl\":\"https:\/\/azpetrokimya.com\/wp-content\/uploads\/2024\/12\/azpetrokimya-pvc-soft-granules-1.png\",\"datePublished\":\"2024-12-01T23:08:14+00:00\",\"dateModified\":\"2025-03-28T17:34:09+00:00\",\"description\":\"Elastik v\u0259 davaml\u0131 t\u0259tbiql\u0259r \u00fc\u00e7\u00fcn x\u00fcsusi haz\u0131rlanm\u0131\u015f yum\u015faq PVC qranullar. Azpetrokimya t\u0259min edir.\",\"breadcrumb\":{\"@id\":\"https:\/\/azpetrokimya.com\/products\/granules\/soft-pvc-granules\/#breadcrumb\"},\"inLanguage\":\"az\",\"potentialAction\":[{\"@type\":\"ReadAction\",\"target\":[\"https:\/\/azpetrokimya.com\/products\/granules\/soft-pvc-granules\/\"]}]},{\"@type\":\"ImageObject\",\"inLanguage\":\"az\",\"@id\":\"https:\/\/azpetrokimya.com\/products\/granules\/soft-pvc-granules\/#primaryimage\",\"url\":\"https:\/\/azpetrokimya.com\/wp-content\/uploads\/2024\/12\/azpetrokimya-pvc-soft-granules-1.png\",\"contentUrl\":\"https:\/\/azpetrokimya.com\/wp-content\/uploads\/2024\/12\/azpetrokimya-pvc-soft-granules-1.png\"},{\"@type\":\"BreadcrumbList\",\"@id\":\"https:\/\/azpetrokimya.com\/products\/granules\/soft-pvc-granules\/#breadcrumb\",\"itemListElement\":[{\"@type\":\"ListItem\",\"position\":1,\"name\":\"Anasayfa\",\"item\":\"https:\/\/azpetrokimya.com\/az\/\"},{\"@type\":\"ListItem\",\"position\":2,\"name\":\"M\u0259hsullar\u0131m\u0131z\",\"item\":\"https:\/\/azpetrokimya.com\/products\/\"},{\"@type\":\"ListItem\",\"position\":3,\"name\":\"Qranullar\",\"item\":\"https:\/\/azpetrokimya.com\/products\/granules\/\"},{\"@type\":\"ListItem\",\"position\":4,\"name\":\"PVC Yum\u015faq Qranullar\"}]},{\"@type\":\"WebSite\",\"@id\":\"https:\/\/azpetrokimya.com\/#website\",\"url\":\"https:\/\/azpetrokimya.com\/\",\"name\":\"AzPetroKimya\",\"description\":\"\",\"publisher\":{\"@id\":\"https:\/\/azpetrokimya.com\/#organization\"},\"potentialAction\":[{\"@type\":\"SearchAction\",\"target\":{\"@type\":\"EntryPoint\",\"urlTemplate\":\"https:\/\/azpetrokimya.com\/?s={search_term_string}\"},\"query-input\":{\"@type\":\"PropertyValueSpecification\",\"valueRequired\":true,\"valueName\":\"search_term_string\"}}],\"inLanguage\":\"az\"},{\"@type\":\"Organization\",\"@id\":\"https:\/\/azpetrokimya.com\/#organization\",\"name\":\"AzPetroKimya\",\"url\":\"https:\/\/azpetrokimya.com\/\",\"logo\":{\"@type\":\"ImageObject\",\"inLanguage\":\"az\",\"@id\":\"https:\/\/azpetrokimya.com\/#\/schema\/logo\/image\/\",\"url\":\"https:\/\/azpetrokimya.com\/wp-content\/uploads\/2024\/11\/azpetrokimya-logo.png\",\"contentUrl\":\"https:\/\/azpetrokimya.com\/wp-content\/uploads\/2024\/11\/azpetrokimya-logo.png\",\"width\":400,\"height\":400,\"caption\":\"AzPetroKimya\"},\"image\":{\"@id\":\"https:\/\/azpetrokimya.com\/#\/schema\/logo\/image\/\"},\"sameAs\":[\"https:\/\/www.linkedin.com\/company\/azpetrokimya\/\"]}]}<\/script>\n<!-- \/ Yoast SEO plugin. -->","yoast_head_json":{"title":"Azpetrokimya | Yum\u015faq PVC Qranullar","description":"Elastik v\u0259 davaml\u0131 t\u0259tbiql\u0259r \u00fc\u00e7\u00fcn x\u00fcsusi haz\u0131rlanm\u0131\u015f yum\u015faq PVC qranullar. Azpetrokimya t\u0259min edir.","robots":{"index":"index","follow":"follow","max-snippet":"max-snippet:-1","max-image-preview":"max-image-preview:large","max-video-preview":"max-video-preview:-1"},"canonical":"https:\/\/azpetrokimya.com\/az\/products\/granules\/soft-pvc-granules\/","og_locale":"az_AZ","og_type":"article","og_title":"Azpetrokimya | Yum\u015faq PVC Qranullar","og_description":"Elastik v\u0259 davaml\u0131 t\u0259tbiql\u0259r \u00fc\u00e7\u00fcn x\u00fcsusi haz\u0131rlanm\u0131\u015f yum\u015faq PVC qranullar. Azpetrokimya t\u0259min edir.","og_url":"https:\/\/azpetrokimya.com\/az\/products\/granules\/soft-pvc-granules\/","og_site_name":"AzPetroKimya","article_modified_time":"2025-03-28T17:34:09+00:00","og_image":[{"width":774,"height":748,"url":"https:\/\/azpetrokimya.com\/wp-content\/uploads\/2024\/12\/azpetrokimya-pvc-soft-granules-1.png","type":"image\/png"}],"twitter_card":"summary_large_image","twitter_misc":{"Est. reading time":"1 minute"},"schema":{"@context":"https:\/\/schema.org","@graph":[{"@type":"WebPage","@id":"https:\/\/azpetrokimya.com\/products\/granules\/soft-pvc-granules\/","url":"https:\/\/azpetrokimya.com\/products\/granules\/soft-pvc-granules\/","name":"Azpetrokimya | Yum\u015faq PVC Qranullar","isPartOf":{"@id":"https:\/\/azpetrokimya.com\/#website"},"primaryImageOfPage":{"@id":"https:\/\/azpetrokimya.com\/products\/granules\/soft-pvc-granules\/#primaryimage"},"image":{"@id":"https:\/\/azpetrokimya.com\/products\/granules\/soft-pvc-granules\/#primaryimage"},"thumbnailUrl":"https:\/\/azpetrokimya.com\/wp-content\/uploads\/2024\/12\/azpetrokimya-pvc-soft-granules-1.png","datePublished":"2024-12-01T23:08:14+00:00","dateModified":"2025-03-28T17:34:09+00:00","description":"Elastik v\u0259 davaml\u0131 t\u0259tbiql\u0259r \u00fc\u00e7\u00fcn x\u00fcsusi haz\u0131rlanm\u0131\u015f yum\u015faq PVC qranullar. Azpetrokimya t\u0259min edir.","breadcrumb":{"@id":"https:\/\/azpetrokimya.com\/products\/granules\/soft-pvc-granules\/#breadcrumb"},"inLanguage":"az","potentialAction":[{"@type":"ReadAction","target":["https:\/\/azpetrokimya.com\/products\/granules\/soft-pvc-granules\/"]}]},{"@type":"ImageObject","inLanguage":"az","@id":"https:\/\/azpetrokimya.com\/products\/granules\/soft-pvc-granules\/#primaryimage","url":"https:\/\/azpetrokimya.com\/wp-content\/uploads\/2024\/12\/azpetrokimya-pvc-soft-granules-1.png","contentUrl":"https:\/\/azpetrokimya.com\/wp-content\/uploads\/2024\/12\/azpetrokimya-pvc-soft-granules-1.png"},{"@type":"BreadcrumbList","@id":"https:\/\/azpetrokimya.com\/products\/granules\/soft-pvc-granules\/#breadcrumb","itemListElement":[{"@type":"ListItem","position":1,"name":"Anasayfa","item":"https:\/\/azpetrokimya.com\/az\/"},{"@type":"ListItem","position":2,"name":"M\u0259hsullar\u0131m\u0131z","item":"https:\/\/azpetrokimya.com\/products\/"},{"@type":"ListItem","position":3,"name":"Qranullar","item":"https:\/\/azpetrokimya.com\/products\/granules\/"},{"@type":"ListItem","position":4,"name":"PVC Yum\u015faq Qranullar"}]},{"@type":"WebSite","@id":"https:\/\/azpetrokimya.com\/#website","url":"https:\/\/azpetrokimya.com\/","name":"AzPetroKimya","description":"","publisher":{"@id":"https:\/\/azpetrokimya.com\/#organization"},"potentialAction":[{"@type":"SearchAction","target":{"@type":"EntryPoint","urlTemplate":"https:\/\/azpetrokimya.com\/?s={search_term_string}"},"query-input":{"@type":"PropertyValueSpecification","valueRequired":true,"valueName":"search_term_string"}}],"inLanguage":"az"},{"@type":"Organization","@id":"https:\/\/azpetrokimya.com\/#organization","name":"AzPetroKimya","url":"https:\/\/azpetrokimya.com\/","logo":{"@type":"ImageObject","inLanguage":"az","@id":"https:\/\/azpetrokimya.com\/#\/schema\/logo\/image\/","url":"https:\/\/azpetrokimya.com\/wp-content\/uploads\/2024\/11\/azpetrokimya-logo.png","contentUrl":"https:\/\/azpetrokimya.com\/wp-content\/uploads\/2024\/11\/azpetrokimya-logo.png","width":400,"height":400,"caption":"AzPetroKimya"},"image":{"@id":"https:\/\/azpetrokimya.com\/#\/schema\/logo\/image\/"},"sameAs":["https:\/\/www.linkedin.com\/company\/azpetrokimya\/"]}]}},"_hostinger_reach_plugin_has_subscription_block":false,"_hostinger_reach_plugin_is_elementor":false,"_links":{"self":[{"href":"https:\/\/azpetrokimya.com\/az\/wp-json\/wp\/v2\/pages\/3533","targetHints":{"allow":["GET"]}}],"collection":[{"href":"https:\/\/azpetrokimya.com\/az\/wp-json\/wp\/v2\/pages"}],"about":[{"href":"https:\/\/azpetrokimya.com\/az\/wp-json\/wp\/v2\/types\/page"}],"author":[{"embeddable":true,"href":"https:\/\/azpetrokimya.com\/az\/wp-json\/wp\/v2\/users\/1"}],"replies":[{"embeddable":true,"href":"https:\/\/azpetrokimya.com\/az\/wp-json\/wp\/v2\/comments?post=3533"}],"version-history":[{"count":12,"href":"https:\/\/azpetrokimya.com\/az\/wp-json\/wp\/v2\/pages\/3533\/revisions"}],"predecessor-version":[{"id":5734,"href":"https:\/\/azpetrokimya.com\/az\/wp-json\/wp\/v2\/pages\/3533\/revisions\/5734"}],"up":[{"embeddable":true,"href":"https:\/\/azpetrokimya.com\/az\/wp-json\/wp\/v2\/pages\/4882"}],"wp:attachment":[{"href":"https:\/\/azpetrokimya.com\/az\/wp-json\/wp\/v2\/media?parent=3533"}],"curies":[{"name":"wp","href":"https:\/\/api.w.org\/{rel}","templated":true}]}}