{"id":3527,"date":"2024-12-01T23:07:14","date_gmt":"2024-12-01T23:07:14","guid":{"rendered":"https:\/\/new-client-azpetrokimya-draft-version.gcraft.tech\/?page_id=3527"},"modified":"2025-03-28T21:31:17","modified_gmt":"2025-03-28T17:31:17","slug":"dop","status":"publish","type":"page","link":"https:\/\/azpetrokimya.com\/az\/products\/industrial-plasticizers-supplier\/dop\/","title":{"rendered":"DOP"},"content":{"rendered":"\n<p><strong>DOP M\u0259hsul T\u0259sviri<\/strong><\/p>\n\n\n\n<div class=\"wp-block-media-text is-stacked-on-mobile is-vertically-aligned-top\"><figure class=\"wp-block-media-text__media\"><img fetchpriority=\"high\" decoding=\"async\" width=\"649\" height=\"633\" src=\"https:\/\/azpetrokimya.com\/wp-content\/uploads\/2025\/01\/azpetrokimya-dop-1.png\" alt=\"\" class=\"wp-image-5365 size-full\" srcset=\"https:\/\/azpetrokimya.com\/wp-content\/uploads\/2025\/01\/azpetrokimya-dop-1.png 649w, https:\/\/azpetrokimya.com\/wp-content\/uploads\/2025\/01\/azpetrokimya-dop-1-300x293.png 300w, https:\/\/azpetrokimya.com\/wp-content\/uploads\/2025\/01\/azpetrokimya-dop-1-12x12.png 12w\" sizes=\"(max-width: 649px) 100vw, 649px\" \/><\/figure><div class=\"wp-block-media-text__content\">\n<p><strong>DOP<\/strong> (Dioktil ftalat) s\u0259nayenin geni\u015f sah\u0259l\u0259rind\u0259 plastikl\u0259\u015fdirici kimi istifad\u0259 edil\u0259n \u0259n m\u0259\u015fhur kimy\u0259vi madd\u0259l\u0259rd\u0259n biridir. DOP \u0259sas\u0259n <strong>polivinil xlorid (PVC)<\/strong> materiallar\u0131n\u0131n yum\u015fald\u0131lmas\u0131 v\u0259 elastikliyinin art\u0131r\u0131lmas\u0131 \u00fc\u00e7\u00fcn t\u0259tbiq olunur. Y\u00fcks\u0259k keyfiyy\u0259tli v\u0259 effektiv plastikl\u0259\u015fdirici x\u00fcsusiyy\u0259tl\u0259ri say\u0259sind\u0259 DOP m\u00fcxt\u0259lif istehsal prosesl\u0259rind\u0259 geni\u015f yer alm\u0131\u015f v\u0259 dayan\u0131ql\u0131 m\u0259hsullar\u0131n istehsal\u0131nda \u0259h\u0259miyy\u0259tli rol oynay\u0131r.<\/p>\n<\/div><\/div>\n\n\n\n<h3 class=\"wp-block-heading\"><\/h3>\n","protected":false},"excerpt":{"rendered":"<p>DOP M\u0259hsul T\u0259sviri DOP (Dioktil ftalat) s\u0259nayenin geni\u015f sah\u0259l\u0259rind\u0259 plastikl\u0259\u015fdirici kimi istifad\u0259 edil\u0259n \u0259n m\u0259\u015fhur kimy\u0259vi madd\u0259l\u0259rd\u0259n biridir. DOP \u0259sas\u0259n polivinil xlorid (PVC) materiallar\u0131n\u0131n yum\u015fald\u0131lmas\u0131 v\u0259 elastikliyinin art\u0131r\u0131lmas\u0131 \u00fc\u00e7\u00fcn t\u0259tbiq olunur. Y\u00fcks\u0259k keyfiyy\u0259tli v\u0259 effektiv plastikl\u0259\u015fdirici x\u00fcsusiyy\u0259tl\u0259ri say\u0259sind\u0259 DOP m\u00fcxt\u0259lif istehsal prosesl\u0259rind\u0259 geni\u015f yer alm\u0131\u015f v\u0259 dayan\u0131ql\u0131 m\u0259hsullar\u0131n istehsal\u0131nda \u0259h\u0259miyy\u0259tli rol oynay\u0131r.<\/p>\n","protected":false},"author":1,"featured_media":0,"parent":4059,"menu_order":0,"comment_status":"closed","ping_status":"closed","template":"","meta":{"zakra_page_container_layout":"contained","zakra_page_sidebar_layout":"right","zakra_remove_content_margin":false,"zakra_sidebar":"customizer","zakra_transparent_header":"customizer","zakra_logo":0,"zakra_main_header_style":"default","zakra_menu_item_color":"","zakra_menu_item_hover_color":"","zakra_menu_item_active_color":"","zakra_menu_active_style":"zakra_menu_active_style","zakra_page_header":true,"footnotes":""},"class_list":["post-3527","page","type-page","status-publish","hentry"],"yoast_head":"<!-- This site is optimized with the Yoast SEO plugin v26.3 - https:\/\/yoast.com\/wordpress\/plugins\/seo\/ -->\n<title>Azpetrokimya | DOP Plastifikator M\u0259hsullar\u0131<\/title>\n<meta name=\"description\" content=\"\u00c7oxsayl\u0131 PVC t\u0259tbiql\u0259ri \u00fc\u00e7\u00fcn DOP plastifikatoru. Birba\u015fa Azpetrokimya-dan sifari\u015f edin.\" \/>\n<meta name=\"robots\" content=\"index, follow, max-snippet:-1, max-image-preview:large, max-video-preview:-1\" \/>\n<link rel=\"canonical\" href=\"https:\/\/azpetrokimya.com\/az\/products\/industrial-plasticizers-supplier\/dop\/\" \/>\n<meta property=\"og:locale\" content=\"az_AZ\" \/>\n<meta property=\"og:type\" content=\"article\" \/>\n<meta property=\"og:title\" content=\"Azpetrokimya | DOP Plastifikator M\u0259hsullar\u0131\" \/>\n<meta property=\"og:description\" content=\"\u00c7oxsayl\u0131 PVC t\u0259tbiql\u0259ri \u00fc\u00e7\u00fcn DOP plastifikatoru. Birba\u015fa Azpetrokimya-dan sifari\u015f edin.\" \/>\n<meta property=\"og:url\" content=\"https:\/\/azpetrokimya.com\/az\/products\/industrial-plasticizers-supplier\/dop\/\" \/>\n<meta property=\"og:site_name\" content=\"AzPetroKimya\" \/>\n<meta property=\"article:modified_time\" content=\"2025-03-28T17:31:17+00:00\" \/>\n<meta property=\"og:image\" content=\"https:\/\/azpetrokimya.com\/wp-content\/uploads\/2025\/01\/azpetrokimya-dop-1.png\" \/>\n\t<meta property=\"og:image:width\" content=\"649\" \/>\n\t<meta property=\"og:image:height\" content=\"633\" \/>\n\t<meta property=\"og:image:type\" content=\"image\/png\" \/>\n<meta name=\"twitter:card\" content=\"summary_large_image\" \/>\n<meta name=\"twitter:label1\" content=\"Est. reading time\" \/>\n\t<meta name=\"twitter:data1\" content=\"1 minute\" \/>\n<script type=\"application\/ld+json\" class=\"yoast-schema-graph\">{\"@context\":\"https:\/\/schema.org\",\"@graph\":[{\"@type\":\"WebPage\",\"@id\":\"https:\/\/azpetrokimya.com\/products\/industrial-plasticizers-supplier\/dop\/\",\"url\":\"https:\/\/azpetrokimya.com\/products\/industrial-plasticizers-supplier\/dop\/\",\"name\":\"Azpetrokimya | DOP Plastifikator M\u0259hsullar\u0131\",\"isPartOf\":{\"@id\":\"https:\/\/azpetrokimya.com\/#website\"},\"primaryImageOfPage\":{\"@id\":\"https:\/\/azpetrokimya.com\/products\/industrial-plasticizers-supplier\/dop\/#primaryimage\"},\"image\":{\"@id\":\"https:\/\/azpetrokimya.com\/products\/industrial-plasticizers-supplier\/dop\/#primaryimage\"},\"thumbnailUrl\":\"https:\/\/azpetrokimya.com\/wp-content\/uploads\/2025\/01\/azpetrokimya-dop-1.png\",\"datePublished\":\"2024-12-01T23:07:14+00:00\",\"dateModified\":\"2025-03-28T17:31:17+00:00\",\"description\":\"\u00c7oxsayl\u0131 PVC t\u0259tbiql\u0259ri \u00fc\u00e7\u00fcn DOP plastifikatoru. Birba\u015fa Azpetrokimya-dan sifari\u015f edin.\",\"breadcrumb\":{\"@id\":\"https:\/\/azpetrokimya.com\/products\/industrial-plasticizers-supplier\/dop\/#breadcrumb\"},\"inLanguage\":\"az\",\"potentialAction\":[{\"@type\":\"ReadAction\",\"target\":[\"https:\/\/azpetrokimya.com\/products\/industrial-plasticizers-supplier\/dop\/\"]}]},{\"@type\":\"ImageObject\",\"inLanguage\":\"az\",\"@id\":\"https:\/\/azpetrokimya.com\/products\/industrial-plasticizers-supplier\/dop\/#primaryimage\",\"url\":\"https:\/\/azpetrokimya.com\/wp-content\/uploads\/2025\/01\/azpetrokimya-dop-1.png\",\"contentUrl\":\"https:\/\/azpetrokimya.com\/wp-content\/uploads\/2025\/01\/azpetrokimya-dop-1.png\"},{\"@type\":\"BreadcrumbList\",\"@id\":\"https:\/\/azpetrokimya.com\/products\/industrial-plasticizers-supplier\/dop\/#breadcrumb\",\"itemListElement\":[{\"@type\":\"ListItem\",\"position\":1,\"name\":\"Anasayfa\",\"item\":\"https:\/\/azpetrokimya.com\/az\/\"},{\"@type\":\"ListItem\",\"position\":2,\"name\":\"M\u0259hsullar\u0131m\u0131z\",\"item\":\"https:\/\/azpetrokimya.com\/products\/\"},{\"@type\":\"ListItem\",\"position\":3,\"name\":\"Plastifikatorlar\",\"item\":\"https:\/\/azpetrokimya.com\/products\/industrial-plasticizers-supplier\/\"},{\"@type\":\"ListItem\",\"position\":4,\"name\":\"DOP\"}]},{\"@type\":\"WebSite\",\"@id\":\"https:\/\/azpetrokimya.com\/#website\",\"url\":\"https:\/\/azpetrokimya.com\/\",\"name\":\"AzPetroKimya\",\"description\":\"\",\"publisher\":{\"@id\":\"https:\/\/azpetrokimya.com\/#organization\"},\"potentialAction\":[{\"@type\":\"SearchAction\",\"target\":{\"@type\":\"EntryPoint\",\"urlTemplate\":\"https:\/\/azpetrokimya.com\/?s={search_term_string}\"},\"query-input\":{\"@type\":\"PropertyValueSpecification\",\"valueRequired\":true,\"valueName\":\"search_term_string\"}}],\"inLanguage\":\"az\"},{\"@type\":\"Organization\",\"@id\":\"https:\/\/azpetrokimya.com\/#organization\",\"name\":\"AzPetroKimya\",\"url\":\"https:\/\/azpetrokimya.com\/\",\"logo\":{\"@type\":\"ImageObject\",\"inLanguage\":\"az\",\"@id\":\"https:\/\/azpetrokimya.com\/#\/schema\/logo\/image\/\",\"url\":\"https:\/\/azpetrokimya.com\/wp-content\/uploads\/2024\/11\/azpetrokimya-logo.png\",\"contentUrl\":\"https:\/\/azpetrokimya.com\/wp-content\/uploads\/2024\/11\/azpetrokimya-logo.png\",\"width\":400,\"height\":400,\"caption\":\"AzPetroKimya\"},\"image\":{\"@id\":\"https:\/\/azpetrokimya.com\/#\/schema\/logo\/image\/\"},\"sameAs\":[\"https:\/\/www.linkedin.com\/company\/azpetrokimya\/\"]}]}<\/script>\n<!-- \/ Yoast SEO plugin. -->","yoast_head_json":{"title":"Azpetrokimya | DOP Plastifikator M\u0259hsullar\u0131","description":"\u00c7oxsayl\u0131 PVC t\u0259tbiql\u0259ri \u00fc\u00e7\u00fcn DOP plastifikatoru. Birba\u015fa Azpetrokimya-dan sifari\u015f edin.","robots":{"index":"index","follow":"follow","max-snippet":"max-snippet:-1","max-image-preview":"max-image-preview:large","max-video-preview":"max-video-preview:-1"},"canonical":"https:\/\/azpetrokimya.com\/az\/products\/industrial-plasticizers-supplier\/dop\/","og_locale":"az_AZ","og_type":"article","og_title":"Azpetrokimya | DOP Plastifikator M\u0259hsullar\u0131","og_description":"\u00c7oxsayl\u0131 PVC t\u0259tbiql\u0259ri \u00fc\u00e7\u00fcn DOP plastifikatoru. Birba\u015fa Azpetrokimya-dan sifari\u015f edin.","og_url":"https:\/\/azpetrokimya.com\/az\/products\/industrial-plasticizers-supplier\/dop\/","og_site_name":"AzPetroKimya","article_modified_time":"2025-03-28T17:31:17+00:00","og_image":[{"width":649,"height":633,"url":"https:\/\/azpetrokimya.com\/wp-content\/uploads\/2025\/01\/azpetrokimya-dop-1.png","type":"image\/png"}],"twitter_card":"summary_large_image","twitter_misc":{"Est. reading time":"1 minute"},"schema":{"@context":"https:\/\/schema.org","@graph":[{"@type":"WebPage","@id":"https:\/\/azpetrokimya.com\/products\/industrial-plasticizers-supplier\/dop\/","url":"https:\/\/azpetrokimya.com\/products\/industrial-plasticizers-supplier\/dop\/","name":"Azpetrokimya | DOP Plastifikator M\u0259hsullar\u0131","isPartOf":{"@id":"https:\/\/azpetrokimya.com\/#website"},"primaryImageOfPage":{"@id":"https:\/\/azpetrokimya.com\/products\/industrial-plasticizers-supplier\/dop\/#primaryimage"},"image":{"@id":"https:\/\/azpetrokimya.com\/products\/industrial-plasticizers-supplier\/dop\/#primaryimage"},"thumbnailUrl":"https:\/\/azpetrokimya.com\/wp-content\/uploads\/2025\/01\/azpetrokimya-dop-1.png","datePublished":"2024-12-01T23:07:14+00:00","dateModified":"2025-03-28T17:31:17+00:00","description":"\u00c7oxsayl\u0131 PVC t\u0259tbiql\u0259ri \u00fc\u00e7\u00fcn DOP plastifikatoru. Birba\u015fa Azpetrokimya-dan sifari\u015f edin.","breadcrumb":{"@id":"https:\/\/azpetrokimya.com\/products\/industrial-plasticizers-supplier\/dop\/#breadcrumb"},"inLanguage":"az","potentialAction":[{"@type":"ReadAction","target":["https:\/\/azpetrokimya.com\/products\/industrial-plasticizers-supplier\/dop\/"]}]},{"@type":"ImageObject","inLanguage":"az","@id":"https:\/\/azpetrokimya.com\/products\/industrial-plasticizers-supplier\/dop\/#primaryimage","url":"https:\/\/azpetrokimya.com\/wp-content\/uploads\/2025\/01\/azpetrokimya-dop-1.png","contentUrl":"https:\/\/azpetrokimya.com\/wp-content\/uploads\/2025\/01\/azpetrokimya-dop-1.png"},{"@type":"BreadcrumbList","@id":"https:\/\/azpetrokimya.com\/products\/industrial-plasticizers-supplier\/dop\/#breadcrumb","itemListElement":[{"@type":"ListItem","position":1,"name":"Anasayfa","item":"https:\/\/azpetrokimya.com\/az\/"},{"@type":"ListItem","position":2,"name":"M\u0259hsullar\u0131m\u0131z","item":"https:\/\/azpetrokimya.com\/products\/"},{"@type":"ListItem","position":3,"name":"Plastifikatorlar","item":"https:\/\/azpetrokimya.com\/products\/industrial-plasticizers-supplier\/"},{"@type":"ListItem","position":4,"name":"DOP"}]},{"@type":"WebSite","@id":"https:\/\/azpetrokimya.com\/#website","url":"https:\/\/azpetrokimya.com\/","name":"AzPetroKimya","description":"","publisher":{"@id":"https:\/\/azpetrokimya.com\/#organization"},"potentialAction":[{"@type":"SearchAction","target":{"@type":"EntryPoint","urlTemplate":"https:\/\/azpetrokimya.com\/?s={search_term_string}"},"query-input":{"@type":"PropertyValueSpecification","valueRequired":true,"valueName":"search_term_string"}}],"inLanguage":"az"},{"@type":"Organization","@id":"https:\/\/azpetrokimya.com\/#organization","name":"AzPetroKimya","url":"https:\/\/azpetrokimya.com\/","logo":{"@type":"ImageObject","inLanguage":"az","@id":"https:\/\/azpetrokimya.com\/#\/schema\/logo\/image\/","url":"https:\/\/azpetrokimya.com\/wp-content\/uploads\/2024\/11\/azpetrokimya-logo.png","contentUrl":"https:\/\/azpetrokimya.com\/wp-content\/uploads\/2024\/11\/azpetrokimya-logo.png","width":400,"height":400,"caption":"AzPetroKimya"},"image":{"@id":"https:\/\/azpetrokimya.com\/#\/schema\/logo\/image\/"},"sameAs":["https:\/\/www.linkedin.com\/company\/azpetrokimya\/"]}]}},"_hostinger_reach_plugin_has_subscription_block":false,"_hostinger_reach_plugin_is_elementor":false,"_links":{"self":[{"href":"https:\/\/azpetrokimya.com\/az\/wp-json\/wp\/v2\/pages\/3527","targetHints":{"allow":["GET"]}}],"collection":[{"href":"https:\/\/azpetrokimya.com\/az\/wp-json\/wp\/v2\/pages"}],"about":[{"href":"https:\/\/azpetrokimya.com\/az\/wp-json\/wp\/v2\/types\/page"}],"author":[{"embeddable":true,"href":"https:\/\/azpetrokimya.com\/az\/wp-json\/wp\/v2\/users\/1"}],"replies":[{"embeddable":true,"href":"https:\/\/azpetrokimya.com\/az\/wp-json\/wp\/v2\/comments?post=3527"}],"version-history":[{"count":8,"href":"https:\/\/azpetrokimya.com\/az\/wp-json\/wp\/v2\/pages\/3527\/revisions"}],"predecessor-version":[{"id":5711,"href":"https:\/\/azpetrokimya.com\/az\/wp-json\/wp\/v2\/pages\/3527\/revisions\/5711"}],"up":[{"embeddable":true,"href":"https:\/\/azpetrokimya.com\/az\/wp-json\/wp\/v2\/pages\/4059"}],"wp:attachment":[{"href":"https:\/\/azpetrokimya.com\/az\/wp-json\/wp\/v2\/media?parent=3527"}],"curies":[{"name":"wp","href":"https:\/\/api.w.org\/{rel}","templated":true}]}}