{"id":3523,"date":"2024-12-01T23:06:31","date_gmt":"2024-12-01T23:06:31","guid":{"rendered":"https:\/\/new-client-azpetrokimya-draft-version.gcraft.tech\/?page_id=3523"},"modified":"2025-03-28T21:30:30","modified_gmt":"2025-03-28T17:30:30","slug":"dotp","status":"publish","type":"page","link":"https:\/\/azpetrokimya.com\/az\/products\/industrial-plasticizers-supplier\/dotp\/","title":{"rendered":"DOTP"},"content":{"rendered":"\n<p><strong>DOTP M\u0259hsul T\u0259sviri<\/strong><\/p>\n\n\n\n<div class=\"wp-block-media-text is-stacked-on-mobile is-vertically-aligned-top\"><figure class=\"wp-block-media-text__media\"><img fetchpriority=\"high\" decoding=\"async\" width=\"581\" height=\"551\" src=\"https:\/\/azpetrokimya.com\/wp-content\/uploads\/2025\/01\/azpetrokimya-dotp.png\" alt=\"\" class=\"wp-image-5357 size-full\" srcset=\"https:\/\/azpetrokimya.com\/wp-content\/uploads\/2025\/01\/azpetrokimya-dotp.png 581w, https:\/\/azpetrokimya.com\/wp-content\/uploads\/2025\/01\/azpetrokimya-dotp-300x285.png 300w, https:\/\/azpetrokimya.com\/wp-content\/uploads\/2025\/01\/azpetrokimya-dotp-13x12.png 13w\" sizes=\"(max-width: 581px) 100vw, 581px\" \/><\/figure><div class=\"wp-block-media-text__content\">\n<p><strong>DOTP<\/strong> (<strong>Dioctyl Terephthalate<\/strong>) \u2014 m\u00fcasir plastikl\u0259\u015fdirici madd\u0259l\u0259rd\u0259n biridir v\u0259 \u0259n\u0259n\u0259vi DOP (Dioctyl Phthalate) plastikl\u0259\u015fdiricisin\u0259 \u0259v\u0259z olaraq istifad\u0259 edilir. DOTP, \u0259sas\u0259n <strong>PVC (polivinil xlorid)<\/strong> m\u0259hsullar\u0131n\u0131n istehsal\u0131nda \u00e7eviklik, elastiklik v\u0259 uzunm\u00fcdd\u0259tli dayan\u0131ql\u0131q t\u0259min etm\u0259k \u00fc\u00e7\u00fcn t\u0259tbiq olunur. Bu m\u0259hsul, y\u00fcks\u0259k keyfiyy\u0259tli kimy\u0259vi x\u00fcsusiyy\u0259tl\u0259ri v\u0259 \u0259traf m\u00fchit\u0259 daha az t\u0259siri il\u0259 se\u00e7ilir v\u0259 m\u00fcxt\u0259lif s\u0259naye sah\u0259l\u0259rind\u0259 geni\u015f istifad\u0259 olunur.<\/p>\n<\/div><\/div>\n\n\n\n<h3 class=\"wp-block-heading\"><\/h3>\n","protected":false},"excerpt":{"rendered":"<p>DOTP M\u0259hsul T\u0259sviri DOTP (Dioctyl Terephthalate) \u2014 m\u00fcasir plastikl\u0259\u015fdirici madd\u0259l\u0259rd\u0259n biridir v\u0259 \u0259n\u0259n\u0259vi DOP (Dioctyl Phthalate) plastikl\u0259\u015fdiricisin\u0259 \u0259v\u0259z olaraq istifad\u0259 edilir. DOTP, \u0259sas\u0259n PVC (polivinil xlorid) m\u0259hsullar\u0131n\u0131n istehsal\u0131nda \u00e7eviklik, elastiklik v\u0259 uzunm\u00fcdd\u0259tli dayan\u0131ql\u0131q t\u0259min etm\u0259k \u00fc\u00e7\u00fcn t\u0259tbiq olunur. Bu m\u0259hsul, y\u00fcks\u0259k keyfiyy\u0259tli kimy\u0259vi x\u00fcsusiyy\u0259tl\u0259ri v\u0259 \u0259traf m\u00fchit\u0259 daha az t\u0259siri il\u0259 se\u00e7ilir v\u0259 m\u00fcxt\u0259lif s\u0259naye [&hellip;]<\/p>\n","protected":false},"author":1,"featured_media":0,"parent":4059,"menu_order":0,"comment_status":"closed","ping_status":"closed","template":"","meta":{"zakra_page_container_layout":"contained","zakra_page_sidebar_layout":"right","zakra_remove_content_margin":false,"zakra_sidebar":"customizer","zakra_transparent_header":"customizer","zakra_logo":0,"zakra_main_header_style":"default","zakra_menu_item_color":"","zakra_menu_item_hover_color":"","zakra_menu_item_active_color":"","zakra_menu_active_style":"zakra_menu_active_style","zakra_page_header":true,"footnotes":""},"class_list":["post-3523","page","type-page","status-publish","hentry"],"yoast_head":"<!-- This site is optimized with the Yoast SEO plugin v26.3 - https:\/\/yoast.com\/wordpress\/plugins\/seo\/ -->\n<title>Azpetrokimya | DOTP Plastifikator T\u0259chizat\u0131<\/title>\n<meta name=\"description\" content=\"Elastik PVC m\u0259hsullar\u0131 \u00fc\u00e7\u00fcn ekoloji t\u0259miz DOTP plastifikatoru. Azpetrokimya il\u0259 etibarl\u0131 t\u0259minat.\" \/>\n<meta name=\"robots\" content=\"index, follow, max-snippet:-1, max-image-preview:large, max-video-preview:-1\" \/>\n<link rel=\"canonical\" href=\"https:\/\/azpetrokimya.com\/az\/products\/industrial-plasticizers-supplier\/dotp\/\" \/>\n<meta property=\"og:locale\" content=\"az_AZ\" \/>\n<meta property=\"og:type\" content=\"article\" \/>\n<meta property=\"og:title\" content=\"Azpetrokimya | DOTP Plastifikator T\u0259chizat\u0131\" \/>\n<meta property=\"og:description\" content=\"Elastik PVC m\u0259hsullar\u0131 \u00fc\u00e7\u00fcn ekoloji t\u0259miz DOTP plastifikatoru. Azpetrokimya il\u0259 etibarl\u0131 t\u0259minat.\" \/>\n<meta property=\"og:url\" content=\"https:\/\/azpetrokimya.com\/az\/products\/industrial-plasticizers-supplier\/dotp\/\" \/>\n<meta property=\"og:site_name\" content=\"AzPetroKimya\" \/>\n<meta property=\"article:modified_time\" content=\"2025-03-28T17:30:30+00:00\" \/>\n<meta property=\"og:image\" content=\"https:\/\/azpetrokimya.com\/wp-content\/uploads\/2025\/01\/azpetrokimya-dotp.png\" \/>\n\t<meta property=\"og:image:width\" content=\"581\" \/>\n\t<meta property=\"og:image:height\" content=\"551\" \/>\n\t<meta property=\"og:image:type\" content=\"image\/png\" \/>\n<meta name=\"twitter:card\" content=\"summary_large_image\" \/>\n<meta name=\"twitter:label1\" content=\"Est. reading time\" \/>\n\t<meta name=\"twitter:data1\" content=\"1 minute\" \/>\n<script type=\"application\/ld+json\" class=\"yoast-schema-graph\">{\"@context\":\"https:\/\/schema.org\",\"@graph\":[{\"@type\":\"WebPage\",\"@id\":\"https:\/\/azpetrokimya.com\/products\/industrial-plasticizers-supplier\/dotp\/\",\"url\":\"https:\/\/azpetrokimya.com\/products\/industrial-plasticizers-supplier\/dotp\/\",\"name\":\"Azpetrokimya | DOTP Plastifikator T\u0259chizat\u0131\",\"isPartOf\":{\"@id\":\"https:\/\/azpetrokimya.com\/#website\"},\"primaryImageOfPage\":{\"@id\":\"https:\/\/azpetrokimya.com\/products\/industrial-plasticizers-supplier\/dotp\/#primaryimage\"},\"image\":{\"@id\":\"https:\/\/azpetrokimya.com\/products\/industrial-plasticizers-supplier\/dotp\/#primaryimage\"},\"thumbnailUrl\":\"https:\/\/azpetrokimya.com\/wp-content\/uploads\/2025\/01\/azpetrokimya-dotp.png\",\"datePublished\":\"2024-12-01T23:06:31+00:00\",\"dateModified\":\"2025-03-28T17:30:30+00:00\",\"description\":\"Elastik PVC m\u0259hsullar\u0131 \u00fc\u00e7\u00fcn ekoloji t\u0259miz DOTP plastifikatoru. Azpetrokimya il\u0259 etibarl\u0131 t\u0259minat.\",\"breadcrumb\":{\"@id\":\"https:\/\/azpetrokimya.com\/products\/industrial-plasticizers-supplier\/dotp\/#breadcrumb\"},\"inLanguage\":\"az\",\"potentialAction\":[{\"@type\":\"ReadAction\",\"target\":[\"https:\/\/azpetrokimya.com\/products\/industrial-plasticizers-supplier\/dotp\/\"]}]},{\"@type\":\"ImageObject\",\"inLanguage\":\"az\",\"@id\":\"https:\/\/azpetrokimya.com\/products\/industrial-plasticizers-supplier\/dotp\/#primaryimage\",\"url\":\"https:\/\/azpetrokimya.com\/wp-content\/uploads\/2025\/01\/azpetrokimya-dotp.png\",\"contentUrl\":\"https:\/\/azpetrokimya.com\/wp-content\/uploads\/2025\/01\/azpetrokimya-dotp.png\"},{\"@type\":\"BreadcrumbList\",\"@id\":\"https:\/\/azpetrokimya.com\/products\/industrial-plasticizers-supplier\/dotp\/#breadcrumb\",\"itemListElement\":[{\"@type\":\"ListItem\",\"position\":1,\"name\":\"Anasayfa\",\"item\":\"https:\/\/azpetrokimya.com\/az\/\"},{\"@type\":\"ListItem\",\"position\":2,\"name\":\"M\u0259hsullar\u0131m\u0131z\",\"item\":\"https:\/\/azpetrokimya.com\/products\/\"},{\"@type\":\"ListItem\",\"position\":3,\"name\":\"Plastifikatorlar\",\"item\":\"https:\/\/azpetrokimya.com\/products\/industrial-plasticizers-supplier\/\"},{\"@type\":\"ListItem\",\"position\":4,\"name\":\"DOTP\"}]},{\"@type\":\"WebSite\",\"@id\":\"https:\/\/azpetrokimya.com\/#website\",\"url\":\"https:\/\/azpetrokimya.com\/\",\"name\":\"AzPetroKimya\",\"description\":\"\",\"publisher\":{\"@id\":\"https:\/\/azpetrokimya.com\/#organization\"},\"potentialAction\":[{\"@type\":\"SearchAction\",\"target\":{\"@type\":\"EntryPoint\",\"urlTemplate\":\"https:\/\/azpetrokimya.com\/?s={search_term_string}\"},\"query-input\":{\"@type\":\"PropertyValueSpecification\",\"valueRequired\":true,\"valueName\":\"search_term_string\"}}],\"inLanguage\":\"az\"},{\"@type\":\"Organization\",\"@id\":\"https:\/\/azpetrokimya.com\/#organization\",\"name\":\"AzPetroKimya\",\"url\":\"https:\/\/azpetrokimya.com\/\",\"logo\":{\"@type\":\"ImageObject\",\"inLanguage\":\"az\",\"@id\":\"https:\/\/azpetrokimya.com\/#\/schema\/logo\/image\/\",\"url\":\"https:\/\/azpetrokimya.com\/wp-content\/uploads\/2024\/11\/azpetrokimya-logo.png\",\"contentUrl\":\"https:\/\/azpetrokimya.com\/wp-content\/uploads\/2024\/11\/azpetrokimya-logo.png\",\"width\":400,\"height\":400,\"caption\":\"AzPetroKimya\"},\"image\":{\"@id\":\"https:\/\/azpetrokimya.com\/#\/schema\/logo\/image\/\"},\"sameAs\":[\"https:\/\/www.linkedin.com\/company\/azpetrokimya\/\"]}]}<\/script>\n<!-- \/ Yoast SEO plugin. -->","yoast_head_json":{"title":"Azpetrokimya | DOTP Plastifikator T\u0259chizat\u0131","description":"Elastik PVC m\u0259hsullar\u0131 \u00fc\u00e7\u00fcn ekoloji t\u0259miz DOTP plastifikatoru. Azpetrokimya il\u0259 etibarl\u0131 t\u0259minat.","robots":{"index":"index","follow":"follow","max-snippet":"max-snippet:-1","max-image-preview":"max-image-preview:large","max-video-preview":"max-video-preview:-1"},"canonical":"https:\/\/azpetrokimya.com\/az\/products\/industrial-plasticizers-supplier\/dotp\/","og_locale":"az_AZ","og_type":"article","og_title":"Azpetrokimya | DOTP Plastifikator T\u0259chizat\u0131","og_description":"Elastik PVC m\u0259hsullar\u0131 \u00fc\u00e7\u00fcn ekoloji t\u0259miz DOTP plastifikatoru. Azpetrokimya il\u0259 etibarl\u0131 t\u0259minat.","og_url":"https:\/\/azpetrokimya.com\/az\/products\/industrial-plasticizers-supplier\/dotp\/","og_site_name":"AzPetroKimya","article_modified_time":"2025-03-28T17:30:30+00:00","og_image":[{"width":581,"height":551,"url":"https:\/\/azpetrokimya.com\/wp-content\/uploads\/2025\/01\/azpetrokimya-dotp.png","type":"image\/png"}],"twitter_card":"summary_large_image","twitter_misc":{"Est. reading time":"1 minute"},"schema":{"@context":"https:\/\/schema.org","@graph":[{"@type":"WebPage","@id":"https:\/\/azpetrokimya.com\/products\/industrial-plasticizers-supplier\/dotp\/","url":"https:\/\/azpetrokimya.com\/products\/industrial-plasticizers-supplier\/dotp\/","name":"Azpetrokimya | DOTP Plastifikator T\u0259chizat\u0131","isPartOf":{"@id":"https:\/\/azpetrokimya.com\/#website"},"primaryImageOfPage":{"@id":"https:\/\/azpetrokimya.com\/products\/industrial-plasticizers-supplier\/dotp\/#primaryimage"},"image":{"@id":"https:\/\/azpetrokimya.com\/products\/industrial-plasticizers-supplier\/dotp\/#primaryimage"},"thumbnailUrl":"https:\/\/azpetrokimya.com\/wp-content\/uploads\/2025\/01\/azpetrokimya-dotp.png","datePublished":"2024-12-01T23:06:31+00:00","dateModified":"2025-03-28T17:30:30+00:00","description":"Elastik PVC m\u0259hsullar\u0131 \u00fc\u00e7\u00fcn ekoloji t\u0259miz DOTP plastifikatoru. Azpetrokimya il\u0259 etibarl\u0131 t\u0259minat.","breadcrumb":{"@id":"https:\/\/azpetrokimya.com\/products\/industrial-plasticizers-supplier\/dotp\/#breadcrumb"},"inLanguage":"az","potentialAction":[{"@type":"ReadAction","target":["https:\/\/azpetrokimya.com\/products\/industrial-plasticizers-supplier\/dotp\/"]}]},{"@type":"ImageObject","inLanguage":"az","@id":"https:\/\/azpetrokimya.com\/products\/industrial-plasticizers-supplier\/dotp\/#primaryimage","url":"https:\/\/azpetrokimya.com\/wp-content\/uploads\/2025\/01\/azpetrokimya-dotp.png","contentUrl":"https:\/\/azpetrokimya.com\/wp-content\/uploads\/2025\/01\/azpetrokimya-dotp.png"},{"@type":"BreadcrumbList","@id":"https:\/\/azpetrokimya.com\/products\/industrial-plasticizers-supplier\/dotp\/#breadcrumb","itemListElement":[{"@type":"ListItem","position":1,"name":"Anasayfa","item":"https:\/\/azpetrokimya.com\/az\/"},{"@type":"ListItem","position":2,"name":"M\u0259hsullar\u0131m\u0131z","item":"https:\/\/azpetrokimya.com\/products\/"},{"@type":"ListItem","position":3,"name":"Plastifikatorlar","item":"https:\/\/azpetrokimya.com\/products\/industrial-plasticizers-supplier\/"},{"@type":"ListItem","position":4,"name":"DOTP"}]},{"@type":"WebSite","@id":"https:\/\/azpetrokimya.com\/#website","url":"https:\/\/azpetrokimya.com\/","name":"AzPetroKimya","description":"","publisher":{"@id":"https:\/\/azpetrokimya.com\/#organization"},"potentialAction":[{"@type":"SearchAction","target":{"@type":"EntryPoint","urlTemplate":"https:\/\/azpetrokimya.com\/?s={search_term_string}"},"query-input":{"@type":"PropertyValueSpecification","valueRequired":true,"valueName":"search_term_string"}}],"inLanguage":"az"},{"@type":"Organization","@id":"https:\/\/azpetrokimya.com\/#organization","name":"AzPetroKimya","url":"https:\/\/azpetrokimya.com\/","logo":{"@type":"ImageObject","inLanguage":"az","@id":"https:\/\/azpetrokimya.com\/#\/schema\/logo\/image\/","url":"https:\/\/azpetrokimya.com\/wp-content\/uploads\/2024\/11\/azpetrokimya-logo.png","contentUrl":"https:\/\/azpetrokimya.com\/wp-content\/uploads\/2024\/11\/azpetrokimya-logo.png","width":400,"height":400,"caption":"AzPetroKimya"},"image":{"@id":"https:\/\/azpetrokimya.com\/#\/schema\/logo\/image\/"},"sameAs":["https:\/\/www.linkedin.com\/company\/azpetrokimya\/"]}]}},"_hostinger_reach_plugin_has_subscription_block":false,"_hostinger_reach_plugin_is_elementor":false,"_links":{"self":[{"href":"https:\/\/azpetrokimya.com\/az\/wp-json\/wp\/v2\/pages\/3523","targetHints":{"allow":["GET"]}}],"collection":[{"href":"https:\/\/azpetrokimya.com\/az\/wp-json\/wp\/v2\/pages"}],"about":[{"href":"https:\/\/azpetrokimya.com\/az\/wp-json\/wp\/v2\/types\/page"}],"author":[{"embeddable":true,"href":"https:\/\/azpetrokimya.com\/az\/wp-json\/wp\/v2\/users\/1"}],"replies":[{"embeddable":true,"href":"https:\/\/azpetrokimya.com\/az\/wp-json\/wp\/v2\/comments?post=3523"}],"version-history":[{"count":10,"href":"https:\/\/azpetrokimya.com\/az\/wp-json\/wp\/v2\/pages\/3523\/revisions"}],"predecessor-version":[{"id":5709,"href":"https:\/\/azpetrokimya.com\/az\/wp-json\/wp\/v2\/pages\/3523\/revisions\/5709"}],"up":[{"embeddable":true,"href":"https:\/\/azpetrokimya.com\/az\/wp-json\/wp\/v2\/pages\/4059"}],"wp:attachment":[{"href":"https:\/\/azpetrokimya.com\/az\/wp-json\/wp\/v2\/media?parent=3523"}],"curies":[{"name":"wp","href":"https:\/\/api.w.org\/{rel}","templated":true}]}}