{"id":3521,"date":"2024-12-01T23:06:08","date_gmt":"2024-12-01T23:06:08","guid":{"rendered":"https:\/\/new-client-azpetrokimya-draft-version.gcraft.tech\/?page_id=3521"},"modified":"2025-03-28T21:33:22","modified_gmt":"2025-03-28T17:33:22","slug":"calcium-carbonate","status":"publish","type":"page","link":"https:\/\/azpetrokimya.com\/az\/products\/industrial-fillers-and-additives\/calcium-carbonate\/","title":{"rendered":"Kalsium Karbonat"},"content":{"rendered":"\n<p><strong>Kalsium Karbonat M\u0259hsul T\u0259sviri<\/strong><\/p>\n\n\n\n<div class=\"wp-block-media-text is-stacked-on-mobile is-vertically-aligned-top\"><figure class=\"wp-block-media-text__media\"><img fetchpriority=\"high\" decoding=\"async\" width=\"658\" height=\"636\" src=\"https:\/\/azpetrokimya.com\/wp-content\/uploads\/2025\/01\/azpetrokimya-calcium-carbonate-1.png\" alt=\"\" class=\"wp-image-5371 size-full\" srcset=\"https:\/\/azpetrokimya.com\/wp-content\/uploads\/2025\/01\/azpetrokimya-calcium-carbonate-1.png 658w, https:\/\/azpetrokimya.com\/wp-content\/uploads\/2025\/01\/azpetrokimya-calcium-carbonate-1-300x290.png 300w, https:\/\/azpetrokimya.com\/wp-content\/uploads\/2025\/01\/azpetrokimya-calcium-carbonate-1-12x12.png 12w\" sizes=\"(max-width: 658px) 100vw, 658px\" \/><\/figure><div class=\"wp-block-media-text__content\">\n<p><strong>Kalsium karbonat<\/strong> (CaCO\u2083) t\u0259bi\u0259td\u0259 geni\u015f yay\u0131lm\u0131\u015f v\u0259 s\u0259nayenin bir \u00e7ox sah\u0259sind\u0259 istifad\u0259 olunan kimy\u0259vi birl\u0259\u015fm\u0259dir. A\u011f r\u0259ngli toz hal\u0131nda olan bu madd\u0259 \u0259sas\u0259n \u0259h\u0259ngda\u015f\u0131, m\u0259rm\u0259r v\u0259 t\u0259ba\u015fir kimi t\u0259bii qaynaqlardan \u0259ld\u0259 edilir. Y\u00fcks\u0259k t\u0259mizlik d\u0259r\u0259c\u0259si v\u0259 \u00e7oxfunksiyal\u0131 x\u00fcsusiyy\u0259tl\u0259ri say\u0259sind\u0259 kalsium karbonat bir \u00e7ox s\u0259naye v\u0259 istehsalat prosesl\u0259rinin ayr\u0131lmaz komponentidir.<\/p>\n<\/div><\/div>\n\n\n\n<h3 class=\"wp-block-heading\"><\/h3>\n","protected":false},"excerpt":{"rendered":"<p>Kalsium Karbonat M\u0259hsul T\u0259sviri Kalsium karbonat (CaCO\u2083) t\u0259bi\u0259td\u0259 geni\u015f yay\u0131lm\u0131\u015f v\u0259 s\u0259nayenin bir \u00e7ox sah\u0259sind\u0259 istifad\u0259 olunan kimy\u0259vi birl\u0259\u015fm\u0259dir. A\u011f r\u0259ngli toz hal\u0131nda olan bu madd\u0259 \u0259sas\u0259n \u0259h\u0259ngda\u015f\u0131, m\u0259rm\u0259r v\u0259 t\u0259ba\u015fir kimi t\u0259bii qaynaqlardan \u0259ld\u0259 edilir. Y\u00fcks\u0259k t\u0259mizlik d\u0259r\u0259c\u0259si v\u0259 \u00e7oxfunksiyal\u0131 x\u00fcsusiyy\u0259tl\u0259ri say\u0259sind\u0259 kalsium karbonat bir \u00e7ox s\u0259naye v\u0259 istehsalat prosesl\u0259rinin ayr\u0131lmaz komponentidir.<\/p>\n","protected":false},"author":1,"featured_media":0,"parent":4061,"menu_order":0,"comment_status":"closed","ping_status":"closed","template":"","meta":{"zakra_page_container_layout":"contained","zakra_page_sidebar_layout":"right","zakra_remove_content_margin":false,"zakra_sidebar":"customizer","zakra_transparent_header":"customizer","zakra_logo":0,"zakra_main_header_style":"default","zakra_menu_item_color":"","zakra_menu_item_hover_color":"","zakra_menu_item_active_color":"","zakra_menu_active_style":"zakra_menu_active_style","zakra_page_header":true,"footnotes":""},"class_list":["post-3521","page","type-page","status-publish","hentry"],"yoast_head":"<!-- This site is optimized with the Yoast SEO plugin v26.3 - https:\/\/yoast.com\/wordpress\/plugins\/seo\/ -->\n<title>Azpetrokimya | Kalsium Karbonat Dol\u011fusu<\/title>\n<meta name=\"description\" content=\"Plastik v\u0259 kimya s\u0259nayesi \u00fc\u00e7\u00fcn y\u00fcks\u0259k t\u0259mizlikli kalsium karbonat doldurucular\u0131. Azpetrokimya-dan.\" \/>\n<meta name=\"robots\" content=\"index, follow, max-snippet:-1, max-image-preview:large, max-video-preview:-1\" \/>\n<link rel=\"canonical\" href=\"https:\/\/azpetrokimya.com\/az\/products\/industrial-fillers-and-additives\/calcium-carbonate\/\" \/>\n<meta property=\"og:locale\" content=\"az_AZ\" \/>\n<meta property=\"og:type\" content=\"article\" \/>\n<meta property=\"og:title\" content=\"Azpetrokimya | Kalsium Karbonat Dol\u011fusu\" \/>\n<meta property=\"og:description\" content=\"Plastik v\u0259 kimya s\u0259nayesi \u00fc\u00e7\u00fcn y\u00fcks\u0259k t\u0259mizlikli kalsium karbonat doldurucular\u0131. Azpetrokimya-dan.\" \/>\n<meta property=\"og:url\" content=\"https:\/\/azpetrokimya.com\/az\/products\/industrial-fillers-and-additives\/calcium-carbonate\/\" \/>\n<meta property=\"og:site_name\" content=\"AzPetroKimya\" \/>\n<meta property=\"article:modified_time\" content=\"2025-03-28T17:33:22+00:00\" \/>\n<meta property=\"og:image\" content=\"https:\/\/azpetrokimya.com\/wp-content\/uploads\/2025\/01\/azpetrokimya-calcium-carbonate-1.png\" \/>\n\t<meta property=\"og:image:width\" content=\"658\" \/>\n\t<meta property=\"og:image:height\" content=\"636\" \/>\n\t<meta property=\"og:image:type\" content=\"image\/png\" \/>\n<meta name=\"twitter:card\" content=\"summary_large_image\" \/>\n<meta name=\"twitter:label1\" content=\"Est. reading time\" \/>\n\t<meta name=\"twitter:data1\" content=\"1 minute\" \/>\n<script type=\"application\/ld+json\" class=\"yoast-schema-graph\">{\"@context\":\"https:\/\/schema.org\",\"@graph\":[{\"@type\":\"WebPage\",\"@id\":\"https:\/\/azpetrokimya.com\/products\/industrial-fillers-and-additives\/calcium-carbonate\/\",\"url\":\"https:\/\/azpetrokimya.com\/products\/industrial-fillers-and-additives\/calcium-carbonate\/\",\"name\":\"Azpetrokimya | Kalsium Karbonat Dol\u011fusu\",\"isPartOf\":{\"@id\":\"https:\/\/azpetrokimya.com\/#website\"},\"primaryImageOfPage\":{\"@id\":\"https:\/\/azpetrokimya.com\/products\/industrial-fillers-and-additives\/calcium-carbonate\/#primaryimage\"},\"image\":{\"@id\":\"https:\/\/azpetrokimya.com\/products\/industrial-fillers-and-additives\/calcium-carbonate\/#primaryimage\"},\"thumbnailUrl\":\"https:\/\/azpetrokimya.com\/wp-content\/uploads\/2025\/01\/azpetrokimya-calcium-carbonate-1.png\",\"datePublished\":\"2024-12-01T23:06:08+00:00\",\"dateModified\":\"2025-03-28T17:33:22+00:00\",\"description\":\"Plastik v\u0259 kimya s\u0259nayesi \u00fc\u00e7\u00fcn y\u00fcks\u0259k t\u0259mizlikli kalsium karbonat doldurucular\u0131. Azpetrokimya-dan.\",\"breadcrumb\":{\"@id\":\"https:\/\/azpetrokimya.com\/products\/industrial-fillers-and-additives\/calcium-carbonate\/#breadcrumb\"},\"inLanguage\":\"az\",\"potentialAction\":[{\"@type\":\"ReadAction\",\"target\":[\"https:\/\/azpetrokimya.com\/products\/industrial-fillers-and-additives\/calcium-carbonate\/\"]}]},{\"@type\":\"ImageObject\",\"inLanguage\":\"az\",\"@id\":\"https:\/\/azpetrokimya.com\/products\/industrial-fillers-and-additives\/calcium-carbonate\/#primaryimage\",\"url\":\"https:\/\/azpetrokimya.com\/wp-content\/uploads\/2025\/01\/azpetrokimya-calcium-carbonate-1.png\",\"contentUrl\":\"https:\/\/azpetrokimya.com\/wp-content\/uploads\/2025\/01\/azpetrokimya-calcium-carbonate-1.png\"},{\"@type\":\"BreadcrumbList\",\"@id\":\"https:\/\/azpetrokimya.com\/products\/industrial-fillers-and-additives\/calcium-carbonate\/#breadcrumb\",\"itemListElement\":[{\"@type\":\"ListItem\",\"position\":1,\"name\":\"Anasayfa\",\"item\":\"https:\/\/azpetrokimya.com\/az\/\"},{\"@type\":\"ListItem\",\"position\":2,\"name\":\"M\u0259hsullar\u0131m\u0131z\",\"item\":\"https:\/\/azpetrokimya.com\/products\/\"},{\"@type\":\"ListItem\",\"position\":3,\"name\":\"Doldurucu v\u0259 \u018flav\u0259l\u0259r\",\"item\":\"https:\/\/azpetrokimya.com\/products\/industrial-fillers-and-additives\/\"},{\"@type\":\"ListItem\",\"position\":4,\"name\":\"Kalsium Karbonat\"}]},{\"@type\":\"WebSite\",\"@id\":\"https:\/\/azpetrokimya.com\/#website\",\"url\":\"https:\/\/azpetrokimya.com\/\",\"name\":\"AzPetroKimya\",\"description\":\"\",\"publisher\":{\"@id\":\"https:\/\/azpetrokimya.com\/#organization\"},\"potentialAction\":[{\"@type\":\"SearchAction\",\"target\":{\"@type\":\"EntryPoint\",\"urlTemplate\":\"https:\/\/azpetrokimya.com\/?s={search_term_string}\"},\"query-input\":{\"@type\":\"PropertyValueSpecification\",\"valueRequired\":true,\"valueName\":\"search_term_string\"}}],\"inLanguage\":\"az\"},{\"@type\":\"Organization\",\"@id\":\"https:\/\/azpetrokimya.com\/#organization\",\"name\":\"AzPetroKimya\",\"url\":\"https:\/\/azpetrokimya.com\/\",\"logo\":{\"@type\":\"ImageObject\",\"inLanguage\":\"az\",\"@id\":\"https:\/\/azpetrokimya.com\/#\/schema\/logo\/image\/\",\"url\":\"https:\/\/azpetrokimya.com\/wp-content\/uploads\/2024\/11\/azpetrokimya-logo.png\",\"contentUrl\":\"https:\/\/azpetrokimya.com\/wp-content\/uploads\/2024\/11\/azpetrokimya-logo.png\",\"width\":400,\"height\":400,\"caption\":\"AzPetroKimya\"},\"image\":{\"@id\":\"https:\/\/azpetrokimya.com\/#\/schema\/logo\/image\/\"},\"sameAs\":[\"https:\/\/www.linkedin.com\/company\/azpetrokimya\/\"]}]}<\/script>\n<!-- \/ Yoast SEO plugin. -->","yoast_head_json":{"title":"Azpetrokimya | Kalsium Karbonat Dol\u011fusu","description":"Plastik v\u0259 kimya s\u0259nayesi \u00fc\u00e7\u00fcn y\u00fcks\u0259k t\u0259mizlikli kalsium karbonat doldurucular\u0131. Azpetrokimya-dan.","robots":{"index":"index","follow":"follow","max-snippet":"max-snippet:-1","max-image-preview":"max-image-preview:large","max-video-preview":"max-video-preview:-1"},"canonical":"https:\/\/azpetrokimya.com\/az\/products\/industrial-fillers-and-additives\/calcium-carbonate\/","og_locale":"az_AZ","og_type":"article","og_title":"Azpetrokimya | Kalsium Karbonat Dol\u011fusu","og_description":"Plastik v\u0259 kimya s\u0259nayesi \u00fc\u00e7\u00fcn y\u00fcks\u0259k t\u0259mizlikli kalsium karbonat doldurucular\u0131. Azpetrokimya-dan.","og_url":"https:\/\/azpetrokimya.com\/az\/products\/industrial-fillers-and-additives\/calcium-carbonate\/","og_site_name":"AzPetroKimya","article_modified_time":"2025-03-28T17:33:22+00:00","og_image":[{"width":658,"height":636,"url":"https:\/\/azpetrokimya.com\/wp-content\/uploads\/2025\/01\/azpetrokimya-calcium-carbonate-1.png","type":"image\/png"}],"twitter_card":"summary_large_image","twitter_misc":{"Est. reading time":"1 minute"},"schema":{"@context":"https:\/\/schema.org","@graph":[{"@type":"WebPage","@id":"https:\/\/azpetrokimya.com\/products\/industrial-fillers-and-additives\/calcium-carbonate\/","url":"https:\/\/azpetrokimya.com\/products\/industrial-fillers-and-additives\/calcium-carbonate\/","name":"Azpetrokimya | Kalsium Karbonat Dol\u011fusu","isPartOf":{"@id":"https:\/\/azpetrokimya.com\/#website"},"primaryImageOfPage":{"@id":"https:\/\/azpetrokimya.com\/products\/industrial-fillers-and-additives\/calcium-carbonate\/#primaryimage"},"image":{"@id":"https:\/\/azpetrokimya.com\/products\/industrial-fillers-and-additives\/calcium-carbonate\/#primaryimage"},"thumbnailUrl":"https:\/\/azpetrokimya.com\/wp-content\/uploads\/2025\/01\/azpetrokimya-calcium-carbonate-1.png","datePublished":"2024-12-01T23:06:08+00:00","dateModified":"2025-03-28T17:33:22+00:00","description":"Plastik v\u0259 kimya s\u0259nayesi \u00fc\u00e7\u00fcn y\u00fcks\u0259k t\u0259mizlikli kalsium karbonat doldurucular\u0131. Azpetrokimya-dan.","breadcrumb":{"@id":"https:\/\/azpetrokimya.com\/products\/industrial-fillers-and-additives\/calcium-carbonate\/#breadcrumb"},"inLanguage":"az","potentialAction":[{"@type":"ReadAction","target":["https:\/\/azpetrokimya.com\/products\/industrial-fillers-and-additives\/calcium-carbonate\/"]}]},{"@type":"ImageObject","inLanguage":"az","@id":"https:\/\/azpetrokimya.com\/products\/industrial-fillers-and-additives\/calcium-carbonate\/#primaryimage","url":"https:\/\/azpetrokimya.com\/wp-content\/uploads\/2025\/01\/azpetrokimya-calcium-carbonate-1.png","contentUrl":"https:\/\/azpetrokimya.com\/wp-content\/uploads\/2025\/01\/azpetrokimya-calcium-carbonate-1.png"},{"@type":"BreadcrumbList","@id":"https:\/\/azpetrokimya.com\/products\/industrial-fillers-and-additives\/calcium-carbonate\/#breadcrumb","itemListElement":[{"@type":"ListItem","position":1,"name":"Anasayfa","item":"https:\/\/azpetrokimya.com\/az\/"},{"@type":"ListItem","position":2,"name":"M\u0259hsullar\u0131m\u0131z","item":"https:\/\/azpetrokimya.com\/products\/"},{"@type":"ListItem","position":3,"name":"Doldurucu v\u0259 \u018flav\u0259l\u0259r","item":"https:\/\/azpetrokimya.com\/products\/industrial-fillers-and-additives\/"},{"@type":"ListItem","position":4,"name":"Kalsium Karbonat"}]},{"@type":"WebSite","@id":"https:\/\/azpetrokimya.com\/#website","url":"https:\/\/azpetrokimya.com\/","name":"AzPetroKimya","description":"","publisher":{"@id":"https:\/\/azpetrokimya.com\/#organization"},"potentialAction":[{"@type":"SearchAction","target":{"@type":"EntryPoint","urlTemplate":"https:\/\/azpetrokimya.com\/?s={search_term_string}"},"query-input":{"@type":"PropertyValueSpecification","valueRequired":true,"valueName":"search_term_string"}}],"inLanguage":"az"},{"@type":"Organization","@id":"https:\/\/azpetrokimya.com\/#organization","name":"AzPetroKimya","url":"https:\/\/azpetrokimya.com\/","logo":{"@type":"ImageObject","inLanguage":"az","@id":"https:\/\/azpetrokimya.com\/#\/schema\/logo\/image\/","url":"https:\/\/azpetrokimya.com\/wp-content\/uploads\/2024\/11\/azpetrokimya-logo.png","contentUrl":"https:\/\/azpetrokimya.com\/wp-content\/uploads\/2024\/11\/azpetrokimya-logo.png","width":400,"height":400,"caption":"AzPetroKimya"},"image":{"@id":"https:\/\/azpetrokimya.com\/#\/schema\/logo\/image\/"},"sameAs":["https:\/\/www.linkedin.com\/company\/azpetrokimya\/"]}]}},"_hostinger_reach_plugin_has_subscription_block":false,"_hostinger_reach_plugin_is_elementor":false,"_links":{"self":[{"href":"https:\/\/azpetrokimya.com\/az\/wp-json\/wp\/v2\/pages\/3521","targetHints":{"allow":["GET"]}}],"collection":[{"href":"https:\/\/azpetrokimya.com\/az\/wp-json\/wp\/v2\/pages"}],"about":[{"href":"https:\/\/azpetrokimya.com\/az\/wp-json\/wp\/v2\/types\/page"}],"author":[{"embeddable":true,"href":"https:\/\/azpetrokimya.com\/az\/wp-json\/wp\/v2\/users\/1"}],"replies":[{"embeddable":true,"href":"https:\/\/azpetrokimya.com\/az\/wp-json\/wp\/v2\/comments?post=3521"}],"version-history":[{"count":8,"href":"https:\/\/azpetrokimya.com\/az\/wp-json\/wp\/v2\/pages\/3521\/revisions"}],"predecessor-version":[{"id":5729,"href":"https:\/\/azpetrokimya.com\/az\/wp-json\/wp\/v2\/pages\/3521\/revisions\/5729"}],"up":[{"embeddable":true,"href":"https:\/\/azpetrokimya.com\/az\/wp-json\/wp\/v2\/pages\/4061"}],"wp:attachment":[{"href":"https:\/\/azpetrokimya.com\/az\/wp-json\/wp\/v2\/media?parent=3521"}],"curies":[{"name":"wp","href":"https:\/\/api.w.org\/{rel}","templated":true}]}}