{"id":3515,"date":"2024-12-01T23:04:30","date_gmt":"2024-12-01T23:04:30","guid":{"rendered":"https:\/\/new-client-azpetrokimya-draft-version.gcraft.tech\/?page_id=3515"},"modified":"2025-03-28T21:28:25","modified_gmt":"2025-03-28T17:28:25","slug":"pvc","status":"publish","type":"page","link":"https:\/\/azpetrokimya.com\/az\/products\/polymers-and-base-materials\/pvc\/","title":{"rendered":"PVC"},"content":{"rendered":"\n<p><strong>PVC (Polivinilxlorid) M\u0259hsul T\u0259sviri<\/strong><\/p>\n\n\n\n<div class=\"wp-block-media-text is-stacked-on-mobile is-vertically-aligned-top\"><figure class=\"wp-block-media-text__media\"><img fetchpriority=\"high\" decoding=\"async\" width=\"822\" height=\"787\" src=\"https:\/\/azpetrokimya.com\/wp-content\/uploads\/2025\/01\/azpetrokimya-pvc-1.png\" alt=\"\" class=\"wp-image-5324 size-full\" srcset=\"https:\/\/azpetrokimya.com\/wp-content\/uploads\/2025\/01\/azpetrokimya-pvc-1.png 822w, https:\/\/azpetrokimya.com\/wp-content\/uploads\/2025\/01\/azpetrokimya-pvc-1-300x287.png 300w, https:\/\/azpetrokimya.com\/wp-content\/uploads\/2025\/01\/azpetrokimya-pvc-1-768x735.png 768w, https:\/\/azpetrokimya.com\/wp-content\/uploads\/2025\/01\/azpetrokimya-pvc-1-13x12.png 13w\" sizes=\"(max-width: 822px) 100vw, 822px\" \/><\/figure><div class=\"wp-block-media-text__content\">\n<p>PVC, y\u0259ni Polivinil Xlorid, davaml\u0131l\u0131\u011f\u0131, a\u015fa\u011f\u0131 qiym\u0259ti v\u0259 \u0259traf m\u00fchit \u015f\u0259raitin\u0259 qar\u015f\u0131 m\u00fcqavim\u0259ti s\u0259b\u0259bind\u0259n tikinti v\u0259 m\u00fcxt\u0259lif s\u0259naye sah\u0259l\u0259rind\u0259 geni\u015f istifad\u0259 olunan \u00e7oxfunksiyal\u0131 plastikdir. O, \u0259sas\u0259n borular, kabell\u0259r, p\u0259nc\u0259r\u0259 \u00e7\u0259r\u00e7iv\u0259l\u0259ri v\u0259 d\u00f6\u015f\u0259m\u0259 \u00f6rt\u00fckl\u0259ri istehsal\u0131 \u00fc\u00e7\u00fcn istifad\u0259 olunur. PVC h\u0259m d\u0259 y\u00fcng\u00fcll\u00fcy\u00fc v\u0259 i\u015fl\u0259m\u0259 rahatl\u0131\u011f\u0131 il\u0259 tan\u0131n\u0131r ki, bu da onu elastiklik v\u0259 m\u00f6hk\u0259mlik t\u0259l\u0259b ed\u0259n t\u0259tbiql\u0259r \u00fc\u00e7\u00fcn ideal se\u00e7im edir. Bundan \u0259lav\u0259, PVC t\u0259krar emal oluna bil\u0259n materiald\u0131r, tullant\u0131lar\u0131n azald\u0131lmas\u0131 v\u0259 \u0259traf m\u00fchitin qorunmas\u0131 vasit\u0259sil\u0259 dayan\u0131ql\u0131 inki\u015fafa t\u00f6hf\u0259 verir.<\/p>\n<\/div><\/div>\n\n\n\n<h3 class=\"wp-block-heading\"><\/h3>\n\n\n\n<p><\/p>\n","protected":false},"excerpt":{"rendered":"<p>PVC (Polivinilxlorid) M\u0259hsul T\u0259sviri PVC, y\u0259ni Polivinil Xlorid, davaml\u0131l\u0131\u011f\u0131, a\u015fa\u011f\u0131 qiym\u0259ti v\u0259 \u0259traf m\u00fchit \u015f\u0259raitin\u0259 qar\u015f\u0131 m\u00fcqavim\u0259ti s\u0259b\u0259bind\u0259n tikinti v\u0259 m\u00fcxt\u0259lif s\u0259naye sah\u0259l\u0259rind\u0259 geni\u015f istifad\u0259 olunan \u00e7oxfunksiyal\u0131 plastikdir. O, \u0259sas\u0259n borular, kabell\u0259r, p\u0259nc\u0259r\u0259 \u00e7\u0259r\u00e7iv\u0259l\u0259ri v\u0259 d\u00f6\u015f\u0259m\u0259 \u00f6rt\u00fckl\u0259ri istehsal\u0131 \u00fc\u00e7\u00fcn istifad\u0259 olunur. PVC h\u0259m d\u0259 y\u00fcng\u00fcll\u00fcy\u00fc v\u0259 i\u015fl\u0259m\u0259 rahatl\u0131\u011f\u0131 il\u0259 tan\u0131n\u0131r ki, bu da onu elastiklik [&hellip;]<\/p>\n","protected":false},"author":1,"featured_media":0,"parent":4927,"menu_order":0,"comment_status":"closed","ping_status":"closed","template":"","meta":{"zakra_page_container_layout":"contained","zakra_page_sidebar_layout":"right","zakra_remove_content_margin":false,"zakra_sidebar":"customizer","zakra_transparent_header":"customizer","zakra_logo":0,"zakra_main_header_style":"default","zakra_menu_item_color":"","zakra_menu_item_hover_color":"","zakra_menu_item_active_color":"","zakra_menu_active_style":"zakra_menu_active_style","zakra_page_header":true,"footnotes":""},"class_list":["post-3515","page","type-page","status-publish","hentry"],"yoast_head":"<!-- This site is optimized with the Yoast SEO plugin v26.3 - https:\/\/yoast.com\/wordpress\/plugins\/seo\/ -->\n<title>Azpetrokimya | PVC Polimer T\u0259chizat\u00e7\u0131s\u0131<\/title>\n<meta name=\"description\" content=\"S\u0259naye istifad\u0259 \u00fc\u00e7\u00fcn y\u00fcks\u0259k keyfiyy\u0259tli PVC polimer m\u0259hsullar\u0131. Az\u0259rbaycanda Azpetrokimya-dan \u0259ld\u0259 edin.\" \/>\n<meta name=\"robots\" content=\"index, follow, max-snippet:-1, max-image-preview:large, max-video-preview:-1\" \/>\n<link rel=\"canonical\" href=\"https:\/\/azpetrokimya.com\/az\/products\/polymers-and-base-materials\/pvc\/\" \/>\n<meta property=\"og:locale\" content=\"az_AZ\" \/>\n<meta property=\"og:type\" content=\"article\" \/>\n<meta property=\"og:title\" content=\"Azpetrokimya | PVC Polimer T\u0259chizat\u00e7\u0131s\u0131\" \/>\n<meta property=\"og:description\" content=\"S\u0259naye istifad\u0259 \u00fc\u00e7\u00fcn y\u00fcks\u0259k keyfiyy\u0259tli PVC polimer m\u0259hsullar\u0131. Az\u0259rbaycanda Azpetrokimya-dan \u0259ld\u0259 edin.\" \/>\n<meta property=\"og:url\" content=\"https:\/\/azpetrokimya.com\/az\/products\/polymers-and-base-materials\/pvc\/\" \/>\n<meta property=\"og:site_name\" content=\"AzPetroKimya\" \/>\n<meta property=\"article:modified_time\" content=\"2025-03-28T17:28:25+00:00\" \/>\n<meta property=\"og:image\" content=\"https:\/\/azpetrokimya.com\/wp-content\/uploads\/2025\/01\/azpetrokimya-pvc-1.png\" \/>\n\t<meta property=\"og:image:width\" content=\"822\" \/>\n\t<meta property=\"og:image:height\" content=\"787\" \/>\n\t<meta property=\"og:image:type\" content=\"image\/png\" \/>\n<meta name=\"twitter:card\" content=\"summary_large_image\" \/>\n<meta name=\"twitter:label1\" content=\"Est. reading time\" \/>\n\t<meta name=\"twitter:data1\" content=\"1 minute\" \/>\n<script type=\"application\/ld+json\" class=\"yoast-schema-graph\">{\"@context\":\"https:\/\/schema.org\",\"@graph\":[{\"@type\":\"WebPage\",\"@id\":\"https:\/\/azpetrokimya.com\/products\/polymers-and-base-materials\/pvc\/\",\"url\":\"https:\/\/azpetrokimya.com\/products\/polymers-and-base-materials\/pvc\/\",\"name\":\"Azpetrokimya | PVC Polimer T\u0259chizat\u00e7\u0131s\u0131\",\"isPartOf\":{\"@id\":\"https:\/\/azpetrokimya.com\/#website\"},\"primaryImageOfPage\":{\"@id\":\"https:\/\/azpetrokimya.com\/products\/polymers-and-base-materials\/pvc\/#primaryimage\"},\"image\":{\"@id\":\"https:\/\/azpetrokimya.com\/products\/polymers-and-base-materials\/pvc\/#primaryimage\"},\"thumbnailUrl\":\"https:\/\/azpetrokimya.com\/wp-content\/uploads\/2025\/01\/azpetrokimya-pvc-1.png\",\"datePublished\":\"2024-12-01T23:04:30+00:00\",\"dateModified\":\"2025-03-28T17:28:25+00:00\",\"description\":\"S\u0259naye istifad\u0259 \u00fc\u00e7\u00fcn y\u00fcks\u0259k keyfiyy\u0259tli PVC polimer m\u0259hsullar\u0131. Az\u0259rbaycanda Azpetrokimya-dan \u0259ld\u0259 edin.\",\"breadcrumb\":{\"@id\":\"https:\/\/azpetrokimya.com\/products\/polymers-and-base-materials\/pvc\/#breadcrumb\"},\"inLanguage\":\"az\",\"potentialAction\":[{\"@type\":\"ReadAction\",\"target\":[\"https:\/\/azpetrokimya.com\/products\/polymers-and-base-materials\/pvc\/\"]}]},{\"@type\":\"ImageObject\",\"inLanguage\":\"az\",\"@id\":\"https:\/\/azpetrokimya.com\/products\/polymers-and-base-materials\/pvc\/#primaryimage\",\"url\":\"https:\/\/azpetrokimya.com\/wp-content\/uploads\/2025\/01\/azpetrokimya-pvc-1.png\",\"contentUrl\":\"https:\/\/azpetrokimya.com\/wp-content\/uploads\/2025\/01\/azpetrokimya-pvc-1.png\"},{\"@type\":\"BreadcrumbList\",\"@id\":\"https:\/\/azpetrokimya.com\/products\/polymers-and-base-materials\/pvc\/#breadcrumb\",\"itemListElement\":[{\"@type\":\"ListItem\",\"position\":1,\"name\":\"Anasayfa\",\"item\":\"https:\/\/azpetrokimya.com\/az\/\"},{\"@type\":\"ListItem\",\"position\":2,\"name\":\"M\u0259hsullar\u0131m\u0131z\",\"item\":\"https:\/\/azpetrokimya.com\/products\/\"},{\"@type\":\"ListItem\",\"position\":3,\"name\":\"Polimerl\u0259r v\u0259 \u018fsas Materiallar\",\"item\":\"https:\/\/azpetrokimya.com\/products\/polymers-and-base-materials\/\"},{\"@type\":\"ListItem\",\"position\":4,\"name\":\"PVC\"}]},{\"@type\":\"WebSite\",\"@id\":\"https:\/\/azpetrokimya.com\/#website\",\"url\":\"https:\/\/azpetrokimya.com\/\",\"name\":\"AzPetroKimya\",\"description\":\"\",\"publisher\":{\"@id\":\"https:\/\/azpetrokimya.com\/#organization\"},\"potentialAction\":[{\"@type\":\"SearchAction\",\"target\":{\"@type\":\"EntryPoint\",\"urlTemplate\":\"https:\/\/azpetrokimya.com\/?s={search_term_string}\"},\"query-input\":{\"@type\":\"PropertyValueSpecification\",\"valueRequired\":true,\"valueName\":\"search_term_string\"}}],\"inLanguage\":\"az\"},{\"@type\":\"Organization\",\"@id\":\"https:\/\/azpetrokimya.com\/#organization\",\"name\":\"AzPetroKimya\",\"url\":\"https:\/\/azpetrokimya.com\/\",\"logo\":{\"@type\":\"ImageObject\",\"inLanguage\":\"az\",\"@id\":\"https:\/\/azpetrokimya.com\/#\/schema\/logo\/image\/\",\"url\":\"https:\/\/azpetrokimya.com\/wp-content\/uploads\/2024\/11\/azpetrokimya-logo.png\",\"contentUrl\":\"https:\/\/azpetrokimya.com\/wp-content\/uploads\/2024\/11\/azpetrokimya-logo.png\",\"width\":400,\"height\":400,\"caption\":\"AzPetroKimya\"},\"image\":{\"@id\":\"https:\/\/azpetrokimya.com\/#\/schema\/logo\/image\/\"},\"sameAs\":[\"https:\/\/www.linkedin.com\/company\/azpetrokimya\/\"]}]}<\/script>\n<!-- \/ Yoast SEO plugin. -->","yoast_head_json":{"title":"Azpetrokimya | PVC Polimer T\u0259chizat\u00e7\u0131s\u0131","description":"S\u0259naye istifad\u0259 \u00fc\u00e7\u00fcn y\u00fcks\u0259k keyfiyy\u0259tli PVC polimer m\u0259hsullar\u0131. Az\u0259rbaycanda Azpetrokimya-dan \u0259ld\u0259 edin.","robots":{"index":"index","follow":"follow","max-snippet":"max-snippet:-1","max-image-preview":"max-image-preview:large","max-video-preview":"max-video-preview:-1"},"canonical":"https:\/\/azpetrokimya.com\/az\/products\/polymers-and-base-materials\/pvc\/","og_locale":"az_AZ","og_type":"article","og_title":"Azpetrokimya | PVC Polimer T\u0259chizat\u00e7\u0131s\u0131","og_description":"S\u0259naye istifad\u0259 \u00fc\u00e7\u00fcn y\u00fcks\u0259k keyfiyy\u0259tli PVC polimer m\u0259hsullar\u0131. Az\u0259rbaycanda Azpetrokimya-dan \u0259ld\u0259 edin.","og_url":"https:\/\/azpetrokimya.com\/az\/products\/polymers-and-base-materials\/pvc\/","og_site_name":"AzPetroKimya","article_modified_time":"2025-03-28T17:28:25+00:00","og_image":[{"width":822,"height":787,"url":"https:\/\/azpetrokimya.com\/wp-content\/uploads\/2025\/01\/azpetrokimya-pvc-1.png","type":"image\/png"}],"twitter_card":"summary_large_image","twitter_misc":{"Est. reading time":"1 minute"},"schema":{"@context":"https:\/\/schema.org","@graph":[{"@type":"WebPage","@id":"https:\/\/azpetrokimya.com\/products\/polymers-and-base-materials\/pvc\/","url":"https:\/\/azpetrokimya.com\/products\/polymers-and-base-materials\/pvc\/","name":"Azpetrokimya | PVC Polimer T\u0259chizat\u00e7\u0131s\u0131","isPartOf":{"@id":"https:\/\/azpetrokimya.com\/#website"},"primaryImageOfPage":{"@id":"https:\/\/azpetrokimya.com\/products\/polymers-and-base-materials\/pvc\/#primaryimage"},"image":{"@id":"https:\/\/azpetrokimya.com\/products\/polymers-and-base-materials\/pvc\/#primaryimage"},"thumbnailUrl":"https:\/\/azpetrokimya.com\/wp-content\/uploads\/2025\/01\/azpetrokimya-pvc-1.png","datePublished":"2024-12-01T23:04:30+00:00","dateModified":"2025-03-28T17:28:25+00:00","description":"S\u0259naye istifad\u0259 \u00fc\u00e7\u00fcn y\u00fcks\u0259k keyfiyy\u0259tli PVC polimer m\u0259hsullar\u0131. Az\u0259rbaycanda Azpetrokimya-dan \u0259ld\u0259 edin.","breadcrumb":{"@id":"https:\/\/azpetrokimya.com\/products\/polymers-and-base-materials\/pvc\/#breadcrumb"},"inLanguage":"az","potentialAction":[{"@type":"ReadAction","target":["https:\/\/azpetrokimya.com\/products\/polymers-and-base-materials\/pvc\/"]}]},{"@type":"ImageObject","inLanguage":"az","@id":"https:\/\/azpetrokimya.com\/products\/polymers-and-base-materials\/pvc\/#primaryimage","url":"https:\/\/azpetrokimya.com\/wp-content\/uploads\/2025\/01\/azpetrokimya-pvc-1.png","contentUrl":"https:\/\/azpetrokimya.com\/wp-content\/uploads\/2025\/01\/azpetrokimya-pvc-1.png"},{"@type":"BreadcrumbList","@id":"https:\/\/azpetrokimya.com\/products\/polymers-and-base-materials\/pvc\/#breadcrumb","itemListElement":[{"@type":"ListItem","position":1,"name":"Anasayfa","item":"https:\/\/azpetrokimya.com\/az\/"},{"@type":"ListItem","position":2,"name":"M\u0259hsullar\u0131m\u0131z","item":"https:\/\/azpetrokimya.com\/products\/"},{"@type":"ListItem","position":3,"name":"Polimerl\u0259r v\u0259 \u018fsas Materiallar","item":"https:\/\/azpetrokimya.com\/products\/polymers-and-base-materials\/"},{"@type":"ListItem","position":4,"name":"PVC"}]},{"@type":"WebSite","@id":"https:\/\/azpetrokimya.com\/#website","url":"https:\/\/azpetrokimya.com\/","name":"AzPetroKimya","description":"","publisher":{"@id":"https:\/\/azpetrokimya.com\/#organization"},"potentialAction":[{"@type":"SearchAction","target":{"@type":"EntryPoint","urlTemplate":"https:\/\/azpetrokimya.com\/?s={search_term_string}"},"query-input":{"@type":"PropertyValueSpecification","valueRequired":true,"valueName":"search_term_string"}}],"inLanguage":"az"},{"@type":"Organization","@id":"https:\/\/azpetrokimya.com\/#organization","name":"AzPetroKimya","url":"https:\/\/azpetrokimya.com\/","logo":{"@type":"ImageObject","inLanguage":"az","@id":"https:\/\/azpetrokimya.com\/#\/schema\/logo\/image\/","url":"https:\/\/azpetrokimya.com\/wp-content\/uploads\/2024\/11\/azpetrokimya-logo.png","contentUrl":"https:\/\/azpetrokimya.com\/wp-content\/uploads\/2024\/11\/azpetrokimya-logo.png","width":400,"height":400,"caption":"AzPetroKimya"},"image":{"@id":"https:\/\/azpetrokimya.com\/#\/schema\/logo\/image\/"},"sameAs":["https:\/\/www.linkedin.com\/company\/azpetrokimya\/"]}]}},"_hostinger_reach_plugin_has_subscription_block":false,"_hostinger_reach_plugin_is_elementor":false,"_links":{"self":[{"href":"https:\/\/azpetrokimya.com\/az\/wp-json\/wp\/v2\/pages\/3515","targetHints":{"allow":["GET"]}}],"collection":[{"href":"https:\/\/azpetrokimya.com\/az\/wp-json\/wp\/v2\/pages"}],"about":[{"href":"https:\/\/azpetrokimya.com\/az\/wp-json\/wp\/v2\/types\/page"}],"author":[{"embeddable":true,"href":"https:\/\/azpetrokimya.com\/az\/wp-json\/wp\/v2\/users\/1"}],"replies":[{"embeddable":true,"href":"https:\/\/azpetrokimya.com\/az\/wp-json\/wp\/v2\/comments?post=3515"}],"version-history":[{"count":10,"href":"https:\/\/azpetrokimya.com\/az\/wp-json\/wp\/v2\/pages\/3515\/revisions"}],"predecessor-version":[{"id":5692,"href":"https:\/\/azpetrokimya.com\/az\/wp-json\/wp\/v2\/pages\/3515\/revisions\/5692"}],"up":[{"embeddable":true,"href":"https:\/\/azpetrokimya.com\/az\/wp-json\/wp\/v2\/pages\/4927"}],"wp:attachment":[{"href":"https:\/\/azpetrokimya.com\/az\/wp-json\/wp\/v2\/media?parent=3515"}],"curies":[{"name":"wp","href":"https:\/\/api.w.org\/{rel}","templated":true}]}}